{"id":498,"date":"2019-10-03T13:29:10","date_gmt":"2019-10-03T11:29:10","guid":{"rendered":"https:\/\/us.edu.pl\/wydzial\/wh\/?page_id=498"},"modified":"2019-10-04T12:49:52","modified_gmt":"2019-10-04T10:49:52","slug":"prof-tadeusz-slawek","status":"publish","type":"page","link":"https:\/\/us.edu.pl\/wydzial\/wh\/strona-glowna\/wydzial-dawniej-i-dzis\/laureaci-nagrody-pro-scientia-et-arte\/prof-tadeusz-slawek\/","title":{"rendered":"Prof. Tadeusz S\u0142awek"},"content":{"rendered":"<p>[vc_row el_class=&#8221;container&#8221;][vc_column el_class=&#8221;container&#8221;]\r\n                <div class=\"text-modules\">\r\n                    <div class=\"container\">\r\n                        <h3 class=\"page-title text__title\">Prof. Tadeusz S\u0142awek<\/h3>\r\n                        <div class=\"text-modules__content\"><\/p>\n<div class=\"content\">\n<p>Wybitny filolog, autorytet w zakresie teorii i historii literatury, komparatystyki literackiej oraz pogranicza literatury, kultury i filozofii, poeta, prozaik, eseista, t\u0142umacz poezji angielskiej i ameryka\u0144skiej, jeden z najwybitniejszych reprezentant\u00f3w wsp\u00f3\u0142czesnej my\u015bli humanistycznej w Polsce, b\u0142yskotliwy umys\u0142, znakomity organizator bada\u0144 naukowych i \u017cycia akademickiego, ca\u0142kowicie oddany s\u0142u\u017cbie Drugiemu. W spos\u00f3b charakterystyczny dla wielkich osobowo\u015bci \u015bwiata nauki i sztuki \u0142\u0105czy funkcje Uczonego i Nauczyciela \u2013 Mistrza dla m\u0142odszych Koleg\u00f3w.<\/p>\n<p>Studia filologiczne w zakresie polonistyki \u2013 by\u0142 uczniem profesora Henryka Markiewicza, wybitnego historyka i teoretyka literatury, a nast\u0119pnie z anglistyki odby\u0142 w Uniwersytecie Jagiello\u0144skim w Krakowie. Stopie\u0144 naukowy doktora uzyska\u0142 w Uniwersytecie \u015al\u0105skim w 1978 roku, natomiast stopie\u0144 naukowy doktora habilitowanego w Uniwersytecie im. Adama Mickiewicza w Poznaniu w 1986 roku. W 1992 roku otrzyma\u0142 tytu\u0142 naukowy profesora.<\/p>\n<p>W 1971 roku podj\u0105\u0142 prac\u0119 naukowo-dydaktyczn\u0105 w Uniwersytecie \u015al\u0105skim, w kt\u00f3rym przeszed\u0142 ca\u0142\u0105 drog\u0119 akademickiej s\u0142u\u017cby: od lektora j\u0119zyka angielskiego, cenionego wyk\u0142adowcy akademickiego i wybitnego uczonego, poprzez funkcj\u0119 Kierownika Zak\u0142adu, Prodziekana Wydzia\u0142u Filologicznego i Przewodnicz\u0105cego senackich Komisji: ds. Wsp\u00f3\u0142pracy Krajowej i Zagranicznej oraz ds. Organizacji i Rozwoju Uniwersytetu, a\u017c do zaszczytnego urz\u0119du Rektora Uniwersytetu, kt\u00f3ry sprawowa\u0142 w latach 1996\u22122002, staj\u0105c si\u0119 przy tym symbolem zmian i przeobra\u017ce\u0144 \u015bl\u0105skiej Alma Mater. Talent organizacyjny oraz kompetencje merytoryczne realizowa\u0142 pe\u0142ni\u0105c r\u00f3wnocze\u015bnie funkcje Prezydenta Regionalnej Konferencji Rektor\u00f3w Uczelni Akademickich (1996\u22122002) oraz Wiceprzewodnicz\u0105cego Konferencji Rektor\u00f3w Uniwersytet\u00f3w Polskich (1999\u22122002). W latach 2002\u22122005 by\u0142 cz\u0142onkiem Prezydium Rady G\u0142\u00f3wnej Szkolnictwa Wy\u017cszego. W latach 2002\u22122012 kierowa\u0142 Katedr\u0105 Literatury Por\u00f3wnawczej.<\/p>\n<p>Przebywa\u0142 w uniwersytetach brytyjskich i ameryka\u0144skich na stypendiach British Council oraz Fundacji Fulbrighta. Wielokrotnie prowadzi\u0142 wyk\u0142ady go\u015bcinne w charakterze visiting professor w renomowanych uniwersytetach europejskich i ameryka\u0144skich.<\/p>\n<p>Imponuj\u0105cy dorobek \u2013 \u017ar\u00f3d\u0142o inspiracji dla kolejnych pokole\u0144 teoretyk\u00f3w literatury i kultury, obejmuj\u0105cy zar\u00f3wno dokonania naukowe, jak i tw\u00f3rczo\u015b\u0107 artystyczn\u0105, zawarty jest w kilkudziesi\u0119ciu ksi\u0105\u017ckach autorskich wydanych w kraju i za granic\u0105, publikacjach zbiorowych, t\u0142umaczeniach, artyku\u0142ach, esejach i opiniach oraz na p\u0142ytach. Autor m.in. monumentalnej pracy o H. D. Thoreau \u201eUjmowa\u0107. Henry David Thoreau i wsp\u00f3lnota \u015bwiata\u201d, (Katowice 2009) oraz znakomitej monografii \u201eNICowanie \u015bwiata. Zdania z Szekspira\u201d (Katowice, 2012). Od wielu lat wsp\u00f3\u0142pracuje i koncertuje z kompozytorem i kontrabasist\u0105 Bogdanem Mizerskim tworz\u0105c unikaln\u0105 form\u0119 literacko-muzyczn\u0105 \u201eesej na g\u0142os i kontrabas\u201d.<\/p>\n<p>Cz\u0142onek Polskiej Akademii Nauk i Stowarzyszenia Pisarzy Polskich oraz redaktor naczelny serii \u201eKomparatystyka Literacka i Kulturowa\u201d. Sta\u0142y publicysta \u201eTygodnika Powszechnego\u201d. Przewodnicz\u0105cy Rady Programowej projektu \u201eKatowice Europejsk\u0105 Stolic\u0105 Kultury 2016\u201d.<\/p>\n<p>Za ca\u0142okszta\u0142t dzia\u0142alno\u015bci oraz zaanga\u017cowanie spo\u0142eczne uhonorowany Z\u0142otym Krzy\u017cem Zas\u0142ugi i Medalem Komisji Edukacji Narodowej. Laureat wielu presti\u017cowych wyr\u00f3\u017cnie\u0144, w tym m.in. Nagrody im. Wojciecha Korfantego, Nagrody Prezydenta Katowic w Dziedzinie Kultury i Honorowej Odznaki Miasta Katowice, Z\u0142otej Odznaki i Odznaki Honorowej \u201eZa zas\u0142ugi dla Wojew\u00f3dztwa \u015al\u0105skiego\u201d, Platynowego Lauru \u201eAmbasador Spraw Polskich\u201d, Literackiej Nagrody \u201eSolidarno\u015bci\u201d, Nagrody \u201e\u015al\u0105ski Szmaragd\u201d oraz Nagrody \u201eLux ex Silesia\u201d.<\/p>\n<p>W 2007 roku zosta\u0142 wyr\u00f3\u017cniony uniwersyteck\u0105 Nagrod\u0105 \u201ePro Scientia et Arte\u201d przyznan\u0105 \u201ew uznaniu wybitnych i tw\u00f3rczych osi\u0105gni\u0119\u0107 naukowych i artystycznych\u201d.<\/p>\n<\/div>\n<p>\n<\/div>\r\n                    <\/div>\r\n                <\/div>[myprefix_functional_icons print_icon=&#8221;yes&#8221;][\/vc_column][\/vc_row]<\/p>","protected":false},"excerpt":{"rendered":"<p>[vc_row el_class=&#8221;container&#8221;][vc_column el_class=&#8221;container&#8221;][myprefix_functional_icons print_icon=&#8221;yes&#8221;][\/vc_column][\/vc_row] [&#8230;]<\/p>\n<p><a class=\"btn btn-secondary understrap-read-more-link\" href=\"https:\/\/us.edu.pl\/wydzial\/wh\/strona-glowna\/wydzial-dawniej-i-dzis\/laureaci-nagrody-pro-scientia-et-arte\/prof-tadeusz-slawek\/\">Read More&#8230;<\/a><\/p>\n","protected":false},"author":1,"featured_media":0,"parent":194,"menu_order":0,"comment_status":"closed","ping_status":"closed","template":"","meta":{"_expiration-date-status":"","_expiration-date":0,"_expiration-date-type":"","_expiration-date-categories":[],"_expiration-date-options":[]},"acf":[],"_links":{"self":[{"href":"https:\/\/us.edu.pl\/wydzial\/wh\/wp-json\/wp\/v2\/pages\/498"}],"collection":[{"href":"https:\/\/us.edu.pl\/wydzial\/wh\/wp-json\/wp\/v2\/pages"}],"about":[{"href":"https:\/\/us.edu.pl\/wydzial\/wh\/wp-json\/wp\/v2\/types\/page"}],"author":[{"embeddable":true,"href":"https:\/\/us.edu.pl\/wydzial\/wh\/wp-json\/wp\/v2\/users\/1"}],"replies":[{"embeddable":true,"href":"https:\/\/us.edu.pl\/wydzial\/wh\/wp-json\/wp\/v2\/comments?post=498"}],"version-history":[{"count":3,"href":"https:\/\/us.edu.pl\/wydzial\/wh\/wp-json\/wp\/v2\/pages\/498\/revisions"}],"predecessor-version":[{"id":777,"href":"https:\/\/us.edu.pl\/wydzial\/wh\/wp-json\/wp\/v2\/pages\/498\/revisions\/777"}],"up":[{"embeddable":true,"href":"https:\/\/us.edu.pl\/wydzial\/wh\/wp-json\/wp\/v2\/pages\/194"}],"wp:attachment":[{"href":"https:\/\/us.edu.pl\/wydzial\/wh\/wp-json\/wp\/v2\/media?parent=498"}],"curies":[{"name":"wp","href":"https:\/\/api.w.org\/{rel}","templated":true}]}}