{"id":500,"date":"2019-10-03T13:35:33","date_gmt":"2019-10-03T11:35:33","guid":{"rendered":"https:\/\/us.edu.pl\/wydzial\/wh\/?page_id=500"},"modified":"2019-10-04T12:51:02","modified_gmt":"2019-10-04T10:51:02","slug":"prof-krzysztof-klosinski","status":"publish","type":"page","link":"https:\/\/us.edu.pl\/wydzial\/wh\/strona-glowna\/wydzial-dawniej-i-dzis\/laureaci-nagrody-pro-scientia-et-arte\/prof-krzysztof-klosinski\/","title":{"rendered":"Prof. Krzysztof K\u0142osi\u0144ski"},"content":{"rendered":"<p>[vc_row el_class=&#8221;container&#8221;][vc_column el_class=&#8221;container&#8221;]\r\n                <div class=\"text-modules\">\r\n                    <div class=\"container\">\r\n                        <h3 class=\"page-title text__title\">Prof. Krzysztof K\u0142osi\u0144ski<\/h3>\r\n                        <div class=\"text-modules__content\"><p>Wybitny historyk literatury XIX i XX wieku, znakomity teoretyk literatury, t\u0142umacz oraz komentator dzie\u0142 Rolanda Barthesa i Jacquesa Derridy, krytyk literacki. Jako niedo\u015bcig\u0142y interpretator, \u0142\u0105czy najnowsz\u0105 wiedz\u0119 o literaturze z precyzj\u0105 analiz oraz pi\u0119knem wys\u0142owienia. Niestrudzony popularyzator polskiej poezji i prozy; od wielu lat propaguje jej znaczenie w szko\u0142ach i w mediach.<\/p>\n<p>Absolwent filologii polskiej Uniwersytetu Jagiello\u0144skiego w Krakowie \u2013 ucze\u0144 profesora Tadeusza Bujnickiego. Profesor zwyczajny Uniwersytetu \u015al\u0105skiego w Katowicach.<\/p>\n<p>Z Uniwersytetem \u015al\u0105skim zwi\u0105zany jest od 1973 roku. Od ponad dwudziestu lat pe\u0142ni, z wyboru, wa\u017cne funkcje akademickie na Wydziale Filologicznym: w latach 1992-1996 by\u0142 wicedyrektorem Instytutu Nauk o Literaturze Polskiej, a w latach 2008-2016 roku pe\u0142ni\u0142 funkcj\u0119 dyrektora Instytutu Nauk o Literaturze Polskiej im. Ireneusza Opackiego; od 2010 r. jest kierownikiem Zak\u0142adu Historii Literatury Poromantycznej.<\/p>\n<p>Znakomity uczony i organizator nauki, doskonale rozumiej\u0105cy wyzwania stoj\u0105ce przed nowocze\u015bnie rozumianym szkolnictwem wy\u017cszym, kompetentny uczestnik debat akademickich, promotor m\u0142odej kadry naukowej, wspieraj\u0105cy wa\u017cne projekty oraz inicjatywy badawcze, ceniony nauczyciel akademicki, wychowawca wielu pokole\u0144 polskich literaturoznawc\u00f3w, ciesz\u0105cy si\u0119 szacunkiem pracownik\u00f3w i student\u00f3w Uniwersytetu oraz powszechnym uznaniem \u015brodowiska humanistycznego, dzi\u0119ki czemu \u015bl\u0105ska polonistyka literacka uwa\u017cana jest za jedn\u0105 z pi\u0119ciu najwa\u017cniejszych w Polsce.<\/p>\n<p>Organizator najbardziej presti\u017cowego wydarzenia dla polonistyki narodowej \u2013 Zjazdu Polonist\u00f3w w 2011 roku, kt\u00f3ry w stuletniej historii po raz pierwszy odby\u0142 si\u0119 w Katowicach.<\/p>\n<p>W bogatym dorobku naukowym szczeg\u00f3lne miejsce zajmuj\u0105 monografie po\u015bwi\u0119cone Romanowi Jasi\u0144skiemu i Elizie Orzeszkowej, tomy studi\u00f3w o prozie i poezji polskiej XX wieku, m.in. \u201eEros. Dekonstrukcja. Polityka\u201d, \u201ePoezja \u017calu\u201d, \u201eW stron\u0119 inno\u015bci\u201d oraz liczne szkice po\u015bwi\u0119cone pytaniu: czym jest literatura? \u2013 prace te, stale cytowane, nale\u017c\u0105 do kanonu biblioteki polonistycznej.<\/p>\n<p>Przewodnicz\u0105cy Komitetu Nauk o Literaturze Polskiej Akademii Nauk, a tak\u017ce cz\u0142onek Centralnej Komisji do Spraw Stopni i Tytu\u0142\u00f3w oraz Rady Programowej Polskiego Radia w Katowicach.<\/p>\n<p>W 2015 roku zosta\u0142 wyr\u00f3\u017cniony uniwersyteck\u0105 Nagrod\u0105 \u201ePro Scientia et Arte\u201d przyznan\u0105 \u201ew uznaniu wybitnych osi\u0105gni\u0119\u0107 naukowych i dydaktycznych\u201d.<\/p>\n<\/div>\r\n                    <\/div>\r\n                <\/div>[myprefix_functional_icons print_icon=&#8221;yes&#8221;][\/vc_column][\/vc_row]<\/p>","protected":false},"excerpt":{"rendered":"<p>[vc_row el_class=&#8221;container&#8221;][vc_column el_class=&#8221;container&#8221;][myprefix_functional_icons print_icon=&#8221;yes&#8221;][\/vc_column][\/vc_row] [&#8230;]<\/p>\n<p><a class=\"btn btn-secondary understrap-read-more-link\" href=\"https:\/\/us.edu.pl\/wydzial\/wh\/strona-glowna\/wydzial-dawniej-i-dzis\/laureaci-nagrody-pro-scientia-et-arte\/prof-krzysztof-klosinski\/\">Read More&#8230;<\/a><\/p>\n","protected":false},"author":1,"featured_media":0,"parent":194,"menu_order":0,"comment_status":"closed","ping_status":"closed","template":"","meta":{"_expiration-date-status":"","_expiration-date":0,"_expiration-date-type":"","_expiration-date-categories":[],"_expiration-date-options":[]},"acf":[],"_links":{"self":[{"href":"https:\/\/us.edu.pl\/wydzial\/wh\/wp-json\/wp\/v2\/pages\/500"}],"collection":[{"href":"https:\/\/us.edu.pl\/wydzial\/wh\/wp-json\/wp\/v2\/pages"}],"about":[{"href":"https:\/\/us.edu.pl\/wydzial\/wh\/wp-json\/wp\/v2\/types\/page"}],"author":[{"embeddable":true,"href":"https:\/\/us.edu.pl\/wydzial\/wh\/wp-json\/wp\/v2\/users\/1"}],"replies":[{"embeddable":true,"href":"https:\/\/us.edu.pl\/wydzial\/wh\/wp-json\/wp\/v2\/comments?post=500"}],"version-history":[{"count":3,"href":"https:\/\/us.edu.pl\/wydzial\/wh\/wp-json\/wp\/v2\/pages\/500\/revisions"}],"predecessor-version":[{"id":781,"href":"https:\/\/us.edu.pl\/wydzial\/wh\/wp-json\/wp\/v2\/pages\/500\/revisions\/781"}],"up":[{"embeddable":true,"href":"https:\/\/us.edu.pl\/wydzial\/wh\/wp-json\/wp\/v2\/pages\/194"}],"wp:attachment":[{"href":"https:\/\/us.edu.pl\/wydzial\/wh\/wp-json\/wp\/v2\/media?parent=500"}],"curies":[{"name":"wp","href":"https:\/\/api.w.org\/{rel}","templated":true}]}}