{"id":5081,"date":"2020-10-17T20:30:08","date_gmt":"2020-10-17T18:30:08","guid":{"rendered":"https:\/\/us.edu.pl\/wydzial\/wh\/?page_id=5081"},"modified":"2023-10-12T14:51:41","modified_gmt":"2023-10-12T12:51:41","slug":"rygory","status":"publish","type":"page","link":"https:\/\/us.edu.pl\/wydzial\/wh\/kierunki-studiow\/filologia-rosyjska\/rygory\/","title":{"rendered":"Rygory"},"content":{"rendered":"<p>[vc_row][vc_column]\r\n                <div class=\"text-modules\">\r\n                    <div class=\"container\">\r\n                        <h3 class=\"page-title text__title\">Plany studi\u00f3w (\u201erygory\u201d) obowi\u0105zuj\u0105ce w r. akad. 2022\/2023<\/h3>\r\n                        <div class=\"text-modules__content\"><p><span style=\"font-size: 14pt;\"><strong>STUDIA STACJONARNE I stopnia<\/strong><\/span><\/p>\n<ul>\n<li><a href=\"https:\/\/us.edu.pl\/wydzial\/wh\/wp-content\/uploads\/sites\/15\/Bez-kategorii\/siatka_JWBiA_S1_2022-2023_25.04_strona-kier.pdf\" class=\"mtli_attachment mtli_pdf\" data-mtli=\"mtli_filesize218,70kB\" class=\"mtli_attachment mtli_pdf\" data-mtli=\"mtli_filesize218,70kB\"><strong><span style=\"font-size: 12pt;\">Filologia rosyjska, specjalno\u015b\u0107: j\u0119zyki wschodnios\u0142owia\u0144skie w biznesie i administracji, studia I stopnia, rok 1<\/span><\/strong><\/a><\/li>\n<li><a href=\"https:\/\/us.edu.pl\/wydzial\/wh\/wp-content\/uploads\/sites\/15\/Nieprzypisane\/siatka_RwT_S1_2019-2020_rok1-2.pdf\" class=\"mtli_attachment mtli_pdf\" data-mtli=\"mtli_filesize230,33kB\" class=\"mtli_attachment mtli_pdf\" data-mtli=\"mtli_filesize230,33kB\"><strong><span style=\"font-size: 12pt;\">Filologia rosyjska, specjalno\u015b\u0107: j\u0119zyk rosyjski w turystyce, studia I stopnia, rok 3<\/span><\/strong><\/a><\/li>\n<li><a href=\"https:\/\/us.edu.pl\/wydzial\/wh\/wp-content\/uploads\/sites\/15\/Nieprzypisane\/siatka_RA_S1_2019-2020_rok1-2.pdf\" class=\"mtli_attachment mtli_pdf\" data-mtli=\"mtli_filesize230,83kB\" class=\"mtli_attachment mtli_pdf\" data-mtli=\"mtli_filesize230,83kB\"><strong><span style=\"font-size: 12pt;\">Filologia rosyjska, specjalno\u015b\u0107: j\u0119zyki stosowane: j\u0119zyk rosyjski z j\u0119zykiem angielskim, studia I stopnia, rok 1-3<\/span><\/strong><\/a><\/li>\n<li><strong><span style=\"font-size: 12pt;\"><a href=\"https:\/\/us.edu.pl\/wydzial\/wh\/wp-content\/uploads\/sites\/15\/Nieprzypisane\/siatka_TL_S1_2019-2020_rok1-2.pdf\" class=\"mtli_attachment mtli_pdf\" data-mtli=\"mtli_filesize231,21kB\" class=\"mtli_attachment mtli_pdf\" data-mtli=\"mtli_filesize231,21kB\">Filologia rosyjska, specjalno\u015b\u0107: t\u0142umaczeniowa, studia I stopnia, rok 1-3<\/a>\u00a0<\/span><\/strong><\/li>\n<li><strong><span style=\"font-size: 12pt;\"><a href=\"https:\/\/us.edu.pl\/wydzial\/wh\/wp-content\/uploads\/sites\/15\/Nieprzypisane\/siatka_JB_S1_2019-2020_rok1-2-1.pdf\" class=\"mtli_attachment mtli_pdf\" data-mtli=\"mtli_filesize230,65kB\" class=\"mtli_attachment mtli_pdf\" data-mtli=\"mtli_filesize230,65kB\">Filologia rosyjska, specjalno\u015b\u0107: j\u0119zyk biznesu, studia I stopnia, rok 2-3<\/a>\u00a0<\/span><\/strong><\/li>\n<\/ul>\n<p>&nbsp;<\/p>\n<p><span style=\"font-size: 14pt;\"><strong>STUDIA STACJONARNE II stopnia<\/strong><\/span><\/p>\n<ul>\n<li><a href=\"https:\/\/us.edu.pl\/wydzial\/wh\/wp-content\/uploads\/sites\/15\/Nieprzypisane\/siatka_TL_S2_2021-2022.pdf\" class=\"mtli_attachment mtli_pdf\" data-mtli=\"mtli_filesize170,07kB\" class=\"mtli_attachment mtli_pdf\" data-mtli=\"mtli_filesize170,07kB\"><strong><span style=\"font-size: 12pt;\">Filologia rosyjska, specjalno\u015b\u0107 t\u0142umaczeniowa, studia II stopnia, rok 1-2<\/span><\/strong><\/a><\/li>\n<li><a href=\"https:\/\/us.edu.pl\/wydzial\/wh\/wp-content\/uploads\/sites\/15\/Nieprzypisane\/siatka_JB_S2_2021-2022.pdf\" class=\"mtli_attachment mtli_pdf\" data-mtli=\"mtli_filesize196,70kB\" class=\"mtli_attachment mtli_pdf\" data-mtli=\"mtli_filesize196,70kB\"><strong><span style=\"font-size: 12pt;\">Filologia rosyjska, specjalno\u015b\u0107 j\u0119zyk biznesu, studia II stopnia, rok 2<\/span><\/strong><\/a><\/li>\n<\/ul>\n<p>\n<style type=\"text\/css\">a[data-mtli~=\"mtli_filesize218,70kB\"]:after {content:\" (218,70 kB)\"}a[data-mtli~=\"mtli_filesize230,33kB\"]:after {content:\" (230,33 kB)\"}a[data-mtli~=\"mtli_filesize230,83kB\"]:after {content:\" (230,83 kB)\"}a[data-mtli~=\"mtli_filesize231,21kB\"]:after {content:\" (231,21 kB)\"}a[data-mtli~=\"mtli_filesize230,65kB\"]:after {content:\" (230,65 kB)\"}a[data-mtli~=\"mtli_filesize170,07kB\"]:after {content:\" (170,07 kB)\"}a[data-mtli~=\"mtli_filesize196,70kB\"]:after {content:\" (196,70 kB)\"}<\/style><\/div>\r\n                    <\/div>\r\n                <\/div>\r\n                <div class=\"text-modules\">\r\n                    <div class=\"container\">\r\n                        <h3 class=\"page-title text__title\">Plany studi\u00f3w (\u201erygory\u201d) obowi\u0105zuj\u0105ce w r. akad. 2021\/2022<\/h3>\r\n                        <div class=\"text-modules__content\"><p><span style=\"font-size: 14pt;\"><strong>STUDIA STACJONARNE I stopnia<\/strong><\/span><\/p>\n<ul>\n<li><a href=\"https:\/\/us.edu.pl\/wydzial\/wh\/wp-content\/uploads\/sites\/15\/Nieprzypisane\/siatka_RwT_S1_2019-2020_rok1-2.pdf\" class=\"mtli_attachment mtli_pdf\" data-mtli=\"mtli_filesize230,33kB\" class=\"mtli_attachment mtli_pdf\" data-mtli=\"mtli_filesize230,33kB\"><strong><span style=\"font-size: 12pt;\">Filologia rosyjska, specjalno\u015b\u0107: j\u0119zyk rosyjski w turystyce, studia I stopnia, rok 2-3<\/span><\/strong><\/a><\/li>\n<li><a href=\"https:\/\/us.edu.pl\/wydzial\/wh\/wp-content\/uploads\/sites\/15\/Nieprzypisane\/siatka_RA_S1_2019-2020_rok1-2.pdf\" class=\"mtli_attachment mtli_pdf\" data-mtli=\"mtli_filesize230,83kB\" class=\"mtli_attachment mtli_pdf\" data-mtli=\"mtli_filesize230,83kB\"><strong><span style=\"font-size: 12pt;\">Filologia rosyjska, specjalno\u015b\u0107: j\u0119zyki stosowane: j\u0119zyk rosyjski z j\u0119zykiem angielskim, studia I stopnia, rok 1-3<\/span><\/strong><\/a><\/li>\n<li><strong><span style=\"font-size: 12pt;\"><a href=\"https:\/\/us.edu.pl\/wydzial\/wh\/wp-content\/uploads\/sites\/15\/Nieprzypisane\/siatka_TL_S1_2019-2020_rok1-2.pdf\" class=\"mtli_attachment mtli_pdf\" data-mtli=\"mtli_filesize231,21kB\" class=\"mtli_attachment mtli_pdf\" data-mtli=\"mtli_filesize231,21kB\">Filologia rosyjska, specjalno\u015b\u0107: t\u0142umaczeniowa, studia I stopnia, rok 1-3<\/a>\u00a0<\/span><\/strong><\/li>\n<li><strong><span style=\"font-size: 12pt;\"><a href=\"https:\/\/us.edu.pl\/wydzial\/wh\/wp-content\/uploads\/sites\/15\/Nieprzypisane\/siatka_JB_S1_2019-2020_rok1-2-1.pdf\" class=\"mtli_attachment mtli_pdf\" data-mtli=\"mtli_filesize230,65kB\" class=\"mtli_attachment mtli_pdf\" data-mtli=\"mtli_filesize230,65kB\">Filologia rosyjska, specjalno\u015b\u0107: j\u0119zyk biznesu, studia I stopnia, rok 1-3<\/a>\u00a0<\/span><\/strong><\/li>\n<\/ul>\n<p>&nbsp;<\/p>\n<p><span style=\"font-size: 14pt;\"><strong>STUDIA STACJONARNE II stopnia<\/strong><\/span><\/p>\n<ul>\n<li><a href=\"https:\/\/us.edu.pl\/wydzial\/wh\/wp-content\/uploads\/sites\/15\/Nieprzypisane\/siatka_TL_S2_2021-2022.pdf\" class=\"mtli_attachment mtli_pdf\" data-mtli=\"mtli_filesize170,07kB\" class=\"mtli_attachment mtli_pdf\" data-mtli=\"mtli_filesize170,07kB\"><strong><span style=\"font-size: 12pt;\">Filologia rosyjska, specjalno\u015b\u0107 t\u0142umaczeniowa, studia II stopnia, rok 1<\/span><\/strong><\/a><\/li>\n<li><a href=\"https:\/\/us.edu.pl\/wydzial\/wh\/wp-content\/uploads\/sites\/15\/Nieprzypisane\/siatka_TL_S2_2019-2020_rok1-2.pdf\" class=\"mtli_attachment mtli_pdf\" data-mtli=\"mtli_filesize198,10kB\" class=\"mtli_attachment mtli_pdf\" data-mtli=\"mtli_filesize198,10kB\"><strong><span style=\"font-size: 12pt;\">Filologia rosyjska, specjalno\u015b\u0107 t\u0142umaczeniowa, studia II stopnia, rok 2<\/span><\/strong><\/a><\/li>\n<li><a href=\"https:\/\/us.edu.pl\/wydzial\/wh\/wp-content\/uploads\/sites\/15\/Nieprzypisane\/siatka_JB_S2_2021-2022.pdf\" class=\"mtli_attachment mtli_pdf\" data-mtli=\"mtli_filesize196,70kB\" class=\"mtli_attachment mtli_pdf\" data-mtli=\"mtli_filesize196,70kB\"><strong><span style=\"font-size: 12pt;\">Filologia rosyjska, specjalno\u015b\u0107 j\u0119zyk biznesu, studia II stopnia, rok 1<\/span><\/strong><\/a><\/li>\n<\/ul>\n<p>&nbsp;<\/p>\n<p><span style=\"font-size: 14pt;\"><strong>STUDIA NIESTACJONARNE I stopnia<\/strong><\/span><\/p>\n<ul>\n<li><a href=\"https:\/\/us.edu.pl\/wydzial\/wh\/wp-content\/uploads\/sites\/15\/Nieprzypisane\/siatka_RA_N1_2019-2020_rok1-2.pdf\" class=\"mtli_attachment mtli_pdf\" data-mtli=\"mtli_filesize227,40kB\" class=\"mtli_attachment mtli_pdf\" data-mtli=\"mtli_filesize227,40kB\"><strong><span style=\"font-size: 12pt;\">Filologia rosyjska, specjalno\u015b\u0107: j\u0119zyki stosowane: j\u0119zyk rosyjski z j\u0119zykiem angielskim, studia I stopnia, rok 3<\/span><\/strong><\/a><\/li>\n<\/ul>\n<p>\n<style type=\"text\/css\">a[data-mtli~=\"mtli_filesize230,33kB\"]:after {content:\" (230,33 kB)\"}a[data-mtli~=\"mtli_filesize230,83kB\"]:after {content:\" (230,83 kB)\"}a[data-mtli~=\"mtli_filesize231,21kB\"]:after {content:\" (231,21 kB)\"}a[data-mtli~=\"mtli_filesize230,65kB\"]:after {content:\" (230,65 kB)\"}a[data-mtli~=\"mtli_filesize170,07kB\"]:after {content:\" (170,07 kB)\"}a[data-mtli~=\"mtli_filesize198,10kB\"]:after {content:\" (198,10 kB)\"}a[data-mtli~=\"mtli_filesize196,70kB\"]:after {content:\" (196,70 kB)\"}a[data-mtli~=\"mtli_filesize227,40kB\"]:after {content:\" (227,40 kB)\"}<\/style><\/div>\r\n                    <\/div>\r\n                <\/div>[\/vc_column][\/vc_row]<\/p>\n<style type=\"text\/css\">a[data-mtli~=\"mtli_filesize218,70kB\"]:after {content:\" (218,70 kB)\"}a[data-mtli~=\"mtli_filesize230,33kB\"]:after {content:\" (230,33 kB)\"}a[data-mtli~=\"mtli_filesize230,83kB\"]:after {content:\" (230,83 kB)\"}a[data-mtli~=\"mtli_filesize231,21kB\"]:after {content:\" (231,21 kB)\"}a[data-mtli~=\"mtli_filesize230,65kB\"]:after {content:\" (230,65 kB)\"}a[data-mtli~=\"mtli_filesize170,07kB\"]:after {content:\" (170,07 kB)\"}a[data-mtli~=\"mtli_filesize196,70kB\"]:after {content:\" (196,70 kB)\"}a[data-mtli~=\"mtli_filesize198,10kB\"]:after {content:\" (198,10 kB)\"}a[data-mtli~=\"mtli_filesize227,40kB\"]:after {content:\" (227,40 kB)\"}<\/style>","protected":false},"excerpt":{"rendered":"<p>[vc_row][vc_column][\/vc_column][\/vc_row] [&#8230;]<\/p>\n<p><a class=\"btn btn-secondary understrap-read-more-link\" href=\"https:\/\/us.edu.pl\/wydzial\/wh\/kierunki-studiow\/filologia-rosyjska\/rygory\/\">Read More&#8230;<\/a><\/p>\n","protected":false},"author":2568,"featured_media":0,"parent":168234,"menu_order":0,"comment_status":"closed","ping_status":"closed","template":"","meta":{"_expiration-date-status":"","_expiration-date":0,"_expiration-date-type":"","_expiration-date-categories":[],"_expiration-date-options":[]},"acf":[],"_links":{"self":[{"href":"https:\/\/us.edu.pl\/wydzial\/wh\/wp-json\/wp\/v2\/pages\/5081"}],"collection":[{"href":"https:\/\/us.edu.pl\/wydzial\/wh\/wp-json\/wp\/v2\/pages"}],"about":[{"href":"https:\/\/us.edu.pl\/wydzial\/wh\/wp-json\/wp\/v2\/types\/page"}],"author":[{"embeddable":true,"href":"https:\/\/us.edu.pl\/wydzial\/wh\/wp-json\/wp\/v2\/users\/2568"}],"replies":[{"embeddable":true,"href":"https:\/\/us.edu.pl\/wydzial\/wh\/wp-json\/wp\/v2\/comments?post=5081"}],"version-history":[{"count":10,"href":"https:\/\/us.edu.pl\/wydzial\/wh\/wp-json\/wp\/v2\/pages\/5081\/revisions"}],"predecessor-version":[{"id":168255,"href":"https:\/\/us.edu.pl\/wydzial\/wh\/wp-json\/wp\/v2\/pages\/5081\/revisions\/168255"}],"up":[{"embeddable":true,"href":"https:\/\/us.edu.pl\/wydzial\/wh\/wp-json\/wp\/v2\/pages\/168234"}],"wp:attachment":[{"href":"https:\/\/us.edu.pl\/wydzial\/wh\/wp-json\/wp\/v2\/media?parent=5081"}],"curies":[{"name":"wp","href":"https:\/\/api.w.org\/{rel}","templated":true}]}}