{"id":5087,"date":"2020-10-17T20:35:15","date_gmt":"2020-10-17T18:35:15","guid":{"rendered":"https:\/\/us.edu.pl\/wydzial\/wh\/?page_id=5087"},"modified":"2021-02-08T09:05:08","modified_gmt":"2021-02-08T08:05:08","slug":"proces-dyplomowania","status":"publish","type":"page","link":"https:\/\/us.edu.pl\/wydzial\/wh\/kierunki-studiow\/filologia-rosyjska\/seminaria-dyplomowe-i-proces-dyplomowania\/proces-dyplomowania\/","title":{"rendered":"Proces dyplomowania"},"content":{"rendered":"<p>[vc_row][vc_column]\r\n                <div class=\"text-modules\">\r\n                    <div class=\"container\">\r\n                        <h3 class=\"page-title text__title\">Proces dyplomowania<\/h3>\r\n                        <div class=\"text-modules__content\"><p>Procedur\u0119 uzyskania dyplomu na kierunku filologia rosyjska reguluje <strong>Uchwa\u0142a Rady Wydzia\u0142u Filologicznego z dnia 12 grudnia 2017 roku<\/strong> stanowi\u0105ca Regulamin dyplomowania na Wydziale Humanistycznym (dawniej Filologicznym). Okre\u015bla on szczeg\u00f3\u0142owo zasady zawarte w Regulaminie studi\u00f3w obowi\u0105zuj\u0105cym w Uniwersytecie \u015al\u0105skim. Organizacja procesu dyplomowania wymaga tak\u017ce stosowania procedur w ramach Archiwum Prac Dyplomowych (zarz\u0105dzenie nr 16 Rektora Uniwersytetu \u015al\u0105skiego z dnia 28 stycznia 2015 roku w sprawie wprowadzenia procedury sk\u0142adania i archiwizowania pisemnych prac dyplomowych i Zarz\u0105dzenie nr 69 Rektora Uniwersytetu \u015al\u0105skiego z dnia 18 maja 2015 roku zmieniaj\u0105ce zarz\u0105dzenie w sprawie prowadzenia procedury sk\u0142adania i archiwizowania pisemnych prac dyplomowych).<\/p>\n<p style=\"text-align: justify\">Student kierunku Filologia rosyjska w odpowiednim terminie zostaje poinformowany na stronie internetowej o planowanych w kolejnym roku akademickim seminariach dyplomowych licencjackich i magisterskich. Komunikat zawiera nazwiska promotor\u00f3w oraz informacje o problematyce seminari\u00f3w i warunkach zapis\u00f3w do grup seminaryjnych.<\/p>\n<p style=\"text-align: justify\">Proponowane studentom obszary badawcze zgodne s\u0105 z kierunkiem w\u0142asnych bada\u0144 promotor\u00f3w, a tak\u017ce z badaniami i projektami realizowanymi przez wyk\u0142adowc\u00f3w filologii rosyjskiej. Po wyborze promotora studenci ustalaj\u0105\u00a0 z nim problematyk\u0119 i metodologi\u0119 bada\u0144 oraz zasady formalne pisania pracy dyplomowej, nast\u0119pnie omawiaj\u0105 plan pracy i jego struktur\u0119. Student przygotowuje prac\u0119 samodzielnie pod opiek\u0105 promotora, maj\u0105c mo\u017cliwo\u015b\u0107 korzystania z dodatkowych konsultacji indywidualnych. Po uko\u0144czeniu pisania pracy oraz zaliczeniu wszystkich przewidzianych planem studi\u00f3w modu\u0142\u00f3w student mo\u017ce przyst\u0105pi\u0107 do egzaminu dyplomowego, kt\u00f3ry przebiega zgodnie z zapisami Regulaminu dyplomowania.<\/p>\n<p style=\"text-align: center\"><a href=\"https:\/\/us.edu.pl\/wydzial\/wh\/wp-content\/uploads\/sites\/15\/Nieprzypisane\/regulamin_dyplomowania_zatw.-12.12.2017-1.pdf\" class=\"mtli_attachment mtli_pdf\" data-mtli=\"mtli_filesize504,17kB\" class=\"mtli_attachment mtli_pdf\" data-mtli=\"mtli_filesize504,17kB\"><strong>Uchwa\u0142a Rady Wydzia\u0142u Filologicznego z dn. 12.12.2017 r.<\/strong><\/a><\/p>\n<p style=\"text-align: center\"><strong>PROCEDURA SK\u0141ADANIA PRAC DYPLOMOWYCH W SYSTEMIE USOS<\/strong><\/p>\n<p style=\"text-align: center\"><strong><a href=\"https:\/\/apd.us.edu.pl\/\">Archiwum Prac Dyplomowych U\u015a<\/a><\/strong><\/p>\n<p style=\"text-align: center\"><strong><a href=\"http:\/\/www.fil.us.edu.pl\/dok\/apd_student_v.1.0.pdf\" class=\"mtli_attachment mtli_pdf\" data-mtli=\"mtli_filesize4,00kB\" class=\"mtli_attachment mtli_pdf\" data-mtli=\"mtli_filesize4,00kB\">Instrukcja dla student\u00f3w<\/a><\/strong><\/p>\n<p style=\"text-align: center\"><strong><a href=\"http:\/\/www.fil.us.edu.pl\/dok\/apd_promotor_v.1.1.pdf\" class=\"mtli_attachment mtli_pdf\" data-mtli=\"mtli_filesize4,00kB\" class=\"mtli_attachment mtli_pdf\" data-mtli=\"mtli_filesize4,00kB\">Instrukcja dla promotor\u00f3w<\/a><\/strong><\/p>\n<p style=\"text-align: center\"><strong><a href=\"http:\/\/www.fil.us.edu.pl\/dok\/apd_recenzent_v.1.1.pdf\" class=\"mtli_attachment mtli_pdf\" data-mtli=\"mtli_filesize4,00kB\" class=\"mtli_attachment mtli_pdf\" data-mtli=\"mtli_filesize4,00kB\">Instrukcja dla recenzent\u00f3w<\/a><\/strong><\/p>\n<p style=\"text-align: center\"><strong><a href=\"http:\/\/www.fil.us.edu.pl\/dok\/apd_dziekanat_v.1.3.pdf\" class=\"mtli_attachment mtli_pdf\" data-mtli=\"mtli_filesize4,00kB\" class=\"mtli_attachment mtli_pdf\" data-mtli=\"mtli_filesize4,00kB\">Instrukcja dla dziekanatu<\/a><\/strong><\/p>\n<p>\n<style type=\"text\/css\">a[data-mtli~=\"mtli_filesize504,17kB\"]:after {content:\" (504,17 kB)\"}a[data-mtli~=\"mtli_filesize4,00kB\"]:after {content:\" (4,00 kB)\"}<\/style><\/div>\r\n                    <\/div>\r\n                <\/div>[\/vc_column][\/vc_row]<\/p>\n<style type=\"text\/css\">a[data-mtli~=\"mtli_filesize504,17kB\"]:after {content:\" (504,17 kB)\"}a[data-mtli~=\"mtli_filesize4,00kB\"]:after {content:\" (4,00 kB)\"}<\/style>","protected":false},"excerpt":{"rendered":"<p>[vc_row][vc_column][\/vc_column][\/vc_row] [&#8230;]<\/p>\n<p><a class=\"btn btn-secondary understrap-read-more-link\" href=\"https:\/\/us.edu.pl\/wydzial\/wh\/kierunki-studiow\/filologia-rosyjska\/seminaria-dyplomowe-i-proces-dyplomowania\/proces-dyplomowania\/\">Read More&#8230;<\/a><\/p>\n","protected":false},"author":2568,"featured_media":0,"parent":2061,"menu_order":0,"comment_status":"closed","ping_status":"closed","template":"","meta":{"_expiration-date-status":"saved","_expiration-date":0,"_expiration-date-type":"","_expiration-date-categories":[],"_expiration-date-options":[]},"acf":[],"_links":{"self":[{"href":"https:\/\/us.edu.pl\/wydzial\/wh\/wp-json\/wp\/v2\/pages\/5087"}],"collection":[{"href":"https:\/\/us.edu.pl\/wydzial\/wh\/wp-json\/wp\/v2\/pages"}],"about":[{"href":"https:\/\/us.edu.pl\/wydzial\/wh\/wp-json\/wp\/v2\/types\/page"}],"author":[{"embeddable":true,"href":"https:\/\/us.edu.pl\/wydzial\/wh\/wp-json\/wp\/v2\/users\/2568"}],"replies":[{"embeddable":true,"href":"https:\/\/us.edu.pl\/wydzial\/wh\/wp-json\/wp\/v2\/comments?post=5087"}],"version-history":[{"count":7,"href":"https:\/\/us.edu.pl\/wydzial\/wh\/wp-json\/wp\/v2\/pages\/5087\/revisions"}],"predecessor-version":[{"id":9964,"href":"https:\/\/us.edu.pl\/wydzial\/wh\/wp-json\/wp\/v2\/pages\/5087\/revisions\/9964"}],"up":[{"embeddable":true,"href":"https:\/\/us.edu.pl\/wydzial\/wh\/wp-json\/wp\/v2\/pages\/2061"}],"wp:attachment":[{"href":"https:\/\/us.edu.pl\/wydzial\/wh\/wp-json\/wp\/v2\/media?parent=5087"}],"curies":[{"name":"wp","href":"https:\/\/api.w.org\/{rel}","templated":true}]}}