{"id":5720,"date":"2020-10-30T16:25:25","date_gmt":"2020-10-30T15:25:25","guid":{"rendered":"https:\/\/us.edu.pl\/wydzial\/wh\/?page_id=5720"},"modified":"2025-12-19T15:06:48","modified_gmt":"2025-12-19T14:06:48","slug":"wspolpraca-krajowa","status":"publish","type":"page","link":"https:\/\/us.edu.pl\/wydzial\/wh\/kierunki-studiow\/filologia-slowianska\/wspolpraca-z-otoczeniem\/wspolpraca-krajowa\/","title":{"rendered":"Wsp\u00f3\u0142praca krajowa"},"content":{"rendered":"<p>[vc_row][vc_column]\r\n                <div class=\"text-modules\">\r\n                    <div class=\"container\">\r\n                        \r\n                        <div class=\"text-modules__content\"><\/p>\n<p><strong>SLAWISTYKA DLA SZK\u00d3\u0141 <\/strong><\/p>\n<p>Pracownicy filologii s\u0142owia\u0144skiej od wielu lat <strong>wsp\u00f3\u0142pracuj\u0105 ze szko\u0142ami ponadpodstawowymi<\/strong> z naszego regionu. Bior\u0105 udzia\u0142 w wydarzeniach organizowanych przez szko\u0142y, a tak\u017ce przygotowuj\u0105 specjaln\u0105 ofert\u0119 warsztat\u00f3w dla m\u0142odzie\u017cy odwiedzaj\u0105cej Wydzia\u0142 Humanistyczny U\u015a. Slawistyka regularnie prowadzi zaj\u0119cia dla szk\u00f3\u0142:<\/p>\n<ul>\n<li><a href=\"https:\/\/mickiewicz.katowice.pl\/\">III Liceum Og\u00f3lnokszta\u0142c\u0105cym im. Adama Mickiewicza w Katowicach<\/a><\/li>\n<li><a href=\"http:\/\/maczek.edu.pl\/\">IV LO im. gen. S. Maczka w Katowicach<\/a><\/li>\n<li><a href=\"https:\/\/8lo.pl\/\">VIII Liceum Og\u00f3lnokszta\u0142c\u0105ce im. Marii Sk\u0142odowskiej-Curie z Oddzia\u0142ami Dwuj\u0119zycznymi w Katowicach<\/a><\/li>\n<li><a href=\"https:\/\/1lo.rybnik.pl\/\">I Liceum Og\u00f3lnokszta\u0142c\u0105ce z Oddzia\u0142ami Dwuj\u0119zycznymi im. Powsta\u0144c\u00f3w \u015al\u0105skich w Rybniku<\/a><\/li>\n<li><a href=\"https:\/\/www.staszic.edu.pl\/\">IV LO z Oddzia\u0142ami Dwuj\u0119zycznymi im. Stanis\u0142awa Staszica w Sosnowcu<\/a><\/li>\n<\/ul>\n<p>&nbsp;<\/p>\n<p>To w\u0142a\u015bnie z nauczycielami i uczniami tych szk\u00f3\u0142 slawi\u015bci wsp\u00f3\u0142pracuj\u0105 najcz\u0119\u015bciej. W ramach wsp\u00f3lnych dzia\u0142a\u0144 uczniowie mog\u0105 bra\u0107 udzia\u0142 w <strong>warsztatach j\u0119zykowo-kulturowych<\/strong> prowadzonych przez wyk\u0142adowc\u00f3w i lektor\u00f3w native-speaker\u00f3w. Zrealizowano m.in. nast\u0119puj\u0105ce warsztaty: <em>Co maj\u0105 wsp\u00f3lnego Gadaj\u0105cy Kot Tom i Melania Trump? Czy j\u0119zyk s\u0142owe\u0144ski to j\u0119zyk dla szpieg\u00f3w? S\u0141OWENIA TROCH\u0118 INACZEJ<\/em>; <em>Media w Chorwacji<\/em>; <em>Republika Czeska wszystkimi zmys\u0142ami<\/em>; <em>Dla odmiany\u2026 macedo\u0144ski!<\/em>; <em>Chorwacja \u2013 kraj romantyczny<\/em>; <em>Gdy prosto oznacza w prawo\u2026 Wsp\u00f3lne w\u0119dr\u00f3wki po Ba\u0142kanach<\/em>; <em>S\u0142owacko-czeski geocaching; Fenomen Krecika \u2013 o czeskim bohaterze dla dzieci i doros\u0142ych; Dobrze odrobiona lekcja z Bohumila Hrabala, czyli przypadek jednego pastiszu; Czechy jak na d\u0142oni \u2013 gra planszowa z wyzwaniami; Czeski film? Nie! Jeszcze lepiej: czeska opera; Od \u015bredniowiecznych r\u0119kopis\u00f3w po fikcyjny supermarket &#8211; s\u0142ynne czeskie mistyfikacje; <\/em><em>T\u0142umacz ustny j\u0119zyka czeskiego: skromny profesjonalista czy agent do zada\u0144 specjalnych? \u00a0Wp\u0142yw j\u0119zyka czeskiego na \u015bl\u014dnsko godka; Hezky c\u030cesky &#8211; o j\u0119zyku i kulturze naszych po\u0142udniowych s\u0105siad\u00f3w<\/em><\/p>\n<p><em>\u00a0<\/em><\/p>\n<p>Wiele z nich zrealizowano w ramach <strong>wi\u0119kszych wydarze\u0144<\/strong>: Dzie\u0144 J\u0119zyk\u00f3w Obcych, Dzie\u0144 J\u0119zyka Ojczystego, Europejski Dzie\u0144 J\u0119zyk\u00f3w Obcych, Festiwal J\u0119zyk\u00f3w Obcych, Dni Humanistyki, \u015al\u0105ski Festiwal Nauki, Dni Polsko-Czeskie.<\/p>\n<p>&nbsp;<\/p>\n<p>Rokrocznie wsp\u00f3\u0142organizujemy te\u017c <strong>Konkurs Wiedzy o Chorwacji <\/strong>dla uczni\u00f3w szk\u00f3\u0142 podstawowych. Wydarzenie organizowane jest przez Konsulat Republiki Chorwacji w Krakowie, Kuratorium O\u015bwiaty w Katowicach oraz Wydzia\u0142 Humanistyczny Uniwersytetu \u015al\u0105skiego w Katowicach, a konkretnie kroatyst\u00f3w z filologii s\u0142owia\u0144skiej.<\/p>\n<p><strong>\u00a0<\/strong><\/p>\n<p>&nbsp;<\/p>\n<p><strong>WSP\u00d3\u0141PRACA Z INSTYTUCJAMI, FIRMAMI i STOWARZYSZENIAMI <\/strong><\/p>\n<p><strong>Filologia s\u0142owia\u0144ska U\u015a<\/strong> aktywnie wsp\u00f3\u0142pracuje z instytucjami kultury, przedsi\u0119biorstwami, firmami oraz organizacjami pozarz\u0105dowymi. W ramach tego typu wsp\u00f3\u0142pracy studenci maj\u0105 mo\u017cliwo\u015b\u0107 uczestniczenia w <strong>spotkaniach z przedstawicielami r\u00f3\u017cnych \u015brodowisk zawodowych<\/strong>, co stanowi istotne uzupe\u0142nienie kszta\u0142cenia akademickiego.<\/p>\n<p>&nbsp;<\/p>\n<p><strong>RWS TRADOS i <\/strong><strong>MemoQ<\/strong><\/p>\n<p>\u015al\u0105ska slawistyka nawi\u0105za\u0142a <strong>wsp\u00f3\u0142prac\u0119 w ramach program\u00f3w akademickich<\/strong> z dystrybutorami czo\u0142owych program\u00f3w wspomagaj\u0105cych t\u0142umaczenie: RWS <a href=\"https:\/\/www.trados.com\/\">Trados<\/a> oraz <a href=\"https:\/\/www.memoq.com\/\">MemoQ<\/a>. Studenci na zaj\u0119ciach korzystaj\u0105 z najwy\u017cszej klasy oprogramowania.<\/p>\n<p>&nbsp;<\/p>\n<p><strong>CZESKIE CENTRUM<\/strong><\/p>\n<p>Wsp\u00f3\u0142praca z <a href=\"https:\/\/warsaw.czechcentres.cz\/pl\/o-nas\"><strong>Czeskim Centrum<\/strong><\/a> otwiera przed studentami filologii s\u0142owia\u0144skiej mo\u017cliwo\u015b\u0107 udzia\u0142u w <strong>projekcjach filmowych, wystawach, spotkaniach autorskich i prelekcjach<\/strong>, co pozwala lepiej zrozumie\u0107 specyfik\u0119 pracy w sektorze kultury i rol\u0119 instytucji kultury w mi\u0119dzynarodowej wymianie artystycznej i edukacyjnej.<\/p>\n<p><strong>\u00a0<\/strong><\/p>\n<p><strong>KINO NA GRANICY <\/strong><\/p>\n<p>\u015al\u0105ska slawistyka pe\u0142ni r\u00f3wnie\u017c rol\u0119 kulturotw\u00f3rcz\u0105, anga\u017cuj\u0105c si\u0119 w regionie w r\u00f3\u017cne inicjatywy o tematyce slawistycznej. Studenci regularnie odbywaj\u0105 praktyki studenckie na <strong>festiwalu filmowym<\/strong> <a href=\"http:\/\/kinonagranicy.pl\/\"><strong>Kino na Granicy<\/strong>,<\/a> wsp\u00f3\u0142tworz\u0105c wydarzenia kulturalne i zdobywaj\u0105c do\u015bwiadczenie przy du\u017cym, mi\u0119dzynarodowym przedsi\u0119wzi\u0119ciu artystycznym.<\/p>\n<p>&nbsp;<\/p>\n<p>Utrzymujemy r\u00f3wnie\u017c kontakty z naszymi absolwentami, kt\u00f3rzy prowadz\u0105 dzia\u0142alno\u015b\u0107 w zakresie <strong>t\u0142umacze\u0144<\/strong> lub <strong>turystyki<\/strong> i prowadz\u0105 firmy: <a href=\"https:\/\/perfekcyjniepoczesku.pl\/\">ANO Izabela Mroczek<\/a>, <a href=\"https:\/\/bpagave.pl\/\">Biuro Podr\u00f3\u017cy Agave<\/a>, <a href=\"https:\/\/www.slovenika.pl\/\">Slovenika<\/a>, <a href=\"https:\/\/translavia.pl\/\">Translavia<\/a><\/p>\n<p>\n<\/div>\r\n                    <\/div>\r\n                <\/div>[\/vc_column][\/vc_row]<\/p>","protected":false},"excerpt":{"rendered":"<p>[vc_row][vc_column][\/vc_column][\/vc_row] [&#8230;]<\/p>\n<p><a class=\"btn btn-secondary understrap-read-more-link\" href=\"https:\/\/us.edu.pl\/wydzial\/wh\/kierunki-studiow\/filologia-slowianska\/wspolpraca-z-otoczeniem\/wspolpraca-krajowa\/\">Read More&#8230;<\/a><\/p>\n","protected":false},"author":1,"featured_media":0,"parent":2667,"menu_order":0,"comment_status":"closed","ping_status":"closed","template":"","meta":{"_expiration-date-status":"","_expiration-date":0,"_expiration-date-type":"","_expiration-date-categories":[],"_expiration-date-options":[]},"acf":[],"_links":{"self":[{"href":"https:\/\/us.edu.pl\/wydzial\/wh\/wp-json\/wp\/v2\/pages\/5720"}],"collection":[{"href":"https:\/\/us.edu.pl\/wydzial\/wh\/wp-json\/wp\/v2\/pages"}],"about":[{"href":"https:\/\/us.edu.pl\/wydzial\/wh\/wp-json\/wp\/v2\/types\/page"}],"author":[{"embeddable":true,"href":"https:\/\/us.edu.pl\/wydzial\/wh\/wp-json\/wp\/v2\/users\/1"}],"replies":[{"embeddable":true,"href":"https:\/\/us.edu.pl\/wydzial\/wh\/wp-json\/wp\/v2\/comments?post=5720"}],"version-history":[{"count":5,"href":"https:\/\/us.edu.pl\/wydzial\/wh\/wp-json\/wp\/v2\/pages\/5720\/revisions"}],"predecessor-version":[{"id":194277,"href":"https:\/\/us.edu.pl\/wydzial\/wh\/wp-json\/wp\/v2\/pages\/5720\/revisions\/194277"}],"up":[{"embeddable":true,"href":"https:\/\/us.edu.pl\/wydzial\/wh\/wp-json\/wp\/v2\/pages\/2667"}],"wp:attachment":[{"href":"https:\/\/us.edu.pl\/wydzial\/wh\/wp-json\/wp\/v2\/media?parent=5720"}],"curies":[{"name":"wp","href":"https:\/\/api.w.org\/{rel}","templated":true}]}}