{"id":5726,"date":"2020-10-30T16:28:37","date_gmt":"2020-10-30T15:28:37","guid":{"rendered":"https:\/\/us.edu.pl\/wydzial\/wh\/?page_id=5726"},"modified":"2026-02-24T12:21:54","modified_gmt":"2026-02-24T11:21:54","slug":"nawa","status":"publish","type":"page","link":"https:\/\/us.edu.pl\/wydzial\/wh\/kierunki-studiow\/filologia-slowianska\/wspolpraca-z-otoczeniem\/nawa\/","title":{"rendered":"NAWA"},"content":{"rendered":"<p>[vc_row][vc_column]\r\n                <div class=\"text-modules\">\r\n                    <div class=\"container\">\r\n                        \r\n                        <div class=\"text-modules__content\"><\/p>\n<h5 style=\"margin-top: 0cm;\">Koordynator ds. wsp\u00f3\u0142pracy mi\u0119dzynarodowej \u00a0\u2013 \u00a0dr Marta Buczek (<a href=\"mailto:marta.buczek@us.edu.pl\">marta.buczek@us.edu.pl<\/a>)<\/h5>\n<p>&nbsp;<\/p>\n<p>Studenci staraj\u0105cy si\u0119 o stypendium w ramach program\u00f3w mi\u0119dzynarodowych proszeni s\u0105 o zapoznanie si\u0119 z Regulaminem<\/p>\n<p><a href=\"https:\/\/us.edu.pl\/wydzial\/wh\/wp-content\/uploads\/sites\/15\/Bez-kategorii\/Regulamin-wyjazdow-na-kierunku-Filologia-slowianska240226.pdf\" class=\"mtli_attachment mtli_pdf\" data-mtli=\"mtli_filesize208,51kB\" class=\"mtli_attachment mtli_pdf\" data-mtli=\"mtli_filesize208,51kB\"><strong><span style=\"font-size: 14pt; color: #333399;\">REGULAMIN (WEWN\u0118TRZNY) DLA STUDENT\u00d3W KIERUNKU FILOLOGIA S\u0141OWIA\u0143SKA U\u015a WYJE\u017bD\u017bAJ\u0104CYCH W RAMACH PROGRAM\u00d3W WYMIANY MI\u0118DZYNARODOWEJ (ERASMUS+, NAWA, CEEPUS i innych)<\/span><\/strong><\/a><\/p>\n<p>&nbsp;<\/p>\n<p><a href=\"https:\/\/us.edu.pl\/wydzial\/wh\/wp-content\/uploads\/sites\/15\/Nieprzypisane\/porozumienie_o_programie_studi\u00f3w.12.20.pdf\" class=\"mtli_attachment mtli_pdf\" data-mtli=\"mtli_filesize155,65kB\" class=\"mtli_attachment mtli_pdf\" data-mtli=\"mtli_filesize155,65kB\"><span style=\"color: #333399;\"><strong><span style=\"font-size: 14pt;\">POROZUMIENIE O PROGRAMIE STUDI\u00d3W<\/span><\/strong><\/span><\/a><\/p>\n<p>&nbsp;<\/p>\n<p><span style=\"color: #333399;\"><strong><span style=\"font-size: 14pt;\"><a href=\"https:\/\/us.edu.pl\/wydzial\/wh\/wp-content\/uploads\/sites\/15\/Nieprzypisane\/karta_zaliczeniowa.12.2020.pdf\" class=\"mtli_attachment mtli_pdf\" data-mtli=\"mtli_filesize135,18kB\" class=\"mtli_attachment mtli_pdf\" data-mtli=\"mtli_filesize135,18kB\">KARTA ZALICZENIOWA<\/a>\u00a0<\/span><\/strong><\/span><\/p>\n<p>&nbsp;<\/p>\n<h5><a href=\"https:\/\/nawa.gov.pl\/programy-nawa\">Programy NAWA<\/a><\/h5>\n<p>&nbsp;<\/p>\n<h5><a href=\"https:\/\/nawa.gov.pl\/naukowcy\/ceepus\">PROGRAM CEEPUS <\/a><\/h5>\n<p>\n<style type=\"text\/css\">a[data-mtli~=\"mtli_filesize208,51kB\"]:after {content:\" (208,51 kB)\"}a[data-mtli~=\"mtli_filesize155,65kB\"]:after {content:\" (155,65 kB)\"}a[data-mtli~=\"mtli_filesize135,18kB\"]:after {content:\" (135,18 kB)\"}<\/style><\/div>\r\n                    <\/div>\r\n                <\/div>[\/vc_column][\/vc_row]<\/p>\n<style type=\"text\/css\">a[data-mtli~=\"mtli_filesize208,51kB\"]:after {content:\" (208,51 kB)\"}a[data-mtli~=\"mtli_filesize155,65kB\"]:after {content:\" (155,65 kB)\"}a[data-mtli~=\"mtli_filesize135,18kB\"]:after {content:\" (135,18 kB)\"}<\/style>","protected":false},"excerpt":{"rendered":"<p>[vc_row][vc_column][\/vc_column][\/vc_row] [&#8230;]<\/p>\n<p><a class=\"btn btn-secondary understrap-read-more-link\" href=\"https:\/\/us.edu.pl\/wydzial\/wh\/kierunki-studiow\/filologia-slowianska\/wspolpraca-z-otoczeniem\/nawa\/\">Read More&#8230;<\/a><\/p>\n","protected":false},"author":1,"featured_media":0,"parent":2667,"menu_order":0,"comment_status":"closed","ping_status":"closed","template":"","meta":{"_expiration-date-status":"","_expiration-date":0,"_expiration-date-type":"","_expiration-date-categories":[],"_expiration-date-options":[]},"acf":[],"_links":{"self":[{"href":"https:\/\/us.edu.pl\/wydzial\/wh\/wp-json\/wp\/v2\/pages\/5726"}],"collection":[{"href":"https:\/\/us.edu.pl\/wydzial\/wh\/wp-json\/wp\/v2\/pages"}],"about":[{"href":"https:\/\/us.edu.pl\/wydzial\/wh\/wp-json\/wp\/v2\/types\/page"}],"author":[{"embeddable":true,"href":"https:\/\/us.edu.pl\/wydzial\/wh\/wp-json\/wp\/v2\/users\/1"}],"replies":[{"embeddable":true,"href":"https:\/\/us.edu.pl\/wydzial\/wh\/wp-json\/wp\/v2\/comments?post=5726"}],"version-history":[{"count":9,"href":"https:\/\/us.edu.pl\/wydzial\/wh\/wp-json\/wp\/v2\/pages\/5726\/revisions"}],"predecessor-version":[{"id":195903,"href":"https:\/\/us.edu.pl\/wydzial\/wh\/wp-json\/wp\/v2\/pages\/5726\/revisions\/195903"}],"up":[{"embeddable":true,"href":"https:\/\/us.edu.pl\/wydzial\/wh\/wp-json\/wp\/v2\/pages\/2667"}],"wp:attachment":[{"href":"https:\/\/us.edu.pl\/wydzial\/wh\/wp-json\/wp\/v2\/media?parent=5726"}],"curies":[{"name":"wp","href":"https:\/\/api.w.org\/{rel}","templated":true}]}}