{"id":5757,"date":"2020-11-02T16:36:29","date_gmt":"2020-11-02T15:36:29","guid":{"rendered":"https:\/\/us.edu.pl\/wydzial\/wh\/?page_id=5757"},"modified":"2020-11-02T16:36:29","modified_gmt":"2020-11-02T15:36:29","slug":"prof-john-maxwell-coetzee","status":"publish","type":"page","link":"https:\/\/us.edu.pl\/wydzial\/wh\/strona-glowna\/wydzial-dawniej-i-dzis\/doktorzy-honoris-causa\/prof-john-maxwell-coetzee\/","title":{"rendered":"Prof. John Maxwell Coetzee"},"content":{"rendered":"<p>[vc_row el_class=&#8221;container&#8221;][vc_column width=&#8221;2\/3&#8243; el_class=&#8221;container&#8221;]\r\n                <div class=\"text-modules\">\r\n                    <div class=\"container\">\r\n                        <h3 class=\"page-title text__title\">Prof. John Maxwell Coetzee<\/h3>\r\n                        <div class=\"text-modules__content\"><p><b>Data promocji:<\/b> 23 pa\u017adziernika 2018 roku<\/p>\n<p><b>Data uchwa\u0142y Senatu U\u015a:<\/b> 26 czerwca 2018 roku<\/p>\n<p><b>Jednostka sk\u0142adaj\u0105ca wniosek:<\/b>\u00a0Rada Wydzia\u0142u Filologicznego<\/p>\n<p>&nbsp;<\/p>\n<p>Prof. John Maxwell Coetzee to jeden z najwybitniejszych pisarzy wsp\u00f3\u0142czesnych, zdobywca literackiej Nagrody Nobla (2003), dwukrotny laureat Nagrody Bookera (1983, 1999) oraz innych presti\u017cowych nagr\u00f3d literackich, laureat najwy\u017cszego odznaczenia w Republice Po\u0142udniowej Afryki, profesor literatury, honorowy cz\u0142onek centrum badawczego swojego imienia na Uniwersytecie w\u00a0Adelajdzie, ceniony literaturoznawca oraz t\u0142umacz.<\/p>\n<\/div>\r\n                    <\/div>\r\n                <\/div>\r\n                <div class=\"text-modules\">\r\n                    <div class=\"container\">\r\n                        \r\n                        <div class=\"text-modules__content\"><\/p>\n<figure id=\"attachment_5759\" aria-describedby=\"caption-attachment-5759\" style=\"width: 660px\" class=\"wp-caption alignnone\"><img class=\"wp-image-5759 size-full\" src=\"https:\/\/us.edu.pl\/wydzial\/wh\/wp-content\/uploads\/sites\/15\/Nieprzypisane\/AJS7438_fot-Julia-Agnieszka-Szymala.jpg\" alt=\"Prof. John Maxwell Coetzee\" width=\"660\" height=\"441\" srcset=\"https:\/\/us.edu.pl\/wydzial\/wh\/wp-content\/uploads\/sites\/15\/Nieprzypisane\/AJS7438_fot-Julia-Agnieszka-Szymala.jpg 660w, https:\/\/us.edu.pl\/wydzial\/wh\/wp-content\/uploads\/sites\/15\/Nieprzypisane\/AJS7438_fot-Julia-Agnieszka-Szymala-300x200.jpg 300w, https:\/\/us.edu.pl\/wydzial\/wh\/wp-content\/uploads\/sites\/15\/Nieprzypisane\/AJS7438_fot-Julia-Agnieszka-Szymala-575x384.jpg 575w\" sizes=\"(max-width: 660px) 100vw, 660px\" \/><figcaption id=\"caption-attachment-5759\" class=\"wp-caption-text\">Prof. John Maxwell Coetzee. Fot. Agnieszka Julia Szymala<\/figcaption><\/figure>\n<p>\n<\/div>\r\n                    <\/div>\r\n                <\/div>[\/vc_column][vc_column width=&#8221;1\/3&#8243;][\/vc_column][\/vc_row]<\/p>","protected":false},"excerpt":{"rendered":"<p>[vc_row el_class=&#8221;container&#8221;][vc_column width=&#8221;2\/3&#8243; el_class=&#8221;container&#8221;][\/vc_column][vc_column width=&#8221;1\/3&#8243;][\/vc_column][\/vc_row] [&#8230;]<\/p>\n<p><a class=\"btn btn-secondary understrap-read-more-link\" href=\"https:\/\/us.edu.pl\/wydzial\/wh\/strona-glowna\/wydzial-dawniej-i-dzis\/doktorzy-honoris-causa\/prof-john-maxwell-coetzee\/\">Read More&#8230;<\/a><\/p>\n","protected":false},"author":1,"featured_media":0,"parent":187,"menu_order":0,"comment_status":"closed","ping_status":"closed","template":"","meta":{"_expiration-date-status":"saved","_expiration-date":0,"_expiration-date-type":"","_expiration-date-categories":[],"_expiration-date-options":[]},"acf":[],"_links":{"self":[{"href":"https:\/\/us.edu.pl\/wydzial\/wh\/wp-json\/wp\/v2\/pages\/5757"}],"collection":[{"href":"https:\/\/us.edu.pl\/wydzial\/wh\/wp-json\/wp\/v2\/pages"}],"about":[{"href":"https:\/\/us.edu.pl\/wydzial\/wh\/wp-json\/wp\/v2\/types\/page"}],"author":[{"embeddable":true,"href":"https:\/\/us.edu.pl\/wydzial\/wh\/wp-json\/wp\/v2\/users\/1"}],"replies":[{"embeddable":true,"href":"https:\/\/us.edu.pl\/wydzial\/wh\/wp-json\/wp\/v2\/comments?post=5757"}],"version-history":[{"count":2,"href":"https:\/\/us.edu.pl\/wydzial\/wh\/wp-json\/wp\/v2\/pages\/5757\/revisions"}],"predecessor-version":[{"id":5760,"href":"https:\/\/us.edu.pl\/wydzial\/wh\/wp-json\/wp\/v2\/pages\/5757\/revisions\/5760"}],"up":[{"embeddable":true,"href":"https:\/\/us.edu.pl\/wydzial\/wh\/wp-json\/wp\/v2\/pages\/187"}],"wp:attachment":[{"href":"https:\/\/us.edu.pl\/wydzial\/wh\/wp-json\/wp\/v2\/media?parent=5757"}],"curies":[{"name":"wp","href":"https:\/\/api.w.org\/{rel}","templated":true}]}}