{"id":5869,"date":"2020-11-06T15:22:19","date_gmt":"2020-11-06T14:22:19","guid":{"rendered":"https:\/\/us.edu.pl\/wydzial\/wh\/?page_id=5869"},"modified":"2025-06-05T09:26:27","modified_gmt":"2025-06-05T07:26:27","slug":"kolo-naukowe","status":"publish","type":"page","link":"https:\/\/us.edu.pl\/wydzial\/wh\/kierunki-studiow\/filologia-slowianska\/kolo-naukowe\/","title":{"rendered":"Ko\u0142o naukowe"},"content":{"rendered":"<p>[vc_row][vc_column]\r\n                <div class=\"text-modules\">\r\n                    <div class=\"container\">\r\n                        \r\n                        <div class=\"text-modules__content\"><\/p>\n<h3>Ko\u0142o Naukowe \u015awiatowid<\/h3>\n<p>&nbsp;<\/p>\n<p>Ko\u0142o Naukowe Slawist\u00f3w istnieje od roku 1987, a od roku 2000 pod nazw\u0105 <a href=\"https:\/\/www.facebook.com\/kns.swiatowid\">Ko\u0142o Naukowe Slawist\u00f3w\u00a0<em>\u015aWIATOWID<\/em>.<\/a>\u00a0Jest to samorz\u0105dna organizacja studencka skupiaj\u0105c\u0105 student\u00f3w slawistyki U\u015a oraz jej absolwent\u00f3w.<\/p>\n<p>W\u0142adze KNS\u00a0<em>\u015aWIATOWID:<\/em><\/p>\n<p><strong>Opiekun<\/strong>: dr Katarzyna Majdzik Papi\u0107; e-mail: <a href=\"mailto:katarzyna.majdzik@us.edu.pl\">katarzyna.majdzik@us.edu.pl<\/a>; mgr Katarzyna Kurowska<br \/>\n<strong>Przewodnicz\u0105ca<\/strong>: Ma\u0142gorzata Otorowska; e-mail: <a href=\"mailto:kns.swiatowid@us.edu.pl\">kns.swiatowid@us.edu.pl<\/a><br \/>\n<strong>Wiceprzewodnicz\u0105cy:<\/strong>Natalia Jurkowska, Kamila Dr\u00f3\u017cd\u017c<\/p>\n<p>Ko\u0142o Naukowe Slawist\u00f3w\u00a0<em>\u015aWIATOWID<\/em>\u00a0powsta\u0142o w nast\u0119puj\u0105cych celach:<\/p>\n<ol>\n<li>integrowania swych cz\u0142onk\u00f3w poprzez wsp\u00f3ln\u0105 prac\u0119 na rzecz pog\u0142\u0119biania wiedzy i popularyzacji kultur S\u0142owian;<\/li>\n<li>rozbudzenia aktywno\u015bci student\u00f3w slawistyki U\u015a poprzez organizacj\u0119 konkurs\u00f3w, spotka\u0144, wystaw, wieczork\u00f3w literacko-muzycznych, imprez turystycznych oraz dzia\u0142alno\u015b\u0107 w r\u00f3\u017cnych sekcjach;<\/li>\n<li>prowadzenia dzia\u0142alno\u015bci naukowej i popularyzatorskiej poprzez organizowanie spotka\u0144 i sesji naukowych po\u015bwi\u0119conych wybranym aspektom problematyki slawistycznej oraz aktywny udzia\u0142 przedstawicieli Ko\u0142a w podobnych imprezach w kraju i za granic\u0105;<\/li>\n<li>zapoznawania student\u00f3w z najnowszymi osi\u0105gni\u0119ciami kulturalnymi i naukowymi kraj\u00f3w s\u0142owia\u0144skich;<\/li>\n<li>prowadzenia dzia\u0142alno\u015bci wydawniczej student\u00f3w slawistyki prezentuj\u0105cej ich dorobek naukowy oraz osi\u0105gni\u0119cia literackie i artystyczne;<\/li>\n<li>nawi\u0105zywania wsp\u00f3\u0142pracy kulturalnej ze studentami slawistyki innych uczelni krajowych i zagranicznych, zw\u0142aszcza plac\u00f3wek prowadz\u0105cych dydaktyk\u0119 i badania slawistyczne;<\/li>\n<li>wsp\u00f3\u0142pracy z plac\u00f3wkami dyplomatycznymi i konsularnymi oraz centrami informacji i kultury kraj\u00f3w zachodnio- i po\u0142udniowos\u0142owia\u0144skich.<\/li>\n<\/ol>\n<p>KNS \u015aWIATOWID dzia\u0142a w oparciu o Statut zatwierdzony przez JM Rektora Uniwersytetu \u015al\u0105skiego, w kt\u00f3rym okre\u015blone s\u0105 cele programowe i demokratyczne zasady funkcjonowania Ko\u0142a.<\/p>\n<p>&nbsp;<\/p>\n<p>Do\u0142\u0105czcie do nas na Facebooku (<a href=\"https:\/\/www.facebook.com\/kns.swiatowid\/\">https:\/\/www.facebook.com\/kns.swiatowid\/<\/a>)<\/p>\n<p>lub piszcie do nas na adres <a href=\"mailto:kns.swiatowid@us.edu.pl\">kns.swiatowid@us.edu.pl<\/a><\/p>\n<\/div>\r\n                    <\/div>\r\n                <\/div>[\/vc_column][\/vc_row]<\/p>","protected":false},"excerpt":{"rendered":"<p>[vc_row][vc_column][\/vc_column][\/vc_row] [&#8230;]<\/p>\n<p><a class=\"btn btn-secondary understrap-read-more-link\" href=\"https:\/\/us.edu.pl\/wydzial\/wh\/kierunki-studiow\/filologia-slowianska\/kolo-naukowe\/\">Read More&#8230;<\/a><\/p>\n","protected":false},"author":1,"featured_media":0,"parent":170365,"menu_order":0,"comment_status":"closed","ping_status":"closed","template":"","meta":{"_expiration-date-status":"","_expiration-date":0,"_expiration-date-type":"","_expiration-date-categories":[],"_expiration-date-options":[]},"acf":[],"_links":{"self":[{"href":"https:\/\/us.edu.pl\/wydzial\/wh\/wp-json\/wp\/v2\/pages\/5869"}],"collection":[{"href":"https:\/\/us.edu.pl\/wydzial\/wh\/wp-json\/wp\/v2\/pages"}],"about":[{"href":"https:\/\/us.edu.pl\/wydzial\/wh\/wp-json\/wp\/v2\/types\/page"}],"author":[{"embeddable":true,"href":"https:\/\/us.edu.pl\/wydzial\/wh\/wp-json\/wp\/v2\/users\/1"}],"replies":[{"embeddable":true,"href":"https:\/\/us.edu.pl\/wydzial\/wh\/wp-json\/wp\/v2\/comments?post=5869"}],"version-history":[{"count":9,"href":"https:\/\/us.edu.pl\/wydzial\/wh\/wp-json\/wp\/v2\/pages\/5869\/revisions"}],"predecessor-version":[{"id":189335,"href":"https:\/\/us.edu.pl\/wydzial\/wh\/wp-json\/wp\/v2\/pages\/5869\/revisions\/189335"}],"up":[{"embeddable":true,"href":"https:\/\/us.edu.pl\/wydzial\/wh\/wp-json\/wp\/v2\/pages\/170365"}],"wp:attachment":[{"href":"https:\/\/us.edu.pl\/wydzial\/wh\/wp-json\/wp\/v2\/media?parent=5869"}],"curies":[{"name":"wp","href":"https:\/\/api.w.org\/{rel}","templated":true}]}}