{"id":5914,"date":"2020-11-09T14:21:57","date_gmt":"2020-11-09T13:21:57","guid":{"rendered":"https:\/\/us.edu.pl\/wydzial\/wh\/?page_id=5914"},"modified":"2026-02-27T07:29:21","modified_gmt":"2026-02-27T06:29:21","slug":"centra-badawcze","status":"publish","type":"page","link":"https:\/\/us.edu.pl\/wydzial\/wh\/centra-badawcze\/","title":{"rendered":"Centra badawcze"},"content":{"rendered":"<p>[vc_row el_class=&#8221;container&#8221;][vc_column]\r\n                <div class=\"text-modules \">\r\n                    <div class=\"container\">\r\n                        <h3 class=\"section-title section-title_border-bottom\">\u015al\u0105skie Centrum Bada\u0144 nad Pami\u0119ci\u0105 Regionaln\u0105 i Transgraniczn\u0105<\/h3> \r\n                        <div class=\"row m-0\">\r\n                            <div class=\"text-modules__content\">\r\n                                Badania prowadzone wsp\u00f3lnie w gronie badaczy skupionych wok\u00f3\u0142 Centrum sytuuj\u0105 si\u0119 na przeci\u0119ciu trzech nadrz\u0119dnych kategorii takich jak: 1)\u00a0<strong>badania regionalne<\/strong>; 2)\u00a0<strong>badania nad granicami<\/strong>\u00a0i 3)\u00a0<strong>pami\u0119\u0107 zbiorowa<\/strong>. Profil badawczy centrum nie ogranicza si\u0119 do zagadnie\u0144 zwi\u0105zanych z G\u00f3rnym \u015al\u0105skiem i Zag\u0142\u0119biem D\u0105browskim, jednak bazuje w du\u017cym stopniu na wiedzy lokalnej i regionalnym kontek\u015bcie jako punkcie wyj\u015bcia do bada\u0144 komparatystycznych, kt\u00f3re stanowi\u0105 nasz wk\u0142ad we wsp\u00f3\u0142prac\u0119 mi\u0119dzynarodow\u0105 (transgraniczn\u0105).<\/p>\n<p>CELE BADAWCZE CENTRUM OBEJMUJ\u0104:<\/p>\n<ol>\n<li>Prowadzenie bada\u0144 podstawowych o charakterze interdyscyplinarnym odpowiadaj\u0105cych na pytanie, jak przejawy pami\u0119ci zbiorowej definiuj\u0105 spo\u0142eczno\u015bci\/wsp\u00f3lnoty w obszarach przygranicznych, strefach migracji i etnicznie z\u0142o\u017conych \u015brodowiskach spo\u0142ecznych.<\/li>\n<li>Rozwijanie powi\u0105zanej sieci\u0105 mi\u0119dzynarodowych kontakt\u00f3w badawczych wsp\u00f3\u0142pracy, kt\u00f3ra bazuje na perspektywach por\u00f3wnawczych (dwustronnych i wielostronnych) w odniesieniu do teren\u00f3w przygranicznych. G\u0142\u00f3wnym partnerem zagranicznym dla Centrum jest Saarland University jako lider konsorcjum T4E, a jednostk\u0105 bezpo\u015brednio zaanga\u017cowan\u0105 we wsp\u00f3\u0142prac\u0119 b\u0119dzie tamtejsze Center for Border Studies.<\/li>\n<li>Badania nad konsekwencjami zastosowania perspektywy regionalnej do opisania ewolucji kategorii narodowych, a tak\u017ce klasyfikacji oraz ram spo\u0142ecznych i kulturowych w r\u00f3\u017cnych dyscyplinach (realizuj\u0105c postulat decentralizacji i denacjonalizacji polityki wiedzy). Cel ten obejmuje tak\u017ce wsparcie eksperckie dla inicjatyw regionalnych zwi\u0105zanych z upodmiotowieniem spo\u0142eczno\u015bci lokalnej na obszarze G\u00f3rnego \u015al\u0105ska i Zag\u0142\u0119bia D\u0105browskiego.<\/li>\n<li>Rozwijanie i promowanie a) metodologii zorientowanych na interdyscyplinarne poj\u0119cia i kategorie badawcze oraz b) lokalnie definiowanego podej\u015bcia do zjawisk spo\u0142ecznych i kulturowych badanych w kontek\u015bcie innym ni\u017c krajowy\/narodowy. Centrum ma na celu opracowanie nowych narz\u0119dzi i nowej optyki dla transdyscyplinarnych bada\u0144 nad granicami i terenami przygranicznymi poprzez redefinicj\u0119 tych kategorii i \u2013 m.in. przy pomocy instrument\u00f3w cyfrowych opartych na technologiach zwi\u0105zanych ze sztuczn\u0105 inteligencj\u0105 \u2013 wypracowanie praktycznych konkluzji dotycz\u0105cych spo\u0142ecze\u0144stw przysz\u0142o\u015bci.<\/li>\n<\/ol>\n<p>&nbsp;<\/p>\n<p>TRANSDYSCYPLINARNO\u015a\u0106:<\/p>\n<p>Istot\u0105 bada\u0144 prowadzonych w ramach Centrum jest interdyscyplinarno\u015b\u0107, a tak\u017ce transdyscyplinarno\u015b\u0107, kt\u00f3ra zak\u0142ada brak wyra\u017anie zarysowanych rozgranicze\u0144 mi\u0119dzy dyscyplinami. Badacze skupieni wok\u00f3\u0142 Centrum reprezentuj\u0105 nast\u0119puj\u0105ce dyscypliny naukowe: historia, nauki o sztuce, literaturoznawstwo, nauki o polityce i administracji, nauki socjologiczne, nauki prawne.<\/p>\n<p>WSP\u00d3\u0141PRACA Z OTOCZENIEM:<\/p>\n<p>Dzia\u0142alno\u015b\u0107 Centrum zak\u0142ada \u015bcis\u0142\u0105 wsp\u00f3\u0142prac\u0119 z otoczeniem spo\u0142ecznym, popularyzacj\u0119 wynik\u00f3w bada\u0144, organizacj\u0119 og\u00f3lnodost\u0119pnych seminari\u00f3w i wyk\u0142ad\u00f3w (w tym wyk\u0142ad\u00f3w go\u015bcinnych licznych badaczy z takich kraj\u00f3w jak Niemcy, Hiszpania, Wielka Brytania, Irlandia, czy USA deklaruj\u0105cych wsp\u00f3\u0142prac\u0119 z Centrum). Dalekosi\u0119\u017cne plany Centrum zak\u0142adaj\u0105 formy aktywizacji spo\u0142ecznej, aktywne uczestnictwo w debatach, dyskusjach, wydarzeniach artystycznych, festiwalach nauki czy konsultacjach eksperckich pozwalaj\u0105cych mie\u0107 nadziej\u0119 na wywarcie realnego wp\u0142ywu na spo\u0142ecze\u0144stwo regionu i ca\u0142ego kraju.<\/p>\n<p>&nbsp;<\/p>\n<p>BADACZKI I BADACZE TWORZ\u0104CY CENTRUM:<\/p>\n<ul>\n<li><a href=\"https:\/\/us.edu.pl\/instytut\/il\/osoby\/leszek-drong\/#1614172727446-87243793-e472\">Prof. dr hab. Leszek Drong<\/a>\u00a0\u2013 Dyrektor \u015aCBPRT<\/li>\n<li><a href=\"https:\/\/opus.us.edu.pl\/info\/author\/USL065de62c20f44d9ebb664a14b090d954?tab=main&amp;conversationPropagation=begin&amp;sort=&amp;title=Profil%2Bosoby%2B%25E2%2580%2593%2BZbigniew%2BBia%25C5%2582as%2B%25E2%2580%2593%2BUniwersytet%2B%25C5%259Al%25C4%2585ski&amp;lang=pl&amp;pn=1\">Prof. dr hab. Zbigniew Bia\u0142as<\/a><\/li>\n<li><a href=\"https:\/\/us.edu.pl\/instytut\/il\/osoby\/renata-dampc-jarosz\/\">Prof. dr hab. Renata Dampc-Jarosz<\/a><\/li>\n<li><a href=\"https:\/\/us.edu.pl\/instytut\/ih\/osoby\/maciej-fic\/\">Prof. U\u015a dr hab. Maciej Fic<\/a><\/li>\n<li><a href=\"https:\/\/us.edu.pl\/instytut\/il\/osoby\/monika-glosowitz\/\">Dr Monika Glosowitz<\/a><\/li>\n<li><a href=\"https:\/\/us.edu.pl\/instytut\/inos\/osoby\/jerzy-gorzelik\/\">Prof. U\u015a dr hab. Jerzy Gorzelik<\/a><\/li>\n<li><a href=\"https:\/\/opus.us.edu.pl\/info\/author\/USL57bff10f3c1142ef9264b67b07248b9b\/Person%2Bprofile%2B%25E2%2580%2593%2BJustyna%2BKijonka%2B%25E2%2580%2593%2BUniversity%2Bof%2BSilesia?affil=&amp;tab=main&amp;conversationPropagation=begin&amp;sort=&amp;lang=en&amp;pn=1\">Dr Justyna Kijonka<\/a><\/li>\n<li><a href=\"https:\/\/us.edu.pl\/instytut\/il\/osoby\/ewa-macura-nnamdi\/\">Prof. U\u015a dr Ewa Macura-Nnamdi<\/a><\/li>\n<li><a href=\"https:\/\/us.edu.pl\/instytut\/inos\/osoby\/bogumila-mika\/\">Prof. U\u015a dr hab. Bogumi\u0142a Mika<\/a><\/li>\n<li><a href=\"https:\/\/us.edu.pl\/instytut\/inp\/mus-anna\/\">Prof. U\u015a dr Anna Mu\u015b<\/a><\/li>\n<li><a href=\"https:\/\/us.edu.pl\/instytut\/inp\/mysliwiec-malgorzata\/\">Prof. U\u015a dr hab. Ma\u0142gorzata My\u015bliwiec<\/a><\/li>\n<li><a href=\"https:\/\/us.edu.pl\/instytut\/il\/osoby\/nina-nowara-matusik\/\">Prof. U\u015a dr hab. Nina Nowara-Matusik<\/a><\/li>\n<li><a href=\"https:\/\/ab.us.edu.pl\/emp?id=21332\">Prof. dr hab. Piotr Pinior<\/a><\/li>\n<li><a href=\"https:\/\/us.edu.pl\/instytut\/il\/osoby\/karolina-pospiszyl-hofmanska\/#1614250179385-98414837-884a\">Dr Karolina Pospiszil<\/a><\/li>\n<li><a href=\"https:\/\/us.edu.pl\/instytut\/il\/osoby\/lucyna-sadzikowska\/\">Prof. U\u015a dr hab. Lucyna Sadzikowska<\/a><\/li>\n<li><a href=\"https:\/\/us.edu.pl\/instytut\/il\/osoby\/michal-skop\/\">Prof. U\u015a dr hab. Micha\u0142 Skop<\/a><\/li>\n<li><a href=\"https:\/\/opus.us.edu.pl\/info\/author\/USL93ab9fdcabce4a0387481e693dfdd59e?affil=&amp;r=supervisedwork&amp;ps=20&amp;title=Profil%2Bosoby%2B%25E2%2580%2593%2BTomasz%2BS%25C5%2582upik%2B%25E2%2580%2593%2BUniwersytet%2B%25C5%259Al%25C4%2585ski&amp;lang=pl&amp;pn=1\">Dr Tomasz S\u0142upik<\/a><\/li>\n<li><a href=\"https:\/\/us.edu.pl\/instytut\/ih\/osoby\/miroslaw-wecki\/\">Dr Miros\u0142aw W\u0119cki<\/a><\/li>\n<li><a href=\"https:\/\/us.edu.pl\/instytut\/il\/osoby\/monika-blidy\/\">Dr Monika Bildy<\/a><\/li>\n<li><a href=\"https:\/\/us.edu.pl\/instytut\/il\/osoby\/krzysztof-klosowicz\/\">Dr Krzysztof K\u0142osowicz<\/a><\/li>\n<\/ul>\n<div class=\"mt-3\"><\/div>\r\n                            <\/div>\r\n                            \r\n                            \r\n                        <\/div>\r\n                    <\/div>\r\n                <\/div>[\/vc_column][\/vc_row][vc_row][vc_column]\r\n                <div class=\"text-modules \">\r\n                    <div class=\"container\">\r\n                        <h3 class=\"section-title section-title_border-bottom\">Centrum Bada\u0144 nad Bizancjum<\/h3> \r\n                        <div class=\"row m-0\">\r\n                            <div class=\"text-modules__content\">\r\n                                W ramach centrum maj\u0105 by\u0107 prowadzone badania dotycz\u0105ce kultury, historii oraz literatury Cesarstwa Bizanty\u0144skiego (330\u20131453), ze szczeg\u00f3lnym uwzgl\u0119dnieniem\u00a0<em>animal studies<\/em>,\u00a0<em>enviromental studies<\/em>\u00a0oraz ekokrytycyzmu.<\/p>\n<p>Biznatynistyka jako nauka interdyscyplinarna obejmuje tematy badane m.in. przez literaturoznawc\u00f3w, ale te\u017c historyk\u00f3w sztyki czy zooarcheolog\u00f3w. Zesp\u00f3\u0142 b\u0119dzie d\u0105\u017cy\u0142 do w\u0142\u0105czenia w swoje szeregi przedstawicieli tak\u017ce innych dyscyplin.<\/p>\n<p>Dotychczas w Uniwersytecie \u015al\u0105skim prowadzono ju\u017c badania nad Bizancjum. W uczelni organizowano konferencje mi\u0119dzynarodowe po\u015bwi\u0119cone temu zagadnieniu, w kt\u00f3rych uczestniczyli tak\u017ce zagraniczni eksperci. Powstanie centrum ma na celu zwi\u0119kszenie mi\u0119dzynarodowej widzialno\u015bci naukowc\u00f3w zajmuj\u0105cych si\u0119 Bizancjum oraz umo\u017cliwi\u0107 dalszy rozw\u00f3j prowadzonych bada\u0144.<\/p>\n<p>Wsp\u00f3\u0142praca: dyrektor <a href=\"https:\/\/us.edu.pl\/instytut\/il\/osoby\/przemyslaw-marciniak\/\">prof. dr hab. Przemys\u0142aw Marciniak<\/a> (<a href=\"mailto:przemyslaw.marciniak@us.edu.pl\">przemyslaw.marciniak@us.edu.pl<\/a>) \r\n                                <div class=\"mt-3\"><\/div>\r\n                            <\/div>\r\n                            \r\n                            \r\n                        <\/div>\r\n                    <\/div>\r\n                <\/div>[\/vc_column][\/vc_row][vc_row][vc_column]\r\n                <div class=\"text-modules \">\r\n                    <div class=\"container\">\r\n                        <h3 class=\"section-title section-title_border-bottom\">Centrum Bada\u0144 Groznawczych<\/h3> \r\n                        <div class=\"row m-0\">\r\n                            <div class=\"text-modules__content\">\r\n                                Zakres bada\u0144 planowanych przez centrum dotyczy nieistniej\u0105cej w Polsce dyscypliny, jak\u0105 w kr\u0119gach mi\u0119dzynarodowych stanowi groznawstwo (ang.\u00a0<em>game studies<\/em>), kt\u00f3re ma charakter w\u0142a\u015bciwy dla interdyscyplinarnych czy transdyscyplinarnych i szeroko rozumianych inicjatyw okre\u015blanych mianem \u201estudies\u201d, jak\u00a0<em>gender studies<\/em>,\u00a0<em>porn studies<\/em>,\u00a0<em>postcolonial studies<\/em>.<\/p>\n<p>Centrum obejmuje zatem w zasadzie wi\u0119kszo\u015b\u0107 dziedzin naukowych. W refleksji groznawczej uczestnicz\u0105 w r\u00f3wnej mierze historycy, jak i wirusolodzy, filozofowie, socjologowie, psycholodzy, literaturoznawcy, pedagodzy, medioznawcy, narratolodzy, terapeuci, arty\u015bci, a tak\u017ce in\u017cynierowie i informatycy. Centrum ma z za\u0142o\u017cenia stanowi\u0107 przestrze\u0144 dialogu mi\u0119dzy ka\u017cd\u0105 osob\u0105 zainteresowan\u0105 badaniem gier \u2013 specyfika studi\u00f3w groznawczych pozwala na nietypowe rozwi\u0105zania i powi\u0105zania, rewolucjonizuj\u0105ce dotychczasowe my\u015blenie o sztywnych podzia\u0142ach dziedzinowych czy dyscyplinowych.<\/p>\n<p>&nbsp;<\/p>\n<p><strong>Do zakresu dzia\u0142ania centrum nale\u017cy:<\/strong><\/p>\n<ul>\n<li>prowadzenie bada\u0144 nad grami na przeci\u0119ciu r\u00f3\u017cnych dziedzin i dyscyplin naukowych;<\/li>\n<li>tworzenie i podtrzymywanie przestrzeni dialogu mi\u0119dzy osobami studiuj\u0105cymi na U\u015a oraz osobami skupiaj\u0105cymi si\u0119 w swoich badaniach nad szeroko poj\u0119t\u0105 problematyk\u0105 groznawcz\u0105;<\/li>\n<li>wsparcie dydaktyki akademickiej poprzez inicjatywy wynikaj\u0105ce z prowadzonych bada\u0144 groznawczych;<\/li>\n<li>d\u0105\u017cenie do organizacji wydarze\u0144 naukowych (konferencji, seminari\u00f3w), kt\u00f3rych celem jest zwi\u0119kszenie presti\u017cu bada\u0144 groznawczych prowadzonych na U\u015a oraz upowszechnianie wiedzy groznawczej;<\/li>\n<li>d\u0105\u017cenie do konsolidacji dzia\u0142alno\u015bci badawczej w ramach zespo\u0142owych projekt\u00f3w grantowych;<\/li>\n<li>pomna\u017canie osi\u0105gni\u0119\u0107 naukowych w ramach mi\u0119dzynarodowej wsp\u00f3\u0142pracy inter- i transdyscyplinarnej;<\/li>\n<li>wsp\u00f3\u0142praca z instytucjami badawczymi i artystycznymi oraz krajowymi i mi\u0119dzynarodowymi partnerami;<\/li>\n<li>realizacja przedsi\u0119wzi\u0119\u0107 badawczych, organizacyjnych, wdro\u017ceniowych oraz projekt\u00f3w w ramach podj\u0119tej wsp\u00f3\u0142pracy.<\/li>\n<\/ul>\n<p>Wsp\u00f3\u0142praca: <a href=\"https:\/\/us.edu.pl\/instytut\/il\/osoby\/michal-klosinski\/\">dr hab. Micha\u0142 K\u0142osi\u0144ski prof. U\u015a<\/a> (dyrektor)<br \/>\n<a href=\"mailto:michal.klosinski@us.edu.pl\">michal.klosinski@us.edu.pl<\/a> \r\n                                <div class=\"mt-3\"><\/div>\r\n                            <\/div>\r\n                            \r\n                            \r\n                        <\/div>\r\n                    <\/div>\r\n                <\/div>[\/vc_column][\/vc_row][vc_row][vc_column]\r\n                <div class=\"text-modules \">\r\n                    <div class=\"container\">\r\n                        <h3 class=\"section-title section-title_border-bottom\">Centrum Bada\u0144 Krytycznych nad Technologiami<\/h3> \r\n                        <div class=\"row m-0\">\r\n                            <div class=\"text-modules__content\">\r\n                                Centrum Bada\u0144 Krytycznych nad Technologiami (Centre For Critical Technology Studies \u2013 CCTS) prowadzi badania nad technologiami w perspektywie humanistycznej. Celem dzia\u0142ania Centrum jest inicjowanie oraz podtrzymywanie dialogu pomi\u0119dzy nauk\u0105, kultur\u0105 i sztuk\u0105 w obr\u0119bie technosfery, a tak\u017ce \u0142\u0105czenie inicjatyw lokalnych z globaln\u0105 my\u015bl\u0105 naukow\u0105 w ramach wsp\u00f3\u0142pracy z otoczeniem.<\/p>\n<p>Wsp\u00f3\u0142praca: <a href=\"https:\/\/us.edu.pl\/instytut\/ifil\/osoby\/michal-krzykawski\/\">dr hab. Micha\u0142 Krzykawski, prof. U\u015a<\/a> (dyrektor)<br \/>\n<a href=\"mailto:michal.krzykawski@us.edu.pl\">michal.krzykawski@us.edu.pl<\/a> \r\n                                <div class=\"mt-3\"><a href=\"https:\/\/www.ccts.us.edu.pl\/pl\/\" class=\"link-button mr-3 \">Zobacz stron\u0119 CCTS<\/a><\/div>\r\n                            <\/div>\r\n                            \r\n                            \r\n                        <\/div>\r\n                    <\/div>\r\n                <\/div>[\/vc_column][\/vc_row][vc_row][vc_column]\r\n                <div class=\"text-modules \">\r\n                    <div class=\"container\">\r\n                        <h3 class=\"section-title section-title_border-bottom\">Centrum Bada\u0144 Nordystycznych i Staroangielskich<\/h3> \r\n                        <div class=\"row m-0\">\r\n                            <div class=\"text-modules__content\">\r\n                                Naukowcy zrzeszeni w Centrum Bada\u0144 Nordystycznych i Staroangielskich zajmuj\u0105 si\u0119 histori\u0105 i kultur\u0105 \u015bredniowiecznej Skandynawii oraz Anglii. W dobie \u015bredniowiecza oba te obszary \u0142\u0105czy\u0142y silne wi\u0119zi polityczne, gospodarcze, kulturowe i j\u0119zykowe. Badania nad dziejami Skandynawii i Anglii stanowi\u0105 wa\u017cny wk\u0142ad w lepsze poznanie europejskich wiek\u00f3w \u015brednich.<\/p>\n<p>Centrum Bada\u0144 Nordystycznych i Staroangielskich jest pierwsz\u0105 tego typu jednostk\u0105 w Polsce, dzia\u0142aj\u0105c\u0105 nie tylko na geograficznym przeci\u0119ciu badanych obszar\u00f3w, lecz r\u00f3wnie\u017c na styku historii i literaturoznawstwa.<\/p>\n<p>Wsp\u00f3\u0142praca: <a href=\"https:\/\/us.edu.pl\/instytut\/ih\/osoby\/jakub-morawiec\/\">dr hab. Jakub Morawiec, prof. U\u015a<\/a> (dyrektor)<br \/>\n<a href=\"mailto:jakub.morawiec@us.edu.pl\">jakub.morawiec@us.edu.pl<\/a> \r\n                                <div class=\"mt-3\"><a href=\"https:\/\/us.edu.pl\/nauka-i-badania\/centra-badawcze\/cbns\/\" class=\"link-button mr-3 \">Zobacz stron\u0119 CBNS<\/a><\/div>\r\n                            <\/div>\r\n                            \r\n                            \r\n                        <\/div>\r\n                    <\/div>\r\n                <\/div>[\/vc_column][\/vc_row][vc_row][vc_column]\r\n                <div class=\"text-modules \">\r\n                    <div class=\"container\">\r\n                        <h3 class=\"section-title section-title_border-bottom\">Interdyscyplinarne Centrum Bada\u0144 nad Edukacj\u0105 Humanistyczn\u0105<\/h3> \r\n                        <div class=\"row m-0\">\r\n                            <div class=\"text-modules__content\">\r\n                                Idea, jaka kryje si\u0119 za powstaniem Interdyscyplinarnego Centrum Bada\u0144 nad Edukacj\u0105 Humanistyczn\u0105, to prowadzenie bada\u0144 naukowych i tworzenie nowych form opisu \u015bwiata oraz poszukiwanie praw i prawid\u0142owo\u015bci nim rz\u0105dz\u0105cych.<\/p>\n<p>G\u0142\u00f3wnym celem realizowanym przez Centrum jest integrowanie prac badawczych specjalist\u00f3w dydaktyk humanistycznych i glottodydaktyk\u00f3w w zakresie wsp\u00f3\u0142czesnych metodologii s\u0142u\u017c\u0105cych harmonijnemu, sp\u00f3jnemu i nowoczesnemu kszta\u0142ceniu nauczycieli poszczeg\u00f3lnych przedmiot\u00f3w.<\/p>\n<p>Centrum jest otwarte na wsp\u00f3\u0142prac\u0119 z otoczeniem instytucjonalnym Uniwersytetu \u015al\u0105skiego w\u00a0Katowicach, w tym z\u00a0instytucjami edukacyjno-o\u015bwiatowymi i kulturalnymi oraz z krajowymi i\u00a0europejskimi organizacjami akademickimi.<\/p>\n<p>Wsp\u00f3\u0142praca: <a href=\"https:\/\/us.edu.pl\/instytut\/ipo\/pracownicy\/malgorzata-wojcik-dudek\/\">dr hab. Ma\u0142gorzata W\u00f3jcik-Dudek, prof. U\u015a<\/a> (dyrektor)<br \/>\n<a href=\"mailto:malgorzata.wojcik-dudek@us.edu.pl\">malgorzata.wojcik-dudek@us.edu.pl<\/a> \r\n                                <div class=\"mt-3\"><a href=\"https:\/\/www.icbeh.us.edu.pl\/\" class=\"link-button mr-3 \">Zobacz stron\u0119 ICBEH<\/a><\/div>\r\n                            <\/div>\r\n                            \r\n                            \r\n                        <\/div>\r\n                    <\/div>\r\n                <\/div>[\/vc_column][\/vc_row][vc_row][vc_column]\r\n                <div class=\"text-modules \">\r\n                    <div class=\"container\">\r\n                        <h3 class=\"section-title section-title_border-bottom\">Centrum Bada\u0144 Sztuki Nowych Medi\u00f3w, Kultury i Technologii Uniwersytetu \u015al\u0105skiego w Katowicach<\/h3> \r\n                        <div class=\"row m-0\">\r\n                            <div class=\"text-modules__content\">\r\n                                Powo\u0142anie centrum badawczego stanowi kolejny etap zacie\u015bniania dotychczasowej wsp\u00f3\u0142pracy pomi\u0119dzy partnerami i ma na celu u\u0142atwienie wsp\u00f3lnych dzia\u0142a\u0144 zwi\u0105zanych z prowadzeniem bada\u0144 i organizacj\u0105 wydarze\u0144 naukowych, artystycznych, edukacyjnych i popularyzacyjnych. Celem podstawowym jest prowadzenie innowacyjnych bada\u0144 interdyscyplinarnych i mi\u0119dzydziedzinowych, \u0142\u0105cz\u0105cych humanistyczny namys\u0142 nad nowymi technologiami oraz praktyk\u0119 tw\u00f3rcz\u0105 i projektow\u0105 w tym zakresie. Utworzenie centrum jest logiczn\u0105 konsekwencj\u0105 dotychczasowych dzia\u0142a\u0144 naukowych badaczy z trzech r\u00f3\u017cnych instytucji: Uniwersytetu \u015al\u0105skiego w Katowicach, Akademii Sztuk Pi\u0119knych w Katowicach oraz Muzeum \u015al\u0105skiego.<\/p>\n<p>Prowadzimy badania w dw\u00f3ch obszarach: nauk humanistycznych w dyscyplinie nauk o kulturze i religii oraz w dziedzinie sztuki w dyscyplinie sztuki i konserwacji. S\u0105 to zw\u0142aszcza badania w zakresie teorii i praktyki medi\u00f3w oraz sztuki medi\u00f3w: VR, AR, mixed reality, animacji 3D, sztucznej inteligencji (AI), sztuki interaktywnej i multimedi\u00f3w, dzia\u0142a\u0144 w przestrzeni miejskiej, m.in. videomappingu, instalacji i koncert\u00f3w multimedialnych. W obszarze naszych zainteresowa\u0144 pozostaj\u0105 tak\u017ce zagadnienia zwi\u0105zane z przetwarzaniem danych i budowaniem multisensorycznego do\u015bwiadczenia u\u017cytkownika medi\u00f3w, teoria percepcji i poznania, teoria i rozw\u00f3j sztucznej inteligencji oraz teoria wiedzy, a tak\u017ce rozw\u00f3j medi\u00f3w r\u00f3\u017cnych generacji i praktyk z nimi zwi\u0105zanych w kontek\u015bcie historycznokulturowym. Szczeg\u00f3lnym celem pozostaje tak\u017ce badanie, rozwijanie i promowanie sztuki medi\u00f3w, w tym dzia\u0142ania kuratorskie w obr\u0119bie Muzeum \u015al\u0105skim i poza nim.<\/p>\n<p>Wsp\u00f3\u0142praca: <a href=\"https:\/\/us.edu.pl\/instytut\/inok\/osoby\/anna-maj\/\">dr hab. Anna Maj, prof. U\u015a<\/a> (dyrektor)<br \/>\n<a href=\"mailto:anna.maj@us.edu.pl\">anna.maj@us.edu.pl<\/a> \r\n                                <div class=\"mt-3\"><\/div>\r\n                            <\/div>\r\n                            \r\n                            \r\n                        <\/div>\r\n                    <\/div>\r\n                <\/div>[\/vc_column][\/vc_row]<\/p>","protected":false},"excerpt":{"rendered":"<p>[vc_row el_class=&#8221;container&#8221;][vc_column][\/vc_column][\/vc_row][vc_row][vc_column][\/vc_column][\/vc_row][vc_row][vc_column][\/vc_column][\/vc_row][vc_row][vc_column][\/vc_column][\/vc_row][vc_row][vc_column][\/vc_column][\/vc_row][vc_row][vc_column][\/vc_column][\/vc_row][vc_row][vc_column][\/vc_column][\/vc_row] [&#8230;]<\/p>\n<p><a class=\"btn btn-secondary understrap-read-more-link\" href=\"https:\/\/us.edu.pl\/wydzial\/wh\/centra-badawcze\/\">Read More&#8230;<\/a><\/p>\n","protected":false},"author":1,"featured_media":0,"parent":0,"menu_order":0,"comment_status":"closed","ping_status":"closed","template":"","meta":{"_expiration-date-status":"","_expiration-date":0,"_expiration-date-type":"","_expiration-date-categories":[],"_expiration-date-options":[]},"acf":[],"_links":{"self":[{"href":"https:\/\/us.edu.pl\/wydzial\/wh\/wp-json\/wp\/v2\/pages\/5914"}],"collection":[{"href":"https:\/\/us.edu.pl\/wydzial\/wh\/wp-json\/wp\/v2\/pages"}],"about":[{"href":"https:\/\/us.edu.pl\/wydzial\/wh\/wp-json\/wp\/v2\/types\/page"}],"author":[{"embeddable":true,"href":"https:\/\/us.edu.pl\/wydzial\/wh\/wp-json\/wp\/v2\/users\/1"}],"replies":[{"embeddable":true,"href":"https:\/\/us.edu.pl\/wydzial\/wh\/wp-json\/wp\/v2\/comments?post=5914"}],"version-history":[{"count":10,"href":"https:\/\/us.edu.pl\/wydzial\/wh\/wp-json\/wp\/v2\/pages\/5914\/revisions"}],"predecessor-version":[{"id":196006,"href":"https:\/\/us.edu.pl\/wydzial\/wh\/wp-json\/wp\/v2\/pages\/5914\/revisions\/196006"}],"wp:attachment":[{"href":"https:\/\/us.edu.pl\/wydzial\/wh\/wp-json\/wp\/v2\/media?parent=5914"}],"curies":[{"name":"wp","href":"https:\/\/api.w.org\/{rel}","templated":true}]}}