{"id":6301,"date":"2020-11-23T10:10:16","date_gmt":"2020-11-23T09:10:16","guid":{"rendered":"https:\/\/us.edu.pl\/wydzial\/wh\/?page_id=6301"},"modified":"2023-09-19T15:30:12","modified_gmt":"2023-09-19T13:30:12","slug":"projekty-dydaktyczne","status":"publish","type":"page","link":"https:\/\/us.edu.pl\/wydzial\/wh\/kierunki-studiow\/filologia-germanska\/wspolpraca-z-otoczeniem\/projekty-dydaktyczne\/","title":{"rendered":"Projekty dydaktyczne"},"content":{"rendered":"<p>[vc_row][vc_column]\r\n                <div class=\"text-modules\">\r\n                    <div class=\"container\">\r\n                        \r\n                        <div class=\"text-modules__content\"><\/p>\n<h4>Projekt j\u0119zykowy DAAD &#8222;Niy ma ga\u0144ba gada\u0107&#8221;<\/h4>\n<p><a href=\"https:\/\/us.edu.pl\/wydzial\/wh\/wp-content\/uploads\/sites\/15\/2021\/10\/Niy-ma-ga\u0144ba-goda\u0107.pdf\" class=\"mtli_attachment mtli_pdf\" data-mtli=\"mtli_filesize388,24kB\" class=\"mtli_attachment mtli_pdf\" data-mtli=\"mtli_filesize388,24kB\">Niy ma ga\u0144ba goda\u0107<\/a><\/p>\n<style type=\"text\/css\">a[data-mtli~=\"mtli_filesize388,24kB\"]:after {content:\" (388,24 kB)\"}<\/style><\/div>\r\n                    <\/div>\r\n                <\/div>[\/vc_column][\/vc_row][vc_row][vc_column][vc_separator][\/vc_column][\/vc_row][vc_row][vc_column]\r\n                <div class=\"text-modules\">\r\n                    <div class=\"container\">\r\n                        \r\n                        <div class=\"text-modules__content\"><\/p>\n<h4>Fonetyka i fonologia j\u0119zyka niemieckiego<\/h4>\n<p>W semestrze zimowym roku akademickiego 2020\/2021 siedmioosobowa grupa student\u00f3w kierunku filologia germa\u0144ska Uniwersytetu \u015al\u0105skiego bierze udzia\u0142 w mi\u0119dzynarodowym kursie o nazwie \u201eFonetyka i fonologia j\u0119zyka niemieckiego\u201d opracowanego i prowadzonego dla student\u00f3w z Uniwersytetu w Rostowie przez dr Patrycj\u0119 M\u00fcller-Liu reprezentuj\u0105c\u0105 Uniwersytet w Saarbr\u00fccken. W ramach kursu przewidzianych jest 12 spotka\u0144, w czasie kt\u00f3rych studenci nabywaj\u0105 wiedz\u0119 z zakresu fonetyki i maj\u0105 mo\u017cliwo\u015b\u0107 wykonywania szeregu \u0107wicze\u0144 w celu nabycia kompetencji fonetycznej. Ze strony Uniwersytetu \u015al\u0105skiego student\u00f3w wspieraj\u0105 dydaktycznie i naukowo dr Agata Borek\u00a0 oraz dr Elisabeth Venohr, kt\u00f3ra koordynuje projekt tak\u017ce ze strony organizacji Deutscher Akademischer Austauschdienst.<\/p>\n<\/div>\r\n                    <\/div>\r\n                <\/div>[\/vc_column][\/vc_row]<\/p>\n<style type=\"text\/css\">a[data-mtli~=\"mtli_filesize388,24kB\"]:after {content:\" (388,24 kB)\"}<\/style>","protected":false},"excerpt":{"rendered":"<p>[vc_row][vc_column][\/vc_column][\/vc_row][vc_row][vc_column][vc_separator][\/vc_column][\/vc_row][vc_row][vc_column][\/vc_column][\/vc_row] [&#8230;]<\/p>\n<p><a class=\"btn btn-secondary understrap-read-more-link\" href=\"https:\/\/us.edu.pl\/wydzial\/wh\/kierunki-studiow\/filologia-germanska\/wspolpraca-z-otoczeniem\/projekty-dydaktyczne\/\">Read More&#8230;<\/a><\/p>\n","protected":false},"author":1,"featured_media":0,"parent":6298,"menu_order":0,"comment_status":"closed","ping_status":"closed","template":"page-templates\/page-with-bookmarks.php","meta":{"_expiration-date-status":"","_expiration-date":0,"_expiration-date-type":"","_expiration-date-categories":[],"_expiration-date-options":[]},"acf":[],"_links":{"self":[{"href":"https:\/\/us.edu.pl\/wydzial\/wh\/wp-json\/wp\/v2\/pages\/6301"}],"collection":[{"href":"https:\/\/us.edu.pl\/wydzial\/wh\/wp-json\/wp\/v2\/pages"}],"about":[{"href":"https:\/\/us.edu.pl\/wydzial\/wh\/wp-json\/wp\/v2\/types\/page"}],"author":[{"embeddable":true,"href":"https:\/\/us.edu.pl\/wydzial\/wh\/wp-json\/wp\/v2\/users\/1"}],"replies":[{"embeddable":true,"href":"https:\/\/us.edu.pl\/wydzial\/wh\/wp-json\/wp\/v2\/comments?post=6301"}],"version-history":[{"count":7,"href":"https:\/\/us.edu.pl\/wydzial\/wh\/wp-json\/wp\/v2\/pages\/6301\/revisions"}],"predecessor-version":[{"id":166666,"href":"https:\/\/us.edu.pl\/wydzial\/wh\/wp-json\/wp\/v2\/pages\/6301\/revisions\/166666"}],"up":[{"embeddable":true,"href":"https:\/\/us.edu.pl\/wydzial\/wh\/wp-json\/wp\/v2\/pages\/6298"}],"wp:attachment":[{"href":"https:\/\/us.edu.pl\/wydzial\/wh\/wp-json\/wp\/v2\/media?parent=6301"}],"curies":[{"name":"wp","href":"https:\/\/api.w.org\/{rel}","templated":true}]}}