{"id":6381,"date":"2020-11-26T14:16:19","date_gmt":"2020-11-26T13:16:19","guid":{"rendered":"https:\/\/us.edu.pl\/wydzial\/wh\/?page_id=6381"},"modified":"2025-09-16T10:58:44","modified_gmt":"2025-09-16T08:58:44","slug":"dyrekcja-kierunkow","status":"publish","type":"page","link":"https:\/\/us.edu.pl\/wydzial\/wh\/dyrekcja-kierunkow\/","title":{"rendered":"Dyrekcja kierunk\u00f3w"},"content":{"rendered":"<p>[vc_row][vc_column]\r\n                <div class=\"text-modules\">\r\n                    <div class=\"container\">\r\n                        <h3 class=\"page-title text__title\">Dyrekcja kierunk\u00f3w<\/h3>\r\n                        <div class=\"text-modules__content\"><p><span style=\"font-size: 18pt;\"><strong>Architektura informacji | informacja naukowa i bibliotekoznawstwo<\/strong><\/span><\/p>\n<p>&nbsp;<\/p>\n<p><strong>Dyrektor kierunku<\/strong><\/p>\n<p><strong>dr Karol Makles<br \/>\n<\/strong>e-mail:\u00a0<a href=\"mailto:karol.makles@us.edu.pl\">karol.makles@us.edu.pl<\/a><br \/>\ntel.: 32 2009 441<br \/>\nKatowice, ul. Uniwersytecka 4, pok. A2.20<\/p>\n<p>&nbsp;<\/p>\n<p><strong>Zast\u0119pca dyrektora kierunk\u00f3w<\/strong><\/p>\n<p><strong>dr Anna Matysek<\/strong><strong><br \/>\n<\/strong>e-mail:\u00a0<a href=\"mailto:anna.matysek@us.edu.pl\">anna.matysek@us.edu.pl<\/a><br \/>\nKatowice, ul. Uniwersytecka 4<\/p>\n<p>&nbsp;<\/p>\n<hr \/>\n<p><span style=\"font-size: 18pt;\"><strong>Kulturoznawstwo | kultury medi\u00f3w | historia sztuki<\/strong><\/span><\/p>\n<p>&nbsp;<\/p>\n<p><strong>Dyrektor kierunk\u00f3w<\/strong><\/p>\n<p><strong>dr hab. Magdalena Kempna-Pieni\u0105\u017cek, prof. U\u015a<br \/>\n<\/strong>e-mail:\u00a0<a href=\"mailto:magdalena.kempna@us.edu.pl\">magdalena.kempna@us.edu.pl<\/a><br \/>\ntel.: 32 2009 318<br \/>\nKatowice, ul. Uniwersytecka 4, pok. A2.19<\/p>\n<p>&nbsp;<\/p>\n<p><strong>Zast\u0119pcy dyrektora kierunk\u00f3w<\/strong><\/p>\n<p><strong>dr Julia Legomska<\/strong><strong><br \/>\n<\/strong>e-mail:\u00a0<a href=\"mailto:julia.legomska@us.edu.pl\">julia.legomska@us.edu.pl<\/a><br \/>\ntel.: 32 2009 318<br \/>\nKatowice, ul. Uniwersytecka 4, pok. A2.18<\/p>\n<p>&nbsp;<\/p>\n<p><strong>dr Marta Ostrowska-Bies<br \/>\n<\/strong>e-mail: <a href=\"mailto:marta.ostrowska-bies@us.edu.pl\">marta.ostrowska-bies@us.edu.pl<\/a><br \/>\ntel.: 32 359 17 74<br \/>\nKatowice, ul. Bankowa 11, pok. 26<\/p>\n<p>&nbsp;<\/p>\n<hr \/>\n<p><span style=\"font-size: 18pt;\"><strong>Mi\u0119dzynarodowe studia polskie | komunikacja mi\u0119dzykulturowa | komunikacja promocyjna i kryzysowa | logopedia | komunikacja cyfrowa<\/strong><\/span><\/p>\n<p>&nbsp;<\/p>\n<p><strong>Dyrektor kierunk\u00f3w<\/strong><\/p>\n<p><strong>dr Ewa Bi\u0142as-Pleszak, prof. U\u015a<br \/>\n<\/strong>e-mail: <a href=\"mailto:ewa.bilas-pleszak@us.edu.pl\">ewa.bilas-pleszak@us.edu.pl<\/a>; <a href=\"mailto:ewa.bilas@wp.pl\">ewa.bilas@wp.pl<\/a><br \/>\ntel.: 32 2009 513, 32 2009 512<br \/>\nKatowice, ul. Uniwersytecka 4, pok. A4.10<\/p>\n<p>&nbsp;<\/p>\n<p><strong>Zast\u0119pcy dyrektora kierunk\u00f3w<\/strong><\/p>\n<p><strong>dr Wioletta Hajduk-Gawron<br \/>\n<\/strong>e-mail: <a href=\"mailto:wioletta.hajduk-gawron@us.edu.pl\">wioletta.hajduk-gawron@us.edu.pl<\/a><br \/>\nKatowice, ul. Uniwersytecka 4, pok. A4.9<\/p>\n<p>&nbsp;<\/p>\n<p><strong>dr Wioletta Wilczek<br \/>\n<\/strong>e-mail: <a href=\"mailto:wioletta.wilczek@us.edu.pl\">wioletta.wilczek@us.edu.pl<\/a><br \/>\ntel.: 32 2009 513, 32 2009 512<br \/>\nKatowice, ul. Uniwersytecka 4, pok. A4.9<\/p>\n<p>&nbsp;<\/p>\n<hr \/>\n<p><span style=\"font-size: 18pt;\"><strong>Filologia polska<\/strong><\/span><\/p>\n<p>&nbsp;<\/p>\n<p><strong>Dyrektor kierunku<br \/>\n<\/strong><\/p>\n<p><strong>dr hab. Tomasz Bielak<\/strong><br \/>\ne-mail: <a href=\"mailto:tomasz.bielak@us.edu.pl\">tomasz.bielak@us.edu.pl<\/a><br \/>\nKatowice, ul. Uniwersytecka 4, pok. A2.7<\/p>\n<p>&nbsp;<\/p>\n<p><strong>Zast\u0119pca dyrektora kierunku<br \/>\n<\/strong><\/p>\n<p><strong>dr Kinga W\u0105si\u0144ska<\/strong><strong><br \/>\n<\/strong>e-mail:\u00a0<a href=\"mailto:kinga.wasinska@us.edu.pl\">kinga.wasinska@us.edu.pl<\/a><br \/>\nKatowice, ul. Uniwersytecka 4, pok. A2.7<\/p>\n<p>&nbsp;<\/p>\n<hr \/>\n<p><span style=\"font-size: 14pt;\"><strong><span style=\"font-size: 18pt;\">Sztuka pisania | tw\u00f3rcze pisanie i marketing wydawniczy | mediteranistyka | filologia klasyczna | interdyscyplinarne studia humanistyczne nad \u015brodowiskiem<\/span><\/strong><\/span><\/p>\n<p>&nbsp;<\/p>\n<p><strong>Dyrektor kierunk\u00f3w<br \/>\n<\/strong><\/p>\n<p><strong>dr hab. Grzegorz Olsza\u0144ski, prof. U\u015a<br \/>\n<\/strong>e-mail:\u00a0<a href=\"mailto:grzegorz.olszanski@us.edu.pl\">grzegorz.olszanski@us.edu.pl<\/a><br \/>\nKatowice, ul. Uniwersytecka 4, pok. A2.8<\/p>\n<p>&nbsp;<\/p>\n<p><strong>Zast\u0119pcy dyrektora kierunk\u00f3w<\/strong><\/p>\n<p><strong>dr Agata Sowi\u0144ska<br \/>\n<\/strong>e-mail:\u00a0<a href=\"mailto:agata.sowinska@us.edu.pl\">agata.sowinska@us.edu.pl<\/a><br \/>\nKatowice, ul. Uniwersytecka 4, pok. A2.6<\/p>\n<p>&nbsp;<\/p>\n<p><strong>dr Miko\u0142aj Marcela<br \/>\n<\/strong>e-mail:\u00a0<a href=\"mailto:mikolaj.marcela@us.edu.pl\">mikolaj.marcela@us.edu.pl<\/a><br \/>\nKatowice, ul. Uniwersytecka 4, pok. A2.6<\/p>\n<p>&nbsp;<\/p>\n<hr \/>\n<p>&nbsp;<\/p>\n<p><span style=\"font-size: 18pt;\"><strong>Filozofia | kognitywistyka | doradztwo filozoficzne i coaching<\/strong><\/span><\/p>\n<p>&nbsp;<\/p>\n<p><strong>Dyrektor kierunk\u00f3w<\/strong><\/p>\n<p><strong>dr Mariola Su\u0142kowska-Janowska, prof. U\u015a<br \/>\n<\/strong>e-mail: <a href=\"mailto:mariola.sulkowska@us.edu.pl\">mariola.sulkowska@us.edu.pl<\/a><br \/>\ntel.: 32 359 23 78<br \/>\nKatowice, ul. Bankowa 11, pok. 318B<\/p>\n<p>&nbsp;<\/p>\n<p><strong>Zast\u0119pcy dyrektora kierunk\u00f3w<\/strong><\/p>\n<p><strong>dr Agnieszka Woszczyk, prof. U\u015a<br \/>\n<\/strong>e-mail: <a href=\"mailto:agnieszka.woszczyk@us.edu.pl\">agnieszka.woszczyk@us.edu.pl<\/a><br \/>\nKatowice, ul. Bankowa 11, pok. 318B<\/p>\n<p>&nbsp;<\/p>\n<p><strong>dr Maciej Stanek<br \/>\n<\/strong>e-mail: <a href=\"mailto:maciej.stanek@us.edu.pl\">maciej.stanek@us.edu.pl<\/a><br \/>\ntel.: 32 359 11 83<br \/>\nKatowice, ul. Bankowa 11, pok. 317<\/p>\n<p>&nbsp;<\/p>\n<hr \/>\n<p><span style=\"font-size: 18pt;\"><strong>Historia| \u015brodkowoeuropejskie studia historyczne | turystyka historyczna<\/strong><\/span><\/p>\n<p>&nbsp;<\/p>\n<p><strong>Dyrektor kierunk\u00f3w<\/strong><\/p>\n<p><strong>dr Pawe\u0142 Duda<br \/>\n<\/strong>e-mail: <a href=\"mailto:pawel.duda@us.edu.pl\">pawel.duda@us.edu.pl<\/a><br \/>\ntel.: 32 359 11 37<br \/>\nKatowice, ul. Bankowa 11, pok. 125<\/p>\n<p>&nbsp;<\/p>\n<p><strong>Zast\u0119pca dyrektora kierunk\u00f3w<\/strong><\/p>\n<p><strong>dr Dominika Rychel-Mantur<br \/>\n<\/strong>e-mail: <a href=\"mailto:dominika.mantur@us.edu.pl\">dominika.mantur@us.edu.pl<\/a><br \/>\ntel.: 32 359 11 37<br \/>\nKatowice, ul. Bankowa 11, pok. 125<\/p>\n<p>&nbsp;<\/p>\n<hr \/>\n<p><span style=\"font-size: 18pt;\"><strong>Filologia roma\u0144ska | filologia francuska | filologia hiszpa\u0144ska | filologia w\u0142oska<\/strong><\/span><\/p>\n<p>&nbsp;<\/p>\n<p><strong>Dyrektor kierunku<\/strong><\/p>\n<p><strong>dr hab. Andrzej Rabsztyn, prof. U\u015a<br \/>\n<\/strong>e-mail: <a href=\"mailto:andrzej.rabsztyn@us.edu.pl\">andrzej.rabsztyn@us.edu.pl<\/a><br \/>\nSosnowiec, ul. Grota-Roweckiego 5, pok. 4.17<\/p>\n<p>&nbsp;<\/p>\n<p><strong>Zast\u0119pcy dyrektora kierunku<\/strong><\/p>\n<p><strong>dr Ewelina Szymoniak<br \/>\n<\/strong>e-mail:\u00a0<a href=\"mailto:ewelina.szymoniak@us.edu.pl\">ewelina.szymoniak@us.edu.pl<\/a><br \/>\nSosnowiec, ul. Grota-Roweckiego 5, pok. 4.19<\/p>\n<p>&nbsp;<\/p>\n<p><strong>dr Ryszard Wylecio\u0142<br \/>\n<\/strong>e-mail: <a href=\"mailto:ryszard.wyleciol@us.edu.pl\">ryszard.wyleciol@us.edu.pl<\/a><br \/>\nSosnowiec, ul. Grota-Roweckiego 5, pok. 4.19<\/p>\n<p>&nbsp;<\/p>\n<hr \/>\n<p><span style=\"font-size: 18pt;\"><strong>Filologia <\/strong><strong>germa\u0144ska<\/strong><\/span><\/p>\n<p>&nbsp;<\/p>\n<p><strong>Dyrektor kierunku<\/strong><\/p>\n<p><strong>dr hab. Zbigniew Feliszewski, prof. U\u015a<br \/>\n<\/strong>e-mail:\u00a0<a href=\"mailto:zbigniew.feliszewski@us.edu.pl\">zbigniew.feliszewski@us.edu.pl<\/a><br \/>\ntel.: 32 364 09 16<br \/>\nSosnowiec, ul. Grota-Roweckiego 5, pok. 4.30<\/p>\n<p>&nbsp;<\/p>\n<p><strong>Zast\u0119pczyni dyrektora kierunku<\/strong><\/p>\n<p><strong>dr hab. Gra\u017cyna Krupi\u0144ska<br \/>\n<\/strong><\/p>\n<p>e-mail: <a href=\"mailto:grazyna.krupinska@us.edu.pl\">grazyna.krupinska@us.edu.pl<\/a><br \/>\nSosnowiec, ul. Grota-Roweckiego 5, pok. 4.14<\/p>\n<p>&nbsp;<\/p>\n<hr \/>\n<p><span style=\"font-size: 18pt;\"><strong>Filologia wschodnios\u0142owia\u0144ska | filologia s\u0142owia\u0144ska | filologia rosyjska<\/strong><\/span><\/p>\n<p>&nbsp;<\/p>\n<p><strong>Dyrektor kierunk\u00f3w<\/strong><\/p>\n<p><strong>dr hab. Miros\u0142awa Michalska-Suchanek, prof. U\u015a<br \/>\n<\/strong>e-mail:\u00a0<a href=\"mailto:miroslawa.michalska-suchanek@us.edu.pl\">miroslawa.michalska-suchanek@us.edu.pl<\/a><br \/>\ntel.: 32 364 08 43<br \/>\nSosnowiec, ul. Grota-Roweckiego 5, pok. 4.27<\/p>\n<p>&nbsp;<\/p>\n<p><strong>Zast\u0119pcy dyrektora kierunk\u00f3w<\/strong><\/p>\n<p><strong>dr Monika Gawlak<br \/>\n<\/strong>e-mail:\u00a0<u><a href=\"mailto:monika.gawlak@us.edu.pl\">monika.gawlak@us.edu.pl<\/a><\/u><br \/>\nSosnowiec, ul. Grota-Roweckiego 5, pok. 4.29<\/p>\n<p>&nbsp;<\/p>\n<p><strong>dr Lidia Mi\u0119sowska, prof. U\u015a<br \/>\n<\/strong>e-mail:<a href=\"mailto:lidia.miesowska@us.edu.pl\">\u00a0lidia.miesowska@us.edu.pl<\/a><br \/>\ntel.: 32 364 08 43<br \/>\nSosnowiec, ul. Grota-Roweckiego 5, pok. 4.29<\/p>\n<p>&nbsp;<\/p>\n<hr \/>\n<p><span style=\"font-size: 18pt;\"><strong>Filologia angielska<\/strong><\/span><\/p>\n<p>&nbsp;<\/p>\n<p><strong>Dyrektor Kierunku<\/strong><\/p>\n<p><strong>dr Marcin Sarnek<br \/>\n<\/strong>e-mail: <a href=\"mailto:marcin.sarnek@us.edu.pl\">marcin.sarnek@us.edu.pl<\/a><br \/>\nSosnowiec, ul. Grota-Roweckiego 5, pok. \/ room 4.59<\/p>\n<p>&nbsp;<\/p>\n<p><strong>Zast\u0119pcy dyrektora kierunku<\/strong><\/p>\n<p><strong>dr Magdalena Bednorz<br \/>\n<\/strong>email:\u00a0<a href=\"mailto:magdalena.bednorz@us.edu.pl\">magdalena.bednorz@us.edu.pl<\/a><br \/>\nSosnowiec, ul. Grota-Roweckiego 5, pok. \/ room 4.57<\/p>\n<p>&nbsp;<\/p>\n<p><strong>dr hab. Iwona Dronia, prof. U\u015a<br \/>\n<\/strong>email: iwona.dronia@us.edu.pl<br \/>\nSosnowiec, ul. Grota-Roweckiego 5, pok. \/ room 4.57<\/p>\n<p>&nbsp;<\/p>\n<hr \/>\n<p><span style=\"font-size: 18pt;\"><strong>Filologia angielska: kultura-media-translacja| filologia angielska: projektowanie rozrywki interaktywnej i groznawstwo (SPRINT-WRITE) | English Studies: Literature and Culture <\/strong><\/span><\/p>\n<p>&nbsp;<\/p>\n<p><strong>Dyrektor Kierunk\u00f3w<\/strong><\/p>\n<p><strong>dr Marcin Sarnek<\/strong><strong><br \/>\n<\/strong>e-mail:\u00a0<a href=\"mailto:marcin.sarnek@us.edu.pl\">marcin.sarnek@us.edu.pl<\/a><br \/>\nSosnowiec, ul. Grota-Roweckiego 5, pok. \/ room 4.59<\/p>\n<p>&nbsp;<\/p>\n<p><strong>Zast\u0119pca dyrektora kierunk\u00f3w<\/strong><\/p>\n<p><strong>dr Magdalena Bednorz<\/strong><strong><br \/>\n<\/strong>email:\u00a0<a href=\"mailto:magdalena.bednorz@us.edu.pl\">magdalena.bednorz@us.edu.pl<\/a><br \/>\nSosnowiec, ul. Grota-Roweckiego 5, pok. \/ room 4.57<\/p>\n<p>&nbsp;<\/p>\n<hr \/>\n<p><span style=\"font-size: 18pt;\"><strong>Lingwistyka stosowana | koreanistyka<\/strong><\/span><\/p>\n<p>&nbsp;<\/p>\n<p><strong>Dyrektor Kierunku<\/strong><\/p>\n<p><strong>dr Pawe\u0142 Zakrajewski<br \/>\n<\/strong>e-mail:\u00a0<a href=\"mailto:pawel.zakrajewski@us.edu.pl\">pawel.zakrajewski@us.edu.pl<\/a><br \/>\nSosnowiec, ul. Grota-Roweckiego 5, pok. \/ room 4.32<\/p>\n<p>&nbsp;<\/p>\n<p><strong>Zast\u0119pcy dyrektora kierunku<\/strong><\/p>\n<p><strong>dr Anna Majer<br \/>\n<\/strong>email: <a href=\"mailto:anna.majer@us.edu.pl\">anna.majer@us.edu.pl<\/a><br \/>\nSosnowiec, ul. Grota-Roweckiego 5, pok. \/ room 4.14<\/p>\n<p><strong>dr hab. Ma\u0142gorzata P\u0142omi\u0144ska<\/strong><strong><br \/>\n<\/strong>email:\u00a0<a href=\"mailto:malgorzata.plominska@us.edu.pl\">malgorzata.plominska@us.edu.pl<\/a><br \/>\nSosnowiec, ul. Grota-Roweckiego 5, pok. \/ room 3.31<\/p>\n<\/div>\r\n                    <\/div>\r\n                <\/div>[\/vc_column][\/vc_row]<\/p>","protected":false},"excerpt":{"rendered":"<p>[vc_row][vc_column][\/vc_column][\/vc_row] [&#8230;]<\/p>\n<p><a class=\"btn btn-secondary understrap-read-more-link\" href=\"https:\/\/us.edu.pl\/wydzial\/wh\/dyrekcja-kierunkow\/\">Read More&#8230;<\/a><\/p>\n","protected":false},"author":2430,"featured_media":0,"parent":0,"menu_order":0,"comment_status":"closed","ping_status":"closed","template":"","meta":{"_expiration-date-status":"","_expiration-date":0,"_expiration-date-type":"","_expiration-date-categories":[],"_expiration-date-options":[]},"acf":[],"_links":{"self":[{"href":"https:\/\/us.edu.pl\/wydzial\/wh\/wp-json\/wp\/v2\/pages\/6381"}],"collection":[{"href":"https:\/\/us.edu.pl\/wydzial\/wh\/wp-json\/wp\/v2\/pages"}],"about":[{"href":"https:\/\/us.edu.pl\/wydzial\/wh\/wp-json\/wp\/v2\/types\/page"}],"author":[{"embeddable":true,"href":"https:\/\/us.edu.pl\/wydzial\/wh\/wp-json\/wp\/v2\/users\/2430"}],"replies":[{"embeddable":true,"href":"https:\/\/us.edu.pl\/wydzial\/wh\/wp-json\/wp\/v2\/comments?post=6381"}],"version-history":[{"count":11,"href":"https:\/\/us.edu.pl\/wydzial\/wh\/wp-json\/wp\/v2\/pages\/6381\/revisions"}],"predecessor-version":[{"id":191867,"href":"https:\/\/us.edu.pl\/wydzial\/wh\/wp-json\/wp\/v2\/pages\/6381\/revisions\/191867"}],"wp:attachment":[{"href":"https:\/\/us.edu.pl\/wydzial\/wh\/wp-json\/wp\/v2\/media?parent=6381"}],"curies":[{"name":"wp","href":"https:\/\/api.w.org\/{rel}","templated":true}]}}