{"id":6383,"date":"2020-11-26T12:12:53","date_gmt":"2020-11-26T11:12:53","guid":{"rendered":"https:\/\/us.edu.pl\/wydzial\/wh\/?page_id=6383"},"modified":"2026-03-16T11:03:02","modified_gmt":"2026-03-16T10:03:02","slug":"wydzialowa-komisja-ds-ksztalcenia-i-studentow","status":"publish","type":"page","link":"https:\/\/us.edu.pl\/wydzial\/wh\/wydzialowa-komisja-ds-ksztalcenia-i-studentow\/","title":{"rendered":"Wydzia\u0142owa Komisja ds. kszta\u0142cenia i student\u00f3w"},"content":{"rendered":"<p>[vc_row el_class=&#8221;container&#8221;][vc_column]\r\n                <div class=\"tiles-section\" style=\"background: \">\r\n                    <div class=\"container\">\r\n                        <h3 class=\"page-title\">Wydzia\u0142owa Komisja ds. kszta\u0142cenia i student\u00f3w<\/h3>\r\n                        <div class=\"tiles tiles-4\">\r\n                            <a href=\"https:\/\/us.edu.pl\/wydzial\/wh\/wydzialowa-komisja-ds-ksztalcenia-i-studentow\/wydzialowa-strategia-ksztalcenia\/\" class=\"tile tile_ justify-content-center\" style=\"background-color: #002E5A; font-weight: ; color: #ffffff;  \">\r\n                                \r\n                                   \r\n                               \r\n                                <div class=\"tile__name\">Wydzia\u0142owa strategia kszta\u0142cenia<\/div>\r\n                            <\/a>\r\n                            <a href=\"https:\/\/us.edu.pl\/wydzial\/wh\/wydzialowa-komisja-ds-ksztalcenia-i-studentow\/sklad\/\" class=\"tile tile_ justify-content-center\" style=\"background-color: #002E5A; font-weight: ; color: #ffffff;  \">\r\n                                \r\n                                   \r\n                               \r\n                                <div class=\"tile__name\">Sk\u0142ad Wydzia\u0142owej Komisji ds. kszta\u0142cenia i student\u00f3w<\/div>\r\n                            <\/a>\r\n                            <a href=\"https:\/\/us.edu.pl\/wydzial\/wh\/wydzialowa-komisja-ds-ksztalcenia-i-studentow\/materialy-na-posiedzenia\/\" class=\"tile tile_ justify-content-center\" style=\"background-color: #002E5A; font-weight: ; color: #ffffff;  \">\r\n                                \r\n                                   \r\n                               \r\n                                <div class=\"tile__name\">Materia\u0142y na posiedzenia<\/div>\r\n                            <\/a>\r\n                            <a href=\"https:\/\/us.edu.pl\/wydzial\/wh\/wydzialowa-komisja-ds-ksztalcenia-i-studentow\/uchwaly-komisji\/\" class=\"tile tile_ justify-content-center\" style=\"background-color: #002E5A; font-weight: ; color: #ffffff;  \">\r\n                                \r\n                                   \r\n                               \r\n                                <div class=\"tile__name\">Uchwa\u0142y Komisji<\/div>\r\n                            <\/a><\/div>\r\n                    <\/div>\r\n                <\/div>[vc_tta_accordion][vc_tta_section title=&#8221;Terminy posiedze\u0144 w roku akademickim 2025\/2026&#8243; tab_id=&#8221;1729503513433-d9aa21fb-0815&#8243;]\r\n                <div class=\"text-modules\">\r\n                    <div class=\"container\">\r\n                        \r\n                        <div class=\"text-modules__content\"><p>W roku akademickim 2025\/2026 wszystkie posiedzenia planuje si\u0119<strong> w sali im. Zbigniewa Jerzego Nowaka\u00a0 B.1.18\u00a0 <\/strong>przy ul. Uniwersyteckiej 4 w Katowicach w nast\u0119puj\u0105cych terminach:<\/p>\n<ul>\n<li><strong>6.11.2025 r.\u00a0<\/strong>godz. 14.00<\/li>\n<li><strong>26.03.2026 r.<\/strong> godz. 15:00<\/li>\n<\/ul>\n<p>\n<\/div>\r\n                    <\/div>\r\n                <\/div>[\/vc_tta_section][\/vc_tta_accordion][\/vc_column][\/vc_row]<\/p>","protected":false},"excerpt":{"rendered":"<p>[vc_row el_class=&#8221;container&#8221;][vc_column][vc_tta_accordion][vc_tta_section title=&#8221;Terminy posiedze\u0144 w roku akademickim 2025\/2026&#8243; tab_id=&#8221;1729503513433-d9aa21fb-0815&#8243;][\/vc_tta_section][\/vc_tta_accordion][\/vc_column][\/vc_row] [&#8230;]<\/p>\n<p><a class=\"btn btn-secondary understrap-read-more-link\" href=\"https:\/\/us.edu.pl\/wydzial\/wh\/wydzialowa-komisja-ds-ksztalcenia-i-studentow\/\">Read More&#8230;<\/a><\/p>\n","protected":false},"author":2429,"featured_media":0,"parent":0,"menu_order":0,"comment_status":"closed","ping_status":"closed","template":"","meta":{"_expiration-date-status":"","_expiration-date":0,"_expiration-date-type":"","_expiration-date-categories":[],"_expiration-date-options":[]},"acf":[],"_links":{"self":[{"href":"https:\/\/us.edu.pl\/wydzial\/wh\/wp-json\/wp\/v2\/pages\/6383"}],"collection":[{"href":"https:\/\/us.edu.pl\/wydzial\/wh\/wp-json\/wp\/v2\/pages"}],"about":[{"href":"https:\/\/us.edu.pl\/wydzial\/wh\/wp-json\/wp\/v2\/types\/page"}],"author":[{"embeddable":true,"href":"https:\/\/us.edu.pl\/wydzial\/wh\/wp-json\/wp\/v2\/users\/2429"}],"replies":[{"embeddable":true,"href":"https:\/\/us.edu.pl\/wydzial\/wh\/wp-json\/wp\/v2\/comments?post=6383"}],"version-history":[{"count":10,"href":"https:\/\/us.edu.pl\/wydzial\/wh\/wp-json\/wp\/v2\/pages\/6383\/revisions"}],"predecessor-version":[{"id":196460,"href":"https:\/\/us.edu.pl\/wydzial\/wh\/wp-json\/wp\/v2\/pages\/6383\/revisions\/196460"}],"wp:attachment":[{"href":"https:\/\/us.edu.pl\/wydzial\/wh\/wp-json\/wp\/v2\/media?parent=6383"}],"curies":[{"name":"wp","href":"https:\/\/api.w.org\/{rel}","templated":true}]}}