{"id":6386,"date":"2020-11-26T12:36:44","date_gmt":"2020-11-26T11:36:44","guid":{"rendered":"https:\/\/us.edu.pl\/wydzial\/wh\/?page_id=6386"},"modified":"2025-12-15T13:24:04","modified_gmt":"2025-12-15T12:24:04","slug":"kolegium-wydzialu-humanistycznego","status":"publish","type":"page","link":"https:\/\/us.edu.pl\/wydzial\/wh\/kolegium-wydzialu-humanistycznego\/","title":{"rendered":"Kolegium Wydzia\u0142u Humanistycznego"},"content":{"rendered":"<p>[vc_row el_class=&#8221;container&#8221;][vc_column]\r\n                <div class=\"text-modules \">\r\n                    <div class=\"container\">\r\n                        <h3 class=\"section-title section-title_border-bottom\">Terminarz posiedze\u0144 Kolegium Wydzia\u0142u Humanistycznego w roku akad. 2025\/2026<\/h3> \r\n                        <div class=\"row m-0\">\r\n                            <div class=\"text-modules__content\">\r\n                                W roku akademickim 2025\/2026 wszystkie posiedzenia planuje si\u0119 <strong>na czwartki w Sali im. Zbigniewa Jerzego Nowaka <\/strong>przy ul. Uniwersyteckiej 4 w Katowicach w nast\u0119puj\u0105cych terminach:<\/p>\n<ul>\n<li><strong>25.09.2025 r. <\/strong>godz. 12:00<\/li>\n<li><strong>30.10.2025 r. <\/strong>godz. 12:00<\/li>\n<li><strong>20.11.2025 r. <\/strong>godz. 12:00 &#8211; <strong><span style=\"color: #ff0000;\">posiedzenie odwo\u0142ane<\/span><\/strong><\/li>\n<li><strong>29.01.2026 r. <\/strong>godz. 12:00<\/li>\n<li><strong>26.03.2026 r. <\/strong>godz. 12:00<\/li>\n<li><strong>23.04.2026 r. <\/strong>godz. 12:00<\/li>\n<li><strong>28.05.2026 r. <\/strong>godz. 12:00<\/li>\n<li><strong>25.06. 2026 r. <\/strong>godz. 12:00<\/li>\n<\/ul>\n<div class=\"mt-3\"><\/div>\r\n                            <\/div>\r\n                            \r\n                            \r\n                        <\/div>\r\n                    <\/div>\r\n                <\/div>[\/vc_column][\/vc_row][vc_row el_class=&#8221;container&#8221;][vc_column width=&#8221;2\/3&#8243;]\r\n                <div class=\"text-modules \">\r\n                    <div class=\"container\">\r\n                        <h3 class=\"section-title section-title_border-bottom\">Sk\u0142ad Kolegium Wydzia\u0142u Humanistycznego 2024-2028<\/h3> \r\n                        <div class=\"row m-0\">\r\n                            <div class=\"text-modules__content\">\r\n                                <strong>prof. dr hab. Adam Dziadek<\/strong>\u00a0\u2013 Dziekan Wydzia\u0142u, Przewodnicz\u0105cy Kolegium<\/p>\n<p><strong>dr hab. Tomasz Bielak<\/strong> \u2013 Dyrektor kierunku: filologia polska<\/p>\n<p><strong>dr Ewa Bi\u0142as-Pleszak, prof. U\u015a \u2013\u00a0<\/strong>Dyrektor kierunk\u00f3w: komunikacja promocyjna i kryzysowa, logopedia, mi\u0119dzynarodowe studia polskie, komunikacja cyfrowa, komunikacja mi\u0119dzykulturowa<\/p>\n<p><strong>prof. dr hab. Renata Dampc-Jarosz<\/strong> \u2013 Prodziekan ds. Studenckich i Kszta\u0142cenia (Sosnowiec)<\/p>\n<p><strong>dr Pawe\u0142 Duda<\/strong> \u2013 Dyrektor kierunk\u00f3w: historia, \u015brodkowoeuropejskie studia historyczne, turystyka historyczna<\/p>\n<p><strong>prof. dr hab. Leszek Drong<\/strong>\u00a0\u2013 Prodziekan ds. Bada\u0144 Naukowych<\/p>\n<p><strong>dr hab. Zbigniew Feliszewski<\/strong><strong>, prof. U\u015a<\/strong> \u2013 Dyrektor kierunku: filologia germa\u0144ska<\/p>\n<p><strong>dr hab. Beata Gontarz, prof. U\u015a<\/strong>\u00a0\u2013 Dyrektor Instytutu Nauk o Kulturze<\/p>\n<p><strong>dr hab. Anna Ka\u0142u\u017ca, prof. U\u015a<\/strong> \u2013 Prodziekan ds. Studenckich i Kszta\u0142cenia (Katowice)<\/p>\n<p><strong>dr hab. Magdalena Kempna-Pieni\u0105\u017cek, prof. U\u015a \u2013\u00a0<\/strong>Dyrektor kierunk\u00f3w: kulturoznawstwo, kultury medi\u00f3w, historia sztuki<\/p>\n<p><strong>prof. dr hab. Dariusz Kubok<\/strong>\u00a0\u2013 Dyrektor Instytutu Filozofii<\/p>\n<p><strong>dr hab. Jan Kucharski, prof. U\u015a<\/strong>\u00a0\u2013 Dyrektor Instytutu Literaturoznawstwa<\/p>\n<p><strong>dr Karol Makles<\/strong> \u2013 Dyrektor kierunk\u00f3w: architektura informacji, informacja naukowa i bibliotekoznawstwo<\/p>\n<p><strong>dr hab. Miros\u0142awa Michalska-Suchanek, prof. U\u015a<\/strong> \u2013 Dyrektor kierunk\u00f3w: filologia rosyjska, filologia s\u0142owia\u0144ska, filologia wschodnios\u0142owia\u0144ska<\/p>\n<p><strong>dr hab. Bogumi\u0142a Mika, prof. U\u015a<\/strong>\u00a0\u2013 Dyrektor Instytutu Nauk o Sztuce<\/p>\n<p><strong>dr hab. Grzegorz Olsza\u0144ski, prof. U\u015a<\/strong> \u2013 Dyrektor kierunk\u00f3w: filologia klasyczna, mediterranistyka, sztuka pisania, tw\u00f3rcze pisanie i marketing wydawniczy, interdyscyplinarne studia humanistyczne nad \u015brodowiskiem<\/p>\n<p><strong>prof. dr hab. Dariusz Pawelec<\/strong> \u2013 Dyrektor Instytutu Polonistyki<\/p>\n<p><strong>dr hab. Andrzej Rabsztyn, prof. U\u015a<\/strong> \u2013 Dyrektor kierunku: filologia roma\u0144ska<\/p>\n<p><strong>dr hab. Lucyna Sadzikowska, prof. U\u015a<\/strong>\u00a0\u2013 Prodziekan ds. Rozwoju<\/p>\n<p><strong>dr Marcin Sarnek<\/strong> \u2013 Dyrektor kierunk\u00f3w: filologia angielska, filologia angielska: Kultura \u2013 Media \u2013 Translacja, filologia angielska: Projektowanie rozrywki interaktywnej i groznawstwo (SPRINT-WRITE), English Studies: Literature and Culture.<\/p>\n<p><strong>mgr Teresa Sojka<\/strong>\u00a0\u2013 Kierownik Organizacyjny Wydzia\u0142u<\/p>\n<p><strong>prof. dr hab. Jerzy Sperka<\/strong>\u00a0\u2013 Dyrektor Instytutu Historii<\/p>\n<p><strong>dr Mariola Su\u0142kowska-Janowska, prof. U\u015a<\/strong> \u2013 Dyrektor kierunk\u00f3w: filozofia, kognitywistyka, doradztwo filozoficzne i coaching<\/p>\n<p><strong>dr hab. Adam Wojtaszek, prof. U\u015a<\/strong>\u00a0\u2013 Dyrektor Instytutu J\u0119zykoznawstwa<\/p>\n<p><strong>dr Pawe\u0142 Zakrajewski, prof. U\u015a <\/strong>\u2013 Dyrektor grupy kierunk\u00f3w studi\u00f3w: lingwistyka stosowana, koreanistyka. \r\n                                <div class=\"mt-3\"><\/div>\r\n                            <\/div>\r\n                            \r\n                            \r\n                        <\/div>\r\n                    <\/div>\r\n                <\/div>[\/vc_column][vc_column width=&#8221;1\/3&#8243;][\/vc_column][\/vc_row]<\/p>","protected":false},"excerpt":{"rendered":"<p>[vc_row el_class=&#8221;container&#8221;][vc_column][\/vc_column][\/vc_row][vc_row el_class=&#8221;container&#8221;][vc_column width=&#8221;2\/3&#8243;][\/vc_column][vc_column width=&#8221;1\/3&#8243;][\/vc_column][\/vc_row] [&#8230;]<\/p>\n<p><a class=\"btn btn-secondary understrap-read-more-link\" href=\"https:\/\/us.edu.pl\/wydzial\/wh\/kolegium-wydzialu-humanistycznego\/\">Read More&#8230;<\/a><\/p>\n","protected":false},"author":2429,"featured_media":0,"parent":0,"menu_order":0,"comment_status":"closed","ping_status":"closed","template":"","meta":{"_expiration-date-status":"","_expiration-date":0,"_expiration-date-type":"","_expiration-date-categories":[],"_expiration-date-options":[]},"acf":[],"_links":{"self":[{"href":"https:\/\/us.edu.pl\/wydzial\/wh\/wp-json\/wp\/v2\/pages\/6386"}],"collection":[{"href":"https:\/\/us.edu.pl\/wydzial\/wh\/wp-json\/wp\/v2\/pages"}],"about":[{"href":"https:\/\/us.edu.pl\/wydzial\/wh\/wp-json\/wp\/v2\/types\/page"}],"author":[{"embeddable":true,"href":"https:\/\/us.edu.pl\/wydzial\/wh\/wp-json\/wp\/v2\/users\/2429"}],"replies":[{"embeddable":true,"href":"https:\/\/us.edu.pl\/wydzial\/wh\/wp-json\/wp\/v2\/comments?post=6386"}],"version-history":[{"count":10,"href":"https:\/\/us.edu.pl\/wydzial\/wh\/wp-json\/wp\/v2\/pages\/6386\/revisions"}],"predecessor-version":[{"id":194229,"href":"https:\/\/us.edu.pl\/wydzial\/wh\/wp-json\/wp\/v2\/pages\/6386\/revisions\/194229"}],"wp:attachment":[{"href":"https:\/\/us.edu.pl\/wydzial\/wh\/wp-json\/wp\/v2\/media?parent=6386"}],"curies":[{"name":"wp","href":"https:\/\/api.w.org\/{rel}","templated":true}]}}