{"id":6441,"date":"2020-11-27T12:13:45","date_gmt":"2020-11-27T11:13:45","guid":{"rendered":"https:\/\/us.edu.pl\/wydzial\/wh\/?page_id=6441"},"modified":"2025-03-21T13:09:52","modified_gmt":"2025-03-21T12:09:52","slug":"dyrekcja-instytutow","status":"publish","type":"page","link":"https:\/\/us.edu.pl\/wydzial\/wh\/dyrekcja-instytutow\/","title":{"rendered":"Dyrekcja instytut\u00f3w"},"content":{"rendered":"<p>[vc_row][vc_column]\r\n                <div class=\"text-modules\">\r\n                    <div class=\"container\">\r\n                        \r\n                        <div class=\"text-modules__content\"><\/p>\n<h4>Instytut Filozofii<\/h4>\n<p>&nbsp;<\/p>\n<div>\n<p><strong>Dyrektor Instytutu <\/strong><\/p>\n<p>dr hab. Dariusz Kubok, prof. U\u015a<br \/>\ne-mail: <a href=\"mailto:dariusz.kubok@us.edu.pl\">dariusz.kubok@us.edu.pl<\/a><\/p>\n<p><strong>Zast\u0119pca Dyrektora Instytutu<\/strong><\/p>\n<p>dr hab. Tomasz Kubalica, prof. U\u015a<br \/>\ne-mail: <a href=\"mailto:tomasz.kubalica@us.edu.pl\">tomasz.kubalica@us.edu.pl<\/a><\/p>\n<p>&nbsp;<\/p>\n<hr \/>\n<h4>Instytut Historii<\/h4>\n<p>&nbsp;<\/p>\n<\/div>\n<div>\n<p><strong>Dyrektor Instytutu<\/strong><\/p>\n<p>prof. dr hab. Jerzy Sperka<br \/>\ne-mail: <a href=\"jerzy.sperka@us.edu.pl\">jerzy.sperka@us.edu.pl<\/a><\/p>\n<p><strong>Zast\u0119pca Dyrektora Instytutu<\/strong><\/p>\n<p>dr hab. Dariusz Rolnik, prof. U\u015a<br \/>\ne-mail: <a href=\"dariusz.rolnik@us.edu.pl\">dariusz.rolnik@us.edu.pl<\/a><\/p>\n<p>&nbsp;<\/p>\n<\/div>\n<hr \/>\n<h4>Instytut J\u0119zykoznawstwa<\/h4>\n<p>&nbsp;<\/p>\n<p><strong>Dyrektor Instytutu<\/strong><\/p>\n<p>dr hab. Adam Wojtaszek, prof. U\u015a<br \/>\ne-mail: <span id=\"cloak8083f94defb4608a1d542c4843127572\"><a href=\"mailto:adam.wojtaszek@us.edu.pl\">adam.wojtaszek@us.edu.pl<\/a><\/span><\/p>\n<p><strong>Zast\u0119pcy Dyrektora Instytutu<\/strong><\/p>\n<p>prof. dr hab. Miros\u0142awa Siuciak<br \/>\ne-mail: <a href=\"mailto:miroslawa.siuciak@us.edu.pl\">miroslawa.siuciak@us.edu.pl<\/a><\/p>\n<p>dr hab. Jolanta Lubocha-Kruglik, prof. U\u015a<br \/>\ne-mail: <a href=\"mailto:jolanta.lubocha-kruglik@us.edu.pl\">jolanta.lubocha-kruglik@us.edu.pl<\/a><\/p>\n<p>&nbsp;<\/p>\n<hr \/>\n<h4>Instytut Literaturoznawstwa<\/h4>\n<p>&nbsp;<\/p>\n<p><strong>Dyrektor Instytutu Literaturoznawstwa<\/strong><\/p>\n<p>dr hab. Jan Kucharski, prof. U\u015a<br \/>\ne-mail:\u00a0<a href=\"mailto:jan.kucharski@us.edu.pl\" rel=\"noreferrer\">jan.kucharski@us.edu.pl<\/a><\/p>\n<p><strong>Zast\u0119pcy Dyrektora Instytutu<\/strong><\/p>\n<p>dr hab. Joanna Warmuzi\u0144ska-Rog\u00f3\u017c, prof. U\u015a<br \/>\ne-mail: <a href=\"mailto:joanna.warmuzinska-rogoz@us.edu.pl\" rel=\"noreferrer\">joanna.warmuzinska-rogoz@us.edu.pl<\/a><\/p>\n<p>dr hab. Pawe\u0142 Tomczok, prof. U\u015a<br \/>\ne-mail: <a href=\"mailto:pawel.tomczok@us.edu.pl\" rel=\"noreferrer\">pawel.tomczok@us.edu.pl<\/a><\/p>\n<p>&nbsp;<\/p>\n<hr \/>\n<h4>Instytut Nauk o Kulturze<\/h4>\n<p>&nbsp;<\/p>\n<p><strong>Dyrektor Instytutu<\/strong><\/p>\n<p>dr hab. Beata Gontarz, prof. U\u015a<br \/>\ne-mail: <a href=\"mailto:beata.gontarz@us.edu.pl\">beata.gontarz@us.edu.pl<\/a><\/p>\n<p><strong>Zast\u0119pcy Dyrektora Instytutu<\/strong><\/p>\n<p>dr hab. Ilona Copik, prof. U\u015a<br \/>\ne-mail: <a href=\"mailto:ilona.copik@us.edu.pl\">ilona.copik@us.edu.pl<\/a><\/p>\n<p>dr hab. Kinga Czerwi\u0144ska, prof. U\u015a<br \/>\ne-mail: <a href=\"mailto:kinga.czerwinska@us.edu.pl\">kinga.czerwinska@us.edu.pl<\/a><\/p>\n<p>&nbsp;<\/p>\n<hr \/>\n<h4>Instytut Nauk o Sztuce<\/h4>\n<p>&nbsp;<\/p>\n<p><strong>Dyrektor Instytutu<\/strong><\/p>\n<p>dr hab. Bogumi\u0142a Mika, prof. U\u015a<br \/>\ne-mail: <a href=\"mailto:bogumila.mika@us.edu.pl\">bogumila.mika@us.edu.pl<\/a><\/p>\n<p><strong>Zast\u0119pca Dyrektora Instytutu<\/strong><\/p>\n<p>dr Miros\u0142awa Sobczy\u0144ska-Szczepa\u0144ska<br \/>\ne-mail: <a href=\"mailto:miroslawa.sobczynska-szczepanska@us.edu.pl\">miroslawa.sobczynska-szczepanska@us.edu.pl<\/a><\/p>\n<p>&nbsp;<\/p>\n<hr \/>\n<h4>Instytut Polonistyki<\/h4>\n<p>&nbsp;<\/p>\n<p><strong>Dyrektor Instytutu<\/strong><\/p>\n<p>prof. dr hab. Dariusz Pawelec<br \/>\ne-mail: <a href=\"mailto:dariusz.pawelec@us.edu.pl\">dariusz.pawelec@us.edu.pl<\/a><\/p>\n<p><strong>Zast\u0119pca Dyrektora Instytutu<\/strong><\/p>\n<p>dr hab. Magdalena B\u0105k, prof. U\u015a<br \/>\ne-mail: <a href=\"mailto:magdalena.bak@us.edu.pl\">magdalena.bak@us.edu.pl<\/a><\/p>\n<\/div>\r\n                    <\/div>\r\n                <\/div>[\/vc_column][\/vc_row]<\/p>","protected":false},"excerpt":{"rendered":"<p>[vc_row][vc_column][\/vc_column][\/vc_row] [&#8230;]<\/p>\n<p><a class=\"btn btn-secondary understrap-read-more-link\" href=\"https:\/\/us.edu.pl\/wydzial\/wh\/dyrekcja-instytutow\/\">Read More&#8230;<\/a><\/p>\n","protected":false},"author":2430,"featured_media":0,"parent":0,"menu_order":0,"comment_status":"closed","ping_status":"closed","template":"","meta":{"_expiration-date-status":"","_expiration-date":0,"_expiration-date-type":"","_expiration-date-categories":[],"_expiration-date-options":[]},"acf":[],"_links":{"self":[{"href":"https:\/\/us.edu.pl\/wydzial\/wh\/wp-json\/wp\/v2\/pages\/6441"}],"collection":[{"href":"https:\/\/us.edu.pl\/wydzial\/wh\/wp-json\/wp\/v2\/pages"}],"about":[{"href":"https:\/\/us.edu.pl\/wydzial\/wh\/wp-json\/wp\/v2\/types\/page"}],"author":[{"embeddable":true,"href":"https:\/\/us.edu.pl\/wydzial\/wh\/wp-json\/wp\/v2\/users\/2430"}],"replies":[{"embeddable":true,"href":"https:\/\/us.edu.pl\/wydzial\/wh\/wp-json\/wp\/v2\/comments?post=6441"}],"version-history":[{"count":11,"href":"https:\/\/us.edu.pl\/wydzial\/wh\/wp-json\/wp\/v2\/pages\/6441\/revisions"}],"predecessor-version":[{"id":186698,"href":"https:\/\/us.edu.pl\/wydzial\/wh\/wp-json\/wp\/v2\/pages\/6441\/revisions\/186698"}],"wp:attachment":[{"href":"https:\/\/us.edu.pl\/wydzial\/wh\/wp-json\/wp\/v2\/media?parent=6441"}],"curies":[{"name":"wp","href":"https:\/\/api.w.org\/{rel}","templated":true}]}}