{"id":654,"date":"2019-10-03T16:09:57","date_gmt":"2019-10-03T14:09:57","guid":{"rendered":"https:\/\/us.edu.pl\/wydzial\/wh\/?page_id=654"},"modified":"2025-01-09T08:40:36","modified_gmt":"2025-01-09T07:40:36","slug":"sprawozdania-z-oceny-wlasnej-wydzialu","status":"publish","type":"page","link":"https:\/\/us.edu.pl\/wydzial\/wh\/jakosc-ksztalcenia\/sprawozdania-z-oceny-wlasnej-wydzialu\/","title":{"rendered":"Sprawozdania z oceny w\u0142asnej Wydzia\u0142u"},"content":{"rendered":"<p>[vc_row][vc_column]\r\n                <div class=\"text-modules\">\r\n                    <div class=\"container\">\r\n                        \r\n                        <div class=\"text-modules__content\"><p><span style=\"font-size: 12pt;\">Sprawozdanie z oceny w\u0142asnej w zakresie jako\u015bci kszta\u0142cenia na Wydziale Humanistycznym Uniwersytetu \u015al\u0105skiego w roku akademickim 2023\/2024:<\/span><\/p>\n<ul>\n<li><span style=\"font-size: 12pt;\"><a href=\"https:\/\/us.edu.pl\/wydzial\/wh\/wp-content\/uploads\/sites\/15\/Bez-kategorii\/WH-raport-z-oceny-jakosci-ksztalcenia-za-rok-akademicki-2023-24.pdf\" class=\"mtli_attachment mtli_pdf\" data-mtli=\"mtli_filesize463,40kB\" class=\"mtli_attachment mtli_pdf\" data-mtli=\"mtli_filesize463,40kB\">tre\u015b\u0107 dokumentu<\/a> (skan dokumentu)<\/span><\/li>\n<\/ul>\n<hr \/>\n<p><span style=\"font-size: 12pt;\">Sprawozdanie z oceny w\u0142asnej w zakresie jako\u015bci kszta\u0142cenia na Wydziale Humanistycznym Uniwersytetu \u015al\u0105skiego w roku akademickim 2022\/2023:<\/span><\/p>\n<ul>\n<li><span style=\"font-size: 12pt;\"><a href=\"https:\/\/us.edu.pl\/wydzial\/wh\/wp-content\/uploads\/sites\/15\/Bez-kategorii\/Wydzial-Humanistyczny-raport-z-oceny-jakosci-ksztalcenia-za-rok-akademicki-2022-23.pdf\" class=\"mtli_attachment mtli_pdf\" data-mtli=\"mtli_filesize501,18kB\" class=\"mtli_attachment mtli_pdf\" data-mtli=\"mtli_filesize501,18kB\">tre\u015b\u0107 dokumentu<\/a> (skan dokumentu)<\/span><\/li>\n<\/ul>\n<hr \/>\n<p><span style=\"font-size: 12pt;\">Sprawozdanie z oceny w\u0142asnej w zakresie jako\u015bci kszta\u0142cenia na Wydziale Humanistycznym Uniwersytetu \u015al\u0105skiego w roku akademickim 2021\/2022:<\/span><\/p>\n<ul>\n<li><span style=\"font-size: 12pt;\"><a href=\"https:\/\/us.edu.pl\/wydzial\/wh\/wp-content\/uploads\/sites\/15\/Bez-kategorii\/Wydzial-Humansityczny-raport-z-oceny-jakosci-ksztalcenia-za-rok-akademicki-2021-22.pdf\" class=\"mtli_attachment mtli_pdf\" data-mtli=\"mtli_filesize453,93kB\" class=\"mtli_attachment mtli_pdf\" data-mtli=\"mtli_filesize453,93kB\">tre\u015b\u0107 dokumentu<\/a> (skan dokumentu)<\/span><\/li>\n<\/ul>\n<hr \/>\n<p><span style=\"font-size: 12pt;\">Sprawozdanie z oceny w\u0142asnej w zakresie jako\u015bci kszta\u0142cenia na Wydziale Humanistycznym Uniwersytetu \u015al\u0105skiego w roku akademickim 2020\/2021:<\/span><\/p>\n<ul>\n<li><span style=\"font-size: 12pt;\"><a href=\"https:\/\/us.edu.pl\/wydzial\/wh\/wp-content\/uploads\/sites\/15\/Bez-kategorii\/Wydzial-Humanistyczny-raport-z-oceny-jakosci-ksztalcenia-za-rok-akad.-20_21.pdf\" class=\"mtli_attachment mtli_pdf\" data-mtli=\"mtli_filesize431,33kB\" class=\"mtli_attachment mtli_pdf\" data-mtli=\"mtli_filesize431,33kB\">tre\u015b\u0107 dokumentu<\/a> (skan dokumentu)<\/span><\/li>\n<\/ul>\n<hr \/>\n<p><span style=\"font-size: 12pt;\">Sprawozdanie z oceny w\u0142asnej w zakresie jako\u015bci kszta\u0142cenia na Wydziale Humanistycznym Uniwersytetu \u015al\u0105skiego w roku akademickim 2019\/2020:<\/span><\/p>\n<ul>\n<li><span style=\"font-size: 12pt;\"><a href=\"https:\/\/us.edu.pl\/wydzial\/wh\/wp-content\/uploads\/sites\/15\/Bez-kategorii\/Wydzial-Humanistyczny-raport-z-oceny-jakosci-ksztalcenia-za-rok-2019_20.pdf\" class=\"mtli_attachment mtli_pdf\" data-mtli=\"mtli_filesize341,56kB\" class=\"mtli_attachment mtli_pdf\" data-mtli=\"mtli_filesize341,56kB\">tre\u015b\u0107 dokumentu<\/a> (skan dokumentu)<\/span><\/li>\n<\/ul>\n<hr \/>\n<p><span style=\"font-size: 12pt;\">Sprawozdanie z oceny w\u0142asnej w zakresie jako\u015bci kszta\u0142cenia na Wydziale Filologicznym Uniwersytetu \u015al\u0105skiego w roku akademickim 2018\/2019:<\/span><\/p>\n<ul>\n<li><span style=\"font-size: 12pt;\"><a href=\"https:\/\/us.edu.pl\/wydzial\/wh\/wp-content\/uploads\/sites\/15\/Nieprzypisane\/Raport-z-oceny-w\u0142asnej-WF-za-rok-2018.2019.pdf\" class=\"mtli_attachment mtli_pdf\" data-mtli=\"mtli_filesize2,95MB\" class=\"mtli_attachment mtli_pdf\" data-mtli=\"mtli_filesize2,95MB\">tre\u015b\u0107 dokumentu<\/a> (skan dokumentu)<\/span><\/li>\n<\/ul>\n<hr \/>\n<p><span style=\"font-size: 12pt;\">Sprawozdanie z\u00a0oceny w\u0142asnej w\u00a0zakresie jako\u015bci kszta\u0142cenia na\u00a0Wydziale Filologicznym Uniwersytetu \u015al\u0105skiego w\u00a0roku akademickim 2017\/2018:<\/span><\/p>\n<ul>\n<li><span style=\"font-size: 12pt;\"><a href=\"https:\/\/us.edu.pl\/wydzial\/wh\/wp-content\/uploads\/sites\/15\/Pliki-podstron\/Jako\u015b\u0107-kszta\u0142cenia\/Sprawozdania-z-oceny-w\u0142asnej-Wydzia\u0142u\/Raport-z-oceny-w\u0142asnej-WF-w-zakresie-jako\u015bci-kszta\u0142cenia-za-rok-akademicki-2017.2018-.pdf\" class=\"mtli_attachment mtli_pdf\" data-mtli=\"mtli_filesize4,00MB\" class=\"mtli_attachment mtli_pdf\" data-mtli=\"mtli_filesize4,00MB\">tre\u015b\u0107 dokumentu<\/a> (skan dokumentu)<\/span><\/li>\n<\/ul>\n<p>\n<style type=\"text\/css\">a[data-mtli~=\"mtli_filesize463,40kB\"]:after {content:\" (463,40 kB)\"}a[data-mtli~=\"mtli_filesize501,18kB\"]:after {content:\" (501,18 kB)\"}a[data-mtli~=\"mtli_filesize453,93kB\"]:after {content:\" (453,93 kB)\"}a[data-mtli~=\"mtli_filesize431,33kB\"]:after {content:\" (431,33 kB)\"}a[data-mtli~=\"mtli_filesize341,56kB\"]:after {content:\" (341,56 kB)\"}a[data-mtli~=\"mtli_filesize2,95MB\"]:after {content:\" (2,95 MB)\"}a[data-mtli~=\"mtli_filesize4,00MB\"]:after {content:\" (4,00 MB)\"}<\/style><\/div>\r\n                    <\/div>\r\n                <\/div>[\/vc_column][\/vc_row]<\/p>\n<style type=\"text\/css\">a[data-mtli~=\"mtli_filesize463,40kB\"]:after {content:\" (463,40 kB)\"}a[data-mtli~=\"mtli_filesize501,18kB\"]:after {content:\" (501,18 kB)\"}a[data-mtli~=\"mtli_filesize453,93kB\"]:after {content:\" (453,93 kB)\"}a[data-mtli~=\"mtli_filesize431,33kB\"]:after {content:\" (431,33 kB)\"}a[data-mtli~=\"mtli_filesize341,56kB\"]:after {content:\" (341,56 kB)\"}a[data-mtli~=\"mtli_filesize2,95MB\"]:after {content:\" (2,95 MB)\"}a[data-mtli~=\"mtli_filesize4,00MB\"]:after {content:\" (4,00 MB)\"}<\/style>","protected":false},"excerpt":{"rendered":"<p>[vc_row][vc_column][\/vc_column][\/vc_row] [&#8230;]<\/p>\n<p><a class=\"btn btn-secondary understrap-read-more-link\" href=\"https:\/\/us.edu.pl\/wydzial\/wh\/jakosc-ksztalcenia\/sprawozdania-z-oceny-wlasnej-wydzialu\/\">Read More&#8230;<\/a><\/p>\n","protected":false},"author":1,"featured_media":0,"parent":606,"menu_order":0,"comment_status":"closed","ping_status":"closed","template":"","meta":{"_expiration-date-status":"","_expiration-date":0,"_expiration-date-type":"","_expiration-date-categories":[],"_expiration-date-options":[]},"acf":[],"_links":{"self":[{"href":"https:\/\/us.edu.pl\/wydzial\/wh\/wp-json\/wp\/v2\/pages\/654"}],"collection":[{"href":"https:\/\/us.edu.pl\/wydzial\/wh\/wp-json\/wp\/v2\/pages"}],"about":[{"href":"https:\/\/us.edu.pl\/wydzial\/wh\/wp-json\/wp\/v2\/types\/page"}],"author":[{"embeddable":true,"href":"https:\/\/us.edu.pl\/wydzial\/wh\/wp-json\/wp\/v2\/users\/1"}],"replies":[{"embeddable":true,"href":"https:\/\/us.edu.pl\/wydzial\/wh\/wp-json\/wp\/v2\/comments?post=654"}],"version-history":[{"count":9,"href":"https:\/\/us.edu.pl\/wydzial\/wh\/wp-json\/wp\/v2\/pages\/654\/revisions"}],"predecessor-version":[{"id":181749,"href":"https:\/\/us.edu.pl\/wydzial\/wh\/wp-json\/wp\/v2\/pages\/654\/revisions\/181749"}],"up":[{"embeddable":true,"href":"https:\/\/us.edu.pl\/wydzial\/wh\/wp-json\/wp\/v2\/pages\/606"}],"wp:attachment":[{"href":"https:\/\/us.edu.pl\/wydzial\/wh\/wp-json\/wp\/v2\/media?parent=654"}],"curies":[{"name":"wp","href":"https:\/\/api.w.org\/{rel}","templated":true}]}}