{"id":669,"date":"2019-10-03T16:25:13","date_gmt":"2019-10-03T14:25:13","guid":{"rendered":"https:\/\/us.edu.pl\/wydzial\/wh\/?page_id=669"},"modified":"2019-10-03T16:28:34","modified_gmt":"2019-10-03T14:28:34","slug":"do-pobrania","status":"publish","type":"page","link":"https:\/\/us.edu.pl\/wydzial\/wh\/jakosc-ksztalcenia\/do-pobrania\/","title":{"rendered":"Do pobrania"},"content":{"rendered":"<p>[vc_row el_class=&#8221;container&#8221;][vc_column width=&#8221;2\/3&#8243;]\r\n                <div class=\"text-modules\">\r\n                    <div class=\"container\">\r\n                        <h3 class=\"page-title text__title\">Do pobrania<\/h3>\r\n                        <div class=\"text-modules__content\"><\/div>\r\n                    <\/div>\r\n                <\/div>\r\n                <div class=\"text-modules\">\r\n                    <div class=\"container\">\r\n                        \r\n                        <div class=\"text-modules__content\"><p><img class=\"alignnone size-medium wp-image-684\" src=\"https:\/\/us.edu.pl\/wydzial\/wh\/wp-content\/uploads\/sites\/15\/Pliki-podstron\/Jako\u015b\u0107-kszta\u0142cenia\/do-pobrania\/laptop-2589420_960_720pixabay-300x199-300x199.jpg\" alt=\"\" width=\"300\" height=\"199\" \/><\/p>\n<\/div>\r\n                    <\/div>\r\n                <\/div>\r\n\t\t\t\t<div class='container'>\r\n\t\t\t\t\t<div class='list-links list-links_'>\r\n\t\t\t\t\t\t  \r\n\t\t\t\t\t\t  <ul>\r\n\t\t\t\t\t\t\t\t<li><a href='https:\/\/us.edu.pl\/wydzial\/wh\/wp-content\/uploads\/sites\/15\/Pliki-podstron\/Jako\u015b\u0107-kszta\u0142cenia\/do-pobrania\/Wz\u00f3r-protoko\u0142u-hospitacji-zaj\u0119\u0107-dydaktycznych.doc' class=\"mtli_attachment mtli_doc\" data-mtli=\"mtli_filesize59,00kB\"><p>wz\u00f3r karty hospitacji zaj\u0119\u0107 dydaktycznych (doc, 59 kB)<\/p><\/a><\/li>\r\n\t\t\t\t\t\t\t\t<li><a href='https:\/\/us.edu.pl\/wydzial\/wh\/wp-content\/uploads\/sites\/15\/Pliki-podstron\/Jako\u015b\u0107-kszta\u0142cenia\/do-pobrania\/formularz-analizy-recenzji-prac-dyplomowych_aktualny.doc' class=\"mtli_attachment mtli_doc\" data-mtli=\"mtli_filesize49,00kB\"><p>protok\u00f3\u0142 z analizy recenzji pracy dyplomowej (doc, 49 kB)<\/p><\/a><\/li>\r\n\t\t\t\t\t\t\t\t<li><a href=''><p>wz\u00f3r karty oceny procesu dyplomowania <\/p><\/a><\/li>\r\n\t\t\t\t\t\t\t\t<li><a href='https:\/\/us.edu.pl\/wydzial\/wh\/wp-content\/uploads\/sites\/15\/Pliki-podstron\/Jako\u015b\u0107-kszta\u0142cenia\/do-pobrania\/Propozycje-pytan-na-spotkanie-ze-studentami.doc' class=\"mtli_attachment mtli_doc\" data-mtli=\"mtli_filesize32,50kB\"><p>propozycje pyta\u0144 na spotkanie ze studentami (doc, 33 kB)<\/p><\/a><\/li>\r\n\t\t\t\t\t\t\t\t<li><a href='https:\/\/us.edu.pl\/wydzial\/wh\/wp-content\/uploads\/sites\/15\/Pliki-podstron\/Jako\u015b\u0107-kszta\u0142cenia\/do-pobrania\/Propozycje-pyta\u0144-na-spotkanie-z-doktorantami.doc' class=\"mtli_attachment mtli_doc\" data-mtli=\"mtli_filesize34,50kB\"><p>propozycja pyta\u0144 na spotkanie z doktorantami (doc, 35 kB)<\/p><\/a><\/li>\r\n\t\t\t\t\t\t\t\t<li><a href='https:\/\/us.edu.pl\/wydzial\/wh\/wp-content\/uploads\/sites\/15\/Pliki-podstron\/Jako\u015b\u0107-kszta\u0142cenia\/do-pobrania\/Propozycje-pyta\u0144-na-spotkanie-z-pracownikami-naukowo-dydaktycznymi.doc' class=\"mtli_attachment mtli_doc\" data-mtli=\"mtli_filesize30,00kB\"><p>propozycje pyta\u0144 na spotkanie z pracownikami dydaktyczno-naukowymi (doc, 30 kB)<\/p><\/a><\/li>\r\n\t\t\t\t\t\t\t\t<li><a href='https:\/\/us.edu.pl\/wydzial\/wh\/wp-content\/uploads\/sites\/15\/Pliki-podstron\/Jako\u015b\u0107-kszta\u0142cenia\/do-pobrania\/Wz\u00f3r-wniosku-o-wyznaczenie-sekretarzy-ankietyzacji.doc' class=\"mtli_attachment mtli_doc\" data-mtli=\"mtli_filesize10,50kB\"><p>wz\u00f3r wniosku o wyznaczenie sekretarza ankietyzacji (doc, 11 kB)<\/p><\/a><\/li>\r\n\t\t\t\t\t\t\t\t<li><a href='https:\/\/us.edu.pl\/wydzial\/wh\/wp-content\/uploads\/sites\/15\/Pliki-podstron\/Jako\u015b\u0107-kszta\u0142cenia\/do-pobrania\/Wytyczne-do-raportu-z-oceny-w\u0142asnej-jednostki-w-zakresie-jako\u015bci-kszta\u0142cenia.doc' class=\"mtli_attachment mtli_doc\" data-mtli=\"mtli_filesize46,50kB\"><p>wytyczne do raportu z oceny w\u0142asnej jednostki w zakresie zapewniania jako\u015bci kszta\u0142cenia (doc, 47 kB)<\/p><\/a><\/li>\r\n\t\t\t\t\t\t\t\t<li><a href='http:\/\/bip.us.edu.pl\/zarzadzenie-nr-1012017'><p>wniosek o za\u0142o\u017cenie \/ modyfikacj\u0119 \/ usuni\u0119cie konta u\u017cytkownika w Uniwersyteckim Systemie Obs\u0142ugi Studi\u00f3w<\/p><\/a><\/li><\/ul>\r\n\t\t\t\t\t<\/div>\r\n\t\t\t\t<\/div>   \r\n\t\t\t\t\t[\/vc_column][vc_column width=&#8221;1\/3&#8243;][\/vc_column][\/vc_row]<\/p>\n<style type=\"text\/css\">a[data-mtli~=\"mtli_filesize59,00kB\"]:after {content:\" (59,00 kB)\"}a[data-mtli~=\"mtli_filesize49,00kB\"]:after {content:\" (49,00 kB)\"}a[data-mtli~=\"mtli_filesize32,50kB\"]:after {content:\" (32,50 kB)\"}a[data-mtli~=\"mtli_filesize34,50kB\"]:after {content:\" (34,50 kB)\"}a[data-mtli~=\"mtli_filesize30,00kB\"]:after {content:\" (30,00 kB)\"}a[data-mtli~=\"mtli_filesize10,50kB\"]:after {content:\" (10,50 kB)\"}a[data-mtli~=\"mtli_filesize46,50kB\"]:after {content:\" (46,50 kB)\"}<\/style>","protected":false},"excerpt":{"rendered":"<p>[vc_row el_class=&#8221;container&#8221;][vc_column width=&#8221;2\/3&#8243;][\/vc_column][vc_column width=&#8221;1\/3&#8243;][\/vc_column][\/vc_row] [&#8230;]<\/p>\n<p><a class=\"btn btn-secondary understrap-read-more-link\" href=\"https:\/\/us.edu.pl\/wydzial\/wh\/jakosc-ksztalcenia\/do-pobrania\/\">Read More&#8230;<\/a><\/p>\n","protected":false},"author":1,"featured_media":0,"parent":606,"menu_order":0,"comment_status":"closed","ping_status":"closed","template":"","meta":{"_expiration-date-status":"","_expiration-date":0,"_expiration-date-type":"","_expiration-date-categories":[],"_expiration-date-options":[]},"acf":[],"_links":{"self":[{"href":"https:\/\/us.edu.pl\/wydzial\/wh\/wp-json\/wp\/v2\/pages\/669"}],"collection":[{"href":"https:\/\/us.edu.pl\/wydzial\/wh\/wp-json\/wp\/v2\/pages"}],"about":[{"href":"https:\/\/us.edu.pl\/wydzial\/wh\/wp-json\/wp\/v2\/types\/page"}],"author":[{"embeddable":true,"href":"https:\/\/us.edu.pl\/wydzial\/wh\/wp-json\/wp\/v2\/users\/1"}],"replies":[{"embeddable":true,"href":"https:\/\/us.edu.pl\/wydzial\/wh\/wp-json\/wp\/v2\/comments?post=669"}],"version-history":[{"count":5,"href":"https:\/\/us.edu.pl\/wydzial\/wh\/wp-json\/wp\/v2\/pages\/669\/revisions"}],"predecessor-version":[{"id":689,"href":"https:\/\/us.edu.pl\/wydzial\/wh\/wp-json\/wp\/v2\/pages\/669\/revisions\/689"}],"up":[{"embeddable":true,"href":"https:\/\/us.edu.pl\/wydzial\/wh\/wp-json\/wp\/v2\/pages\/606"}],"wp:attachment":[{"href":"https:\/\/us.edu.pl\/wydzial\/wh\/wp-json\/wp\/v2\/media?parent=669"}],"curies":[{"name":"wp","href":"https:\/\/api.w.org\/{rel}","templated":true}]}}