{"id":6762,"date":"2020-12-03T11:51:53","date_gmt":"2020-12-03T10:51:53","guid":{"rendered":"https:\/\/us.edu.pl\/wydzial\/wh\/?page_id=6762"},"modified":"2021-12-28T11:41:43","modified_gmt":"2021-12-28T10:41:43","slug":"studia-ii-stopnia","status":"publish","type":"page","link":"https:\/\/us.edu.pl\/wydzial\/wh\/kierunki-studiow\/filologia-polska\/praktyki-zawodowe\/studia-ii-stopnia\/","title":{"rendered":"Studia II stopnia"},"content":{"rendered":"<p>[vc_row el_class=&#8221;container&#8221;][vc_column width=&#8221;2\/3&#8243;]\r\n                <div class=\"text-modules\">\r\n                    <div class=\"container\">\r\n                        \r\n                        <div class=\"text-modules__content\"><\/p>\n<p style=\"text-align: center;\"><strong>Praktyki zawodowe dla specjalno\u015bci <\/strong><\/p>\n<p style=\"text-align: center;\"><strong>dziennikarstwo i komunikacja kulturowa, edytorstwo i redakcja tekstu, literaturoznawstwo, nauczanie polonistyczne w\u015br\u00f3d cudzoziemc\u00f3w<\/strong><\/p>\n<p style=\"text-align: center;\"><strong>na studiach II stopnia na kierunku filologia polska<\/strong><\/p>\n<p>&nbsp;<\/p>\n<p style=\"text-align: center;\"><strong>1<\/strong><\/p>\n<p style=\"text-align: center;\"><strong>Za\u0142o\u017cenia og\u00f3lne<\/strong><\/p>\n<p>Zasady odbywania praktyk w ramach kierunku filologia polska stanowi\u0105 uszczeg\u00f3\u0142owienie Zarz\u0105dzenia JM Rektora Uniwersytetu \u015al\u0105skiego nr 92\/2020 z dnia 22 czerwca 2020 w sprawie okre\u015blenia wytycznych dotycz\u0105cych organizacji w Uniwersytecie \u015al\u0105skim w Katowicach praktyk zawodowych.<\/p>\n<p>Obligatoryjne praktyki na kierunku filologia polska studi\u00f3w drugiego stopnia dotycz\u0105 student\u00f3w specjalno\u015bci dziennikarstwo i komunikacja kulturowa, edytorstwo i redakcja tekstu, nauczanie polonistyczne w\u015br\u00f3d cudzoziemc\u00f3w. Ich zaliczenie jest jednym z warunk\u00f3w zaliczenia studi\u00f3w w ramach kierunku.<\/p>\n<p>Dla student\u00f3w specjalno\u015bci literaturoznawstwo praktyki s\u0105 nieobowi\u0105zkowe.<\/p>\n<p>&nbsp;<\/p>\n<p style=\"text-align: center;\"><strong>2<\/strong><\/p>\n<p style=\"text-align: center;\"><strong>Wymiar praktyk student\u00f3w specjalno\u015bci innych ni\u017c nauczycielska<\/strong><\/p>\n<p>Obowi\u0105zkowa praktyka w ramach kierunku filologia polska musi trwa\u0107 co najmniej 45 godzin roboczych (obowi\u0105zek odbywania praktyk nie obejmuje student\u00f3w specjalno\u015bci: literaturoznawstwo). Praktyki te maj\u0105 charakter ci\u0105g\u0142y i powinny odbywa\u0107 si\u0119 w trakcie przerw mi\u0119dzysemestralnych. Preferowany termin praktyk to przerwa mi\u0119dzy II i III semestrem. Zgodnie z aktualnym planem studi\u00f3w zaliczenie praktyki jest wymagane do zaliczenia III semestru.<\/p>\n<p>&nbsp;<\/p>\n<p style=\"text-align: center;\"><strong>3<\/strong><\/p>\n<p style=\"text-align: center;\"><strong>Zasady i forma odbywania praktyk w ramach kierunku filologia polska <\/strong><\/p>\n<ol>\n<li>Student zg\u0142asza opiekunowi akademickiemu praktyk danej specjalno\u015bci (dalej: opiekunowi praktyk) ch\u0119\u0107 odbycia praktyki we wskazanej przez siebie instytucji lub firmie. Profil instytucji lub dzia\u0142alno\u015b\u0107 firmy musi odpowiada\u0107 zakresowi problemowo-tematycznemu kierunku. Student mo\u017ce r\u00f3wnie\u017c wybra\u0107 jako miejsce praktyki instytucj\u0119 lub firm\u0119, kt\u00f3r\u0105 podpisa\u0142a z Wydzia\u0142em umow\u0119 o wsp\u00f3\u0142pracy w ramach w\u0142a\u015bciwej specjalno\u015bci.<\/li>\n<li>Po wst\u0119pnej akceptacji ze strony opiekuna praktyk student uzyskuje pisemn\u0105 zgod\u0119 na odbycie praktyki w wybranej instytucji lub firmie po\u015bwiadczon\u0105 podpisem Prodziekana ds. Kszta\u0142cenia i Student\u00f3w na formularzu porozumienia o organizacji praktyki zawodowej (za\u0142\u0105cznik nr 1 do Zarz\u0105dzenia JM Rektora). Przedstawiony do podpisu formularz powinien zawiera\u0107 dane instytucji lub firmy, w kt\u00f3rej student b\u0119dzie odbywa\u0142 praktyk\u0119, oraz okre\u015blony datami czas trwania praktyki. W miar\u0119 mo\u017cno\u015bci dokument powinien by\u0107 ju\u017c podpisany i opiecz\u0119towany przez zewn\u0119trznego partnera.<\/li>\n<li>Po przedstawieniu opiekunowi praktyk formularza porozumienia podpisanego przez Prodziekana ds. Kszta\u0142cenia i Student\u00f3w lub osoby dzia\u0142aj\u0105cej z jego upowa\u017cnienia, jak te\u017c przez reprezentanta podmiotu zewn\u0119trznego \u2013 student uzyskuje podpis opiekuna praktyk na skierowaniu na praktyk\u0119 (za\u0142\u0105cznik nr 3 do Zarz\u0105dzenia JM Rektora).<\/li>\n<li>W wypadku odbywania praktyki w instytucji lub firmie, kt\u00f3ra wcze\u015bnie podpisa\u0142a z Wydzia\u0142em umow\u0119 o wsp\u00f3\u0142pracy w ramach specjalno\u015bci, student jest zwolniony z przedstawienia osobnego formularza porozumienia o organizacji praktyki (student otrzymuje od razu skierowanie). Przed rozpocz\u0119ciem praktyki student zobowi\u0105zany jest do podpisania o\u015bwiadczenia (za\u0142\u0105cznik nr 4 do Zarz\u0105dzenia JM Rektora).<\/li>\n<li>Po zako\u0144czeniu praktyki student przedstawia opiekunowi praktyk w ramach w\u0142a\u015bciwej specjalno\u015bci ko\u0144cowy raport z przebiegu praktyki zawodowej (wg wzoru ustalonego w za\u0142\u0105czniku nr 5 do Zarz\u0105dzenia JM Rektora). Opiekun praktyk zalicza praktyk\u0119, przedk\u0142ada sprawozdanie do akceptacji dyrektorowi kierunku, a nast\u0119pnie Prodziekanowi ds. Kszta\u0142cenia i Student\u00f3w.<\/li>\n<li>Student mo\u017ce aplikowa\u0107 o zaliczenie praktyki bez jej odbycia na podstawie dokument\u00f3w potwierdzaj\u0105cych jego sta\u017c pracy (umowa o prac\u0119, umowa-zlecenie, umowa o dzie\u0142o, umowa o wolontariacie lub sta\u017cu zawodowym) w instytucji lub firmie zbli\u017conej profilem swej dzia\u0142alno\u015bci do zakresu problemowo-tematycznego w\u0142a\u015bciwej specjalno\u015bci. Odpowiedni dokument w tej sprawie (za\u0142\u0105cznik nr 6 do Zarz\u0105dzenia JM Rektora) wraz z dokumentacj\u0105 nale\u017cy przed\u0142o\u017cy\u0107 opiekunowi praktyk.<\/li>\n<li>Ka\u017cdy student w dowolnym momencie studi\u00f3w mo\u017ce aplikowa\u0107 o odbycie dodatkowej (nadobowi\u0105zkowej) praktyki. W takim wypadku musi jednak samodzielnie op\u0142aci\u0107 dodatkowe ubezpieczenie na czas jej trwania. Pozosta\u0142a procedura przebiega tak samo jak w wypadku praktyk obowi\u0105zkowych.<\/li>\n<\/ol>\n<p>\n<\/div>\r\n                    <\/div>\r\n                <\/div>[\/vc_column][vc_column width=&#8221;1\/3&#8243;][\/vc_column][\/vc_row][vc_row el_class=&#8221;container&#8221;][vc_column width=&#8221;2\/3&#8243;]<div class=\"container\"><div class=\"separator\" style=\"background-color: #EBEBEB\"><\/div><\/div>[\/vc_column][vc_column width=&#8221;1\/3&#8243;][\/vc_column][\/vc_row][vc_row el_class=&#8221;container&#8221;][vc_column width=&#8221;2\/3&#8243;]\r\n                <div class=\"text-modules\">\r\n                    <div class=\"container\">\r\n                        \r\n                        <div class=\"text-modules__content\"><\/p>\n<p style=\"text-align: center;\"><strong>Praktyki zawodowe dla specjalno\u015bci <\/strong><\/p>\n<p style=\"text-align: center;\"><strong>nauczycielskiej<\/strong><\/p>\n<p style=\"text-align: center;\"><strong>na studiach II stopnia na kierunku filologia polska<\/strong><\/p>\n<p>&nbsp;<\/p>\n<p style=\"text-align: center;\"><strong>1<\/strong><\/p>\n<p style=\"text-align: center;\"><strong>Za\u0142o\u017cenia og\u00f3lne<\/strong><\/p>\n<p>Zasady odbywania praktyk w ramach kierunku filologia polska stanowi\u0105 uszczeg\u00f3\u0142owienie Zarz\u0105dzenia JM Rektora Uniwersytetu \u015al\u0105skiego nr 92 z dnia 22 czerwca 2020 r.<\/p>\n<p>Praktyki na kierunku filologia polska s\u0105 \u015bci\u015ble powi\u0105zane z charakterem specjalno\u015bci wybranej przez ka\u017cdego studenta kierunku. Ich zaliczenie jest jednym z warunk\u00f3w zaliczenia studi\u00f3w w ramach kierunku.<\/p>\n<p>&nbsp;<\/p>\n<p style=\"text-align: center;\"><strong>2<\/strong><\/p>\n<p style=\"text-align: center;\"><strong>Wymiar praktyk student\u00f3w specjalno\u015bci nauczycielskiej<\/strong><\/p>\n<p>Dla student\u00f3w kontynuuj\u0105cych specjalno\u015b\u0107 na poziomie studi\u00f3w magisterskich uzupe\u0142niaj\u0105cych, obowi\u0105zkowa praktyka zawodowa w ramach specjalno\u015bci nauczycielskiej kierunku filologia polska musi trwa\u0107 co najmniej 30 godzin roboczych. Studenci odbywaj\u0105 praktyki ci\u0105g\u0142e (wrze\u015bniowe) w szkole ponadpodstawowej w wymiarze 30 godzin.<\/p>\n<p>Dla student\u00f3w, kt\u00f3rzy realizuj\u0105 przygotowanie do wykonywania zawodu nauczyciela: obowi\u0105zkowa praktyka w ramach specjalno\u015bci nauczycielskiej kierunku filologia polska musi trwa\u0107 co najmniej 180 godzin roboczych.<\/p>\n<p>&nbsp;<\/p>\n<p style=\"text-align: center;\"><strong>3<\/strong><\/p>\n<p style=\"text-align: center;\"><strong>Zasady i forma odbywania praktyk w ramach kierunku filologia polska <\/strong><\/p>\n<ol>\n<li>Student zg\u0142asza opiekunowi akademickiemu praktyk specjalno\u015bci nauczycielskiej (dalej; opiekunowi praktyk) ch\u0119\u0107 odbycia praktyki we wskazanej przez siebie szkole\/plac\u00f3wce o\u015bwiatowej. Student mo\u017ce r\u00f3wnie\u017c wybra\u0107 jako miejsce praktyki szko\u0142\u0119\/plac\u00f3wk\u0119 o\u015bwiatow\u0105, kt\u00f3ra podpisa\u0142a z Wydzia\u0142em umow\u0119 o wsp\u00f3\u0142pracy.<\/li>\n<li>Po wst\u0119pnej akceptacji ze strony opiekuna praktyk (lub koordynatora specjalno\u015bci) student otrzymuje podpisane przez Prodziekana ds. Kszta\u0142cenia i Student\u00f3w skierowanie na praktyki (za\u0142\u0105cznik nr 3 do Zarz\u0105dzenia JM Rektora), kt\u00f3re po akceptacji dyrekcji szko\u0142y przedstawia opiekunowi\/koordynatorowi praktyki. Na tej podstawie zostaje przygotowane porozumienie o organizacji praktyki (za\u0142\u0105cznik nr 2 do Zarz\u0105dzenia JM Rektora). Przedstawiony do podpisu formularz powinien zawiera\u0107 dane szko\u0142y, w kt\u00f3rej student b\u0119dzie odbywa\u0142 praktyk\u0119, oraz okre\u015blony datami czas trwania praktyki.<\/li>\n<li>W przypadku praktyk ci\u0105g\u0142ych obligatoryjny czas trwania praktyki jest wyznaczony przez koordynatora specjalno\u015bci oraz opiekun\u00f3w praktyki. Studenci przed praktyk\u0105 uczestnicz\u0105 obowi\u0105zkowo w zebraniu (bezpo\u015brednim lub zdalnym), zorganizowanym przez opiekun\u00f3w praktyki i koordynatora specjalno\u015bci, podczas kt\u00f3rego s\u0105 informowani o terminie, przebiegu praktyki, regulaminie i zobowi\u0105zaniach\/dokumentach zgodnych ze standardem kszta\u0142cenia przygotowuj\u0105cego do wykonywania zawodu nauczyciela (rozp. MNiSW z dn. 25 lipca 2019, Dz.U. z dn. 2 sierpnia 2019, poz. 1450). Otrzymuj\u0105 tak\u017ce program praktyki wraz z instrukcj\u0105 dotycz\u0105c\u0105 gromadzonej w czasie praktyki dokumentacji.<\/li>\n<li>Po przedstawieniu opiekunowi praktyk formularza porozumienia (podpisanego przez Prodziekana ds. Kszta\u0142cenia i Student\u00f3w, jak te\u017c przez dyrekcj\u0119 szko\u0142y), student podpisuje o\u015bwiadczenie (za\u0142\u0105cznik nr 4 do Zarz\u0105dzenia JM Rektora).<\/li>\n<li>Po zako\u0144czeniu praktyki student przedstawia opiekunowi praktyk raport ko\u0144cowy z przebiegu praktyki (wg wzoru ustalonego w za\u0142\u0105czniku nr 5 do Zarz\u0105dzenia JM Rektora) oraz wymagan\u0105 dokumentacj\u0119 (okre\u015blon\u0105 w programie praktyki). Po zapoznaniu si\u0119 z raportem opiekun praktyk zalicza odbyt\u0105 praktyk\u0119 przez wpis w indeksie studenta.<\/li>\n<li>Aplikacj\u0119\/wniosek studenta o zaliczenie praktyki bez jej odbycia (za\u0142\u0105cznik nr 6 do Zarz\u0105dzenia JM Rektora) na podstawie dokument\u00f3w potwierdzaj\u0105cych jego sta\u017c pracy w szkole, ze wzgl\u0119du na wymagania obowi\u0105zuj\u0105cego standardu kszta\u0142cenia nauczycieli,\u00a0 przed podj\u0119ciem decyzji przez Prodziekana ds. Kszta\u0142cenia i Student\u00f3w obowi\u0105zkowo opiniuje opiekun praktyki lub koordynator specjalno\u015bci. Ka\u017cda sytuacja zwolnienia \u2013 w przypadku praktyki pedagogicznej \u2013 musi by\u0107 rozpatrywana indywidualnie z uwzgl\u0119dnieniem wszystkich uwarunkowa\u0144 pedagogiczno-dydaktycznych.<\/li>\n<li>Ka\u017cdy student w dowolnym momencie studi\u00f3w mo\u017ce aplikowa\u0107 o odbycie dodatkowej (nadobowi\u0105zkowej) praktyki. W takim wypadku musi jednak samodzielnie op\u0142aci\u0107 dodatkowe ubezpieczenie na czas jej trwania. Pozosta\u0142a procedura przebiega tak samo jak w wypadku praktyk obowi\u0105zkowych.<\/li>\n<\/ol>\n<p>\n<\/div>\r\n                    <\/div>\r\n                <\/div>[\/vc_column][vc_column width=&#8221;1\/3&#8243;][\/vc_column][\/vc_row]<\/p>","protected":false},"excerpt":{"rendered":"<p>[vc_row el_class=&#8221;container&#8221;][vc_column width=&#8221;2\/3&#8243;][\/vc_column][vc_column width=&#8221;1\/3&#8243;][\/vc_column][\/vc_row][vc_row el_class=&#8221;container&#8221;][vc_column width=&#8221;2\/3&#8243;][\/vc_column][vc_column width=&#8221;1\/3&#8243;][\/vc_column][\/vc_row][vc_row el_class=&#8221;container&#8221;][vc_column width=&#8221;2\/3&#8243;][\/vc_column][vc_column width=&#8221;1\/3&#8243;][\/vc_column][\/vc_row] [&#8230;]<\/p>\n<p><a class=\"btn btn-secondary understrap-read-more-link\" href=\"https:\/\/us.edu.pl\/wydzial\/wh\/kierunki-studiow\/filologia-polska\/praktyki-zawodowe\/studia-ii-stopnia\/\">Read More&#8230;<\/a><\/p>\n","protected":false},"author":1,"featured_media":0,"parent":1816,"menu_order":0,"comment_status":"closed","ping_status":"closed","template":"","meta":{"_expiration-date-status":"saved","_expiration-date":0,"_expiration-date-type":"","_expiration-date-categories":[],"_expiration-date-options":[]},"acf":[],"_links":{"self":[{"href":"https:\/\/us.edu.pl\/wydzial\/wh\/wp-json\/wp\/v2\/pages\/6762"}],"collection":[{"href":"https:\/\/us.edu.pl\/wydzial\/wh\/wp-json\/wp\/v2\/pages"}],"about":[{"href":"https:\/\/us.edu.pl\/wydzial\/wh\/wp-json\/wp\/v2\/types\/page"}],"author":[{"embeddable":true,"href":"https:\/\/us.edu.pl\/wydzial\/wh\/wp-json\/wp\/v2\/users\/1"}],"replies":[{"embeddable":true,"href":"https:\/\/us.edu.pl\/wydzial\/wh\/wp-json\/wp\/v2\/comments?post=6762"}],"version-history":[{"count":4,"href":"https:\/\/us.edu.pl\/wydzial\/wh\/wp-json\/wp\/v2\/pages\/6762\/revisions"}],"predecessor-version":[{"id":17214,"href":"https:\/\/us.edu.pl\/wydzial\/wh\/wp-json\/wp\/v2\/pages\/6762\/revisions\/17214"}],"up":[{"embeddable":true,"href":"https:\/\/us.edu.pl\/wydzial\/wh\/wp-json\/wp\/v2\/pages\/1816"}],"wp:attachment":[{"href":"https:\/\/us.edu.pl\/wydzial\/wh\/wp-json\/wp\/v2\/media?parent=6762"}],"curies":[{"name":"wp","href":"https:\/\/api.w.org\/{rel}","templated":true}]}}