{"id":7357,"date":"2020-12-17T16:49:16","date_gmt":"2020-12-17T15:49:16","guid":{"rendered":"https:\/\/us.edu.pl\/wydzial\/wh\/?page_id=7357"},"modified":"2026-01-02T14:34:28","modified_gmt":"2026-01-02T13:34:28","slug":"rady-dydaktyczne-kierunkow-studiow","status":"publish","type":"page","link":"https:\/\/us.edu.pl\/wydzial\/wh\/rady-dydaktyczne-kierunkow-studiow\/","title":{"rendered":"Rady dydaktyczne kierunk\u00f3w studi\u00f3w"},"content":{"rendered":"<p>[vc_row][vc_column]\r\n                <div class=\"tiles-section\" style=\"background: \">\r\n                    <div class=\"container\">\r\n                        <h3 class=\"page-title\">Rady dydaktyczne kierunk\u00f3w studi\u00f3w<\/h3>\r\n                        <div class=\"tiles tiles-2\">\r\n                            <a href=\"https:\/\/us.edu.pl\/wydzial\/wh\/rady-dydaktyczne-kierunkow-studiow\/filologia-angielska\/\" class=\"tile tile_double justify-content-center\" style=\"background-color: #ffffff; font-weight: bold; color: #002E5A;  \">\r\n                                \r\n                                   \r\n                               \r\n                                <div class=\"tile__name\">FILOLOGIA ANGIELSKA<\/div>\r\n                            <\/a>\r\n                            <a href=\"https:\/\/us.edu.pl\/wydzial\/wh\/rady-dydaktyczne-kierunkow-studiow\/filologia-angielska-kultura-media-translacja-filologia-angielska-projektowanie-rozrywki-interkatywnej-i-groznawstwo-sprint-write-english-studies-literature-and-culture\/\" class=\"tile tile_double justify-content-center\" style=\"background-color: #ffffff; font-weight: bold; color: #002E5A;  \">\r\n                                \r\n                                   \r\n                               \r\n                                <div class=\"tile__name\">FILOLOGIA ANGIELSKA: KULTURA-MEDIA-TRANSLACJA, FILOLOGIA ANGIELSKA: PROJEKTOWANIE ROZRYWKI INTERKATYWNEJ I GROZNAWSTWO (SPRINT-WRITE), ENGLISH STUDIES: LITERATURE AND CULTURE<\/div>\r\n                            <\/a>\r\n                            <a href=\"https:\/\/us.edu.pl\/wydzial\/wh\/rady-dydaktyczne-kierunkow-studiow\/lingwistyka-stosowana-oraz-koreanistyka\/\" class=\"tile tile_double justify-content-center\" style=\"background-color: #ffffff; font-weight: bold; color: #002E5A;  \">\r\n                                \r\n                                   \r\n                               \r\n                                <div class=\"tile__name\">LINGWISTYKA STOSOWANA, KOREANISTYKA<\/div>\r\n                            <\/a>\r\n                            <a href=\"https:\/\/us.edu.pl\/wydzial\/wh\/rady-dydaktyczne-kierunkow-studiow\/filologia-germanska\/\" class=\"tile tile_double justify-content-center\" style=\"background-color: #ffffff; font-weight: bold; color: #002E5A;  \">\r\n                                \r\n                                   \r\n                               \r\n                                <div class=\"tile__name\">FILOLOGIA GERMA\u0143SKA<\/div>\r\n                            <\/a>\r\n                            <a href=\"https:\/\/us.edu.pl\/wydzial\/wh\/rady-dydaktyczne-kierunkow-studiow\/filologia-romanska\/\" class=\"tile tile_double justify-content-center\" style=\"background-color: #ffffff; font-weight: bold; color: #002E5A;  \">\r\n                                \r\n                                   \r\n                               \r\n                                <div class=\"tile__name\">FILOLOGIA ROMA\u0143SKA, FILOLOGIA FRANCUSKA, FILOLOGIA HISZPA\u0143SKA I FILOLOGIA W\u0141OSKA <\/div>\r\n                            <\/a>\r\n                            <a href=\"https:\/\/us.edu.pl\/wydzial\/wh\/rady-dydaktyczne-kierunkow-studiow\/filologia-wschodnioslowianska-filologia-slowianska-filologia-rosyjska\/\" class=\"tile tile_double justify-content-center\" style=\"background-color: #ffffff; font-weight: bold; color: #002E5A;  \">\r\n                                \r\n                                   \r\n                               \r\n                                <div class=\"tile__name\">FILOLOGIA WSCHODNIOS\u0141OWIA\u0143SKA <br \/> <br \/> FILOLOGIA S\u0141OWIA\u0143SKA  <br \/> <br \/> FILOLOGIA ROSYJSKA<\/div>\r\n                            <\/a>\r\n                            <a href=\"https:\/\/us.edu.pl\/wydzial\/wh\/rady-dydaktyczne-kierunkow-studiow\/filologia-polska\/\" class=\"tile tile_double justify-content-center\" style=\"background-color: #ffffff; font-weight: bold; color: #002E5A;  \">\r\n                                \r\n                                   \r\n                               \r\n                                <div class=\"tile__name\"> FILOLOGIA POLSKA<\/div>\r\n                            <\/a>\r\n                            <a href=\"https:\/\/us.edu.pl\/wydzial\/wh\/rady-dydaktyczne-kierunkow-studiow\/sztuka-pisania-tworcze-pisanie-i-marketing-wydawniczy-mediteranistyka-filologia-klasyczna\/\" class=\"tile tile_double justify-content-center\" style=\"background-color: #ffffff; font-weight: bold; color: #002E5A;  \">\r\n                                \r\n                                   \r\n                               \r\n                                <div class=\"tile__name\">SZTUKA PISANIA <br \/> <br \/> TW\u00d3RCZE PISANIE I MARKETING WYDAWNICZY <br \/> <br \/> MEDITERANISTYKA <br \/> <br \/> FILOLOGIA KLASYCZNA<\/div>\r\n                            <\/a>\r\n                            <a href=\"https:\/\/us.edu.pl\/wydzial\/wh\/rady-dydaktyczne-kierunkow-studiow\/kulturoznawstwo-kultury-mediow-historia-sztuki\/\" class=\"tile tile_double justify-content-center\" style=\"background-color: #ffffff; font-weight: bold; color: #002E5A;  \">\r\n                                \r\n                                   \r\n                               \r\n                                <div class=\"tile__name\">KULTUROZNAWSTWO <br \/> <br \/> KULTURY MEDI\u00d3W <br \/> <br \/> HISTORIA SZTUKI<\/div>\r\n                            <\/a>\r\n                            <a href=\"https:\/\/us.edu.pl\/wydzial\/wh\/rady-dydaktyczne-kierunkow-studiow\/informacja-naukowa-i-bibliotekoznawstwo-architektura-informacji\/\" class=\"tile tile_double justify-content-center\" style=\"background-color: #ffffff; font-weight: bold; color: #002E5A;  \">\r\n                                \r\n                                   \r\n                               \r\n                                <div class=\"tile__name\">INFORMACJA NAUKOWA I BIBLIOTEKOZNAWSTWO <br \/> <br \/> ARCHITEKTURA INFORMACJI<\/div>\r\n                            <\/a>\r\n                            <a href=\"https:\/\/us.edu.pl\/wydzial\/wh\/rady-dydaktyczne-kierunkow-studiow\/komunikacja-promocyjna-i-kryzysowa-komunikacja-cyfrowa-logopedia-miedzynarodowe-studia-polskie\/\" class=\"tile tile_double justify-content-center\" style=\"background-color: #ffffff; font-weight: bold; color: #002E5A;  \">\r\n                                \r\n                                   \r\n                               \r\n                                <div class=\"tile__name\">KOMUNIKACJA PROMOCYJNA I KRYZYSOWA <br \/> <br \/> KOMUNIKACJA CYFROWA <br \/> <br \/> LOGOPEDIA <br \/> <br \/> MI\u0118DZYNARODOWE STUDIA POLSKIE<\/div>\r\n                            <\/a>\r\n                            <a href=\"https:\/\/us.edu.pl\/wydzial\/wh\/rady-dydaktyczne-kierunkow-studiow\/filozofia-kognitywistyka-dfic\/\" class=\"tile tile_double justify-content-center\" style=\"background-color: #ffffff; font-weight: bold; color: #002E5A;  \">\r\n                                \r\n                                   \r\n                               \r\n                                <div class=\"tile__name\">FILOZOFIA <br \/> <br \/> KOGNITYWISTYKA <br \/> <br \/> DORADZTWO FILOZOFICZNE I COACHING<\/div>\r\n                            <\/a>\r\n                            <a href=\"https:\/\/us.edu.pl\/wydzial\/wh\/rady-dydaktyczne-kierunkow-studiow\/historia-turystyka-historyczna-srodkowoeuropejskie-studia-historyczne\/\" class=\"tile tile_double justify-content-center\" style=\"background-color: #ffffff; font-weight: bold; color: #002E5A;  \">\r\n                                \r\n                                   \r\n                               \r\n                                <div class=\"tile__name\">HISTORIA <br \/> <br \/> TURYSTYKA HISTORYCZNA <br \/> <br \/> \u015aRODKOWOEUROPEJSKIE STUDIA HISTORYCZNE<\/div>\r\n                            <\/a><\/div>\r\n                    <\/div>\r\n                <\/div>[\/vc_column][\/vc_row]<\/p>","protected":false},"excerpt":{"rendered":"<p>[vc_row][vc_column][\/vc_column][\/vc_row] [&#8230;]<\/p>\n<p><a class=\"btn btn-secondary understrap-read-more-link\" href=\"https:\/\/us.edu.pl\/wydzial\/wh\/rady-dydaktyczne-kierunkow-studiow\/\">Read More&#8230;<\/a><\/p>\n","protected":false},"author":1,"featured_media":0,"parent":0,"menu_order":0,"comment_status":"closed","ping_status":"closed","template":"","meta":{"_expiration-date-status":"","_expiration-date":0,"_expiration-date-type":"","_expiration-date-categories":[],"_expiration-date-options":[]},"acf":[],"_links":{"self":[{"href":"https:\/\/us.edu.pl\/wydzial\/wh\/wp-json\/wp\/v2\/pages\/7357"}],"collection":[{"href":"https:\/\/us.edu.pl\/wydzial\/wh\/wp-json\/wp\/v2\/pages"}],"about":[{"href":"https:\/\/us.edu.pl\/wydzial\/wh\/wp-json\/wp\/v2\/types\/page"}],"author":[{"embeddable":true,"href":"https:\/\/us.edu.pl\/wydzial\/wh\/wp-json\/wp\/v2\/users\/1"}],"replies":[{"embeddable":true,"href":"https:\/\/us.edu.pl\/wydzial\/wh\/wp-json\/wp\/v2\/comments?post=7357"}],"version-history":[{"count":10,"href":"https:\/\/us.edu.pl\/wydzial\/wh\/wp-json\/wp\/v2\/pages\/7357\/revisions"}],"predecessor-version":[{"id":194308,"href":"https:\/\/us.edu.pl\/wydzial\/wh\/wp-json\/wp\/v2\/pages\/7357\/revisions\/194308"}],"wp:attachment":[{"href":"https:\/\/us.edu.pl\/wydzial\/wh\/wp-json\/wp\/v2\/media?parent=7357"}],"curies":[{"name":"wp","href":"https:\/\/api.w.org\/{rel}","templated":true}]}}