{"id":7379,"date":"2020-12-17T17:02:36","date_gmt":"2020-12-17T16:02:36","guid":{"rendered":"https:\/\/us.edu.pl\/wydzial\/wh\/?page_id=7379"},"modified":"2025-12-01T11:19:43","modified_gmt":"2025-12-01T10:19:43","slug":"filologia-germanska","status":"publish","type":"page","link":"https:\/\/us.edu.pl\/wydzial\/wh\/rady-dydaktyczne-kierunkow-studiow\/filologia-germanska\/","title":{"rendered":"FILOLOGIA GERMA\u0143SKA"},"content":{"rendered":"<p>[vc_row][vc_column]\r\n                <div class=\"text-modules\">\r\n                    <div class=\"container\">\r\n                        \r\n                        <div class=\"text-modules__content\"><\/p>\n<h3><strong><span style=\"color: #003366;\">RADA DYDAKTYCZNA KIERUNKU<\/span><\/strong><br \/>\n<span style=\"color: #003366;\">FILOLOGIA GERMA\u0143SKA<\/span><\/h3>\n<p>&nbsp;<\/p>\n<p><strong>dr hab. Zbigniew Feliszewski, prof. U\u015a <\/strong>\u2013 przewodnicz\u0105cy (dyrektor kierunku)<\/p>\n<p><strong>dr hab. Gra\u017cyna Krupi\u0144ska<\/strong> \u2013 zast\u0119pczyni dyrektora kierunku<\/p>\n<p>&nbsp;<\/p>\n<p><strong>dr hab. Iwona Wowro, prof. U\u015a<\/strong> \u2013 przedstawicielka pracownik\u00f3w badawczo-dydaktycznych z dyscypliny j\u0119zykoznawstwo, wskazana przez dyrektora Instytutu J\u0119zykoznawstwa<\/p>\n<p><strong>dr hab. Nina Nowara-Matusik, prof. U\u015a<\/strong> \u2013 przedstawicielka pracownik\u00f3w badawczo-dydaktycznych dyscypliny literaturoznawstwo wskazana przez dyrektora Instytutu Literaturoznawstwa<\/p>\n<p><strong>dr Marzena B\u0119dkowska-Ob\u0142\u0105k<\/strong> \u2013 przedstawicielka pracownik\u00f3w badawczo-dydaktycznych, specjalistka z zakresu kszta\u0142cenia nauczycieli<\/p>\n<p><strong>dr hab. Ewa Mazurkiewicz, prof. U\u015a<\/strong> \u2013 przedstawicielka pracownik\u00f3w badawczo-dydaktycznych<\/p>\n<p><strong>dr hab. Ma\u0142gorzata P\u0142omi\u0144ska<\/strong> \u2013 przedstawicielka pracownik\u00f3w badawczo-dydaktycznych<\/p>\n<p><strong>dr Jolanta G\u0142adysz<\/strong>\u00a0\u2013 przedstawicielka pracownik\u00f3w dydaktycznych<\/p>\n<p><strong>mgr Adam Wojtczak<\/strong> \u2013 przedstawiciel pracownik\u00f3w dydaktycznych<\/p>\n<p><strong>Anna Mu\u015b<\/strong> \u2013 przedstawicielka studentek i student\u00f3w studi\u00f3w I stopnia<\/p>\n<p><strong>lic. Wiktoria Forma<\/strong> \u2013 przedstawicielka studentek i student\u00f3w studi\u00f3w II stopnia<\/p>\n<p>&nbsp;<\/p>\n<p><u>Interesariusze zewn\u0119trzni\/osoby z g\u0142osem doradczym<\/u><\/p>\n<p><strong>dr Marcin Tyslik<\/strong> \u2013 Konsul Honorowy Republiki Federalnej Niemiec w Gliwicach<\/p>\n<p><strong>mgr Miros\u0142aw Bienioszek<\/strong> \u2013 Konsul Honorowy Republiki Austrii w Miko\u0142owie<\/p>\n<p><strong>mgr Katarzyna \u0141akomik<\/strong> \u2013 Cz\u0142onkini Stowarzyszenia T\u0142umaczy Literatury, t\u0142umaczka literatury<\/p>\n<p>&nbsp;<\/p>\n<p><span style=\"text-decoration: underline;\"><span style=\"color: #000000;\"><a style=\"color: #000000; text-decoration: underline;\" href=\"https:\/\/us.edu.pl\/wydzial\/wh\/wp-content\/uploads\/sites\/15\/Bez-kategorii\/Uchwaly-Rady-Dydaktycznej-Kierunku-Filologia-Germanska-podjete-2024-roku.pdf\" class=\"mtli_attachment mtli_pdf\" data-mtli=\"mtli_filesize2,77MB\" class=\"mtli_attachment mtli_pdf\" data-mtli=\"mtli_filesize2,77MB\">Uchwa\u0142y Rady Dydaktycznej Kierunku Filologia Germa\u0144ska podj\u0119te 2024 roku<\/a><\/span><\/span><\/p>\n<style type=\"text\/css\">a[data-mtli~=\"mtli_filesize2,77MB\"]:after {content:\" (2,77 MB)\"}<\/style><\/div>\r\n                    <\/div>\r\n                <\/div>[\/vc_column][\/vc_row]<\/p>\n<style type=\"text\/css\">a[data-mtli~=\"mtli_filesize2,77MB\"]:after {content:\" (2,77 MB)\"}<\/style>","protected":false},"excerpt":{"rendered":"<p>[vc_row][vc_column][\/vc_column][\/vc_row] [&#8230;]<\/p>\n<p><a class=\"btn btn-secondary understrap-read-more-link\" href=\"https:\/\/us.edu.pl\/wydzial\/wh\/rady-dydaktyczne-kierunkow-studiow\/filologia-germanska\/\">Read More&#8230;<\/a><\/p>\n","protected":false},"author":1,"featured_media":0,"parent":7357,"menu_order":3,"comment_status":"closed","ping_status":"closed","template":"page-templates\/inner-page.php","meta":{"_expiration-date-status":"","_expiration-date":0,"_expiration-date-type":"","_expiration-date-categories":[],"_expiration-date-options":[]},"acf":[],"_links":{"self":[{"href":"https:\/\/us.edu.pl\/wydzial\/wh\/wp-json\/wp\/v2\/pages\/7379"}],"collection":[{"href":"https:\/\/us.edu.pl\/wydzial\/wh\/wp-json\/wp\/v2\/pages"}],"about":[{"href":"https:\/\/us.edu.pl\/wydzial\/wh\/wp-json\/wp\/v2\/types\/page"}],"author":[{"embeddable":true,"href":"https:\/\/us.edu.pl\/wydzial\/wh\/wp-json\/wp\/v2\/users\/1"}],"replies":[{"embeddable":true,"href":"https:\/\/us.edu.pl\/wydzial\/wh\/wp-json\/wp\/v2\/comments?post=7379"}],"version-history":[{"count":10,"href":"https:\/\/us.edu.pl\/wydzial\/wh\/wp-json\/wp\/v2\/pages\/7379\/revisions"}],"predecessor-version":[{"id":193950,"href":"https:\/\/us.edu.pl\/wydzial\/wh\/wp-json\/wp\/v2\/pages\/7379\/revisions\/193950"}],"up":[{"embeddable":true,"href":"https:\/\/us.edu.pl\/wydzial\/wh\/wp-json\/wp\/v2\/pages\/7357"}],"wp:attachment":[{"href":"https:\/\/us.edu.pl\/wydzial\/wh\/wp-json\/wp\/v2\/media?parent=7379"}],"curies":[{"name":"wp","href":"https:\/\/api.w.org\/{rel}","templated":true}]}}