{"id":7382,"date":"2020-12-17T17:06:33","date_gmt":"2020-12-17T16:06:33","guid":{"rendered":"https:\/\/us.edu.pl\/wydzial\/wh\/?page_id=7382"},"modified":"2025-11-25T14:19:36","modified_gmt":"2025-11-25T13:19:36","slug":"filologia-romanska","status":"publish","type":"page","link":"https:\/\/us.edu.pl\/wydzial\/wh\/rady-dydaktyczne-kierunkow-studiow\/filologia-romanska\/","title":{"rendered":"FILOLOGIA ROMA\u0143SKA, FILOLOGIA FRANCUSKA, FILOLOGIA HISZPA\u0143SKA I FILOLOGIA W\u0141OSKA"},"content":{"rendered":"<p>[vc_row][vc_column]\r\n                <div class=\"text-modules\">\r\n                    <div class=\"container\">\r\n                        \r\n                        <div class=\"text-modules__content\"><\/p>\n<h3><strong><span style=\"color: #003366;\">RADA DYDAKTYCZNA KIERUNK\u00d3W:<\/span><\/strong><br \/>\n<span style=\"color: #003366;\">FILOLOGIA ROMA\u0143SKA<\/span><\/h3>\n<h3><span style=\"color: #003366;\"> FILOLOGIA FRANCUSKA<\/span><\/h3>\n<h3><span style=\"color: #003366;\"> FILOLOGIA HISZPA\u0143SKA <\/span><\/h3>\n<h3><span style=\"color: #003366;\">FILOLOGIA W\u0141OSKA <\/span><\/h3>\n<p>&nbsp;<\/p>\n<p><strong>dr hab. Andrzej Rabsztyn, prof. U\u015a <\/strong>\u2013 przewodnicz\u0105cy (dyrektor kierunku)<\/p>\n<p><strong>dr Ewelina Szymoniak <\/strong>\u2013 zast\u0119pczyni dyrektora kierunku<\/p>\n<p><strong>dr Ryszard Wylecio\u0142 <\/strong>\u2013 zast\u0119pca dyrektora kierunku<\/p>\n<p>&nbsp;<\/p>\n<p><strong>dr Dominika Dykta <\/strong>\u2013 przedstawicielka pracownik\u00f3w badawczo-dydaktycznych wskazana przez Dyrektora Instytutu J\u0119zykoznawstwa<\/p>\n<p><strong>dr Anna Drzazga <\/strong>\u2013 przedstawicielka pracownik\u00f3w badawczo-dydaktyczny wskazana przez Dyrektora Instytutu J\u0119zykoznawstwa<\/p>\n<p><strong>dr Micha\u0142 Hrabia <\/strong>\u2013 przedstawiciel pracownik\u00f3w badawczo-dydaktycznych wskazana przez Dyrektora Instytutu J\u0119zykoznawstwa<\/p>\n<p><strong>dr Anna Nowakowska-G\u0142uszak <\/strong>\u2013 przedstawicielka pracownik\u00f3w badawczo-dydaktycznych wskazana przez Dyrektora Instytutu J\u0119zykoznawstwa<\/p>\n<p><strong>dr Ewa P\u00f3\u0142torak <\/strong>\u2013 przedstawicielka pracownik\u00f3w badawczo-dydaktycznych wskazana przez Dyrektora Instytutu J\u0119zykoznawstwa<\/p>\n<p><strong>dr hab. Magdalena Zdrada-Cok, prof. U\u015a <\/strong>\u2013 przedstawicielka pracownik\u00f3w badawczo-dydaktycznych wskazana przez Dyrektora Instytutu Literaturoznawstwa<\/p>\n<p><strong>dr Aneta Chmiel <\/strong>\u2013 przedstawicielka pracownik\u00f3w dydaktycznych<\/p>\n<p><strong>dr Anna Czekaj <\/strong>\u2013 przedstawicielka pracownik\u00f3w dydaktycznych<\/p>\n<p><strong>prof. dr hab. Krzysztof Jarosz <\/strong>\u2013 przedstawiciel pracownik\u00f3w badawczo-dydaktycznych<\/p>\n<p><strong>mgr Tomasz Slian <\/strong>\u2013 przedstawiciel pracownik\u00f3w dydaktycznych, wsp\u00f3\u0142praca ze szko\u0142ami<\/p>\n<p><strong>Bartosz Wyle\u017co\u0142<\/strong> \u2013 przedstawiciel os\u00f3b studiuj\u0105cych I stopnia<\/p>\n<p><strong>Katarzyna Ko\u0142odziejczyk<\/strong> \u2013 przedstawicielka os\u00f3b studiuj\u0105cych I stopnia<\/p>\n<p><strong>lic. Wiktoria Musialik<\/strong> \u2013 przedstawicielka os\u00f3b studiuj\u0105cych II stopnia<\/p>\n<p><strong>lic. Aleksandra \u0141askuda<\/strong> \u2013 przedstawicielka os\u00f3b studiuj\u0105cych II stopnia<\/p>\n<p><strong>\u00a0<\/strong><\/p>\n<p><u>Przedstawiciele interesariuszy zewn\u0119trznych z g\u0142osem doradczym:<\/u><\/p>\n<p><strong>Adw. Anna Krasuska-Terrillon <\/strong>\u2013 Konsul honorowa Francji w Katowicach<\/p>\n<p><strong>Anita Ma\u0144ka <\/strong>\u2013 SGS GBS Europe sp. z o.o.<\/p>\n<p><strong>Jaros\u0142aw Jackowiak <\/strong>\u2013 przedstawiciel firmy IBM<\/p>\n<\/div>\r\n                    <\/div>\r\n                <\/div>[\/vc_column][\/vc_row]<\/p>","protected":false},"excerpt":{"rendered":"<p>[vc_row][vc_column][\/vc_column][\/vc_row] [&#8230;]<\/p>\n<p><a class=\"btn btn-secondary understrap-read-more-link\" href=\"https:\/\/us.edu.pl\/wydzial\/wh\/rady-dydaktyczne-kierunkow-studiow\/filologia-romanska\/\">Read More&#8230;<\/a><\/p>\n","protected":false},"author":1,"featured_media":0,"parent":7357,"menu_order":4,"comment_status":"closed","ping_status":"closed","template":"page-templates\/inner-page.php","meta":{"_expiration-date-status":"","_expiration-date":0,"_expiration-date-type":"","_expiration-date-categories":[],"_expiration-date-options":[]},"acf":[],"_links":{"self":[{"href":"https:\/\/us.edu.pl\/wydzial\/wh\/wp-json\/wp\/v2\/pages\/7382"}],"collection":[{"href":"https:\/\/us.edu.pl\/wydzial\/wh\/wp-json\/wp\/v2\/pages"}],"about":[{"href":"https:\/\/us.edu.pl\/wydzial\/wh\/wp-json\/wp\/v2\/types\/page"}],"author":[{"embeddable":true,"href":"https:\/\/us.edu.pl\/wydzial\/wh\/wp-json\/wp\/v2\/users\/1"}],"replies":[{"embeddable":true,"href":"https:\/\/us.edu.pl\/wydzial\/wh\/wp-json\/wp\/v2\/comments?post=7382"}],"version-history":[{"count":10,"href":"https:\/\/us.edu.pl\/wydzial\/wh\/wp-json\/wp\/v2\/pages\/7382\/revisions"}],"predecessor-version":[{"id":193821,"href":"https:\/\/us.edu.pl\/wydzial\/wh\/wp-json\/wp\/v2\/pages\/7382\/revisions\/193821"}],"up":[{"embeddable":true,"href":"https:\/\/us.edu.pl\/wydzial\/wh\/wp-json\/wp\/v2\/pages\/7357"}],"wp:attachment":[{"href":"https:\/\/us.edu.pl\/wydzial\/wh\/wp-json\/wp\/v2\/media?parent=7382"}],"curies":[{"name":"wp","href":"https:\/\/api.w.org\/{rel}","templated":true}]}}