{"id":7385,"date":"2020-12-17T17:15:09","date_gmt":"2020-12-17T16:15:09","guid":{"rendered":"https:\/\/us.edu.pl\/wydzial\/wh\/?page_id=7385"},"modified":"2026-01-02T14:07:03","modified_gmt":"2026-01-02T13:07:03","slug":"filologia-wschodnioslowianska-filologia-slowianska-filologia-rosyjska","status":"publish","type":"page","link":"https:\/\/us.edu.pl\/wydzial\/wh\/rady-dydaktyczne-kierunkow-studiow\/filologia-wschodnioslowianska-filologia-slowianska-filologia-rosyjska\/","title":{"rendered":"FILOLOGIA WSCHODNIOS\u0141OWIA\u0143SKA | FILOLOGIA S\u0141OWIA\u0143SKA | FILOLOGIA ROSYJSKA"},"content":{"rendered":"<p>[vc_row][vc_column]\r\n                <div class=\"text-modules\">\r\n                    <div class=\"container\">\r\n                        \r\n                        <div class=\"text-modules__content\"><\/p>\n<h3><strong><span style=\"color: #003366;\">RADA DYDAKTYCZNA KIERUNK\u00d3W:<br \/>\n<\/span><\/strong><span style=\"color: #003366;\">FILOLOGIA WSCHODNIOS\u0141OWIA\u0143SKA<\/span><br \/>\n<span style=\"color: #003366;\">FILOLOGIA S\u0141OWIA\u0143SKA<br \/>\nFILOLOGIA ROSYJSKA<br \/>\n<\/span><\/h3>\n<p>&nbsp;<\/p>\n<p><strong>dr hab. Miros\u0142awa Michalska-Suchanek, prof. U\u015a\u00a0 \u2014\u00a0 przewodnicz\u0105ca (dyrektor kierunku) <\/strong><\/p>\n<p><strong>dr Lidia Mi\u0119sowska, prof. U\u015a<\/strong> \u2014 zast\u0119pczyni dyrektorki kierunku<\/p>\n<p><strong>dr Monika Gawlak<\/strong> \u2014 zast\u0119pczyni dyrektorki kierunku<\/p>\n<p>&nbsp;<\/p>\n<p><strong>dr hab. Oksana Ma\u0142ysa, prof. U\u015a<\/strong> \u2014 przedstawicielka pracownik\u00f3w badawczo-dydaktycznych dyscypliny j\u0119zykoznawstwo, wskazana przez dyrektora Instytutu J\u0119zykoznawstwa (fil. wschodn.)<\/p>\n<p><strong>dr hab. Robert Bo\u0144kowski <\/strong>\u2014 przedstawiciel pracownik\u00f3w badawczo-dydaktycznych, dyscypliny j\u0119zykoznawstwo,\u00a0 wskazany przez dyrektora Instytutu J\u0119zykoznawstwa (fil. wschodn.)<\/p>\n<p><strong>dr hab. Leszek Ma\u0142czak, prof. U\u015a<\/strong> \u2014 przedstawiciel pracownik\u00f3w badawczo-dydaktycznych dyscypliny literaturoznawstwo, wskazany przez dyrektora Instytutu Literaturoznawstwa (fil. s\u0142ow.)<\/p>\n<p><strong>dr hab. Andrzej Polak, prof. U\u015a<\/strong> \u2014 przedstawiciel pracownik\u00f3w badawczo-dydaktycznych dyscypliny literaturoznawstwo, wskazany przez dyrektora Instytutu Literaturoznawstwa (fil. s\u0142ow.)<\/p>\n<p><strong>prof. dr hab. Piotr Fast<\/strong> \u2014 przedstawiciel pracownik\u00f3w badawczo-dydaktycznych\u00a0 dyscypliny literaturoznawstwo (fil. wschodn.)<\/p>\n<p><strong>dr Ewa Kapela<\/strong> \u2014 przedstawicielka pracownik\u00f3w badawczo-dydaktycznych dyscypliny j\u0119zykoznawstwo (fil. wschodn.)<\/p>\n<p><strong>dr Alicja Mr\u00f3zek<\/strong> \u2014 przedstawicielka pracownik\u00f3w dydaktycznych (fil. wschodn.)<\/p>\n<p><strong>dr Dorota Go\u0142ek-Sepetljewa <\/strong>\u2014 przedstawicielka pracownik\u00f3w badawczo-dydaktycznych\u00a0 dyscypliny literaturoznawstwo (fil. s\u0142ow.)<\/p>\n<p><strong>dr Paulina Pycia<\/strong> \u2014 przedstawicielka pracownik\u00f3w badawczo-dydaktycznych dyscypliny j\u0119zykoznawstwo (fil. s\u0142ow.)<\/p>\n<p><strong>dr Ma\u0142gorzata Kalita \u00a0<\/strong>\u2014 \u00a0przedstawicielka pracownik\u00f3w dydaktycznych (fil. s\u0142ow.)<\/p>\n<p><strong>dr hab. Mariola Szymczak-Rozlach, prof. U\u015a<\/strong> \u2014 przedstawicielka pracownik\u00f3w badawczo-dydaktycznych dyscypliny j\u0119zykoznawstwo (fil. s\u0142ow.)<\/p>\n<p><strong>Nikodem Cudzich<\/strong> \u2014 przedstawiciel os\u00f3b studiuj\u0105cych\u00a0 I stopnia (filologia wschodnios\u0142owia\u0144ska\/rosyjska)<\/p>\n<p><strong>Igor Aleksandrowicz<\/strong>\u00a0\u00a0 \u2014\u00a0 przedstawiciel os\u00f3b studiuj\u0105cych\u00a0 I stopnia (filologia s\u0142owia\u0144ska)<\/p>\n<p><strong>lic. Daniela Szynol<\/strong> \u2014 przedstawicielka os\u00f3b studiuj\u0105cych\u00a0 II stopnia (filologia wschodnios\u0142owia\u0144ska\/rosyjska)<\/p>\n<p><strong>lic. Robert Kajstura<\/strong>\u00a0 \u2014\u00a0 przedstawiciel os\u00f3b studiuj\u0105cych\u00a0 II stopnia (filologia s\u0142owia\u0144ska)<\/p>\n<p>&nbsp;<\/p>\n<p><strong>Interesariusze zewn\u0119trzni\/osoby z g\u0142osem doradczym<\/strong><\/p>\n<p><strong>\u00a0<\/strong><\/p>\n<p><strong>Marek Rasi\u0144ski<\/strong> \u2014 prezes S<em>towarzyszenia<\/em>\u00a0Wsp\u00f3\u0142pracy\u00a0<em>Polska<\/em>&#8211;<em>Wsch\u00f3d (oddzia\u0142 katowicki), Konsul Honorowy Bia\u0142orusi<\/em><\/p>\n<p><strong>Tomasz Zjawiony<\/strong> \u2014 prezes Regionalnej Izby Gospodarczej w Katowicach i Konsul Honorowy Republiki S\u0142owenii<\/p>\n<p><strong>dr Izabela Mroczek <\/strong>\u00a0\u2014 \u00a0t\u0142umaczka przysi\u0119g\u0142a j\u0119zyka czeskiego, przedstawicielka firmy ANO<\/p>\n<\/div>\r\n                    <\/div>\r\n                <\/div>[\/vc_column][\/vc_row]<\/p>","protected":false},"excerpt":{"rendered":"<p>[vc_row][vc_column][\/vc_column][\/vc_row] [&#8230;]<\/p>\n<p><a class=\"btn btn-secondary understrap-read-more-link\" href=\"https:\/\/us.edu.pl\/wydzial\/wh\/rady-dydaktyczne-kierunkow-studiow\/filologia-wschodnioslowianska-filologia-slowianska-filologia-rosyjska\/\">Read More&#8230;<\/a><\/p>\n","protected":false},"author":1,"featured_media":0,"parent":7357,"menu_order":5,"comment_status":"closed","ping_status":"closed","template":"page-templates\/inner-page.php","meta":{"_expiration-date-status":"","_expiration-date":0,"_expiration-date-type":"","_expiration-date-categories":[],"_expiration-date-options":[]},"acf":[],"_links":{"self":[{"href":"https:\/\/us.edu.pl\/wydzial\/wh\/wp-json\/wp\/v2\/pages\/7385"}],"collection":[{"href":"https:\/\/us.edu.pl\/wydzial\/wh\/wp-json\/wp\/v2\/pages"}],"about":[{"href":"https:\/\/us.edu.pl\/wydzial\/wh\/wp-json\/wp\/v2\/types\/page"}],"author":[{"embeddable":true,"href":"https:\/\/us.edu.pl\/wydzial\/wh\/wp-json\/wp\/v2\/users\/1"}],"replies":[{"embeddable":true,"href":"https:\/\/us.edu.pl\/wydzial\/wh\/wp-json\/wp\/v2\/comments?post=7385"}],"version-history":[{"count":10,"href":"https:\/\/us.edu.pl\/wydzial\/wh\/wp-json\/wp\/v2\/pages\/7385\/revisions"}],"predecessor-version":[{"id":194301,"href":"https:\/\/us.edu.pl\/wydzial\/wh\/wp-json\/wp\/v2\/pages\/7385\/revisions\/194301"}],"up":[{"embeddable":true,"href":"https:\/\/us.edu.pl\/wydzial\/wh\/wp-json\/wp\/v2\/pages\/7357"}],"wp:attachment":[{"href":"https:\/\/us.edu.pl\/wydzial\/wh\/wp-json\/wp\/v2\/media?parent=7385"}],"curies":[{"name":"wp","href":"https:\/\/api.w.org\/{rel}","templated":true}]}}