{"id":7394,"date":"2020-12-17T17:48:57","date_gmt":"2020-12-17T16:48:57","guid":{"rendered":"https:\/\/us.edu.pl\/wydzial\/wh\/?page_id=7394"},"modified":"2026-01-07T11:14:05","modified_gmt":"2026-01-07T10:14:05","slug":"sztuka-pisania-tworcze-pisanie-i-marketing-wydawniczy-mediteranistyka-filologia-klasyczna","status":"publish","type":"page","link":"https:\/\/us.edu.pl\/wydzial\/wh\/rady-dydaktyczne-kierunkow-studiow\/sztuka-pisania-tworcze-pisanie-i-marketing-wydawniczy-mediteranistyka-filologia-klasyczna\/","title":{"rendered":"SZTUKA PISANIA | TW\u00d3RCZE PISANIE I MARKETING WYDAWNICZY | MEDITERANISTYKA | FILOLOGIA KLASYCZNA"},"content":{"rendered":"<p>[vc_row][vc_column][vc_column_text][\/vc_column_text][\/vc_column][\/vc_row][vc_row][vc_column]\r\n                <div class=\"text-modules\">\r\n                    <div class=\"container\">\r\n                        \r\n                        <div class=\"text-modules__content\"><\/p>\n<h3><span style=\"color: #003366;\"><strong>RADA DYDAKTYCZNA KIERUNK\u00d3W:<br \/>\n<\/strong><\/span><span style=\"color: #003366;\">SZTUKA PISANIA<br \/>\n<\/span><span style=\"color: #003366;\">TW\u00d3RCZE PISANIE I MARKETING WYDAWNICZY<\/span><br \/>\n<span style=\"color: #003366;\">MEDITERANISTYKA<\/span><br \/>\n<span style=\"color: #003366;\">FILOLOGIA KLASYCZNA<\/span><\/h3>\n<p>&nbsp;<\/p>\n<p><strong>dr hab. Grzegorz Olsza\u0144ski, prof. U\u015a \u00a0\u2013 \u00a0przewodnicz\u0105cy (dyrektor kierunku)<\/strong><\/p>\n<p><strong>dr Agata Sowi\u0144ska \u00a0\u2013 <\/strong>\u00a0zast\u0119pczyni dyrektora kierunku<\/p>\n<p><strong>dr Miko\u0142aj Marcela \u00a0\u2013 \u00a0<\/strong>zast\u0119pca dyrektora kierunku<\/p>\n<p><strong>\u00a0<\/strong><\/p>\n<p><strong>dr hab. Marta Baron-Milian \u00a0\u2013 \u00a0<\/strong>przedstawicielka pracownik\u00f3w badawczo-dydaktycznych, wskazana przez dyrektora Instytutu Literaturoznawstwa<\/p>\n<p><strong>dr Edyta Gryksa \u00a0\u2013 \u00a0<\/strong>przedstawicielka pracownik\u00f3w badawczo-dydaktycznych, wskazana przez dyrektora Instytutu Literaturoznawstwa<\/p>\n<p><strong>dr hab. Micha\u0142 K\u0142osi\u0144ski, prof. U\u015a \u00a0\u2013 \u00a0<\/strong>przedstawiciel pracownik\u00f3w badawczo-dydaktycznych<\/p>\n<p><strong>dr hab. Anna Kucz, prof. U\u015a \u2013 \u00a0<\/strong>przedstawicielka pracownik\u00f3w badawczo-dydaktycznych<\/p>\n<p><strong>dr hab. Monika \u0141ado\u0144, prof. U\u015a \u00a0\u2013 \u00a0<\/strong>przedstawicielka pracownik\u00f3w badawczo-dydaktycznych<\/p>\n<p><strong>dr hab. Dariusz Nowacki, prof. U\u015a \u2013 \u00a0<\/strong>przedstawiciel pracownik\u00f3w badawczo-dydaktycznych<\/p>\n<p><strong>dr hab. Przemys\u0142aw Piwowarczyk, prof. U\u015a\u00a0 \u2013 \u00a0<\/strong>przedstawiciel dyscypliny historia<\/p>\n<p><strong>dr Katarzyna Sujkowska, prof. U\u015a \u00a0\u2013 \u00a0<\/strong>przedstawicielka pracownik\u00f3w dydaktycznych<\/p>\n<p><strong>dr Anna Szczepaniak \u00a0\u2013 \u00a0<\/strong>przedstawicielka pracownik\u00f3w dydaktycznych<\/p>\n<p><strong>Marcelina \u015acierska \u2013\u00a0 <\/strong>przedstawicielka os\u00f3b studiuj\u0105cych\u00a0 I stopnia (sztuka pisania)<\/p>\n<p><strong>Samuel Mazurkiewicz\u00a0 \u2013\u00a0 <\/strong>przedstawiciel os\u00f3b studiuj\u0105cych\u00a0 I stopnia (sztuka pisania)<\/p>\n<p><strong>lic. Matylda Lipi\u0144ska \u2013 \u00a0<\/strong>przedstawicielka os\u00f3b studiuj\u0105cych \u00a0II stopnia (tw\u00f3rcze pisanie)<\/p>\n<p><strong>Marta Miroszewska \u2013 \u00a0\u00a0<\/strong>przedstawicielka os\u00f3b studiuj\u0105cych\u00a0 I stopnia (filologia klasyczna)<\/p>\n<p><strong>lic. Oskar Marciniak\u00a0 \u2013 \u00a0\u00a0\u00a0<\/strong>przedstawiciel os\u00f3b studiuj\u0105cych\u00a0 \u00a0II stopnia (filologia klasyczna)<\/p>\n<p><strong>Filip Kowalski \u2013 \u00a0\u00a0<\/strong>przedstawiciel os\u00f3b studiuj\u0105cych\u00a0 \u00a0I stopnia (mediteranistyka)<\/p>\n<p><strong>\u00a0<\/strong><\/p>\n<p>&nbsp;<\/p>\n<p><strong>Interesariusze zewn\u0119trzni \/ osoby z g\u0142osem doradczym<\/strong><\/p>\n<p><strong>\u00a0<\/strong><\/p>\n<p><strong>Weronika Murek \u2013 <\/strong>przedstawicielka interesariuszy zewn\u0119trznych<\/p>\n<p><strong>Dorota Gorzelany-Nowak \u2013 <\/strong>przedstawicielka interesariuszy zewn\u0119trznych<\/p>\n<p><strong>Sonia Draga \u2013 <\/strong>przedstawicielka interesariuszy zewn\u0119trznych<\/p>\n<\/div>\r\n                    <\/div>\r\n                <\/div>[\/vc_column][\/vc_row][vc_row][vc_column][vc_column_text][\/vc_column_text][\/vc_column][\/vc_row]<\/p>","protected":false},"excerpt":{"rendered":"<p>[vc_row][vc_column][vc_column_text][\/vc_column_text][\/vc_column][\/vc_row][vc_row][vc_column][\/vc_column][\/vc_row][vc_row][vc_column][vc_column_text][\/vc_column_text][\/vc_column][\/vc_row] [&#8230;]<\/p>\n<p><a class=\"btn btn-secondary understrap-read-more-link\" href=\"https:\/\/us.edu.pl\/wydzial\/wh\/rady-dydaktyczne-kierunkow-studiow\/sztuka-pisania-tworcze-pisanie-i-marketing-wydawniczy-mediteranistyka-filologia-klasyczna\/\">Read More&#8230;<\/a><\/p>\n","protected":false},"author":1,"featured_media":0,"parent":7357,"menu_order":7,"comment_status":"closed","ping_status":"closed","template":"page-templates\/inner-page.php","meta":{"_expiration-date-status":"","_expiration-date":0,"_expiration-date-type":"","_expiration-date-categories":[],"_expiration-date-options":[]},"acf":[],"_links":{"self":[{"href":"https:\/\/us.edu.pl\/wydzial\/wh\/wp-json\/wp\/v2\/pages\/7394"}],"collection":[{"href":"https:\/\/us.edu.pl\/wydzial\/wh\/wp-json\/wp\/v2\/pages"}],"about":[{"href":"https:\/\/us.edu.pl\/wydzial\/wh\/wp-json\/wp\/v2\/types\/page"}],"author":[{"embeddable":true,"href":"https:\/\/us.edu.pl\/wydzial\/wh\/wp-json\/wp\/v2\/users\/1"}],"replies":[{"embeddable":true,"href":"https:\/\/us.edu.pl\/wydzial\/wh\/wp-json\/wp\/v2\/comments?post=7394"}],"version-history":[{"count":10,"href":"https:\/\/us.edu.pl\/wydzial\/wh\/wp-json\/wp\/v2\/pages\/7394\/revisions"}],"predecessor-version":[{"id":194349,"href":"https:\/\/us.edu.pl\/wydzial\/wh\/wp-json\/wp\/v2\/pages\/7394\/revisions\/194349"}],"up":[{"embeddable":true,"href":"https:\/\/us.edu.pl\/wydzial\/wh\/wp-json\/wp\/v2\/pages\/7357"}],"wp:attachment":[{"href":"https:\/\/us.edu.pl\/wydzial\/wh\/wp-json\/wp\/v2\/media?parent=7394"}],"curies":[{"name":"wp","href":"https:\/\/api.w.org\/{rel}","templated":true}]}}