{"id":7401,"date":"2020-12-17T17:55:16","date_gmt":"2020-12-17T16:55:16","guid":{"rendered":"https:\/\/us.edu.pl\/wydzial\/wh\/?page_id=7401"},"modified":"2025-11-28T14:16:53","modified_gmt":"2025-11-28T13:16:53","slug":"kulturoznawstwo-kultury-mediow-historia-sztuki","status":"publish","type":"page","link":"https:\/\/us.edu.pl\/wydzial\/wh\/rady-dydaktyczne-kierunkow-studiow\/kulturoznawstwo-kultury-mediow-historia-sztuki\/","title":{"rendered":"KULTUROZNAWSTWO | KULTURY MEDI\u00d3W | HISTORIA SZTUKI"},"content":{"rendered":"<p>[vc_row][vc_column]\r\n                <div class=\"text-modules\">\r\n                    <div class=\"container\">\r\n                        \r\n                        <div class=\"text-modules__content\"><\/p>\n<h3><span style=\"color: #003366;\"><strong>RADA DYDAKTYCZNA KIERUNK\u00d3W:<br \/>\n<\/strong><\/span><span style=\"color: #003366;\">KULTUROZNAWSTWO<br \/>\nKULTURY MEDI\u00d3W<br \/>\nHISTORIA SZTUKI<br \/>\n<\/span><\/h3>\n<p>&nbsp;<\/p>\n<p><strong>dr hab. Magdalena Kempna-Pieni\u0105\u017cek, prof. U\u015a<\/strong> \u2013 przewodnicz\u0105ca (dyrektorka kierunku)<\/p>\n<p><strong>dr Julia Legomska<\/strong>\u00a0\u2013 zast\u0119pczyni dyrektorki, zast\u0119pczyni przewodnicz\u0105cej rady<\/p>\n<p><strong>dr Marta Ostrowska-Bies<\/strong>\u00a0\u2013 zast\u0119pczyni dyrektorki, zast\u0119pczyni przewodnicz\u0105cej rady<\/p>\n<p><strong>\u00a0<\/strong><\/p>\n<p><strong>dr hab. Justyna Budzik<\/strong> \u2013 przedstawicielka dyscypliny nauki o kulturze i religii, wskazana przez dyrektork\u0119 Instytutu Nauk o Kulturze<\/p>\n<p><strong>dr hab. Aleksandra D\u0119bska-Kossakowska<\/strong> \u2013 przedstawicielka dyscypliny nauki o kulturze i religii, wskazana przez dyrektork\u0119 Instytutu Nauk o Kulturze<\/p>\n<p><strong>dr Artur Kolbiarz, prof. U\u015a<\/strong> \u2013 przedstawiciel dyscypliny nauki o sztuce, wskazany przez dyrektork\u0119 Instytutu Nauk o Sztuce<\/p>\n<p><strong>dr Adam Pisarek<\/strong> \u2013 przedstawiciel dyscypliny nauki o kulturze i religii, wskazany przez dyrektork\u0119 Instytutu Nauk o Kulturze<\/p>\n<p><strong>dr hab. Beata Popczyk-Szcz\u0119sna, prof. U\u015a<\/strong> \u2013 przedstawicielka dyscypliny nauki o kulturze i religii, wskazana przez dyrektork\u0119 Instytutu Nauk o Kulturze<\/p>\n<p><strong>dr Piotr Aptacy \u00a0<\/strong>\u2013 przedstawiciel pracownik\u00f3w dydaktycznych<\/p>\n<p><strong>Micha\u0142 Chilimoniuk<\/strong> \u2013 przedstawiciel os\u00f3b studiuj\u0105cych I stopnia (kulturoznawstwo)<\/p>\n<p><strong>lic. Martyna Puzio<\/strong> \u2013 przedstawicielka os\u00f3b studiuj\u0105cych II stopnia (kulturoznawstwo)<\/p>\n<p><strong>Zuzanna Waniek<\/strong>\u2013 przedstawicielka os\u00f3b studiuj\u0105cych I stopnia (kultury medi\u00f3w)<\/p>\n<p><strong>lic. Ma\u0142gorzata Janota<\/strong> \u2013 przedstawicielka os\u00f3b studiuj\u0105cych II stopnia (kultury medi\u00f3w)<\/p>\n<p><strong>Anna Widawska<\/strong> \u2013 przedstawicielka os\u00f3b studiuj\u0105cych I stopnia (historia sztuki)<\/p>\n<p>&nbsp;<\/p>\n<p><u>Interesariusze zewn\u0119trzni\/osoby z g\u0142osem doradczym:<\/u><\/p>\n<p><strong>dr Kamila Czaja<\/strong> \u2013 redaktorka naczelna dwutygodnika kulturalnego \u201eartPAPIER\u201d<\/p>\n<p><strong>mgr Magdalena Czerny-Kehl<\/strong> \u2013 zast\u0119pczyni kierownika dzia\u0142u komunikacji instytucji Katowice. Miasto Ogrod\u00f3w<\/p>\n<p><strong>dr Magdalena Mikrut-Majeranek<\/strong> \u2013 redaktor naczelna portalu Histmag.org<\/p>\n<p><strong>mgr in\u017c. Anna Syska<\/strong> \u2013 Miejska Konserwatorka Zabytk\u00f3w w Tychach<\/p>\n<\/div>\r\n                    <\/div>\r\n                <\/div>[\/vc_column][\/vc_row]<\/p>","protected":false},"excerpt":{"rendered":"<p>[vc_row][vc_column][\/vc_column][\/vc_row] [&#8230;]<\/p>\n<p><a class=\"btn btn-secondary understrap-read-more-link\" href=\"https:\/\/us.edu.pl\/wydzial\/wh\/rady-dydaktyczne-kierunkow-studiow\/kulturoznawstwo-kultury-mediow-historia-sztuki\/\">Read More&#8230;<\/a><\/p>\n","protected":false},"author":1,"featured_media":0,"parent":7357,"menu_order":8,"comment_status":"closed","ping_status":"closed","template":"page-templates\/inner-page.php","meta":{"_expiration-date-status":"","_expiration-date":0,"_expiration-date-type":"","_expiration-date-categories":[],"_expiration-date-options":[]},"acf":[],"_links":{"self":[{"href":"https:\/\/us.edu.pl\/wydzial\/wh\/wp-json\/wp\/v2\/pages\/7401"}],"collection":[{"href":"https:\/\/us.edu.pl\/wydzial\/wh\/wp-json\/wp\/v2\/pages"}],"about":[{"href":"https:\/\/us.edu.pl\/wydzial\/wh\/wp-json\/wp\/v2\/types\/page"}],"author":[{"embeddable":true,"href":"https:\/\/us.edu.pl\/wydzial\/wh\/wp-json\/wp\/v2\/users\/1"}],"replies":[{"embeddable":true,"href":"https:\/\/us.edu.pl\/wydzial\/wh\/wp-json\/wp\/v2\/comments?post=7401"}],"version-history":[{"count":8,"href":"https:\/\/us.edu.pl\/wydzial\/wh\/wp-json\/wp\/v2\/pages\/7401\/revisions"}],"predecessor-version":[{"id":193908,"href":"https:\/\/us.edu.pl\/wydzial\/wh\/wp-json\/wp\/v2\/pages\/7401\/revisions\/193908"}],"up":[{"embeddable":true,"href":"https:\/\/us.edu.pl\/wydzial\/wh\/wp-json\/wp\/v2\/pages\/7357"}],"wp:attachment":[{"href":"https:\/\/us.edu.pl\/wydzial\/wh\/wp-json\/wp\/v2\/media?parent=7401"}],"curies":[{"name":"wp","href":"https:\/\/api.w.org\/{rel}","templated":true}]}}