{"id":7410,"date":"2020-12-17T18:21:36","date_gmt":"2020-12-17T17:21:36","guid":{"rendered":"https:\/\/us.edu.pl\/wydzial\/wh\/?page_id=7410"},"modified":"2026-03-23T09:19:15","modified_gmt":"2026-03-23T08:19:15","slug":"filozofia-kognitywistyka-dfic","status":"publish","type":"page","link":"https:\/\/us.edu.pl\/wydzial\/wh\/rady-dydaktyczne-kierunkow-studiow\/filozofia-kognitywistyka-dfic\/","title":{"rendered":"FILOZOFIA | KOGNITYWISTYKA | DFiC"},"content":{"rendered":"<p>[vc_row][vc_column]\r\n                <div class=\"text-modules\">\r\n                    <div class=\"container\">\r\n                        \r\n                        <div class=\"text-modules__content\"><\/p>\n<h3><span style=\"color: #003366;\"><strong>RADA DYDAKTYCZNA KIERUNK\u00d3W<br \/>\n<\/strong>FILOZOFIA, KOGNITYWISTYKA, DORADZTWO FILOZOFICZNE I COACHING<\/span><\/h3>\n<p>&nbsp;<\/p>\n<p><strong>dr Mariola Su\u0142kowska-Janowska, prof. U\u015a\u00a0<\/strong>\u2013 przewodnicz\u0105ca (dyrektorka kierunk\u00f3w)<\/p>\n<p><strong>dr Agnieszka Woszczyk, prof. U\u015a\u00a0<\/strong>\u2013 zast\u0119pczyni dyrektorki<\/p>\n<p><strong>dr Maciej Stanek<\/strong>\u00a0\u2013 zast\u0119pca dyrektorki<\/p>\n<p>&nbsp;<\/p>\n<p><strong>dr hab. Tomasz Kubalica, prof. U\u015a<\/strong> \u2013 przedstawiciel pracownik\u00f3w badawczo-dydaktycznych, wskazany przez Dyrektora Instytutu Filozofii<\/p>\n<p><strong>dr Alicja Pietras<\/strong>\u00a0\u2013 przedstawicielka pracownik\u00f3w badawczo-dydaktycznych, wskazana przez Dyrektora Instytutu Filozofii<\/p>\n<p><strong>prof. dr hab. Hanna Wojtczak<\/strong>\u00a0\u2013 przedstawicielka pracownik\u00f3w badawczo-dydaktycznych, wskazana przez Dyrektora Instytutu Filozofii<\/p>\n<p><strong>mgr Katarzyna Kiepas-Remesz<\/strong>\u00a0\u2013 pracownik dydaktyczny z praktyk\u0105 coachingow\u0105<\/p>\n<p><strong>dr Witold Marz\u0119da<\/strong>\u00a0\u2013 przedstawiciel pracownik\u00f3w badawczo-dydaktycznych<\/p>\n<p><strong>dr Dariusz Olesi\u0144ski<\/strong>\u00a0\u2013 pracownik dydaktyczny z dorobkiem w dziedzinie filozofia i psychologia<\/p>\n<p><strong>dr Paulina Trybek<\/strong>\u00a0\u2013 pracownik badawczo-dydaktyczny (Wydzia\u0142 Nauk \u015acis\u0142ych i Technicznych)<\/p>\n<p><strong>dr Marta Ples-B\u0119ben, prof. U\u015a<\/strong>\u00a0\u2013 przedstawicielka pracownik\u00f3w badawczo-dydaktycznych<\/p>\n<p><strong>dr hab. Krzysztof A. Wieczorek, prof. U\u015a<\/strong>\u00a0\u2013 pracownik dydaktyczny z dorobkiem w dziedzinie filozofia<\/p>\n<p><strong>dr hab. Gra\u017cyna Wilczek, prof. U\u015a<\/strong>\u00a0\u2013 przedstawicielka pracownik\u00f3w badawczo-dydaktycznych z dyscypliny biologia (Wydzia\u0142 Nauk Przyrodniczych)<\/p>\n<p><strong>Maksymilian Ko\u017cdo\u0144<\/strong>\u00a0\u2013 przedstawiciel os\u00f3b studiuj\u0105cych I stopnia (filozofia)<\/p>\n<p><strong>Wiktoria Liszka<\/strong>\u00a0\u2013 przedstawicielka os\u00f3b studiuj\u0105cych I stopnia (kognitywistyka)<\/p>\n<p><strong>Zuzanna Wo\u015bko<\/strong>\u00a0\u2013 przedstawicielka os\u00f3b studiuj\u0105cych I stopnia (doradztwo filozoficzne i coaching)<\/p>\n<p><strong>lic. Micha\u0142 Sawczyn<\/strong>\u00a0\u2013 przedstawiciel os\u00f3b studiuj\u0105cych II stopnia (filozofia)<\/p>\n<p><strong>lic. Antoni Sobaszek<\/strong>\u00a0\u2013 przedstawiciel os\u00f3b studiuj\u0105cych II stopnia (kognitywistyka)<\/p>\n<p><strong>lic. Michalina Jurklowaniec<\/strong>\u00a0\u2013 przedstawicielka os\u00f3b studiuj\u0105cych II stopnia (doradztwo filozoficzne i coaching)<\/p>\n<p>&nbsp;<\/p>\n<p><u>Interesariusze zewn\u0119trzni\/osoby z g\u0142osem doradczym:<\/u><\/p>\n<p><strong>dr hab. n. med. Krzysztof Krysta, prof. SUM<\/strong>\u00a0\u2013 Katedra i Klinika Rehabilitacji Psychiatrycznej Wydzia\u0142u Nauk Medycznych w Katowicach \u015aUM, Ordynator oddzia\u0142u dla pacjent\u00f3w z podw\u00f3jn\u0105 diagnoz\u0105 Centrum Zdrowia Psychicznego i Leczenia Uzale\u017cnie\u0144 w Gliwicach<\/p>\n<p><strong>mgr Justyna Czempik<\/strong>\u00a0\u2013 Master Certified Coach (MCC) International Coach Federation Global<\/p>\n<p><strong>mgr Tomasz Dreinert<\/strong>\u00a0\u2013 Sekretarz komitetu okr\u0119gowego Olimpiady Filozoficznej w Katowicach, X Liceum Og\u00f3lnokszta\u0142c\u0105ce im. I. J. Paderewskiego w Katowicach<\/p>\n<p><strong>mgr Beata G\u0142ubisz<\/strong>\u00a0\u2013 kierowniczka Kina \u015awiatowid<\/p>\n<p><strong>dr Marcin Kik\u00a0<\/strong>\u2013 wyk\u0142adowca akademicki, filozof, psycholog, certyfikowany coach<\/p>\n<p><strong>mgr Ewa Pawik<\/strong>\u00a0\u2013 absolwentka studi\u00f3w podyplomowych z \u201eFilozofii i etyki\u201d, polonistka w I LO w D\u0105browie G\u00f3rniczej<\/p>\n<p><strong>dr Monika Polaczek<\/strong>\u00a0\u2013 filozofka, dyplomowany coach<\/p>\n<p><strong>mgr Julian Strza\u0142kowski<\/strong>\u00a0\u2013 Sekretarz Polskiego Towarzystwa Doradztwa Filozoficznego<\/p>\n<p><strong>dr Katarzyna Szmagli\u0144ska<\/strong>\u00a0\u2013 pracowniczka dydaktyczna z dorobkiem w dziedzinie filozofia, kierownik Zak\u0142adu Filozofii i Bioetyki na Wydziale Nauk o Zdrowiu \u015al\u0105skiego Uniwersytetu Medycznego<\/p>\n<p><strong>mgr Piotr Frelke<\/strong> \u2013 absolwent Doradztwa Filozoficznego i Coachingu, cz\u0142onek Ministerstwa Samotno\u015bci oraz Polskiego Towarzystwa Doradztwa Filozoficznego, wsp\u00f3\u0142za\u0142o\u017cyciel Stowarzyszenia Rozwoju \u015awiadomo\u015bci<\/p>\n<p><strong>mgr Jakub Kubacki<\/strong> \u2013 absolwent Doradztwa Filozoficznego i Coachingu, wyk\u0142adowca Wy\u017cszej Szko\u0142y Humanitas w Sosnowcu, wsp\u00f3\u0142za\u0142o\u017cyciel Stowarzyszenia Rozwoju \u015awiadomo\u015bci<\/p>\n<p><strong>mgr Korneliusz Oko\u0144<\/strong> \u2013 Sekretarz Polskiego Towarzystwa Doradztwa Filozoficznego, doradca filozoficzny, coach, popularyzator filozofii.<\/p>\n<p><strong>mgr Aleksandra Golecka<\/strong> \u2013 cz\u0142onkini Polskiego Towarzystwa Doradztwa Filozoficznego, popularyzatorka filozofiis<\/p>\n<\/div>\r\n                    <\/div>\r\n                <\/div>[\/vc_column][\/vc_row][vc_column][\/vc_column]<\/p>","protected":false},"excerpt":{"rendered":"<p>[vc_row][vc_column][\/vc_column][\/vc_row][vc_column][\/vc_column] [&#8230;]<\/p>\n<p><a class=\"btn btn-secondary understrap-read-more-link\" href=\"https:\/\/us.edu.pl\/wydzial\/wh\/rady-dydaktyczne-kierunkow-studiow\/filozofia-kognitywistyka-dfic\/\">Read More&#8230;<\/a><\/p>\n","protected":false},"author":1,"featured_media":0,"parent":7357,"menu_order":11,"comment_status":"closed","ping_status":"closed","template":"page-templates\/inner-page.php","meta":{"_expiration-date-status":"","_expiration-date":0,"_expiration-date-type":"","_expiration-date-categories":[],"_expiration-date-options":[]},"acf":[],"_links":{"self":[{"href":"https:\/\/us.edu.pl\/wydzial\/wh\/wp-json\/wp\/v2\/pages\/7410"}],"collection":[{"href":"https:\/\/us.edu.pl\/wydzial\/wh\/wp-json\/wp\/v2\/pages"}],"about":[{"href":"https:\/\/us.edu.pl\/wydzial\/wh\/wp-json\/wp\/v2\/types\/page"}],"author":[{"embeddable":true,"href":"https:\/\/us.edu.pl\/wydzial\/wh\/wp-json\/wp\/v2\/users\/1"}],"replies":[{"embeddable":true,"href":"https:\/\/us.edu.pl\/wydzial\/wh\/wp-json\/wp\/v2\/comments?post=7410"}],"version-history":[{"count":10,"href":"https:\/\/us.edu.pl\/wydzial\/wh\/wp-json\/wp\/v2\/pages\/7410\/revisions"}],"predecessor-version":[{"id":196553,"href":"https:\/\/us.edu.pl\/wydzial\/wh\/wp-json\/wp\/v2\/pages\/7410\/revisions\/196553"}],"up":[{"embeddable":true,"href":"https:\/\/us.edu.pl\/wydzial\/wh\/wp-json\/wp\/v2\/pages\/7357"}],"wp:attachment":[{"href":"https:\/\/us.edu.pl\/wydzial\/wh\/wp-json\/wp\/v2\/media?parent=7410"}],"curies":[{"name":"wp","href":"https:\/\/api.w.org\/{rel}","templated":true}]}}