{"id":7512,"date":"2020-12-21T13:12:23","date_gmt":"2020-12-21T12:12:23","guid":{"rendered":"https:\/\/us.edu.pl\/wydzial\/wh\/?page_id=7512"},"modified":"2021-02-09T11:42:52","modified_gmt":"2021-02-09T10:42:52","slug":"dobre-praktyki-na-zajecia-zdalne","status":"publish","type":"page","link":"https:\/\/us.edu.pl\/wydzial\/wh\/pracownik-wh\/zdalny-wh\/dobre-praktyki-na-zajecia-zdalne\/","title":{"rendered":"Dobre praktyki na zaj\u0119cia zdalne"},"content":{"rendered":"<p>[vc_row el_class=&#8221;container&#8221;][vc_column width=&#8221;2\/3&#8243;]\r\n                <div class=\"text-modules\">\r\n                    <div class=\"container\">\r\n                        \r\n                        <div class=\"text-modules__content\"><\/p>\n<ul>\n<li><span style=\"font-size: 14pt\"><a href=\"https:\/\/us.edu.pl\/wydzial\/wh\/wp-content\/uploads\/sites\/15\/Nieprzypisane\/DOBRA-PRAKTYKA-NA-ZAJ\u0118CIA-ZDALNE-Janikowski-runda-otwieraj\u0105ca.pdf\" class=\"mtli_attachment mtli_pdf\" data-mtli=\"mtli_filesize114,23kB\" class=\"mtli_attachment mtli_pdf\" data-mtli=\"mtli_filesize114,23kB\"><span style=\"font-size: 12pt\">DOBRA PRAKTYKA NA ZAJ\u0118CIA ZDALNE &#8211; Janikowski &#8211; runda otwieraj\u0105ca<\/span><\/a><\/span><\/li>\n<li><a href=\"https:\/\/us.edu.pl\/wydzial\/wh\/wp-content\/uploads\/sites\/15\/Nieprzypisane\/DOBRA-PRAKTYKA-NA-ZAJ\u0118CIA-ZDALNE-Knoll-Gra-planszowa.pdf\" class=\"mtli_attachment mtli_pdf\" data-mtli=\"mtli_filesize121,02kB\" class=\"mtli_attachment mtli_pdf\" data-mtli=\"mtli_filesize121,02kB\"><span style=\"font-size: 12pt\">DOBRA PRAKTYKA NA ZAJ\u0118CIA ZDALNE &#8211; Knoll &#8211; Gra planszowa<\/span><\/a><\/li>\n<li><span style=\"font-size: 12pt\"><a href=\"https:\/\/us.edu.pl\/wydzial\/wh\/wp-content\/uploads\/sites\/15\/Nieprzypisane\/DOBRA-PRAKTYKA-NA-ZAJ\u0118CIA-ZDALNE-Knoll-Ko\u0142o-fortuny.pdf\" class=\"mtli_attachment mtli_pdf\" data-mtli=\"mtli_filesize115,97kB\" class=\"mtli_attachment mtli_pdf\" data-mtli=\"mtli_filesize115,97kB\">DOBRA PRAKTYKA NA ZAJ\u0118CIA ZDALNE &#8211; Knoll &#8211; Ko\u0142o fortuny<\/a><\/span><\/li>\n<li><span style=\"font-size: 12pt\"><a href=\"https:\/\/us.edu.pl\/wydzial\/wh\/wp-content\/uploads\/sites\/15\/Nieprzypisane\/DOBRA-PRAKTYKA-NA-ZAJ\u0118CIA-ZDALNE-Koszo\u0142ko-tablica-Whiteboard.pdf\" class=\"mtli_attachment mtli_pdf\" data-mtli=\"mtli_filesize113,64kB\" class=\"mtli_attachment mtli_pdf\" data-mtli=\"mtli_filesize113,64kB\">DOBRA PRAKTYKA NA ZAJ\u0118CIA ZDALNE &#8211; Koszo\u0142ko &#8211; tablica Whiteboard<\/a><\/span><\/li>\n<li><span style=\"font-size: 12pt\"><a href=\"https:\/\/us.edu.pl\/wydzial\/wh\/wp-content\/uploads\/sites\/15\/Nieprzypisane\/DOBRA-PRAKTYKA-NA-ZAJ\u0118CIA-ZDALNE-Marcela-uwagi-og\u00f3lne.pdf\" class=\"mtli_attachment mtli_pdf\" data-mtli=\"mtli_filesize112,33kB\" class=\"mtli_attachment mtli_pdf\" data-mtli=\"mtli_filesize112,33kB\">DOBRA PRAKTYKA NA ZAJ\u0118CIA ZDALNE &#8211; Marcela &#8211; uwagi og\u00f3lne<\/a><\/span><\/li>\n<li><span style=\"font-size: 12pt\"><a href=\"https:\/\/us.edu.pl\/wydzial\/wh\/wp-content\/uploads\/sites\/15\/Nieprzypisane\/DOBRA-PRAKTYKA-NA-ZAJ\u0118CIA-ZDALNE-Mercik-Coggle-mapa-my\u015bli.pdf\" class=\"mtli_attachment mtli_pdf\" data-mtli=\"mtli_filesize119,22kB\" class=\"mtli_attachment mtli_pdf\" data-mtli=\"mtli_filesize119,22kB\">DOBRA PRAKTYKA NA ZAJ\u0118CIA ZDALNE &#8211; Mercik &#8211; Coggle mapa my\u015bli<\/a><\/span><\/li>\n<li><span style=\"font-size: 12pt\"><a href=\"https:\/\/us.edu.pl\/wydzial\/wh\/wp-content\/uploads\/sites\/15\/Nieprzypisane\/DOBRA-PRAKTYKA-NA-ZAJ\u0118CIA-ZDALNE-Mercik-Quizziz.pdf\" class=\"mtli_attachment mtli_pdf\" data-mtli=\"mtli_filesize118,96kB\" class=\"mtli_attachment mtli_pdf\" data-mtli=\"mtli_filesize118,96kB\">DOBRA PRAKTYKA NA ZAJ\u0118CIA ZDALNE &#8211; Mercik &#8211; Quizziz<\/a><\/span><\/li>\n<li><span style=\"font-size: 12pt\"><a href=\"https:\/\/us.edu.pl\/wydzial\/wh\/wp-content\/uploads\/sites\/15\/Nieprzypisane\/DOBRA-PRAKTYKA-NA-ZAJ\u0118CIA-ZDALNE-Mitek-Dziemba-tablica-Jamboard-w-grupach.pdf\" class=\"mtli_attachment mtli_pdf\" data-mtli=\"mtli_filesize115,74kB\" class=\"mtli_attachment mtli_pdf\" data-mtli=\"mtli_filesize115,74kB\">DOBRA PRAKTYKA NA ZAJ\u0118CIA ZDALNE &#8211; Mitek-Dziemba &#8211; tablica Jamboard w grupach<\/a><\/span><\/li>\n<li><span style=\"font-size: 12pt\"><a href=\"https:\/\/us.edu.pl\/wydzial\/wh\/wp-content\/uploads\/sites\/15\/Nieprzypisane\/DOBRA-PRAKTYKA-NA-ZAJ\u0118CIA-ZDALNE-Rott-zaj\u0119cia-z-go\u015bciem.pdf\" class=\"mtli_attachment mtli_pdf\" data-mtli=\"mtli_filesize193,30kB\" class=\"mtli_attachment mtli_pdf\" data-mtli=\"mtli_filesize193,30kB\">DOBRA PRAKTYKA NA ZAJ\u0118CIA ZDALNE &#8211; Rott &#8211; zaj\u0119cia z go\u015bciem<\/a><\/span><\/li>\n<li><span style=\"font-size: 12pt\"><a href=\"https:\/\/us.edu.pl\/wydzial\/wh\/wp-content\/uploads\/sites\/15\/Nieprzypisane\/DOBRA-PRAKTYKA-NA-ZAJ\u0118CIA-ZDALNE-Sokulski-dyskusja.pdf\" class=\"mtli_attachment mtli_pdf\" data-mtli=\"mtli_filesize110,28kB\" class=\"mtli_attachment mtli_pdf\" data-mtli=\"mtli_filesize110,28kB\">DOBRA PRAKTYKA NA ZAJ\u0118CIA ZDALNE &#8211; Sokulski &#8211; dyskusja<\/a><\/span><\/li>\n<li><span style=\"font-size: 12pt\"><a href=\"https:\/\/us.edu.pl\/wydzial\/wh\/wp-content\/uploads\/sites\/15\/Nieprzypisane\/DOBRA-PRAKTYKA-NA-ZAJ\u0118CIA-ZDALNE-Starnawska-teksty-i-pliki-wsp\u00f3\u0142dzielone-synchronicznie.pdf\" class=\"mtli_attachment mtli_pdf\" data-mtli=\"mtli_filesize225,94kB\" class=\"mtli_attachment mtli_pdf\" data-mtli=\"mtli_filesize225,94kB\">DOBRA PRAKTYKA NA ZAJ\u0118CIA ZDALNE &#8211; Starnawska &#8211; teksty i pliki wsp\u00f3\u0142dzielone synchronicznie<\/a><\/span><\/li>\n<li><span style=\"font-size: 12pt\"><a href=\"https:\/\/us.edu.pl\/wydzial\/wh\/wp-content\/uploads\/sites\/15\/Nieprzypisane\/DOBRA-PRAKTYKA-NA-ZAJ\u0118CIA-ZDALNE-Wilk-Kana\u0142y-dla-grup.pdf\" class=\"mtli_attachment mtli_pdf\" data-mtli=\"mtli_filesize115,34kB\" class=\"mtli_attachment mtli_pdf\" data-mtli=\"mtli_filesize115,34kB\">DOBRA PRAKTYKA NA ZAJ\u0118CIA ZDALNE &#8211; Wilk &#8211; Kana\u0142y dla grup<\/a><\/span><\/li>\n<\/ul>\n<p>\n<style type=\"text\/css\">a[data-mtli~=\"mtli_filesize114,23kB\"]:after {content:\" (114,23 kB)\"}a[data-mtli~=\"mtli_filesize121,02kB\"]:after {content:\" (121,02 kB)\"}a[data-mtli~=\"mtli_filesize115,97kB\"]:after {content:\" (115,97 kB)\"}a[data-mtli~=\"mtli_filesize113,64kB\"]:after {content:\" (113,64 kB)\"}a[data-mtli~=\"mtli_filesize112,33kB\"]:after {content:\" (112,33 kB)\"}a[data-mtli~=\"mtli_filesize119,22kB\"]:after {content:\" (119,22 kB)\"}a[data-mtli~=\"mtli_filesize118,96kB\"]:after {content:\" (118,96 kB)\"}a[data-mtli~=\"mtli_filesize115,74kB\"]:after {content:\" (115,74 kB)\"}a[data-mtli~=\"mtli_filesize193,30kB\"]:after {content:\" (193,30 kB)\"}a[data-mtli~=\"mtli_filesize110,28kB\"]:after {content:\" (110,28 kB)\"}a[data-mtli~=\"mtli_filesize225,94kB\"]:after {content:\" (225,94 kB)\"}a[data-mtli~=\"mtli_filesize115,34kB\"]:after {content:\" (115,34 kB)\"}<\/style><\/div>\r\n                    <\/div>\r\n                <\/div>[\/vc_column][vc_column width=&#8221;1\/3&#8243;][\/vc_column][\/vc_row]<\/p>\n<style type=\"text\/css\">a[data-mtli~=\"mtli_filesize114,23kB\"]:after {content:\" (114,23 kB)\"}a[data-mtli~=\"mtli_filesize121,02kB\"]:after {content:\" (121,02 kB)\"}a[data-mtli~=\"mtli_filesize115,97kB\"]:after {content:\" (115,97 kB)\"}a[data-mtli~=\"mtli_filesize113,64kB\"]:after {content:\" (113,64 kB)\"}a[data-mtli~=\"mtli_filesize112,33kB\"]:after {content:\" (112,33 kB)\"}a[data-mtli~=\"mtli_filesize119,22kB\"]:after {content:\" (119,22 kB)\"}a[data-mtli~=\"mtli_filesize118,96kB\"]:after {content:\" (118,96 kB)\"}a[data-mtli~=\"mtli_filesize115,74kB\"]:after {content:\" (115,74 kB)\"}a[data-mtli~=\"mtli_filesize193,30kB\"]:after {content:\" (193,30 kB)\"}a[data-mtli~=\"mtli_filesize110,28kB\"]:after {content:\" (110,28 kB)\"}a[data-mtli~=\"mtli_filesize225,94kB\"]:after {content:\" (225,94 kB)\"}a[data-mtli~=\"mtli_filesize115,34kB\"]:after {content:\" (115,34 kB)\"}<\/style>","protected":false},"excerpt":{"rendered":"<p>[vc_row el_class=&#8221;container&#8221;][vc_column width=&#8221;2\/3&#8243;][\/vc_column][vc_column width=&#8221;1\/3&#8243;][\/vc_column][\/vc_row] [&#8230;]<\/p>\n<p><a class=\"btn btn-secondary understrap-read-more-link\" href=\"https:\/\/us.edu.pl\/wydzial\/wh\/pracownik-wh\/zdalny-wh\/dobre-praktyki-na-zajecia-zdalne\/\">Read More&#8230;<\/a><\/p>\n","protected":false},"author":2430,"featured_media":0,"parent":7301,"menu_order":0,"comment_status":"closed","ping_status":"closed","template":"","meta":{"_expiration-date-status":"saved","_expiration-date":0,"_expiration-date-type":"","_expiration-date-categories":[],"_expiration-date-options":[]},"acf":[],"_links":{"self":[{"href":"https:\/\/us.edu.pl\/wydzial\/wh\/wp-json\/wp\/v2\/pages\/7512"}],"collection":[{"href":"https:\/\/us.edu.pl\/wydzial\/wh\/wp-json\/wp\/v2\/pages"}],"about":[{"href":"https:\/\/us.edu.pl\/wydzial\/wh\/wp-json\/wp\/v2\/types\/page"}],"author":[{"embeddable":true,"href":"https:\/\/us.edu.pl\/wydzial\/wh\/wp-json\/wp\/v2\/users\/2430"}],"replies":[{"embeddable":true,"href":"https:\/\/us.edu.pl\/wydzial\/wh\/wp-json\/wp\/v2\/comments?post=7512"}],"version-history":[{"count":7,"href":"https:\/\/us.edu.pl\/wydzial\/wh\/wp-json\/wp\/v2\/pages\/7512\/revisions"}],"predecessor-version":[{"id":10015,"href":"https:\/\/us.edu.pl\/wydzial\/wh\/wp-json\/wp\/v2\/pages\/7512\/revisions\/10015"}],"up":[{"embeddable":true,"href":"https:\/\/us.edu.pl\/wydzial\/wh\/wp-json\/wp\/v2\/pages\/7301"}],"wp:attachment":[{"href":"https:\/\/us.edu.pl\/wydzial\/wh\/wp-json\/wp\/v2\/media?parent=7512"}],"curies":[{"name":"wp","href":"https:\/\/api.w.org\/{rel}","templated":true}]}}