{"id":787,"date":"2019-10-04T13:09:33","date_gmt":"2019-10-04T11:09:33","guid":{"rendered":"https:\/\/us.edu.pl\/wydzial\/wh\/?page_id=787"},"modified":"2025-02-25T10:47:13","modified_gmt":"2025-02-25T09:47:13","slug":"czasopisma","status":"publish","type":"page","link":"https:\/\/us.edu.pl\/wydzial\/wh\/czasopisma\/","title":{"rendered":"Czasopisma"},"content":{"rendered":"<p>[vc_row][vc_column]\r\n                <div class=\"text-modules\">\r\n                    <div class=\"container\">\r\n                        <h3 class=\"page-title text__title\">Czasopisma<\/h3>\r\n                        <div class=\"text-modules__content\"><\/div>\r\n                    <\/div>\r\n                <\/div>\r\n                <div class=\"tiles-section\" style=\"background: \">\r\n                    <div class=\"container\">\r\n                        <div class=\"tiles tiles-3\">\r\n\r\n                            <a href=\"http:\/\/www.paidia.us.edu.pl\/\" class=\"tile tile_info\" style=\"background-color: #EBEBEB; border: 0 \">\r\n                                 <div class=\"tile_info__title\">Paidia i Literatura<\/div>\r\n                                <div class=\"tile_info__subtitle\"><b>Redaktor naczelna:<\/b> <br \/>Ma\u0142gorzata W\u00f3jcik-Dudek<br \/> <b>Zast\u0119pczyni redaktor naczelnej:<\/b> <br \/>Bernadeta Niesporek-Szamburska<br \/> <b>Sekretarz redakcji:<\/b> <br \/>Karolina Starnawska<\/div>\r\n                            <\/a>\r\n\r\n                            <a href=\"https:\/\/wydawnictwo.us.edu.pl\/node\/8171\/description\" class=\"tile tile_info\" style=\"background-color: #EBEBEB; border: 0 \">\r\n                                 <div class=\"tile_info__title\">Romanica Silesiana<\/div>\r\n                                <div class=\"tile_info__subtitle\"><b>Redaktor naczelny:<\/b> <br \/>Andrzej Rabsztyn <\/div>\r\n                            <\/a>\r\n\r\n                            <a href=\"https:\/\/journals.us.edu.pl\/index.php\/FL\" class=\"tile tile_info\" style=\"background-color: #EBEBEB; border: 0 \">\r\n                                 <div class=\"tile_info__title\">Forum Lingwistyczne<\/div>\r\n                                <div class=\"tile_info__subtitle\"><b>Redaktor naczelna:<\/b> <br \/>Magdalena Pastuch <br \/> <b>Zast\u0119pczyni redaktor naczelnej:<\/b> <br \/>Katarzyna Sujkowska-Sobisz<br \/> <b>Sekretarz naukowa redakcji:<\/b> <br \/>Karolina Lisczyk<\/div>\r\n                            <\/a>\r\n\r\n                            <a href=\"https:\/\/www.fabrica.us.edu.pl\/\" class=\"tile tile_info\" style=\"background-color: #EBEBEB; border: 0 \">\r\n                                 <div class=\"tile_info__title\">Fabrica Litterarum Polono-Italica<\/div>\r\n                                <div class=\"tile_info__subtitle\"><b>Redaktor naczelna:<\/b> <br \/>Janina Janas<br \/> <b>Zast\u0119pcy redaktor naczelnej:<\/b><br\/>Mariusz Jochemczyk, Mi\u0142osz Piotrowiak<br \/> <b>Sekretarz redakcji:<\/b> <br \/>Ilona Chyli\u0144ska<\/div>\r\n                            <\/a>\r\n\r\n                            <a href=\"https:\/\/journals.us.edu.pl\/index.php\/FOLIA\" class=\"tile tile_info\" style=\"background-color: #EBEBEB; border: 0 \">\r\n                                 <div class=\"tile_info__title\">Folia Philosophica<\/div>\r\n                                <div class=\"tile_info__subtitle\"><b>Redaktor naczelny:<\/b> <br \/>Dariusz Kubok<br \/> <b>Zast\u0119pca redaktora naczelnego:<\/b> <br \/> Tomasz Kubalica <br \/> <b>Sekretarz redakcji:<\/b> <br \/> Marta Ples-B\u0119ben <\/b> <br \/> Alicja Pietras<\/div>\r\n                            <\/a>\r\n\r\n                            <a href=\"http:\/\/www.nowabiblioteka.us.edu.pl\/index.html\" class=\"tile tile_info\" style=\"background-color: #EBEBEB; border: 0 \">\r\n                                 <div class=\"tile_info__title\">Nowa Biblioteka. Us\u0142ugi, Technologie Informacyjne i Media<\/div>\r\n                                <div class=\"tile_info__subtitle\"><b>Redaktor naczelna:<\/b> <br \/>Agnieszka Go\u0142da <br \/> <b>Sekretarz redakcji:<\/b> <br \/>Agnieszka \u0141akomy-Ch\u0142osta<\/div>\r\n                            <\/a>\r\n\r\n                            <a href=\"http:\/\/www.iudaicarussica.us.edu.pl\/\" class=\"tile tile_info\" style=\"background-color: #EBEBEB; border: 0 \">\r\n                                 <div class=\"tile_info__title\">Iudaica Russica<\/div>\r\n                                <div class=\"tile_info__subtitle\"><b>Redaktor naczelna:<\/b> <br \/>Miros\u0142awa Michalska-Suchanek<br \/> <b>Zast\u0119pczyni redaktor naczelnej:<\/b> <br \/>Agnieszka Lenart <br \/> <b>Sekretarz redakcji:<\/b> <br \/>Alicja Mr\u00f3zek <\/div>\r\n                            <\/a>\r\n\r\n                            <a href=\"http:\/\/www.logopediasilesiana.us.edu.pl\/\" class=\"tile tile_info\" style=\"background-color: #EBEBEB; border: 0 \">\r\n                                 <div class=\"tile_info__title\">Logopedia Silesiana<\/div>\r\n                                <div class=\"tile_info__subtitle\"><b>Redaktor naczelna:<\/b> <br \/>Olga Przybyla <br \/> <b>Sekretarz redakcji:<\/b> <br \/>Anna Pil\u015bniak<\/div>\r\n                            <\/a>\r\n\r\n                            <a href=\"https:\/\/wydawnictwo.us.edu.pl\/node\/8161\" class=\"tile tile_info\" style=\"background-color: #EBEBEB; border: 0 \">\r\n                                 <div class=\"tile_info__title\">Neophilologica<\/div>\r\n                                <div class=\"tile_info__subtitle\"><b>Redaktor naczelny:<\/b> <br \/>Wies\u0142aw Bany\u015b <br \/> <b>Sekretarze redakcji:<\/b> <br \/>Anna Czekaj, Beata \u015amigielska<\/div>\r\n                            <\/a>\r\n\r\n                            <a href=\"https:\/\/www.noz.us.edu.pl\/\" class=\"tile tile_info\" style=\"background-color: #EBEBEB; border: 0 \">\r\n                                 <div class=\"tile_info__title\">Narracje o Zag\u0142adzie<\/div>\r\n                                <div class=\"tile_info__subtitle\"><b>Redaktor naczelna:<\/b> <br \/>Marta Tomczok <br \/> <b>Zast\u0119pczyni redaktor naczelnej:<\/b> <br \/>Anita Jarzyna <br \/>  <b>Sekretarze redakcji:<\/b> <br \/> Anna Kisiel<\/div>\r\n                            <\/a>\r\n\r\n                            <a href=\"http:\/\/www.postscriptum.us.edu.pl\/\" class=\"tile tile_info\" style=\"background-color: #EBEBEB; border: 0 \">\r\n                                 <div class=\"tile_info__title\">Postscriptum Polonistyczne<\/div>\r\n                                <div class=\"tile_info__subtitle\"><b>Redaktor naczelny:<\/b>  <br \/>Romuald Cudak <br \/> <b>Zast\u0119pczyni redaktora naczelnego:<\/b> <br \/>Jolanta Tambor  <br \/> <b>Sekretarz redakcji:<\/b> <br \/>Maria Czempka-Wewi\u00f3ra<\/div>\r\n                            <\/a>\r\n\r\n                            <a href=\"http:\/\/www.pls.us.edu.pl\/\" class=\"tile tile_info\" style=\"background-color: #EBEBEB; border: 0 \">\r\n                                 <div class=\"tile_info__title\">Przek\u0142ady Literatur S\u0142owia\u0144skich<\/div>\r\n                                <div class=\"tile_info__subtitle\"><b>Redaktor naczelny:<\/b> <br \/>Leszek Ma\u0142czak <br \/> <b>Zast\u0119pczyni redaktora naczelnego:<\/b> <br \/>Marta Buczek <br \/>  <b>Sekretarz redakcji:<\/b> <br \/>Monika Gawlak<\/div>\r\n                            <\/a>\r\n\r\n                            <a href=\"https:\/\/www.journals.us.edu.pl\/index.php\/SSP\" class=\"tile tile_info\" style=\"background-color: #EBEBEB; border: 0 \">\r\n                                 <div class=\"tile_info__title\">\u015al\u0105skie Studia Polonistyczne<\/div>\r\n                                <div class=\"tile_info__subtitle\"><b>Redaktor naczelna:<\/b> <br \/>Anna Ka\u0142u\u017ca  <br \/> <b>Zast\u0119pczyni redaktor naczelnej:<\/b> <br \/>Marta Baron-Milian  <br \/> <b>Sekretarze redakcji:<\/b> <br \/>Piotr Gorli\u0144ski-Kucik, Monika Lubi\u0144ska<\/div>\r\n                            <\/a>\r\n\r\n                            <a href=\"https:\/\/www.journals.us.edu.pl\/index.php\/rana\" class=\"tile tile_info\" style=\"background-color: #EBEBEB; border: 0 \">\r\n                                 <div class=\"tile_info__title\">Rana. Literatura \u2013 Do\u015bwiadczenie \u2013 To\u017csamo\u015b\u0107<\/div>\r\n                                <div class=\"tile_info__subtitle\"><b>Redaktor naczelna:<\/b> <br \/>Joanna Kisiel  <br \/> <b>Zast\u0119pczyni redaktor naczelnej:<\/b> <br \/>Monika \u0141ado\u0144 <br \/> <b>Sekretarz redakcji:<\/b> <br \/>Katarzyna Niesporek<\/div>\r\n                            <\/a>\r\n\r\n                            <a href=\"https:\/\/www.journals.us.edu.pl\/index.php\/ZOOPHILOLOGICA\/index\" class=\"tile tile_info\" style=\"background-color: #EBEBEB; border: 0 \">\r\n                                 <div class=\"tile_info__title\">Zoophilologica. Polish Journal of Animal Studies<\/div>\r\n                                <div class=\"tile_info__subtitle\"><b>Redaktor naczelna:<\/b> <br \/>Justyna Tymieniecka-Suchanek <br \/> <b>Zast\u0119pczyni redaktor naczelnej:<\/b> <br \/>Ma\u0142gorzata Poks<br \/> <b>Sekretarze redakcji:<\/b> <br \/>Magdalena Malinowska, Anna Tyka<\/div>\r\n                            <\/a>\r\n\r\n                            <a href=\"https:\/\/www.ztipdjp.us.edu.pl\/\" class=\"tile tile_info\" style=\"background-color: #EBEBEB; border: 0 \">\r\n                                 <div class=\"tile_info__title\">Z Teorii i Praktyki Dydaktycznej J\u0119zyka Polskiego<\/div>\r\n                                <div class=\"tile_info__subtitle\"><b>Redaktor naczelna:<\/b> <br \/>Magdalena Ochwat <br \/> <b>Zast\u0119pczyni redaktor naczelnej:<\/b> <br \/>Bernadeta Niesporek-Szamburska <br \/> <b>Sekretarz i redaktor j\u0119zykowy:<\/b> <br \/>Anna Guzy<\/div>\r\n                            <\/a>\r\n\r\n                            <a href=\"https:\/\/www.journals.us.edu.pl\/index.php\/ERRGO\" class=\"tile tile_info\" style=\"background-color: #EBEBEB; border: 0 \">\r\n                                 <div class=\"tile_info__title\">ER(R)GO. Teoria \u2013 Literatura \u2013 Kultura<\/div>\r\n                                <div class=\"tile_info__subtitle\"><b>Redaktor naczelny:<\/b>  <br \/>Wojciech Kalaga <br \/> <b>Zast\u0119pcy redaktora naczelnego:<\/b> <br \/>Pawe\u0142 J\u0119drzejko i Marzena Kubisz <br \/> <b>Sekretarz redakcji:<\/b> <br \/>Marcin Mazurek<\/div>\r\n                            <\/a>\r\n\r\n                            <a href=\"https:\/\/www.journals.us.edu.pl\/index.php\/TAPSLA\/\" class=\"tile tile_info\" style=\"background-color: #EBEBEB; border: 0 \">\r\n                                 <div class=\"tile_info__title\">Theory and Practice of Second Language Acquisition<\/div>\r\n                                <div class=\"tile_info__subtitle\"><b>Redaktorzy naczelni:<\/b> <br \/>Danuta Gabry\u015b-Barker, Adam Wojtaszek<\/div>\r\n                            <\/a>\r\n\r\n                            <a href=\"https:\/\/journals.us.edu.pl\/index.php\/PR\" class=\"tile tile_info\" style=\"background-color: #EBEBEB; border: 0 \">\r\n                                 <div class=\"tile_info__title\">Przegl\u0105d Rusycystyczny<\/div>\r\n                                <div class=\"tile_info__subtitle\"><b>Redaktor naczelny:<\/b>  <br \/>Piotr Fast <br \/>  <b>Sekretarz redakcji:<\/b> <br \/>Pawe\u0142 \u0141aniewski<\/div>\r\n                            <\/a>\r\n\r\n                            <a href=\"https:\/\/wydawnictwo.us.edu.pl\/node\/2652\" class=\"tile tile_info\" style=\"background-color: #EBEBEB; border: 0 \">\r\n                                 <div class=\"tile_info__title\">Rusycystyczne Studia Literaturoznawcze<\/div>\r\n                                <div class=\"tile_info__subtitle\"><b>Redaktor naczelna:<\/b>  <br \/>Beata Pawletko <br \/>  <b>Sekretarze redakcji:<\/b> <br \/>Paulina Charko-Klekot,  Anna Tyka<\/div>\r\n                            <\/a>\r\n\r\n                            <a href=\"https:\/\/wydawnictwo.us.edu.pl\/node\/2662\" class=\"tile tile_info\" style=\"background-color: #EBEBEB; border: 0 \">\r\n                                 <div class=\"tile_info__title\">Scripta Clasica<\/div>\r\n                                <div class=\"tile_info__subtitle\"><b>Redaktor naczelny:<\/b> <br \/>Jan Kucharski<br \/> <\/div>\r\n                            <\/a>\r\n\r\n                            <a href=\"http:\/\/www.seia.us.edu.pl\/\" class=\"tile tile_info\" style=\"background-color: #EBEBEB; border: 0 \">\r\n                                 <div class=\"tile_info__title\">Studia Etnologiczne i Antropologiczne<\/div>\r\n                                <div class=\"tile_info__subtitle\"><b>Redaktor naczelny:<\/b>  <br \/>Maciej Kurcz <br \/>  <b>Sekretarz redakcji:<\/b> <br \/>Magdalena Szalbot<\/div>\r\n                            <\/a>\r\n\r\n                            <a href=\"https:\/\/wydawnictwo.us.edu.pl\/node\/2331\" class=\"tile tile_info\" style=\"background-color: #EBEBEB; border: 0 \">\r\n                                 <div class=\"tile_info__title\">\u015aredniowiecze Polskie i Powszechne<\/div>\r\n                                <div class=\"tile_info__subtitle\"><b>Redaktorzy naczelni:<\/b>  <br \/>Jerzy Sperka, Bo\u017cena Czwojdrak <br \/> <\/div>\r\n                            <\/a>\r\n\r\n                            <a href=\"https:\/\/www.journals.us.edu.pl\/index.php\/WSN\" class=\"tile tile_info\" style=\"background-color: #EBEBEB; border: 0 \">\r\n                                 <div class=\"tile_info__title\">Wieki Stare i Nowe<\/div>\r\n                                <div class=\"tile_info__subtitle\"><b>Redaktor naczelna:<\/b>  <br \/>Agata A. Kluczek<br \/> <b>Zast\u0119pcy redaktor naczelnej:<\/b> <br \/>Dariusz Rolnik, Maciej Fic <br \/> <b>Sekretarze redakcji:<\/b> <br \/>Marcela Gruszczyk Dawid Madziar Mateusz Sokulski<\/div>\r\n                            <\/a>\r\n\r\n                            <a href=\"https:\/\/journals.us.edu.pl\/index.php\/wss\" class=\"tile tile_info\" style=\"background-color: #EBEBEB; border: 0 \">\r\n                                 <div class=\"tile_info__title\">Wortfolge. Szyk S\u0142\u00f3w<\/div>\r\n                                <div class=\"tile_info__subtitle\"><b>Redaktor naczelna:<\/b>  <br \/>Nina Nowara-Matusik <br \/> <b>Zast\u0119pczyni redaktor naczelnej:<\/b> <br \/>Gra\u017cyna Krupi\u0144ska<br \/>  <b>Zast\u0119pca redaktor naczelnej:<\/b> <br \/>Mariusz Jakosz<br \/> <b>Sekretarze redakcji:<\/b> <br \/>Mariusz Jakosz, Agata Borek<\/div>\r\n                            <\/a>\r\n\r\n                            <a href=\"\" class=\"tile tile_info\" style=\"background-color: #EBEBEB; border: 0 \">\r\n                                 <div class=\"tile_info__title\">Locci Communes. Internationl Journal of Studies on Spaces in Art and Humanities, Antropology and Architecture<\/div>\r\n                                <div class=\"tile_info__subtitle\"><b>Redaktor naczelna:<\/b>  <br \/>Ma\u0142gorzata K\u0105dziela <br \/> <b>Zast\u0119pca redaktor naczelnej:<\/b> <br \/>Adam Pisarek <br \/> <b>Sekretarz redakcji:<\/b> <br \/>Kamila G\u0119sikowska<\/div>\r\n                            <\/a><\/div>\r\n                    <\/div>\r\n                <\/div>[\/vc_column][\/vc_row]<\/p>","protected":false},"excerpt":{"rendered":"<p>[vc_row][vc_column][\/vc_column][\/vc_row] [&#8230;]<\/p>\n<p><a class=\"btn btn-secondary understrap-read-more-link\" href=\"https:\/\/us.edu.pl\/wydzial\/wh\/czasopisma\/\">Read More&#8230;<\/a><\/p>\n","protected":false},"author":1,"featured_media":0,"parent":0,"menu_order":0,"comment_status":"closed","ping_status":"closed","template":"","meta":{"_expiration-date-status":"","_expiration-date":0,"_expiration-date-type":"","_expiration-date-categories":[],"_expiration-date-options":[]},"acf":[],"_links":{"self":[{"href":"https:\/\/us.edu.pl\/wydzial\/wh\/wp-json\/wp\/v2\/pages\/787"}],"collection":[{"href":"https:\/\/us.edu.pl\/wydzial\/wh\/wp-json\/wp\/v2\/pages"}],"about":[{"href":"https:\/\/us.edu.pl\/wydzial\/wh\/wp-json\/wp\/v2\/types\/page"}],"author":[{"embeddable":true,"href":"https:\/\/us.edu.pl\/wydzial\/wh\/wp-json\/wp\/v2\/users\/1"}],"replies":[{"embeddable":true,"href":"https:\/\/us.edu.pl\/wydzial\/wh\/wp-json\/wp\/v2\/comments?post=787"}],"version-history":[{"count":11,"href":"https:\/\/us.edu.pl\/wydzial\/wh\/wp-json\/wp\/v2\/pages\/787\/revisions"}],"predecessor-version":[{"id":184848,"href":"https:\/\/us.edu.pl\/wydzial\/wh\/wp-json\/wp\/v2\/pages\/787\/revisions\/184848"}],"wp:attachment":[{"href":"https:\/\/us.edu.pl\/wydzial\/wh\/wp-json\/wp\/v2\/media?parent=787"}],"curies":[{"name":"wp","href":"https:\/\/api.w.org\/{rel}","templated":true}]}}