{"id":7890,"date":"2021-01-08T15:41:52","date_gmt":"2021-01-08T14:41:52","guid":{"rendered":"https:\/\/us.edu.pl\/wydzial\/wh\/?page_id=7890"},"modified":"2024-02-02T15:44:20","modified_gmt":"2024-02-02T14:44:20","slug":"opis-kierunku-i-specjalnosci","status":"publish","type":"page","link":"https:\/\/us.edu.pl\/wydzial\/wh\/kierunki-studiow\/filologia-klasyczna\/opis-kierunku-i-specjalnosci\/","title":{"rendered":"Opis kierunku i specjalno\u015bci"},"content":{"rendered":"<p>[vc_row el_class=&#8221;container&#8221;][vc_column width=&#8221;2\/3&#8243;]\r\n                <div class=\"text-modules\">\r\n                    <div class=\"container\">\r\n                        \r\n                        <div class=\"text-modules__content\"><p>Program studi\u00f3w filologii klasycznej obejmuje antyczn\u0105 cywilizacj\u0119 \u015br\u00f3dziemnomorsk\u0105 i jej tradycj\u0119. G\u0142\u00f3wny nacisk po\u0142o\u017cony jest na intensywn\u0105 nauk\u0119 j\u0119zyk\u00f3w klasycznych: greckiego i \u0142aci\u0144skiego, kt\u00f3rej efektem jest umiej\u0119tno\u015b\u0107 samodzielnego t\u0142umaczenia tekst\u00f3w staro\u017cytnych (np. Homera, Platona, Wergiliusza lub Cycerona). Studia daj\u0105 ponadto szerok\u0105 znajomo\u015b\u0107 literatury i kultury antycznej z uwzgl\u0119dnieniem ich recepcji i kontynuacji w kulturze nowo\u0142aci\u0144skiej i bizanty\u0144skiej. Opr\u00f3cz przedmiot\u00f3w kierunkowych, w tym historii staro\u017cytnej Grecji i Rzymu, program obejmuje tak\u017ce intensywn\u0105 nauk\u0119 jednego z kontynuant\u00f3w j\u0119zyk\u00f3w klasycznych: j\u0119zyka w\u0142oskiego, nowogreckiego lub hiszpa\u0144skiego.<\/p>\n<\/div>\r\n                    <\/div>\r\n                <\/div>[\/vc_column][vc_column width=&#8221;1\/3&#8243;][vc_btn title=&#8221;Wi\u0119cej informacji dla kandydata&#8221; style=&#8221;outline-custom&#8221; outline_custom_color=&#8221;#002e5a&#8221; outline_custom_hover_background=&#8221;#fbb900&#8243; outline_custom_hover_text=&#8221;#002e5a&#8221; shape=&#8221;square&#8221; align=&#8221;center&#8221; i_icon_fontawesome=&#8221;fas fa-arrow-right&#8221; add_icon=&#8221;true&#8221; link=&#8221;url:https%3A%2F%2Fus.edu.pl%2Fwydzial%2Fwh%2Fkandydat-wh%2Fkierunki-studiow%2Ffilologia-klasyczna%2F|target:_blank&#8221;][\/vc_column][\/vc_row]<\/p>","protected":false},"excerpt":{"rendered":"<p>[vc_row el_class=&#8221;container&#8221;][vc_column width=&#8221;2\/3&#8243;][\/vc_column][vc_column width=&#8221;1\/3&#8243;][vc_btn title=&#8221;Wi\u0119cej informacji dla kandydata&#8221; style=&#8221;outline-custom&#8221; outline_custom_color=&#8221;#002e5a&#8221; outline_custom_hover_background=&#8221;#fbb900&#8243; outline_custom_hover_text=&#8221;#002e5a&#8221; shape=&#8221;square&#8221; align=&#8221;center&#8221; i_icon_fontawesome=&#8221;fas fa-arrow-right&#8221; add_icon=&#8221;true&#8221; link=&#8221;url:https%3A%2F%2Fus.edu.pl%2Fwydzial%2Fwh%2Fkandydat-wh%2Fkierunki-studiow%2Ffilologia-klasyczna%2F|target:_blank&#8221;][\/vc_column][\/vc_row] [&#8230;]<\/p>\n<p><a class=\"btn btn-secondary understrap-read-more-link\" href=\"https:\/\/us.edu.pl\/wydzial\/wh\/kierunki-studiow\/filologia-klasyczna\/opis-kierunku-i-specjalnosci\/\">Read More&#8230;<\/a><\/p>\n","protected":false},"author":1,"featured_media":0,"parent":170575,"menu_order":0,"comment_status":"closed","ping_status":"closed","template":"","meta":{"_expiration-date-status":"","_expiration-date":0,"_expiration-date-type":"","_expiration-date-categories":[],"_expiration-date-options":[]},"acf":[],"_links":{"self":[{"href":"https:\/\/us.edu.pl\/wydzial\/wh\/wp-json\/wp\/v2\/pages\/7890"}],"collection":[{"href":"https:\/\/us.edu.pl\/wydzial\/wh\/wp-json\/wp\/v2\/pages"}],"about":[{"href":"https:\/\/us.edu.pl\/wydzial\/wh\/wp-json\/wp\/v2\/types\/page"}],"author":[{"embeddable":true,"href":"https:\/\/us.edu.pl\/wydzial\/wh\/wp-json\/wp\/v2\/users\/1"}],"replies":[{"embeddable":true,"href":"https:\/\/us.edu.pl\/wydzial\/wh\/wp-json\/wp\/v2\/comments?post=7890"}],"version-history":[{"count":6,"href":"https:\/\/us.edu.pl\/wydzial\/wh\/wp-json\/wp\/v2\/pages\/7890\/revisions"}],"predecessor-version":[{"id":170594,"href":"https:\/\/us.edu.pl\/wydzial\/wh\/wp-json\/wp\/v2\/pages\/7890\/revisions\/170594"}],"up":[{"embeddable":true,"href":"https:\/\/us.edu.pl\/wydzial\/wh\/wp-json\/wp\/v2\/pages\/170575"}],"wp:attachment":[{"href":"https:\/\/us.edu.pl\/wydzial\/wh\/wp-json\/wp\/v2\/media?parent=7890"}],"curies":[{"name":"wp","href":"https:\/\/api.w.org\/{rel}","templated":true}]}}