{"id":8056,"date":"2021-01-11T11:15:32","date_gmt":"2021-01-11T10:15:32","guid":{"rendered":"https:\/\/us.edu.pl\/wydzial\/wh\/?page_id=8056"},"modified":"2024-08-26T13:41:40","modified_gmt":"2024-08-26T11:41:40","slug":"proces-dyplomowania","status":"publish","type":"page","link":"https:\/\/us.edu.pl\/wydzial\/wh\/kierunki-studiow\/tworcze-pisanie-i-marketing-wydawniczy\/proces-dyplomowania\/","title":{"rendered":"Proces dyplomowania"},"content":{"rendered":"<p>[vc_row][vc_column]\r\n                <div class=\"text-modules\">\r\n                    <div class=\"container\">\r\n                        \r\n                        <div class=\"text-modules__content\"><p><strong>Organizacja procesu uzyskania dyplomu <\/strong><\/p>\n<p>&nbsp;<\/p>\n<p>Procedur\u0119 uzyskiwania dyplomu magistra na kierunku <em>tw\u00f3rcze pisanie i marketing wydawniczy <\/em>reguluje Uchwa\u0142a Rady Wydzia\u0142u z dnia 11 grudnia 2012 r. stanowi\u0105ca <em>Regulamin dyplomowania na Wydziale Filologicznym<\/em>. Uszczeg\u00f3\u0142awia on zasady zawarte w obowi\u0105zuj\u0105cym Regulaminie studi\u00f3w w Uniwersytecie \u015al\u0105skim. <em>Regulamin dyplomowania na Wydziale Filologicznym <\/em>zawiera zapisy odnosz\u0105ce si\u0119 do organizacji procesu uzyskiwania dyplomu magistra, w tym: zasad przygotowania pracy dyplomowej i jej formy, sposobu oceny rozprawy przez promotora oraz recenzenta, a tak\u017ce przebiegu egzaminu dyplomowego, jak r\u00f3wnie\u017c sposobu i kryteri\u00f3w wyliczania oceny ko\u0144cowej. Ponadto stosowane s\u0105 procedury dyplomowania w ramach Archiwum Prac Dyplomowych (Zarz\u0105dzenie nr 16 Rektora Uniwersytetu \u015al\u0105skiego z dnia 28 stycznia 2015 r. w sprawie wprowadzenia procedury sk\u0142adania i archiwizowania pisemnych prac dyplomowych i zarz\u0105dzenie nr 69 Rektora Uniwersytetu \u015al\u0105skiego w Katowicach z dnia 18 maja 2015 r. zmieniaj\u0105ce zarz\u0105dzenie w sprawie prowadzenia procedury sk\u0142adania i archiwizowania pisemnych prac dyplomowych).<\/p>\n<p>Praca dyplomowa na kierunku <em>tw\u00f3rcze pisania i marketing wydawniczy <\/em>powstaje w ramach modu\u0142u dyplomowego, kt\u00f3rego sk\u0142ada si\u0119 z czterech osobnych, acz skorelowanych do pewnego stopnia przedmiot\u00f3w. W sk\u0142ad modu\u0142u dyplomowego wchodz\u0105 nast\u0119puj\u0105ce zaj\u0119cia:<\/p>\n<ol>\n<li>Warsztat procesu tw\u00f3rczego;<\/li>\n<li>\u0179r\u00f3d\u0142a w pracy artystycznej;<\/li>\n<li>Przygotowanie propozycji wydawniczej i strategie pisarskie;<\/li>\n<li>Seminarium dyplomowe.<\/li>\n<\/ol>\n<p>Istot\u0105 pierwszych trzech jest poszerzenie wiedzy na temat specyfiki pracy tw\u00f3rczej, zr\u00f3\u017cnicowania strategii pisarskich, funkcjonowania na rynku wydawniczym oraz kszta\u0142cenie umiej\u0119tno\u015bci pozyskiwania \u017ar\u00f3de\u0142 w pracy artystycznej i naukowej. W ramach zaj\u0119\u0107 seminaryjnych powstaje natomiast praca magisterska, kt\u00f3ra w przypadku kierunku tw\u00f3rcze pisanie i marketing wydawniczy mo\u017ce zosta\u0107 zrealizowana w dw\u00f3ch wariantach:<\/p>\n<ol>\n<li>a) samodzielnego opracowania monograficznego wybranego problemu badawczego;<\/li>\n<li>b) dw\u00f3ch prac, z kt\u00f3rych pierwsza ma charakter pracy naukowej, natomiast druga ma charakter wypowiedzi artystycznej lub paraliterackiej wykorzystuj\u0105cej w praktyce umiej\u0119tno\u015bci pisarskie nabyte w trakcie studi\u00f3w.<\/li>\n<\/ol>\n<p>Praca naukowa powinna stanowi\u0107 rodzaj dyskursywnego opracowania zagadnienia koresponduj\u0105cego z problemami b\u0119d\u0105cymi przedmiotem pracy artystycznej lub paraliterackiej.<\/p>\n<p>Temat pracy dyplomowej przyjmuj\u0105cej posta\u0107 monograficznego opracowania nie mo\u017ce powiela\u0107 tematu ani tre\u015bci innej pracy dyplomowej, rocznej lub semestralnej, kt\u00f3ra by\u0142a przedmiotem wcze\u015bniejszych procedur zwi\u0105zanych z weryfikacj\u0105 efekt\u00f3w kszta\u0142cenia. Praca dyplomowa dla studi\u00f3w drugiego stopnia powinna dowodzi\u0107 umiej\u0119tno\u015bci samodzielnego opracowania tematu, w tym zgromadzenia niezb\u0119dnego materia\u0142u. Opracowanie to mo\u017ce mie\u0107 charakter odtw\u00f3rczy jedynie w tym sensie, \u017ce b\u0119dzie stanowi\u0107 sprawozdanie lub przegl\u0105d dotychczasowego stanu bada\u0144 na ustalony z promotorem temat, z wyra\u017anym i jednoznacznym odnotowaniem, zaznaczeniem i odes\u0142aniem do cytowanych lub referowanych \u017ar\u00f3de\u0142.<\/p>\n<p>Praca o charakterze artystycznym lub paraliterackim nie mo\u017ce powiela\u0107 tematu pracy semestralnej, kt\u00f3ra by\u0142a przedmiotem wcze\u015bniejszych procedur zwi\u0105zanych z weryfikacj\u0105 efekt\u00f3w kszta\u0142cenia. Jej naukowe dope\u0142nienie powinno dowodzi\u0107 \u015bwiadomo\u015bci istnienia odpowiedniej aparatury krytycznej i umiej\u0119tno\u015bci jej sfunkcjonalizowania. Opracowanie to mo\u017ce mie\u0107 charakter odtw\u00f3rczy jedynie w tym sensie, \u017ce b\u0119dzie stanowi\u0107 sprawozdanie z dotychczasowego stanu bada\u0144 na ustalony z promotorem temat, z wyra\u017anym i jednoznacznym odnotowaniem, zaznaczeniem i odes\u0142aniem do cytowanych lub referowanych \u017ar\u00f3de\u0142.<\/p>\n<p>Przy ustalaniu tematu pracy dyplomowej powinny by\u0107 brane pod uwag\u0119 zainteresowania studenta, prowadzone przez wyk\u0142adowc\u00f3w badania naukowe oraz mo\u017cliwo\u015bci sprawowania opieki merytorycznej nad prac\u0105 dyplomow\u0105. Ostateczn\u0105 decyzj\u0119 w sprawie ustalenia tematu podejmuje promotor. Proces wyboru tutor\u00f3w inauguruje spotkanie student\u00f3w z pracownikami (koniec pierwszego semestru studi\u00f3w), kt\u00f3rzy wyrazili zgod\u0119 na przyj\u0119cie obowi\u0105zk\u00f3w promotorskich. W ramach tego\u017c spotkania promotorzy prezentuj\u0105 swoje zainteresowania badawcze oraz przedstawiaj\u0105 potencjalne tematy, kt\u00f3re mog\u0105 by\u0107 realizowane w ramach prowadzonych przez nich zaj\u0119\u0107.<\/p>\n<p>Po zaliczeniu wszystkich przedmiot\u00f3w obj\u0119tych programem kszta\u0142cenia na kierunku <em>tw\u00f3rcze pisanie i marketing wydawniczy<\/em>, zatwierdzeniu przez promotora pracy (podpisem promotora o przyj\u0119ciu rozprawy), a tak\u017ce uzyskaniu pozytywnych recenzji dysertacji, student mo\u017ce przyst\u0105pi\u0107 do egzaminu dyplomowego, kt\u00f3ry przebiega zgodnie z \u201eRegulaminem dyplomowania w Uniwersytecie \u015al\u0105skim\u201d.<\/p>\n<\/div>\r\n                    <\/div>\r\n                <\/div>[\/vc_column][\/vc_row]<\/p>","protected":false},"excerpt":{"rendered":"<p>[vc_row][vc_column][\/vc_column][\/vc_row] [&#8230;]<\/p>\n<p><a class=\"btn btn-secondary understrap-read-more-link\" href=\"https:\/\/us.edu.pl\/wydzial\/wh\/kierunki-studiow\/tworcze-pisanie-i-marketing-wydawniczy\/proces-dyplomowania\/\">Read More&#8230;<\/a><\/p>\n","protected":false},"author":1,"featured_media":0,"parent":174197,"menu_order":0,"comment_status":"closed","ping_status":"closed","template":"","meta":{"_expiration-date-status":"","_expiration-date":0,"_expiration-date-type":"","_expiration-date-categories":[],"_expiration-date-options":[]},"acf":[],"_links":{"self":[{"href":"https:\/\/us.edu.pl\/wydzial\/wh\/wp-json\/wp\/v2\/pages\/8056"}],"collection":[{"href":"https:\/\/us.edu.pl\/wydzial\/wh\/wp-json\/wp\/v2\/pages"}],"about":[{"href":"https:\/\/us.edu.pl\/wydzial\/wh\/wp-json\/wp\/v2\/types\/page"}],"author":[{"embeddable":true,"href":"https:\/\/us.edu.pl\/wydzial\/wh\/wp-json\/wp\/v2\/users\/1"}],"replies":[{"embeddable":true,"href":"https:\/\/us.edu.pl\/wydzial\/wh\/wp-json\/wp\/v2\/comments?post=8056"}],"version-history":[{"count":3,"href":"https:\/\/us.edu.pl\/wydzial\/wh\/wp-json\/wp\/v2\/pages\/8056\/revisions"}],"predecessor-version":[{"id":8513,"href":"https:\/\/us.edu.pl\/wydzial\/wh\/wp-json\/wp\/v2\/pages\/8056\/revisions\/8513"}],"up":[{"embeddable":true,"href":"https:\/\/us.edu.pl\/wydzial\/wh\/wp-json\/wp\/v2\/pages\/174197"}],"wp:attachment":[{"href":"https:\/\/us.edu.pl\/wydzial\/wh\/wp-json\/wp\/v2\/media?parent=8056"}],"curies":[{"name":"wp","href":"https:\/\/api.w.org\/{rel}","templated":true}]}}