{"id":8079,"date":"2021-01-11T14:28:46","date_gmt":"2021-01-11T13:28:46","guid":{"rendered":"https:\/\/us.edu.pl\/wydzial\/wh\/?page_id=8079"},"modified":"2024-12-17T15:12:19","modified_gmt":"2024-12-17T14:12:19","slug":"opis-kierunku-i-specjalnosci","status":"publish","type":"page","link":"https:\/\/us.edu.pl\/wydzial\/wh\/kierunki-studiow\/filologia-polska\/opis-kierunku-i-specjalnosci\/","title":{"rendered":"Opis kierunku i specjalno\u015bci"},"content":{"rendered":"<p>[vc_row el_class=&#8221;container&#8221;][vc_column width=&#8221;2\/3&#8243;]\r\n                <div class=\"text-modules\">\r\n                    <div class=\"container\">\r\n                        \r\n                        <div class=\"text-modules__content\"><p><a href=\"https:\/\/us.edu.pl\/wydzial\/wh\/wp-content\/uploads\/sites\/15\/KIERUNKI\/filologia-polska\/deklaracja_wybor-specjalnosci_Ist._2024-25.pdf\" class=\"mtli_attachment mtli_pdf\" data-mtli=\"mtli_filesize82,43kB\" class=\"mtli_attachment mtli_pdf\" data-mtli=\"mtli_filesize82,43kB\">DEKLARACJA WYBORU SPECJALNO\u015aCI<\/a> DLA I STOPNIA STUDI\u00d3W<\/p>\n<style type=\"text\/css\">a[data-mtli~=\"mtli_filesize82,43kB\"]:after {content:\" (82,43 kB)\"}<\/style><\/div>\r\n                    <\/div>\r\n                <\/div>\r\n                <div class=\"text-modules\">\r\n                    <div class=\"container\">\r\n                        \r\n                        <div class=\"text-modules__content\"><p><a href=\"https:\/\/us.edu.pl\/wydzial\/wh\/wp-content\/uploads\/sites\/15\/20202021\/filologia-polska\/deklaracja_wyb\u00f3r-specjalno\u015bci_II_stopie\u0144.docx\" class=\"mtli_attachment mtli_docx\" data-mtli=\"mtli_filesize13,92kB\" class=\"mtli_attachment mtli_docx\" data-mtli=\"mtli_filesize13,92kB\">DEKLARACJA WYBORU SPECJALNO\u015aCI<\/a> DLA II STOPNIA STUDI\u00d3W<\/p>\n<style type=\"text\/css\">a[data-mtli~=\"mtli_filesize13,92kB\"]:after {content:\" (13,92 kB)\"}<\/style><\/div>\r\n                    <\/div>\r\n                <\/div>[\/vc_column][vc_column width=&#8221;1\/3&#8243;][vc_btn title=&#8221;Opis kierunku i specjalno\u015bci&#8221; style=&#8221;custom&#8221; custom_background=&#8221;#002e5a&#8221; custom_text=&#8221;#ffffff&#8221; shape=&#8221;square&#8221; i_icon_fontawesome=&#8221;fas fa-arrow-right&#8221; add_icon=&#8221;true&#8221; link=&#8221;url:https%3A%2F%2Fus.edu.pl%2Fwydzial%2Fwh%2Fkandydat-wh%2Fkierunki-studiow%2Ffilologia-polska%2F|target:_blank&#8221;][\/vc_column][\/vc_row][vc_row][vc_column]\r\n                <div class=\"text-modules\">\r\n                    <div class=\"container\">\r\n                        \r\n                        <div class=\"text-modules__content\"><\/p>\n<h5>Koordynatorzy specjalno\u015bci:<\/h5>\n<hr \/>\n<ul>\n<li>Specjalno\u015b\u0107 nauczycielska: dr hab. Danuta Krzy\u017cyk, prof. U\u015a,<\/li>\n<li>Specjalno\u015b\u0107 literaturoznawcza: dr hab. Monika \u0141ado\u0144, prof. U\u015a;<\/li>\n<li>Specjalno\u015b\u0107 dziennikarstwo i komunikacja kulturowa: dr hab. Marta Baron-Milian, prof. U\u015a;<\/li>\n<li>Specjalno\u015b\u0107 edytorstwo i redakcja tekstu \/ edytorstwo i nowoczesne wydawnictwo: prof. dr hab. Mariola Jarczyk, dr hab. Anna Szawerna-Dyrszka, prof. U\u015a;<\/li>\n<li>Specjalno\u015b\u0107 nauczanie j\u0119zyka polskiego jako obcego i drugiego: prof. dr hab. Jolanta Tambor<\/li>\n<\/ul>\n<p>\n<\/div>\r\n                    <\/div>\r\n                <\/div>[\/vc_column][\/vc_row]<\/p>\n<style type=\"text\/css\">a[data-mtli~=\"mtli_filesize82,43kB\"]:after {content:\" (82,43 kB)\"}a[data-mtli~=\"mtli_filesize13,92kB\"]:after {content:\" (13,92 kB)\"}<\/style>","protected":false},"excerpt":{"rendered":"<p>[vc_row el_class=&#8221;container&#8221;][vc_column width=&#8221;2\/3&#8243;][\/vc_column][vc_column width=&#8221;1\/3&#8243;][vc_btn title=&#8221;Opis kierunku i specjalno\u015bci&#8221; style=&#8221;custom&#8221; custom_background=&#8221;#002e5a&#8221; custom_text=&#8221;#ffffff&#8221; shape=&#8221;square&#8221; i_icon_fontawesome=&#8221;fas fa-arrow-right&#8221; add_icon=&#8221;true&#8221; link=&#8221;url:https%3A%2F%2Fus.edu.pl%2Fwydzial%2Fwh%2Fkandydat-wh%2Fkierunki-studiow%2Ffilologia-polska%2F|target:_blank&#8221;][\/vc_column][\/vc_row][vc_row][vc_column][\/vc_column][\/vc_row] [&#8230;]<\/p>\n<p><a class=\"btn btn-secondary understrap-read-more-link\" href=\"https:\/\/us.edu.pl\/wydzial\/wh\/kierunki-studiow\/filologia-polska\/opis-kierunku-i-specjalnosci\/\">Read More&#8230;<\/a><\/p>\n","protected":false},"author":1,"featured_media":0,"parent":169921,"menu_order":0,"comment_status":"closed","ping_status":"closed","template":"","meta":{"_expiration-date-status":"","_expiration-date":0,"_expiration-date-type":"","_expiration-date-categories":[],"_expiration-date-options":[]},"acf":[],"_links":{"self":[{"href":"https:\/\/us.edu.pl\/wydzial\/wh\/wp-json\/wp\/v2\/pages\/8079"}],"collection":[{"href":"https:\/\/us.edu.pl\/wydzial\/wh\/wp-json\/wp\/v2\/pages"}],"about":[{"href":"https:\/\/us.edu.pl\/wydzial\/wh\/wp-json\/wp\/v2\/types\/page"}],"author":[{"embeddable":true,"href":"https:\/\/us.edu.pl\/wydzial\/wh\/wp-json\/wp\/v2\/users\/1"}],"replies":[{"embeddable":true,"href":"https:\/\/us.edu.pl\/wydzial\/wh\/wp-json\/wp\/v2\/comments?post=8079"}],"version-history":[{"count":10,"href":"https:\/\/us.edu.pl\/wydzial\/wh\/wp-json\/wp\/v2\/pages\/8079\/revisions"}],"predecessor-version":[{"id":181577,"href":"https:\/\/us.edu.pl\/wydzial\/wh\/wp-json\/wp\/v2\/pages\/8079\/revisions\/181577"}],"up":[{"embeddable":true,"href":"https:\/\/us.edu.pl\/wydzial\/wh\/wp-json\/wp\/v2\/pages\/169921"}],"wp:attachment":[{"href":"https:\/\/us.edu.pl\/wydzial\/wh\/wp-json\/wp\/v2\/media?parent=8079"}],"curies":[{"name":"wp","href":"https:\/\/api.w.org\/{rel}","templated":true}]}}