{"id":8381,"date":"2021-01-13T16:39:15","date_gmt":"2021-01-13T15:39:15","guid":{"rendered":"https:\/\/us.edu.pl\/wydzial\/wh\/?page_id=8381"},"modified":"2024-01-31T15:44:36","modified_gmt":"2024-01-31T14:44:36","slug":"opis-kierunku-i-specjalnosci","status":"publish","type":"page","link":"https:\/\/us.edu.pl\/wydzial\/wh\/kierunki-studiow\/turystyka-historyczna\/opis-kierunku-i-specjalnosci\/","title":{"rendered":"Opis kierunku i specjalno\u015bci"},"content":{"rendered":"<p>[vc_row el_class=&#8221;container&#8221;][vc_column width=&#8221;2\/3&#8243;]\r\n                <div class=\"text-modules\">\r\n                    <div class=\"container\">\r\n                        \r\n                        <div class=\"text-modules__content\"><p>Studia<strong>\u00a0<\/strong>s\u0105 nastawione na praktyczne stosowanie zdobytej wiedzy, adresowane s\u0105 do wszystkich, pragn\u0105cych podwy\u017cszy\u0107 swoje kwalifikacje w zakresie planowania, organizowania i realizacji wycieczek i przedsi\u0119wzi\u0119\u0107, opartych o dziedzictwo historyczne i kulturowe.<\/p>\n<p>Oferowany program nauczania wychodzi naprzeciw wci\u0105\u017c rosn\u0105cemu zapotrzebowaniu na tego rodzaju studia w spo\u0142ecze\u0144stwie wojew\u00f3dztwa \u015bl\u0105skiego. W naszym g\u00f3rno\u015bl\u0105skim regionie jest to program unikatowy, kt\u00f3ry przede wszystkim poszerza i unowocze\u015bnia ofert\u0119 studi\u00f3w humanistycznych na Uniwersytecie \u015al\u0105skim, wype\u0142nia te\u017c brak odpowiednio wyszkolonych specjalist\u00f3w w\u00a0zakresie turystyki historycznej.<\/p>\n<p>Cele i oparte o nowoczesne metody badawcze sposoby kszta\u0142cenia (obejmuj\u0105ce m.in. zaj\u0119cia projektowe) dostosowane zosta\u0142y do indywidualnych potrzeb, wynikaj\u0105cych ze specyfiki kierunku (m.in. potrzeby uzyskiwania wiedzy funkcjonalnej oraz umiej\u0119tno\u015bci wykorzystania uzyskanej wiedzy).<\/p>\n<p>Absolwent studi\u00f3w b\u0119dzie posiada\u0142 umiej\u0119tno\u015bci rozpoznawania, diagnozowania i rozwi\u0105zywania problem\u00f3w zarz\u0105dzania lud\u017ami, potrafi pozyskiwa\u0107 i analizowa\u0107 informacje i wykorzystywa\u0107 je dla zwi\u0119kszenia efektywno\u015bci swojej pracy, posiada wiedz\u0119 z zakresu historii, w tym zw\u0142aszcza turystyki historycznej. W spos\u00f3b praktyczny wykorzystuje nabyt\u0105 wiedz\u0119 (m.in. potrafi projektowa\u0107 r\u00f3\u017cnego rodzaju dzia\u0142ania w ramach turystyki historycznej).<\/p>\n<\/div>\r\n                    <\/div>\r\n                <\/div>[\/vc_column][vc_column width=&#8221;1\/3&#8243;][vc_btn title=&#8221;Wi\u0119cej informacji dla kandydata&#8221; style=&#8221;outline-custom&#8221; outline_custom_color=&#8221;#002e5a&#8221; outline_custom_hover_background=&#8221;#fbb900&#8243; outline_custom_hover_text=&#8221;#002e5a&#8221; shape=&#8221;square&#8221; align=&#8221;center&#8221; i_icon_fontawesome=&#8221;fas fa-arrow-right&#8221; add_icon=&#8221;true&#8221; link=&#8221;url:https%3A%2F%2Fus.edu.pl%2Fwydzial%2Fwh%2Fkandydat-wh%2Fkierunki-studiow%2Fturystyka-historyczna%2F|target:_blank&#8221;][\/vc_column][\/vc_row]<\/p>","protected":false},"excerpt":{"rendered":"<p>[vc_row el_class=&#8221;container&#8221;][vc_column width=&#8221;2\/3&#8243;][\/vc_column][vc_column width=&#8221;1\/3&#8243;][vc_btn title=&#8221;Wi\u0119cej informacji dla kandydata&#8221; style=&#8221;outline-custom&#8221; outline_custom_color=&#8221;#002e5a&#8221; outline_custom_hover_background=&#8221;#fbb900&#8243; outline_custom_hover_text=&#8221;#002e5a&#8221; shape=&#8221;square&#8221; align=&#8221;center&#8221; i_icon_fontawesome=&#8221;fas fa-arrow-right&#8221; add_icon=&#8221;true&#8221; link=&#8221;url:https%3A%2F%2Fus.edu.pl%2Fwydzial%2Fwh%2Fkandydat-wh%2Fkierunki-studiow%2Fturystyka-historyczna%2F|target:_blank&#8221;][\/vc_column][\/vc_row] [&#8230;]<\/p>\n<p><a class=\"btn btn-secondary understrap-read-more-link\" href=\"https:\/\/us.edu.pl\/wydzial\/wh\/kierunki-studiow\/turystyka-historyczna\/opis-kierunku-i-specjalnosci\/\">Read More&#8230;<\/a><\/p>\n","protected":false},"author":1,"featured_media":0,"parent":170517,"menu_order":0,"comment_status":"closed","ping_status":"closed","template":"","meta":{"_expiration-date-status":"","_expiration-date":0,"_expiration-date-type":"","_expiration-date-categories":[],"_expiration-date-options":[]},"acf":[],"_links":{"self":[{"href":"https:\/\/us.edu.pl\/wydzial\/wh\/wp-json\/wp\/v2\/pages\/8381"}],"collection":[{"href":"https:\/\/us.edu.pl\/wydzial\/wh\/wp-json\/wp\/v2\/pages"}],"about":[{"href":"https:\/\/us.edu.pl\/wydzial\/wh\/wp-json\/wp\/v2\/types\/page"}],"author":[{"embeddable":true,"href":"https:\/\/us.edu.pl\/wydzial\/wh\/wp-json\/wp\/v2\/users\/1"}],"replies":[{"embeddable":true,"href":"https:\/\/us.edu.pl\/wydzial\/wh\/wp-json\/wp\/v2\/comments?post=8381"}],"version-history":[{"count":4,"href":"https:\/\/us.edu.pl\/wydzial\/wh\/wp-json\/wp\/v2\/pages\/8381\/revisions"}],"predecessor-version":[{"id":170537,"href":"https:\/\/us.edu.pl\/wydzial\/wh\/wp-json\/wp\/v2\/pages\/8381\/revisions\/170537"}],"up":[{"embeddable":true,"href":"https:\/\/us.edu.pl\/wydzial\/wh\/wp-json\/wp\/v2\/pages\/170517"}],"wp:attachment":[{"href":"https:\/\/us.edu.pl\/wydzial\/wh\/wp-json\/wp\/v2\/media?parent=8381"}],"curies":[{"name":"wp","href":"https:\/\/api.w.org\/{rel}","templated":true}]}}