{"id":8420,"date":"2021-01-14T09:22:06","date_gmt":"2021-01-14T08:22:06","guid":{"rendered":"https:\/\/us.edu.pl\/wydzial\/wh\/?page_id=8420"},"modified":"2024-09-13T15:23:55","modified_gmt":"2024-09-13T13:23:55","slug":"wspolpraca-z-otoczeniem","status":"publish","type":"page","link":"https:\/\/us.edu.pl\/wydzial\/wh\/kierunki-studiow\/srodkowoeuropejskie-studia-historyczne\/wspolpraca-z-otoczeniem\/","title":{"rendered":"Wsp\u00f3\u0142praca z otoczeniem"},"content":{"rendered":"<p>[vc_row el_class=&#8221;container&#8221;][vc_column width=&#8221;2\/3&#8243;]\r\n                <div class=\"text-modules\">\r\n                    <div class=\"container\">\r\n                        \r\n                        <div class=\"text-modules__content\"><p>W\u015br\u00f3d najwa\u017cniejszych podmiot\u00f3w wsp\u00f3\u0142pracuj\u0105cych z Instytutem Historii znajduj\u0105 si\u0119:<\/p>\n<p>\u2013\u00a0<strong>Archiwum Pa\u0144stwowe w Katowicach<\/strong>\u00a0\u2013 wsp\u00f3\u0142praca w zakresie realizacji praktyk zawodowych, organizacji wizyt studyjnych, konferencji oraz przedsi\u0119wzi\u0119\u0107 edukacyjnych, udzia\u0142 przedstawiciela w pracach Rady Interesariuszy Instytutu Historii [RI IH].<\/p>\n<p>\u2013\u00a0<strong>Centrum Dokumentacji Deportacji G\u00f3rno\u015bl\u0105zak\u00f3w do ZSRR w 1945 roku w Radzionkowie<\/strong>\u00a0\u2013 wsp\u00f3\u0142praca w zakresie realizacji praktyk zawodowych, organizacji wizyt studyjnych, konferencji i przedsi\u0119wzi\u0119\u0107 edukacyjnych, udzia\u0142 przedstawiciela w pracach RI IH.<\/p>\n<p>\u2013\u00a0<strong>Instytut Bada\u0144 Regionalnych Biblioteki \u015al\u0105skiej w Katowicach<\/strong>\u00a0\u2013 wsp\u00f3\u0142praca w zakresie realizacji przedsi\u0119wzi\u0119\u0107 edukacyjnych.<\/p>\n<p>\u2013\u00a0<strong>Instytut Pami\u0119ci Narodowej oddzia\u0142 Katowice<\/strong>\u00a0\u2013 wsp\u00f3\u0142praca w zakresie realizacji praktyk zawodowych, organizacji wizyt studyjnych, konferencji oraz przedsi\u0119wzi\u0119\u0107 edukacyjnych, udzia\u0142 w prowadzeniu zaj\u0119\u0107 oraz uczestnictwo przedstawiciela w pracach RI IH.<\/p>\n<p>\u2013\u00a0<strong>Muzeum Zag\u0142\u0119bia w B\u0119dzinie<\/strong>\u00a0\u2013 wsp\u00f3\u0142praca w zakresie realizacji praktyk zawodowych, organizacji wizyt studyjnych, konferencji oraz przedsi\u0119wzi\u0119\u0107 edukacyjnych, udzia\u0142 przedstawiciela w pracach RI IH.<\/p>\n<p>\u2013\u00a0<strong>Instytut Zag\u0142\u0119bia D\u0105browskiego w Sosnowcu<\/strong>\u00a0\u2013 wsp\u00f3\u0142praca w zakresie konferencji oraz realizacji przedsi\u0119wzi\u0119\u0107 edukacyjnych.<\/p>\n<p>\u2013\u00a0<strong>Muzeum Historii Katowic<\/strong>\u00a0\u2013 wsp\u00f3\u0142praca w zakresie realizacji praktyk zawodowych, organizacji wizyt studyjnych, konferencji oraz przedsi\u0119wzi\u0119\u0107 edukacyjnych.<\/p>\n<p>\u2013\u00a0<strong>Muzeum Powsta\u0144 \u015al\u0105skich w \u015awi\u0119toch\u0142owicach<\/strong>\u00a0\u2013 wsp\u00f3\u0142praca w zakresie realizacji praktyk zawodowych, organizacji wizyt studyjnych, konferencji oraz przedsi\u0119wzi\u0119\u0107 edukacyjnych, udzia\u0142 przedstawiciela w pracach RI IH.<\/p>\n<p>\u2013\u00a0<strong>Muzeum \u015al\u0105skie w Katowicach<\/strong>\u00a0\u2013 wsp\u00f3\u0142praca w zakresie realizacji praktyk zawodowych, organizacji wizyt studyjnych, konferencji oraz przedsi\u0119wzi\u0119\u0107 edukacyjnych.<\/p>\n<p>\u2013\u00a0<strong>Muzeum w Rybniku<\/strong>\u00a0\u2013 wsp\u00f3\u0142praca w zakresie realizacji praktyk zawodowych, organizacji konferencji oraz przedsi\u0119wzi\u0119\u0107 edukacyjnych, udzia\u0142 przedstawiciela w pracach RI IH.<\/p>\n<p>\u2013\u00a0<strong>Muzeum Zamek w O\u015bwi\u0119cimiu<\/strong>\u00a0\u2013 wsp\u00f3\u0142praca w zakresie realizacji praktyk zawodowych, organizacji konferencji oraz przedsi\u0119wzi\u0119\u0107 edukacyjnych, udzia\u0142 przedstawiciela w pracach RI IH.<\/p>\n<p>\u2013\u00a0<strong>\u015al\u0105skie Centrum Wolno\u015bci i Solidarno\u015bci<\/strong>\u00a0\u2013 wsp\u00f3\u0142praca w zakresie realizacji praktyk zawodowych, organizacji wizyt studyjnych, konferencji oraz przedsi\u0119wzi\u0119\u0107 edukacyjnych, udzia\u0142 w prowadzeniu zaj\u0119\u0107.<\/p>\n<p>Ponadto IH prowadzi wsp\u00f3\u0142prac\u0119 z szeregiem szk\u00f3\u0142 wojew\u00f3dztwa \u015bl\u0105skiego. W\u015br\u00f3d najwa\u017cniejszych plac\u00f3wek znajduj\u0105 si\u0119:<\/p>\n<ol>\n<li>Akademicki Zesp\u00f3\u0142 Szk\u00f3\u0142 Og\u00f3lnokszta\u0142c\u0105cych w Chorzowie.<\/li>\n<li>I Liceum Og\u00f3lnokszta\u0142c\u0105ce im. 14 Pu\u0142ku Powsta\u0144c\u00f3w \u015al\u0105skich w Wodzis\u0142awiu \u015al\u0105skim.<\/li>\n<li>I Liceum Og\u00f3lnokszta\u0142c\u0105ce im. Antoniego Osuchowskiego w Cieszynie.<\/li>\n<li>I Liceum Og\u00f3lnokszta\u0142c\u0105ce im. Jana \u015aniadeckiego w Siemianowicach \u015al\u0105skich.<\/li>\n<li>I Liceum Og\u00f3lnokszta\u0142c\u0105ce im. Karola Miarki w Miko\u0142owie.<\/li>\n<li>I Liceum Og\u00f3lnokszta\u0142c\u0105ce im. Waleriana \u0141ukasi\u0144skiego w D\u0105browie G\u00f3rniczej.<\/li>\n<li>II Liceum Og\u00f3lnokszta\u0142c\u0105ce im. Cypriana Kamila Norwida w Tychach.<\/li>\n<li>II Liceum Og\u00f3lnokszta\u0142c\u0105ce im. Krzysztofa Kamila Baczy\u0144skiego w Chrzanowie.<\/li>\n<li>II Liceum Og\u00f3lnokszta\u0142c\u0105ce im. Stanis\u0142awa Wyspia\u0144skiego w B\u0119dzinie.<\/li>\n<li>III Liceum Og\u00f3lnokszta\u0142c\u0105ce im. Adama Mickiewicza w Katowicach.<\/li>\n<li>III Liceum Og\u00f3lnokszta\u0142c\u0105ce z Oddzia\u0142ami Dwuj\u0119zycznymi w Zabrzu.<\/li>\n<li>IV Liceum Og\u00f3lnokszta\u0142c\u0105ce im. Gen. Stanis\u0142awa Maczka w Katowicach.<\/li>\n<li>V Liceum Og\u00f3lnokszta\u0142c\u0105ce z Oddzia\u0142ami Dwuj\u0119zycznymi im. Kanclerza Jana Zamoyskiego w D\u0105browie G\u00f3rniczej.<\/li>\n<li>VII Liceum Og\u00f3lnokszta\u0142c\u0105ce im. Harcerzy Obro\u0144c\u00f3w Katowic w Katowicach.<\/li>\n<li>Zesp\u00f3\u0142 Szk\u00f3\u0142 Og\u00f3lnokszta\u0142c\u0105cych nr 5 w Gliwicach.<\/li>\n<\/ol>\n<p>W celu usprawnienia wsp\u00f3\u0142pracy z otoczeniem w 2016 roku powo\u0142ano do \u017cycia Rad\u0119 Interesariuszy Instytutu Historii Uniwersytetu \u015al\u0105skiego.<\/p>\n<\/div>\r\n                    <\/div>\r\n                <\/div>[\/vc_column][vc_column width=&#8221;1\/3&#8243;][\/vc_column][\/vc_row]<\/p>","protected":false},"excerpt":{"rendered":"<p>[vc_row el_class=&#8221;container&#8221;][vc_column width=&#8221;2\/3&#8243;][\/vc_column][vc_column width=&#8221;1\/3&#8243;][\/vc_column][\/vc_row] [&#8230;]<\/p>\n<p><a class=\"btn btn-secondary understrap-read-more-link\" href=\"https:\/\/us.edu.pl\/wydzial\/wh\/kierunki-studiow\/srodkowoeuropejskie-studia-historyczne\/wspolpraca-z-otoczeniem\/\">Read More&#8230;<\/a><\/p>\n","protected":false},"author":1,"featured_media":0,"parent":175240,"menu_order":0,"comment_status":"closed","ping_status":"closed","template":"","meta":{"_expiration-date-status":"","_expiration-date":0,"_expiration-date-type":"","_expiration-date-categories":[],"_expiration-date-options":[]},"acf":[],"_links":{"self":[{"href":"https:\/\/us.edu.pl\/wydzial\/wh\/wp-json\/wp\/v2\/pages\/8420"}],"collection":[{"href":"https:\/\/us.edu.pl\/wydzial\/wh\/wp-json\/wp\/v2\/pages"}],"about":[{"href":"https:\/\/us.edu.pl\/wydzial\/wh\/wp-json\/wp\/v2\/types\/page"}],"author":[{"embeddable":true,"href":"https:\/\/us.edu.pl\/wydzial\/wh\/wp-json\/wp\/v2\/users\/1"}],"replies":[{"embeddable":true,"href":"https:\/\/us.edu.pl\/wydzial\/wh\/wp-json\/wp\/v2\/comments?post=8420"}],"version-history":[{"count":3,"href":"https:\/\/us.edu.pl\/wydzial\/wh\/wp-json\/wp\/v2\/pages\/8420\/revisions"}],"predecessor-version":[{"id":9214,"href":"https:\/\/us.edu.pl\/wydzial\/wh\/wp-json\/wp\/v2\/pages\/8420\/revisions\/9214"}],"up":[{"embeddable":true,"href":"https:\/\/us.edu.pl\/wydzial\/wh\/wp-json\/wp\/v2\/pages\/175240"}],"wp:attachment":[{"href":"https:\/\/us.edu.pl\/wydzial\/wh\/wp-json\/wp\/v2\/media?parent=8420"}],"curies":[{"name":"wp","href":"https:\/\/api.w.org\/{rel}","templated":true}]}}