{"id":896,"date":"2019-10-05T15:18:09","date_gmt":"2019-10-05T13:18:09","guid":{"rendered":"https:\/\/us.edu.pl\/wydzial\/wh\/?page_id=896"},"modified":"2026-05-04T09:24:17","modified_gmt":"2026-05-04T07:24:17","slug":"pelnomocnicy-dziekana","status":"publish","type":"page","link":"https:\/\/us.edu.pl\/wydzial\/wh\/pelnomocnicy-dziekana\/","title":{"rendered":"Pe\u0142nomocnicy dziekana"},"content":{"rendered":"<p>[vc_row][vc_column]\r\n                <div class=\"text-modules reverse\">\r\n                    <div class=\"container\">\r\n                        <h3 class=\"section-title section-title_border-bottom\">Pe\u0142nomocnik dziekana ds. studenckich<\/h3> \r\n                        <div class=\"row m-0\">\r\n                            <div class=\"text-modules__content\">\r\n                                <\/p>\n<h4>dr Piotr Kowalewski Jahromi<\/h4>\n<p>&nbsp;<\/p>\n<p><span style=\"font-size: 12pt;\">e-mail: <\/span><a href=\"mailto:piotr.kowalewski@us.edu.pl\">piotr.kowalewski@us.edu.pl<\/a><\/p>\n<p><span style=\"font-size: 12pt;\">Instytut Historii<\/span><br \/>\n<span style=\"font-size: 12pt;\">ul. Bankowa 11, 40-007 Katowice<\/span><br \/>\n<span style=\"font-size: 12pt;\">pok\u00f3j: 21<\/span> \r\n                                <div class=\"mt-3\"><\/div>\r\n                            <\/div>\r\n                            \r\n                            \r\n                        <\/div>\r\n                    <\/div>\r\n                <\/div>[\/vc_column][\/vc_row][vc_row][vc_column]\r\n                <div class=\"text-modules reverse\">\r\n                    <div class=\"container\">\r\n                        <h3 class=\"section-title section-title_border-bottom\">Pe\u0142nomocnik dziekana ds. wsp\u00f3\u0142pracy mi\u0119dzynarodowej<\/h3> \r\n                        <div class=\"row m-0\">\r\n                            <div class=\"text-modules__content\">\r\n                                <\/p>\n<h4>dr hab. Rafa\u0142 Borys\u0142awski, prof. U\u015a<\/h4>\n<p>&nbsp;<\/p>\n<p><span style=\"font-size: 12pt;\">e-mail:\u00a0<a href=\"mailto:rafal.boryslawski@us.edu.pl\" target=\"_blank\" rel=\"noopener noreferrer\">rafal.boryslawski@us.edu.pl<\/a><\/span><\/p>\n<p><span style=\"font-size: 12pt;\">Instytut Literaturoznawstwa<\/span><br \/>\n<span style=\"font-size: 12pt;\">ul. Grota Roweckiego 5, 41-200 Sosnowiec<\/span><br \/>\n<span style=\"font-size: 12pt;\">pok\u00f3j: 4.1<\/span> \r\n                                <div class=\"mt-3\"><\/div>\r\n                            <\/div>\r\n                            \r\n                            <div class=\"text-modules__img\"><img src=\"https:\/\/us.edu.pl\/wydzial\/wh\/wp-content\/uploads\/sites\/15\/Bez-kategorii\/RBoryslawski052026-225x300.jpeg\" alt=\"img\"><\/div>\r\n                        <\/div>\r\n                    <\/div>\r\n                <\/div>[\/vc_column][\/vc_row][vc_row][vc_column]\r\n                <div class=\"text-modules reverse\">\r\n                    <div class=\"container\">\r\n                        <h3 class=\"section-title section-title_border-bottom\">Pe\u0142nomocniczka dziekana ds. student\u00f3w zagranicznych<\/h3> \r\n                        <div class=\"row m-0\">\r\n                            <div class=\"text-modules__content\">\r\n                                <\/p>\n<h4>prof. dr hab. Jolanta Tambor<\/h4>\n<p>&nbsp;<\/p>\n<p>e-mail: <a href=\"mailto:jolanta.tambor@us.edu.pl\">jolanta.tambor@us.edu.pl<\/a><\/p>\n<p><span style=\"font-size: 12pt;\">Instytut J\u0119zykoznawstwa<\/span><br \/>\n<span style=\"font-size: 12pt;\">ul. Uniwersytecka 4, 40-007 Katowice<\/span><br \/>\n<span style=\"font-size: 12pt;\">pok\u00f3j: A0.6<\/span><\/p>\n<p>&nbsp;<\/p>\n<div class=\"mt-3\"><\/div>\r\n                            <\/div>\r\n                            \r\n                            <div class=\"text-modules__img\"><img src=\"https:\/\/us.edu.pl\/wydzial\/wh\/wp-content\/uploads\/sites\/15\/PE\u0141NOMOCNICY\/prof.-dr-hab.-Jolanta-Tambor-200x300.jpg\" alt=\"img\"><\/div>\r\n                        <\/div>\r\n                    <\/div>\r\n                <\/div>[\/vc_column][\/vc_row][vc_row][vc_column]\r\n                <div class=\"text-modules reverse\">\r\n                    <div class=\"container\">\r\n                        <h3 class=\"section-title section-title_border-bottom\">Pe\u0142nomocnik dziekana ds. zapewniania jako\u015bci kszta\u0142cenia i akredytacji<\/h3> \r\n                        <div class=\"row m-0\">\r\n                            <div class=\"text-modules__content\">\r\n                                <\/p>\n<h4>dr Piotr Gorli\u0144ski-Kucik<\/h4>\n<p>&nbsp;<\/p>\n<p>e-mail: <a href=\"mailto:piotr.gorlinski-kucik@us.edu.pl\">piotr.gorlinski-kucik@us.edu.pl<\/a><\/p>\n<p>ul. Uniwersytecka 4, 40-007 Katowice<br \/>\npok\u00f3j: A2.6; A6.24 \r\n                                <div class=\"mt-3\"><\/div>\r\n                            <\/div>\r\n                            \r\n                            \r\n                        <\/div>\r\n                    <\/div>\r\n                <\/div>[\/vc_column][\/vc_row][vc_row][vc_column]\r\n                <div class=\"text-modules reverse\">\r\n                    <div class=\"container\">\r\n                        <h3 class=\"section-title section-title_border-bottom\">Pe\u0142nomocniczka dziekana ds. kszta\u0142cenia na odleg\u0142o\u015b\u0107<\/h3> \r\n                        <div class=\"row m-0\">\r\n                            <div class=\"text-modules__content\">\r\n                                <\/p>\n<h4>dr Joanna Mercik<\/h4>\n<p><span style=\"font-size: 12pt;\">e-mail:<\/span> <a href=\"mailto:joanna.mercik@us.edu.pl\">joanna.mercik@us.edu.pl<\/a><\/p>\n<p><span style=\"font-size: 12pt;\">Instytut Historii<\/span><br \/>\n<span style=\"font-size: 12pt;\">ul. Bankowa 11, 40-007 Katowice<\/span><br \/>\n<span style=\"font-size: 12pt;\">pok\u00f3j: 131<\/span> \r\n                                <div class=\"mt-3\"><\/div>\r\n                            <\/div>\r\n                            \r\n                            <div class=\"text-modules__img\"><img src=\"https:\/\/us.edu.pl\/wydzial\/wh\/wp-content\/uploads\/sites\/15\/Bez-kategorii\/DSC03603-Edit-1-1-200x300.jpg\" alt=\"img\"><\/div>\r\n                        <\/div>\r\n                    <\/div>\r\n                <\/div>[\/vc_column][\/vc_row]<\/p>","protected":false},"excerpt":{"rendered":"<p>[vc_row][vc_column][\/vc_column][\/vc_row][vc_row][vc_column][\/vc_column][\/vc_row][vc_row][vc_column][\/vc_column][\/vc_row][vc_row][vc_column][\/vc_column][\/vc_row][vc_row][vc_column][\/vc_column][\/vc_row] [&#8230;]<\/p>\n<p><a class=\"btn btn-secondary understrap-read-more-link\" href=\"https:\/\/us.edu.pl\/wydzial\/wh\/pelnomocnicy-dziekana\/\">Read More&#8230;<\/a><\/p>\n","protected":false},"author":32,"featured_media":0,"parent":0,"menu_order":0,"comment_status":"closed","ping_status":"closed","template":"","meta":{"_expiration-date-status":"","_expiration-date":0,"_expiration-date-type":"","_expiration-date-categories":[],"_expiration-date-options":[]},"acf":[],"_links":{"self":[{"href":"https:\/\/us.edu.pl\/wydzial\/wh\/wp-json\/wp\/v2\/pages\/896"}],"collection":[{"href":"https:\/\/us.edu.pl\/wydzial\/wh\/wp-json\/wp\/v2\/pages"}],"about":[{"href":"https:\/\/us.edu.pl\/wydzial\/wh\/wp-json\/wp\/v2\/types\/page"}],"author":[{"embeddable":true,"href":"https:\/\/us.edu.pl\/wydzial\/wh\/wp-json\/wp\/v2\/users\/32"}],"replies":[{"embeddable":true,"href":"https:\/\/us.edu.pl\/wydzial\/wh\/wp-json\/wp\/v2\/comments?post=896"}],"version-history":[{"count":11,"href":"https:\/\/us.edu.pl\/wydzial\/wh\/wp-json\/wp\/v2\/pages\/896\/revisions"}],"predecessor-version":[{"id":197193,"href":"https:\/\/us.edu.pl\/wydzial\/wh\/wp-json\/wp\/v2\/pages\/896\/revisions\/197193"}],"wp:attachment":[{"href":"https:\/\/us.edu.pl\/wydzial\/wh\/wp-json\/wp\/v2\/media?parent=896"}],"curies":[{"name":"wp","href":"https:\/\/api.w.org\/{rel}","templated":true}]}}