{"id":9057,"date":"2021-01-19T12:02:25","date_gmt":"2021-01-19T11:02:25","guid":{"rendered":"https:\/\/us.edu.pl\/wydzial\/wh\/?page_id=9057"},"modified":"2023-12-18T19:06:40","modified_gmt":"2023-12-18T18:06:40","slug":"opis-kierunku-i-specjalnosci","status":"publish","type":"page","link":"https:\/\/us.edu.pl\/wydzial\/wh\/kierunki-studiow\/filozofia\/opis-kierunku-i-specjalnosci\/","title":{"rendered":"Opis kierunku i specjalno\u015bci"},"content":{"rendered":"<p>[vc_row el_class=&#8221;container&#8221;][vc_column width=&#8221;2\/3&#8243;]\r\n                <div class=\"text-modules\">\r\n                    <div class=\"container\">\r\n                        <h3 class=\"page-title text__title\">Filozofia - opis kierunku<\/h3>\r\n                        <div class=\"text-modules__content\"><p>Studia filozoficzne oferowane przez Wydzia\u0142 Humanistyczny Uniwersytetu \u015al\u0105skiego umo\u017cliwiaj\u0105 zar\u00f3wno zdobycie og\u00f3lnej wiedzy z historii idei i my\u015bli filozoficznych, jak i praktycznych umiej\u0119tno\u015bci i kompetencji spo\u0142ecznych, kt\u00f3re s\u0105 coraz cz\u0119\u015bciej poszukiwane na coraz bardziej nasyconym specjalistami rynku pracy.<\/p>\n<p>Absolwent studi\u00f3w filozoficznych przedstawia zatem wysok\u0105 kultur\u0119 intelektualn\u0105 popart\u0105 wiedz\u0105 o szerokim zakresie problemowym, a ponadto dysponuje umiej\u0119tno\u015bciami i kompetencjami, kt\u00f3re umo\u017cliwiaj\u0105 mu elastyczne dostosowanie si\u0119 do dynamicznie zmieniaj\u0105cego si\u0119 rynku pracy oraz daj\u0105 podstawy do samodzielnego i dojrza\u0142ego podej\u015bcia do \u017cycia.<\/p>\n<p>Wymiana pogl\u0105d\u00f3w, jakie towarzysz\u0105 dyskusjom na zaj\u0119ciach i w kontaktach towarzyskich, wyrabiaj\u0105 postaw\u0119 tolerancji i otwarcia. Nabyta wiedza pozwala na krytyczny stosunek do wsp\u00f3\u0142czesnego \u015bwiata. Dystans i otwarto\u015b\u0107 wobec spraw \u017cycia codziennego daje pole do wykazywania kreatywno\u015bci wobec jego problem\u00f3w. Dodatkowo praktyczne umiej\u0119tno\u015bci w zakresie krytycznej analizy informacji, uporz\u0105dkowanego i logicznego my\u015blenia, formu\u0142owania i uzasadniania opinii i rozumienia z\u0142o\u017conych zjawisk wsp\u00f3\u0142czesnego \u015bwiata daj\u0105 doskona\u0142e narz\u0119dzia, jakimi pos\u0142uguje si\u0119 wsp\u00f3\u0142czesny intelektualista, posiadaj\u0105cy swoje w\u0142asne zdanie, my\u015bl\u0105cy krytycznie, abstrakcyjnie ale i tw\u00f3rczo, odrzucaj\u0105cy obiegowe opinie, stereotypy i przes\u0105dy.<\/p>\n<\/div>\r\n                    <\/div>\r\n                <\/div>\r\n                <div class=\"text-modules\">\r\n                    <div class=\"container\">\r\n                        <h3 class=\"page-title text__title\">Specjalno\u015bci - studia I stopnia<\/h3>\r\n                        <div class=\"text-modules__content\"><\/p>\n<h3>FILOZOFIA KLASYCZNA<\/h3>\n<hr \/>\n<p>Specjalno\u015b\u0107 filozofia klasyczna nastawiona jest na student\u00f3w zainteresowanych klasycznymi zagadnieniami podejmowanymi przez podstawowe dzia\u0142y filozoficzne, takie jak metafizyka czy epistemologia. Na trzech przedmiotach specjalizacyjnych: Staro\u017cytnych systemach metafizycznych, Teoriach prawdy i Aksjologii filozoficznej, proponowane s\u0105 pog\u0142\u0119bione dyskusje zwi\u0105zane z tytu\u0142owymi zagadnieniami, kt\u00f3re pozwalaj\u0105 dostrzec potencja\u0142 i bogactwo tkwi\u0105ce we wci\u0105\u017c aktualnych, klasycznych zagadnieniach filozofii.<\/p>\n<p>&nbsp;<\/p>\n<h3>FILOZOFIA NOWYCH MEDI\u00d3W I KOMUNIKACJI<\/h3>\n<hr \/>\n<p>Specjalno\u015b\u0107 filozofia nowych medi\u00f3w i komunikacji opr\u00f3cz og\u00f3lnego wykszta\u0142cenia filozoficznego proponuje studentom dodatkowe przedmioty: Filozofi\u0119 nowych medi\u00f3w, Estetyk\u0119 nowych medi\u00f3w i Filozofi\u0119 komunikacji, dzi\u0119ki kt\u00f3rym zdobywaj\u0105 oni specjalistyczn\u0105 wiedz\u0119 oraz cenne umiej\u0119tno\u015bci pozwalaj\u0105ce orientowa\u0107 si\u0119 w zjawiskach zachodz\u0105cych we wsp\u00f3\u0142czesnym \u015bwiecie. Nowe media nie tylko stanowi\u0105 ju\u017c codzienno\u015b\u0107, nowe media j\u0105 konstytuuj\u0105. St\u0105d pomys\u0142 na specjalno\u015b\u0107, dzi\u0119ki kt\u00f3rej pozna\u0107 mo\u017cna zagadnienia i sposoby analizy szerokiego spektrum problem\u00f3w zwi\u0105zanych z funkcjonowanie nowych medi\u00f3w i ich wp\u0142ywem na \u017cycie codzienne, spo\u0142eczne, polityk\u0119, sztuk\u0119, rozw\u00f3j techniki i stanowisko cz\u0142owieka w zdygitalizowanej rzeczywisto\u015bci. Specjalno\u015b\u0107 wyrabia w studentach praktyczne umiej\u0119tno\u015bci zwi\u0105zane z analiz\u0105, tworzeniem i odbiorem r\u00f3\u017cnego rodzaju kod\u00f3w \u2013 pocz\u0105wszy od j\u0119zyka, poprzez obraz, mow\u0119 cia\u0142a i muzyk\u0119. Szczeg\u00f3lny nacisk k\u0142adzie si\u0119 tutaj na umiej\u0119tno\u015b\u0107 logicznego, wnikliwego i nieszablonowego my\u015blenia, analizy argument\u00f3w, opracowywania i krytyki tekst\u00f3w oraz moderowania proces\u00f3w komunikacyjnych.<\/p>\n<\/div>\r\n                    <\/div>\r\n                <\/div>\r\n                <div class=\"text-modules\">\r\n                    <div class=\"container\">\r\n                        <h3 class=\"page-title text__title\">Specjalno\u015bci - studia II stopnia<\/h3>\r\n                        <div class=\"text-modules__content\"><\/p>\n<h3>FILOZOFICZNO-KULTUROWA<\/h3>\n<hr \/>\n<p>Specjalno\u015b\u0107 filozoficzno-kulturowa nastawiona jest na rozwijanie i pog\u0142\u0119bianie wiedzy o subdyscyplinach filozofii, kt\u00f3re odgrywaj\u0105 istotn\u0105 rol\u0119 w interpretacji szeroko pojmowanej aktywno\u015bci cz\u0142owieka. Szczeg\u00f3lny nacisk po\u0142o\u017cony jest na wyksztalcenie umiej\u0119tno\u015bci rozumienia zjawisk i proces\u00f3w z uwzgl\u0119dnieniem wielu perspektyw teoretycznych oraz\u00a0r\u00f3\u017cnorodnych form przejawiania si\u0119 kultury. Studiuj\u0105cy b\u0119d\u0105 mogli pozna\u0107 nowatorskie, wsp\u00f3\u0142czesne koncepcje umo\u017cliwiaj\u0105ce lepsze zrozumienie aktualnej sytuacji, aby \u015bwiadomie odpowiada\u0107 na wyzwania oraz kryzysy zwi\u0105zane z dynamicznie zachodz\u0105cymi przemianami.\u00a0 Rozumienie ich z\u0142o\u017cono\u015bci, dostrzeganie uwarunkowa\u0144 i odmienno\u015bci na tle tradycji kulturowej epok wcze\u015bniejszych, rozwijanie krytycznego i kreatywnego podej\u015bcia, przynosi praktyczne umiej\u0119tno\u015bci po\u017c\u0105dane w r\u00f3\u017cnych sferach \u017cycia spo\u0142ecznego i zawodowego.<\/p>\n<p>&nbsp;<\/p>\n<h3>STUDIA FILOZOFICZNE<\/h3>\n<hr \/>\n<p>Specjalno\u015b\u0107 studia filozoficzne stanowi mi\u0119dzynarodowe przedsi\u0119wzi\u0119cie, w kt\u00f3rym uczestnicz\u0105 uniwersytety z trzech kraj\u00f3w: Republiki Czeskiej (Wydzia\u0142 Filozofii Uniwersytetu w Ostrawie), S\u0142owacji (Instytut Filozofii, Uniwersytet Mateja Bela w Ba\u0144skiej Bystrzycy) i Polski (Instytut Filozofii, Uniwersytet \u015al\u0105ski w Katowicach).\u00a0 Studiuj\u0105cy maj\u0105 mo\u017cliwo\u015b\u0107 specjalizacji zw\u0142aszcza w zakresie (1) historii my\u015bli filozoficznej, szczeg\u00f3lnie w kontek\u015bcie tradycji klasycznej, (2) w filozoficzno-metodologicznych zagadnieniach zwi\u0105zanych\u00a0 z problemem wiedzy i statusu poznania\u00a0naukowego, a tak\u017ce (3) w kwestiach filozofii spo\u0142ecznej, politycznej i filozofii prawa. Takie ukierunkowanie programu studi\u00f3w odzwierciedla charakter specjalizacji badawczej trzech partnerskich uniwersytet\u00f3w. Dzi\u0119ki takiej integracji zasob\u00f3w intelektualnych studiuj\u0105cy\u00a0b\u0119d\u0105 mieli okazj\u0119 poszerzania swojej wiedzy zgodnie z trzema narodowymi tradycjami filozoficznymi: Polski, Republiki Czeskiej oraz S\u0142owacji. Sprzyja\u0107 temu b\u0119d\u0105 wizyty student\u00f3w w zagranicznych o\u015brodkach naukowych oraz modu\u0142y po\u015bwi\u0119cone poznaniu kultur narodowych. W ten spos\u00f3b studenci zdob\u0119d\u0105 narz\u0119dzia krytycznego i metodycznego podej\u015bcia do analizy aktualnych problem\u00f3w zwi\u0105zanych\u00a0z badaniami z zakresu filozofii systematycznej\u00a0oraz historii filozofii.<\/p>\n<\/div>\r\n                    <\/div>\r\n                <\/div>[\/vc_column][vc_column width=&#8221;1\/3&#8243;][\/vc_column][\/vc_row]<\/p>","protected":false},"excerpt":{"rendered":"<p>[vc_row el_class=&#8221;container&#8221;][vc_column width=&#8221;2\/3&#8243;][\/vc_column][vc_column width=&#8221;1\/3&#8243;][\/vc_column][\/vc_row] [&#8230;]<\/p>\n<p><a class=\"btn btn-secondary understrap-read-more-link\" href=\"https:\/\/us.edu.pl\/wydzial\/wh\/kierunki-studiow\/filozofia\/opis-kierunku-i-specjalnosci\/\">Read More&#8230;<\/a><\/p>\n","protected":false},"author":1,"featured_media":0,"parent":169680,"menu_order":0,"comment_status":"closed","ping_status":"closed","template":"","meta":{"_expiration-date-status":"","_expiration-date":0,"_expiration-date-type":"","_expiration-date-categories":[],"_expiration-date-options":[]},"acf":[],"_links":{"self":[{"href":"https:\/\/us.edu.pl\/wydzial\/wh\/wp-json\/wp\/v2\/pages\/9057"}],"collection":[{"href":"https:\/\/us.edu.pl\/wydzial\/wh\/wp-json\/wp\/v2\/pages"}],"about":[{"href":"https:\/\/us.edu.pl\/wydzial\/wh\/wp-json\/wp\/v2\/types\/page"}],"author":[{"embeddable":true,"href":"https:\/\/us.edu.pl\/wydzial\/wh\/wp-json\/wp\/v2\/users\/1"}],"replies":[{"embeddable":true,"href":"https:\/\/us.edu.pl\/wydzial\/wh\/wp-json\/wp\/v2\/comments?post=9057"}],"version-history":[{"count":5,"href":"https:\/\/us.edu.pl\/wydzial\/wh\/wp-json\/wp\/v2\/pages\/9057\/revisions"}],"predecessor-version":[{"id":169700,"href":"https:\/\/us.edu.pl\/wydzial\/wh\/wp-json\/wp\/v2\/pages\/9057\/revisions\/169700"}],"up":[{"embeddable":true,"href":"https:\/\/us.edu.pl\/wydzial\/wh\/wp-json\/wp\/v2\/pages\/169680"}],"wp:attachment":[{"href":"https:\/\/us.edu.pl\/wydzial\/wh\/wp-json\/wp\/v2\/media?parent=9057"}],"curies":[{"name":"wp","href":"https:\/\/api.w.org\/{rel}","templated":true}]}}