{"id":920,"date":"2019-10-05T16:37:59","date_gmt":"2019-10-05T14:37:59","guid":{"rendered":"https:\/\/us.edu.pl\/wydzial\/wh\/?page_id=920"},"modified":"2022-01-27T15:04:20","modified_gmt":"2022-01-27T14:04:20","slug":"zespol-ds-projektow-wydzialu-humanistycznego","status":"publish","type":"page","link":"https:\/\/us.edu.pl\/wydzial\/wh\/administracja\/zespol-ds-projektow-wydzialu-humanistycznego\/","title":{"rendered":"Zesp\u00f3\u0142 ds. Projekt\u00f3w Wydzia\u0142u Humanistycznego"},"content":{"rendered":"<p>[vc_row][vc_column]\r\n                <div class=\"text-modules\">\r\n                    <div class=\"container\">\r\n                        \r\n                        <div class=\"text-modules__content\"><p><strong>Pracownicy:<\/strong><\/p>\n<p>mgr Anna Dziadek, koordynator Zespo\u0142u<br \/>\ne-mail: <a href=\"mailto:anna.dziadek@us.edu.pl\">anna.dziadek@us.edu.pl<\/a><br \/>\ntel.: 503 048 685<br \/>\nKatowice, ul. Uniwersytecka 4, pok. B1.21<\/p>\n<p>mgr Marcin Kie\u0142basi\u0144ski<br \/>\ne-mail: <a href=\"mailto:marcin.kielbasinski@us.edu.pl\">marcin.kielbasinski@us.edu.pl<\/a><br \/>\ntel.: 32 2009 440<br \/>\nKatowice, ul. Uniwersytecka 4, pok. B1.22<\/p>\n<p>mgr Aleksandra Faruga<br \/>\ne-mail: <a href=\"mailto:aleksandra.wilk@us.edu.pl\">aleksandra.wilk@us.edu.pl<\/a><br \/>\ntel.: 32 2009 440<br \/>\nKatowice, ul. Uniwersytecka 4, pok. B1.22<\/p>\n<\/div>\r\n                    <\/div>\r\n                <\/div>[\/vc_column][\/vc_row]<\/p>","protected":false},"excerpt":{"rendered":"<p>[vc_row][vc_column][\/vc_column][\/vc_row] [&#8230;]<\/p>\n<p><a class=\"btn btn-secondary understrap-read-more-link\" href=\"https:\/\/us.edu.pl\/wydzial\/wh\/administracja\/zespol-ds-projektow-wydzialu-humanistycznego\/\">Read More&#8230;<\/a><\/p>\n","protected":false},"author":32,"featured_media":0,"parent":917,"menu_order":0,"comment_status":"closed","ping_status":"closed","template":"page-templates\/inner-page.php","meta":{"_expiration-date-status":"saved","_expiration-date":0,"_expiration-date-type":"","_expiration-date-categories":[],"_expiration-date-options":[]},"acf":[],"_links":{"self":[{"href":"https:\/\/us.edu.pl\/wydzial\/wh\/wp-json\/wp\/v2\/pages\/920"}],"collection":[{"href":"https:\/\/us.edu.pl\/wydzial\/wh\/wp-json\/wp\/v2\/pages"}],"about":[{"href":"https:\/\/us.edu.pl\/wydzial\/wh\/wp-json\/wp\/v2\/types\/page"}],"author":[{"embeddable":true,"href":"https:\/\/us.edu.pl\/wydzial\/wh\/wp-json\/wp\/v2\/users\/32"}],"replies":[{"embeddable":true,"href":"https:\/\/us.edu.pl\/wydzial\/wh\/wp-json\/wp\/v2\/comments?post=920"}],"version-history":[{"count":10,"href":"https:\/\/us.edu.pl\/wydzial\/wh\/wp-json\/wp\/v2\/pages\/920\/revisions"}],"predecessor-version":[{"id":17765,"href":"https:\/\/us.edu.pl\/wydzial\/wh\/wp-json\/wp\/v2\/pages\/920\/revisions\/17765"}],"up":[{"embeddable":true,"href":"https:\/\/us.edu.pl\/wydzial\/wh\/wp-json\/wp\/v2\/pages\/917"}],"wp:attachment":[{"href":"https:\/\/us.edu.pl\/wydzial\/wh\/wp-json\/wp\/v2\/media?parent=920"}],"curies":[{"name":"wp","href":"https:\/\/api.w.org\/{rel}","templated":true}]}}