{"id":925,"date":"2019-10-05T16:44:58","date_gmt":"2019-10-05T14:44:58","guid":{"rendered":"https:\/\/us.edu.pl\/wydzial\/wh\/?page_id=925"},"modified":"2026-04-15T10:09:41","modified_gmt":"2026-04-15T08:09:41","slug":"biuro-ewaluacji-i-obslugi-instytutow","status":"publish","type":"page","link":"https:\/\/us.edu.pl\/wydzial\/wh\/administracja\/biuro-ewaluacji-i-obslugi-instytutow\/","title":{"rendered":"Biuro Ewaluacji i Obs\u0142ugi Instytut\u00f3w"},"content":{"rendered":"<p>[vc_row][vc_column]\r\n                <div class=\"text-modules\">\r\n                    <div class=\"container\">\r\n                        \r\n                        <div class=\"text-modules__content\"><\/p>\n<h3><strong>Administracyjna obs\u0142uga post\u0119powa\u0144 habilitacyjnych i o nadanie stopnia doktora<\/strong><\/h3>\n<hr \/>\n<p>&nbsp;<\/p>\n<p>dr Daria D\u0105browska-Gruchlik<br \/>\ne-mail:\u00a0<a href=\"mailto:daria.dabrowska-gruchlik@us.edu.pl\">daria.dabrowska-gruchlik@us.edu.pl<\/a><br \/>\ntel.: 32 364 08 23<br \/>\nSosnowiec, ul. Grota-Roweckiego 5, pok. 2.10<\/p>\n<p>&nbsp;<\/p>\n<p>mgr Karolina Konieczna-Montak<br \/>\ne-mail: <a href=\"mailto:karolina.konieczna@us.edu.pl\">karolina.konieczna@us.edu.pl<\/a><br \/>\ntel.: 32 364 09 65<br \/>\nSosnowiec, ul. Grota-Roweckiego 5, pok. 2.49<\/p>\n<p>&nbsp;<\/p>\n<h3><strong>INSTYTUT J\u0118ZYKOZNAWSTWA<\/strong><\/h3>\n<hr \/>\n<p><span style=\"font-size: 12pt;\"><strong>KATOWICE<\/strong><\/span><\/p>\n<p>mgr Bo\u017cena Sobo\u0144<br \/>\ne-mail:\u00a0<a href=\"mailto:bozena.sobon@us.edu.pl\">bozena.sobon@us.edu.pl<\/a><br \/>\ntel.: 32 2009 515<br \/>\nKatowice, ul. Uniwersytecka 4, pok. A3.22<\/p>\n<p><span style=\"font-size: 12pt;\"><strong>SOSNOWIEC<\/strong><\/span><\/p>\n<p>mgr Katarzyna Akartel<br \/>\ne-mail:\u00a0<a href=\"mailto:katarzyna.akartel@us.edu.pl\">katarzyna.akartel@us.edu.pl<\/a><br \/>\ntel.: 32 364 08 81<br \/>\nSosnowiec, ul. Grota Roweckiego 5, pok. 4.55<\/p>\n<p>mgr Justyna Krzepkowska<br \/>\ne-mail: <a href=\"mailto:justyna.krzepkowska@us.edu.pl\">justyna.krzepkowska@us.edu.pl<\/a><br \/>\ntel.: 32 364 08 57<br \/>\nSosnowiec, ul. Grota Roweckiego 5, pok. 4.55<\/p>\n<p>&nbsp;<\/p>\n<h3><strong>INSTYTUT LITERATUROZNAWSTWA<\/strong><\/h3>\n<hr \/>\n<p><span style=\"font-size: 12pt;\"><strong>KATOWICE<\/strong><\/span><\/p>\n<p>mgr Ewa Stopka-Marek<br \/>\ne-mail: <a href=\"mailto:ewa.stopka-marek@us.edu.pl\">ewa.stopka-marek@us.edu.pl<\/a><br \/>\ntel.: 32 2009 409<br \/>\nKatowice, ul. Uniwersytecka 4, pok. A6.16<\/p>\n<p><span style=\"font-size: 12pt;\"><strong>SOSNOWIEC<\/strong><\/span><\/p>\n<p>mgr Ewa Wilisowska<br \/>\ne-mail:\u00a0<a href=\"mailto:ewa.wilisowska@us.edu.pl\">ewa.wilisowska@us.edu.pl<\/a><br \/>\ntel.: 32 364 08 99<br \/>\nSosnowiec, ul. Grota-Roweckiego 5, pok. 4.23<\/p>\n<p>&nbsp;<\/p>\n<h3><strong>INSTYTUT POLONISTYKI<\/strong><\/h3>\n<hr \/>\n<p>dr Aleksandra Garbacz<br \/>\ne-mail: <a href=\"mailto:aleksandra.garbacz@us.edu.pl\">aleksandra.garbacz@us.edu.pl<\/a><br \/>\ntel.: 32 2009 402<br \/>\nKatowice, ul. Uniwersytecka 4, pok. A6.18<\/p>\n<p>&nbsp;<\/p>\n<h3><strong>INSTYTUT NAUK O KULTURZE<\/strong><\/h3>\n<hr \/>\n<p>mgr Tadeusz Maci\u0105g<br \/>\ne-mail:\u00a0<a href=\"mailto:tadeusz.maciag@us.edu.pl\">tadeusz.maciag@us.edu.pl<\/a><br \/>\ntel.: 32 2009 317<br \/>\nKatowice, ul. Uniwersytecka 4, pok. A5.23<\/p>\n<p>mgr Urszula Owca<br \/>\ne-mail:\u00a0<a href=\"mailto:urszula.owca@us.edu.pl\">urszula.owca@us.edu.pl<\/a><br \/>\ntel.: 32 2009 321<br \/>\nKatowice, ul. Uniwersytecka 4, pok. A5.23<\/p>\n<p>mgr Ewa Wenglorz<br \/>\ne-mail:\u00a0<a href=\"mailto:ewa.wenglorz@us.edu.pl\" target=\"_blank\" rel=\"noopener\">ewa.wenglorz@us.edu.pl<\/a><br \/>\ntel.: 33 8546 114<br \/>\n43-400 Cieszyn, ul. Bielska 62, pok\u00f3j C1.24<\/p>\n<p>&nbsp;<\/p>\n<h3><strong>INSTYTUT FILOZOFII<\/strong><\/h3>\n<hr \/>\n<p>mgr Paulina Pytel<br \/>\ne-mail: <a href=\"mailto:paulina.pytel@us.edu.pl\">paulina.pytel@us.edu.pl<\/a><br \/>\ntel.: 32 359 18 24 \/ 32 359 21 29<br \/>\nKatowice, ul. Bankowa 11, pok. 325<\/p>\n<p>&nbsp;<\/p>\n<h3><strong>INSTYTUT HISTORII | INSTYTUT NAUK O SZTUCE<\/strong><\/h3>\n<hr \/>\n<p>mgr Lidia \u017bali\u0144ska<br \/>\ne-mail: <a href=\"mailto:lidia.zalinska@us.edu.pl\">lidia.zalinska@us.edu.pl<\/a><br \/>\ntel.: (32)\u00a0 359 13 14<br \/>\nKatowice, ul. Bankowa 11, pok. 122<\/p>\n<p>&nbsp;<\/p>\n<h3><strong>Importerzy PBN<\/strong><\/h3>\n<hr \/>\n<p><span style=\"font-size: 12pt;\"><strong><br \/>\nINSTYTUT J\u0118ZYKOZNAWSTWA &#8211; KATOWICE<\/strong><\/span><\/p>\n<p>mgr Katarzyna Fitz<br \/>\ne-mail:\u00a0<a href=\"mailto:katarzyna.fitz@us.edu.pl\">katarzyna.fitz@us.edu.pl<\/a><br \/>\ntel.: 32 2009 515<br \/>\nKatowice, ul. Uniwersytecka 4, pok. A3.22<\/p>\n<p>&nbsp;<\/p>\n<p><span style=\"font-size: 12pt;\"><strong>INSTYTUT J\u0118ZYKOZNAWSTWA | INSTYTUT LITERATUROZNAWSTWA &#8211; SOSNOWIEC<\/strong><\/span><\/p>\n<p>mgr \u0141ukasz Og\u0142oza<br \/>\ne-mail: <a href=\"mailto:lukasz.ogloza@us.edu.pl\">lukasz.ogloza@us.edu.pl<\/a><br \/>\ntel.: 32 364 09 18<br \/>\nSosnowiec, ul. Grota Roweckiego 5, pok. 4.24<\/p>\n<p>&nbsp;<\/p>\n<p><span style=\"font-size: 12pt;\"><strong>INSTYTUT POLONISTYKI <\/strong><\/span><strong> | <\/strong><span style=\"font-size: 12pt;\"><strong>INSTYTUT LITERATUROZNAWSTWA <\/strong><\/span><span style=\"font-size: 12pt;\"><strong>&#8211; KATOWICE<\/strong><\/span><\/p>\n<p>mgr Helena Woronko-Opacka<br \/>\ne-mail: <a href=\"mailto:helena.woronko-opacka@us.edu.pl\">helena.woronko-opacka@us.edu.pl<\/a><br \/>\ntel.: 32 2009 404<br \/>\nKatowice, ul. Uniwersytecka 4, pok. A6.18<\/p>\n<p>&nbsp;<\/p>\n<p><span style=\"font-size: 12pt;\"><strong>INSTYTUT NAUK O KULTURZE<\/strong><\/span><\/p>\n<p>mgr Justyna Januszewska<br \/>\ne-mail:\u00a0<a href=\"mailto:justyna.januszewska@us.edu.pl\">justyna.januszewska@us.edu.pl<\/a><br \/>\ntel.: 32 2009 323<br \/>\nKatowice, ul. Uniwersytecka 4, pok. A5.15<\/p>\n<p>&nbsp;<\/p>\n<p><span style=\"font-size: 12pt;\"><strong>INSTYTUTY: FILOZOFII, HISTORII, NAUK O SZTUCE<\/strong><\/span><\/p>\n<p>mgr Aneta Nocu\u0144<br \/>\ne-mail:\u00a0<a href=\"mailto:aneta.nocun@us.edu.pl\">aneta.nocun@us.edu.pl<\/a><br \/>\ntel.: 32 359 12 94<br \/>\nKatowice, ul. Bankowa 11, pok. 318A, IIIp<\/p>\n<\/div>\r\n                    <\/div>\r\n                <\/div>[\/vc_column][\/vc_row][vc_column][\/vc_column]<\/p>","protected":false},"excerpt":{"rendered":"<p>[vc_row][vc_column][\/vc_column][\/vc_row][vc_column][\/vc_column] [&#8230;]<\/p>\n<p><a class=\"btn btn-secondary understrap-read-more-link\" href=\"https:\/\/us.edu.pl\/wydzial\/wh\/administracja\/biuro-ewaluacji-i-obslugi-instytutow\/\">Read More&#8230;<\/a><\/p>\n","protected":false},"author":32,"featured_media":0,"parent":917,"menu_order":0,"comment_status":"closed","ping_status":"closed","template":"page-templates\/inner-page.php","meta":{"_expiration-date-status":"","_expiration-date":0,"_expiration-date-type":"","_expiration-date-categories":[],"_expiration-date-options":[]},"acf":[],"_links":{"self":[{"href":"https:\/\/us.edu.pl\/wydzial\/wh\/wp-json\/wp\/v2\/pages\/925"}],"collection":[{"href":"https:\/\/us.edu.pl\/wydzial\/wh\/wp-json\/wp\/v2\/pages"}],"about":[{"href":"https:\/\/us.edu.pl\/wydzial\/wh\/wp-json\/wp\/v2\/types\/page"}],"author":[{"embeddable":true,"href":"https:\/\/us.edu.pl\/wydzial\/wh\/wp-json\/wp\/v2\/users\/32"}],"replies":[{"embeddable":true,"href":"https:\/\/us.edu.pl\/wydzial\/wh\/wp-json\/wp\/v2\/comments?post=925"}],"version-history":[{"count":11,"href":"https:\/\/us.edu.pl\/wydzial\/wh\/wp-json\/wp\/v2\/pages\/925\/revisions"}],"predecessor-version":[{"id":196866,"href":"https:\/\/us.edu.pl\/wydzial\/wh\/wp-json\/wp\/v2\/pages\/925\/revisions\/196866"}],"up":[{"embeddable":true,"href":"https:\/\/us.edu.pl\/wydzial\/wh\/wp-json\/wp\/v2\/pages\/917"}],"wp:attachment":[{"href":"https:\/\/us.edu.pl\/wydzial\/wh\/wp-json\/wp\/v2\/media?parent=925"}],"curies":[{"name":"wp","href":"https:\/\/api.w.org\/{rel}","templated":true}]}}