{"id":9308,"date":"2021-01-21T15:48:40","date_gmt":"2021-01-21T14:48:40","guid":{"rendered":"https:\/\/us.edu.pl\/wydzial\/wh\/?page_id=9308"},"modified":"2021-02-21T21:59:04","modified_gmt":"2021-02-21T20:59:04","slug":"projekty-dydaktyczne","status":"publish","type":"page","link":"https:\/\/us.edu.pl\/wydzial\/wh\/kierunki-studiow\/filologia-romanska\/wspolpraca-z-otoczeniem\/projekty-dydaktyczne\/","title":{"rendered":"Projekty dydaktyczne"},"content":{"rendered":"<p>[vc_row][vc_column]\r\n                <div class=\"text-modules\">\r\n                    <div class=\"container\">\r\n                        <h3 class=\"page-title text__title\">``Z hiszpa\u0144skim przez \u015bwiat`` - dr Cecylia Tatoj<\/h3>\r\n                        <div class=\"text-modules__content\"><p>Dr Cecylia Tatoj jest laureatk\u0105 II edycji konkursu \u201eWsp\u00f3\u0142my\u015blenie w humanistyce\u201d realizowanego w ramach projektu \u201eJeden Uniwersytet \u2013 Wiele Mo\u017cliwo\u015bci. Program Zintegrowany\u201d wsp\u00f3\u0142finansowanego ze \u015brodk\u00f3w Unii Europejskiej w ramach Europejskiego Funduszu Spo\u0142ecznego. W ramach ww. projektu przez ca\u0142y obecny rok akademicki dr C. Tatoj prowadzi zaj\u0119cia projektowe pt. &#8222;Z hiszpa\u0144skim przez \u015bwiat\u201d.<\/p>\n<p>Celem grupy projektowej jest zdobywanie wiedzy na temat Hiszpanii i kraj\u00f3w hispanoj\u0119zycznych, poszerzanie znajomo\u015bci j\u0119zyka hiszpa\u0144skiego oraz popularyzacja tej wiedzy w\u015br\u00f3d student\u00f3w Wydzia\u0142u Humanistycznego oraz uczni\u00f3w szk\u00f3\u0142 podstawowych i \u015brednich naszego regionu, a tak\u017ce popularyzacja wiedzy o Polsce, ze szczeg\u00f3lnym uwzgl\u0119dnieniem Wojew\u00f3dztwa \u015al\u0105skiego, w\u015br\u00f3d student\u00f3w wybranych uniwersytet\u00f3w hiszpa\u0144skich i latynoameryka\u0144skich.<\/p>\n<p>W ramach zaj\u0119\u0107 grupa student\u00f3w co miesi\u0105c odbywa dwa spotkania on-line z przedstawicielami r\u00f3\u017cnych uniwersytet\u00f3w\u00a0 mieszcz\u0105cych si\u0119 w krajach\u00a0 hispanoj\u0119zycznych.<\/p>\n<\/div>\r\n                    <\/div>\r\n                <\/div>[\/vc_column][\/vc_row]<\/p>","protected":false},"excerpt":{"rendered":"<p>[vc_row][vc_column][\/vc_column][\/vc_row] [&#8230;]<\/p>\n<p><a class=\"btn btn-secondary understrap-read-more-link\" href=\"https:\/\/us.edu.pl\/wydzial\/wh\/kierunki-studiow\/filologia-romanska\/wspolpraca-z-otoczeniem\/projekty-dydaktyczne\/\">Read More&#8230;<\/a><\/p>\n","protected":false},"author":1,"featured_media":0,"parent":8893,"menu_order":0,"comment_status":"closed","ping_status":"closed","template":"","meta":{"_expiration-date-status":"saved","_expiration-date":0,"_expiration-date-type":"","_expiration-date-categories":[],"_expiration-date-options":[]},"acf":[],"_links":{"self":[{"href":"https:\/\/us.edu.pl\/wydzial\/wh\/wp-json\/wp\/v2\/pages\/9308"}],"collection":[{"href":"https:\/\/us.edu.pl\/wydzial\/wh\/wp-json\/wp\/v2\/pages"}],"about":[{"href":"https:\/\/us.edu.pl\/wydzial\/wh\/wp-json\/wp\/v2\/types\/page"}],"author":[{"embeddable":true,"href":"https:\/\/us.edu.pl\/wydzial\/wh\/wp-json\/wp\/v2\/users\/1"}],"replies":[{"embeddable":true,"href":"https:\/\/us.edu.pl\/wydzial\/wh\/wp-json\/wp\/v2\/comments?post=9308"}],"version-history":[{"count":3,"href":"https:\/\/us.edu.pl\/wydzial\/wh\/wp-json\/wp\/v2\/pages\/9308\/revisions"}],"predecessor-version":[{"id":10780,"href":"https:\/\/us.edu.pl\/wydzial\/wh\/wp-json\/wp\/v2\/pages\/9308\/revisions\/10780"}],"up":[{"embeddable":true,"href":"https:\/\/us.edu.pl\/wydzial\/wh\/wp-json\/wp\/v2\/pages\/8893"}],"wp:attachment":[{"href":"https:\/\/us.edu.pl\/wydzial\/wh\/wp-json\/wp\/v2\/media?parent=9308"}],"curies":[{"name":"wp","href":"https:\/\/api.w.org\/{rel}","templated":true}]}}