{"id":9317,"date":"2021-01-21T16:30:55","date_gmt":"2021-01-21T15:30:55","guid":{"rendered":"https:\/\/us.edu.pl\/wydzial\/wh\/?page_id=9317"},"modified":"2024-08-09T12:33:17","modified_gmt":"2024-08-09T10:33:17","slug":"wspolpraca-ze-szkolami","status":"publish","type":"page","link":"https:\/\/us.edu.pl\/wydzial\/wh\/kierunki-studiow\/msp\/wspolpraca-z-otoczeniem\/wspolpraca-ze-szkolami\/","title":{"rendered":"Wsp\u00f3\u0142praca ze szko\u0142ami"},"content":{"rendered":"<p>[vc_row el_class=&#8221;container&#8221;][vc_column width=&#8221;2\/3&#8243;]\r\n                <div class=\"text-modules\">\r\n                    <div class=\"container\">\r\n                        \r\n                        <div class=\"text-modules__content\"><\/p>\n<p style=\"margin: 0cm; margin-bottom: .0001pt;\"><span style=\"font-size: 12pt; font-family: verdana, geneva, sans-serif; color: #000000;\"><strong>Wolontariat\u00a0studentek mi\u0119dzynarodowych studi\u00f3w\u00a0polskich\u00a0na\u00a0 &#8222;Jubileuszowym XX Festynie El\u017cbieta\u0144skim&#8221;<\/strong><\/span><\/p>\n<p style=\"margin: 0cm; margin-bottom: .0001pt;\"><span style=\"font-size: 12pt; font-family: verdana, geneva, sans-serif; color: #000000;\"><br \/>\n11 czerwca\u00a0 2022 r. w Jaworznie Parafia \u015bw. El\u017cbiety W\u0119gierskiej\u00a0 zorganizowa\u0142a &#8222;Jubileuszowy XX Festyn El\u017cbieta\u0144ski&#8221;. Celem imprezy by\u0142a przede wszystkim integracja \u015brodowiska, ale te\u017c przeprowadzenie kwesty na organizacj\u0119 kolonii dla dzieci z rodzin, kt\u00f3rych nie sta\u0107 na op\u0142acenie wyjazdu swoim pociechom. Kolonie maj\u0105 po\u0142\u0105czy\u0107 i zintegrowa\u0107 dzieci polskie i ukrai\u0144skie, kt\u00f3re znalaz\u0142y si\u0119 na terenie naszego kraju.<\/span><\/p>\n<p style=\"margin: 0cm; margin-bottom: .0001pt; font-stretch: normal;\"><span style=\"font-size: 12pt; font-family: verdana, geneva, sans-serif; color: #000000;\">Studentki mi\u0119dzynarodowych studi\u00f3w polskich Uniwersytetu \u015al\u0105skiego w Katowicach &#8211; Kristina Anhelovska i Alesia Luzhankova &#8211; jako wolontariuszki uczestniczy\u0142y w tym wydarzeniu.\u00a0<\/span><\/p>\n<p style=\"margin: 0cm; margin-bottom: .0001pt; font-stretch: normal;\"><span style=\"font-size: 12pt; font-family: verdana, geneva, sans-serif; color: #000000;\">Festyn rozpocz\u0105\u0142 si\u0119 o godz. 10:00. G\u0142\u00f3wnym zadaniem studentek-wolontariuszek by\u0142o t\u0142umaczenie na j\u0119zyk ukrai\u0144ski dla wszystkich os\u00f3b, kt\u00f3re tego potrzebowa\u0142y. Mi\u0119dzy innym w\u00a0\u00a0programie festynu by\u0142y konkursy, pokazy, gry, zabawy oraz zawody sportowo-rekreacyjne czy te\u017c\u00a0\u00a0wyst\u0119py artystyczne. Na koniec wydarzenia nagradzano zwyci\u0119zc\u00f3w konkurs\u00f3w &#8211; studentki r\u00f3wnie\u017c otrzyma\u0142y nagrody i upominki w podzi\u0119kowaniu za ich prac\u0119.\u00a0\u00a0<\/span><\/p>\n<p>&nbsp;<\/p>\n<p><span style=\"font-size: 12pt; font-family: verdana, geneva, sans-serif; color: #000000;\"><strong>Dzie\u0144 J\u0119zyk\u00f3w w Rudzie \u015al\u0105skiej<\/strong>\u00a0<\/span><\/p>\n<p><span style=\"font-size: 12pt; font-family: verdana, geneva, sans-serif; color: #000000;\">22 marca 2022 roku w Szkole Podstawowej nr 20 w Rudzie \u015al\u0105skiej odby\u0142 si\u0119 Dzie\u0144 Talent\u00f3w. Studenci mi\u0119dzynarodowych studi\u00f3w polskich zostali poproszeni o przeprowadzanie zaj\u0119\u0107 j\u0119zykowo-kulturowych. Zaprezentowano j\u0119zyki i kultury takich kraj\u00f3w jak: Macedonii, Ukrainy, Bia\u0142orusi, Uzbekistanu i innych. Spotkanie odby\u0142o si\u0119 w formie zdalnej, studenci msp wykazali si\u0119 wielkim zaanga\u017cowaniem w przygotowanie atrakcyjnych prezentacji, kt\u00f3re cieszy\u0142y si\u0119 ogromnym zainteresowaniem ze strony uczni\u00f3w.<\/span><\/p>\n<p><span style=\"font-size: 12pt; font-family: verdana, geneva, sans-serif; color: #000000;\">Nale\u017cy podkre\u015bli\u0107, i\u017c wyst\u0105pienia t\u0142umaczone by\u0142y na dwa j\u0119zyki: ukrai\u0144ski oraz angielski. W roli t\u0142umaczek sprawdzi\u0142y si\u0119 studentki mi\u0119dzynarodowych studi\u00f3w polskich: Khrystyna Lesiv, Mariana Ravliuk (t\u0142umaczenie na j\u0119zyk ukrai\u0144ski) oraz Wiktoria Go\u0142uch (j. angielski) kt\u00f3re \u015bwietnie poradzi\u0142y sobie z przek\u0142adem ustnym wyg\u0142aszanych prezentacji.<\/span><\/p>\n<p><span style=\"font-size: 12pt; font-family: verdana, geneva, sans-serif; color: #000000;\">Konferencja mia\u0142a cel podsumowanie projektu FAMI, zapoznanie opinii publicznej z rezultatami podj\u0119tych dzia\u0142a\u0144 oraz planami jednostek zaanga\u017cowanych w przebieg projektu wzgl\u0119dem kontynuowania integracji i kszta\u0142cenia j\u0119zykowo-kulturowego przedstawicieli r\u00f3\u017cnych grup narodowo\u015bciowych, j\u0119zykowych, zawodowych.<\/span><\/p>\n<p>&nbsp;<\/p>\n<p><span style=\"font-size: 12pt; font-family: verdana, geneva, sans-serif; color: #000000;\"><strong>Poetyckie mi\u0119dzynarodowe spotkanie miko\u0142owskie<\/strong><\/span><\/p>\n<p><span style=\"font-size: 12pt; font-family: verdana, geneva, sans-serif; color: #000000;\">19.03.2022 studenci 1. roku licencjackich mi\u0119dzynarodowych studi\u00f3w polskich s\u0142uchacze Podyplomowych Studi\u00f3w z Wiedzy o Regionie sp\u0119dzili wsp\u00f3lnie w Miko\u0142owie. Tradycyjnie rozpocz\u0119li od obejrzenia filmu \u201eWojaczek\u201d w niezwykle go\u015bcinnych progach Miejskiej Biblioteki Publicznej, gdzie tak\u017ce wys\u0142uchali interpretacji Wojaczkowych wierszy w wykonaniu dr. hab. Romualda Cudaka, autora wy\u015bmienitej ksi\u0105\u017cki \u201eInne bajki. W kr\u0119gu liryki Rafa\u0142a Wojaczka\u201d i szkicu o eklodze w najnowszym albumowym wydaniu po\u015bwi\u0119conym poecie \u2013 kt\u00f3rego premiera i promocja odby\u0142a si\u0119 2 tygodnie wcze\u015bniej w Instytucie Miko\u0142owskim. W Bibliotece odby\u0142 si\u0119 te\u017c wyk\u0142ad Patrycji M\u0142ynarczyk o \u015bl\u0105skiej kinematografii.<\/span><\/p>\n<p><span style=\"font-size: 12pt; font-family: verdana, geneva, sans-serif; color: #000000;\">Po obiedzie by\u0142 spacer: najpierw pod dom, w kt\u00f3rym mieszka\u0142 Wojaczek (dzi\u015b ul. Jana Paw\u0142a 8) z tablic\u0105 pami\u0105tkow\u0105, potem na rynek, gdzie podziwiali\u015bmy te\u017c tablic\u0119 upami\u0119tniaj\u0105c\u0105 kr\u00f3tki pobyt w Miko\u0142owie Cypriana Kamila Norwida i wreszcie do uroczego ko\u015bci\u00f3\u0142ka Matki Boskiej \u015anie\u017cnej.<\/span><\/p>\n<p><span style=\"font-size: 12pt; font-family: verdana, geneva, sans-serif; color: #000000;\">Ostatni\u0105 cz\u0119\u015bci\u0105 miko\u0142owskiego touru by\u0142a wizyta w Instytucie Miko\u0142owskim. Rozpocz\u0119li\u015bmy od wsp\u00f3lnej fotografii pod ods\u0142oni\u0119tym rok temu muralem Wojaczka, potem przeszli\u015bmy schodami, kt\u00f3rych ka\u017cdy stopie\u0144 opatrzony jest informacj\u0105 o poecie, tytu\u0142em tomiku lub wersami jego wierszy. W Instytucie Miko\u0142owskim s\u0142uchaczy i student\u00f3w podj\u0105\u0142 dyrektor i wsp\u00f3\u0142scenarzysta filmu \u201eWojaczek\u201d, Maciej Melecki. Wraz z prof. R. Cudakiem opowiadali o albumie, o wsp\u00f3lnie wydanych antologiach nieznanych wierszy Wojaczka i antologiach opracowa\u0144 tw\u00f3rczo\u015bci poety. \u00a0<\/span><\/p>\n<p>&nbsp;<\/p>\n<p><span style=\"font-size: 12pt; font-family: verdana, geneva, sans-serif; color: #000000;\"><strong>Szko\u0142y obj\u0119te patronatem:<\/strong> <\/span><\/p>\n<ul>\n<li><span style=\"font-size: 12pt; font-family: verdana, geneva, sans-serif; color: #000000;\">VI Liceum Og\u00f3lnokszta\u0142c\u0105ce im. Janusza Korczaka w Sosnowcu, ul. Czeladzka 58, Sosnowiec<\/span><\/li>\n<li><span style=\"font-size: 12pt; font-family: verdana, geneva, sans-serif; color: #000000;\">Zesp\u00f3\u0142 Szk\u00f3\u0142 Ponadgimnazjalnych w Kleszczowie, ul. Sportowa 8, 97-410 Kleszcz\u00f3w<\/span><\/li>\n<li><span style=\"font-size: 12pt; font-family: verdana, geneva, sans-serif; color: #000000;\">I Liceum Og\u00f3lnokszta\u0142c\u0105ce im. 14 Pu\u0142ku Powsta\u0144c\u00f3w \u015al\u0105skich, ul. Szkolna 1, 44-300\u00a0Wodzis\u0142aw \u015al\u0105ski<\/span><\/li>\n<li><span style=\"font-size: 12pt; font-family: verdana, geneva, sans-serif; color: #000000;\">II LO z Oddzia\u0142ami Dwuj\u0119zycznymi im. Marii Konopnickiej w Katowicach, ul. G\u0142owackiego 6, 40-052\u00a0Katowice<\/span><\/li>\n<li><span style=\"font-size: 12pt; font-family: verdana, geneva, sans-serif; color: #000000;\">Zesp\u00f3\u0142 Szk\u00f3\u0142 Technicznych i Og\u00f3lnokszta\u0142c\u0105cych w Gliwicach, III Liceum Og\u00f3lnokszta\u0142c\u0105ce im. Wincentego Styczy\u0144skiego<\/span><br \/>\n<span style=\"font-size: 12pt; font-family: verdana, geneva, sans-serif; color: #000000;\">Aleksandra Gierymskiego 1, 44-100 Gliwice<\/span><\/li>\n<li><span style=\"font-size: 12pt; font-family: verdana, geneva, sans-serif; color: #000000;\">I Liceum Og\u00f3lnokszta\u0142c\u0105ce im. Waleriana \u0141ukasi\u0144skiego w D\u0105browie G\u00f3rniczej, ul. Kopernika 40, 41-300\u00a0D\u0105browa G\u00f3rnicza<\/span><\/li>\n<li><span style=\"font-size: 12pt; font-family: verdana, geneva, sans-serif; color: #000000;\">Zesp\u00f3\u0142 Szk\u00f3\u0142 im. Jana Paw\u0142a II w S\u0142awkowie, ul. Gen. W\u0142. Sikorskiego 4, 41 \u2013 260 S\u0142awk\u00f3w<\/span><\/li>\n<li><span style=\"font-size: 12pt; font-family: verdana, geneva, sans-serif; color: #000000;\">Szko\u0142a Podstawowa nr 20 im. M. Konopnickiej w Rudzie \u015al\u0105skiej, ul. Wyzwolenia 11, 41-707 Ruda \u015al\u0105ska<\/span><\/li>\n<li><span style=\"font-size: 12pt; font-family: verdana, geneva, sans-serif; color: #000000;\">Centrum Kszta\u0142cenia Zawodowego I Ustawicznego W Sosnowcu, ul. Jana Kili\u0144skiego 25, 40-001 Sosnowiec<\/span><\/li>\n<\/ul>\n<p>&nbsp;<\/p>\n<p><span style=\"font-size: 12pt; font-family: verdana, geneva, sans-serif; color: #000000;\"><strong>Mi\u0119dzynarodowy J\u0119zykowy Test Realioznawczy w\u00a0Wodzis\u0142awiu \u015al\u0105skim<\/strong><\/span><\/p>\n<p><span style=\"font-size: 12pt; font-family: verdana, geneva, sans-serif; color: #000000;\">22\u00a0marca 2019\u00a0w\u00a0Powiatowym O\u015brodku Doskonalenia Nauczycieli w\u00a0Wodzis\u0142awiu \u015al\u0105skim odby\u0142 si\u0119 Mi\u0119dzynarodowy J\u0119zykowy Test Realioznawczy, w\u00a0kt\u00f3rym\u00a0wzi\u0119\u0142a udzia\u0142 m\u0142odzie\u017c z\u00a0Polski, Litwy, W\u0119gier, Czech i\u00a0Niemiec.<\/span><\/p>\n<p><span style=\"font-size: 12pt; font-family: verdana, geneva, sans-serif; color: #000000;\">Zaproszenie Bogumi\u0142y R\u00f3\u017ca\u0144skiej-\u015awierkot \u2013\u00a0 konsultantki PODN ds.\u00a0wsp\u00f3\u0142pracy mi\u0119dzynarodowej i\u00a0j\u0119zyk\u00f3w obcych \u2013 otrzyma\u0142a Katedra Mi\u0119dzynarodowych Studi\u00f3w Polskich.<\/span><\/p>\n<p><span style=\"font-size: 12pt; font-family: verdana, geneva, sans-serif; color: #000000;\">W\u00a0jury konkursowe w\u0142\u0105czono dr\u00a0Wiolett\u0119 Hajduk-Gawron, a\u00a0 Adriana Loiodice, doktorantka Wydzia\u0142u Filologicznego U\u015a przeprowadzi\u0142a warsztaty pod\u00a0tytu\u0142em \u201eGestykulacja po\u00a0w\u0142osku\u201d.<\/span><\/p>\n<p>&nbsp;<\/p>\n<p><span style=\"font-size: 12pt; font-family: verdana, geneva, sans-serif; color: #000000;\"><strong>J\u0119zyki \u015bwiata \u2013 Chiny<\/strong><\/span><\/p>\n<p><span style=\"font-size: 12pt; font-family: verdana, geneva, sans-serif; color: #000000;\">12\u00a0kwietnia w\u00a0ramach zaj\u0119\u0107 z\u00a0J\u0119zyk\u00f3w \u015bwiata uczniowie klasy lingwistycznej uczyli si\u0119 j\u0119zyka chi\u0144skiego pod\u00a0kierunkiem pani Edyty \u2013 doktorantki z\u00a0Katedry Studi\u00f3w Mi\u0119dzynarodowych Uniwersytetu \u015al\u0105skiego w\u00a0Katowicach. Poznawali wyra\u017cenia stosowane w\u00a0\u017cyciu codziennym oraz\u00a0rozpocz\u0119li nauk\u0119 pisania znak\u00f3w chi\u0144skich.<\/span><\/p>\n<p>&nbsp;<\/p>\n<p><span style=\"font-size: 12pt; font-family: verdana, geneva, sans-serif; color: #000000;\"><strong>Warsztaty interkulturowe w\u00a0SP nr\u00a020 w\u00a0Rudzie \u015al\u0105skiej<\/strong><\/span><\/p>\n<p><span style=\"font-size: 12pt; font-family: verdana, geneva, sans-serif; color: #000000;\">22\u00a0marca 2018\u00a0roku studenci Szko\u0142y J\u0119zyka i\u00a0Kultury Polskiej oraz\u00a0Katedry Mi\u0119dzynarodowych Studi\u00f3w \u015al\u0105skich po\u00a0raz drugi poprowadzili warsztaty interkulturowe dla uczni\u00f3w ze\u00a0Szko\u0142y Podstawowej nr\u00a020\u00a0w\u00a0Rudzie \u015al\u0105skiej. W\u00a0ten mi\u0119dzynarodowy spos\u00f3b \u015bwi\u0119towano pocz\u0105tek kalendarzowej wiosny. Dzieciom i\u00a0m\u0142odzie\u017cy w\u00a0klasach IV \u2013 VI zaproponowane zosta\u0142y zaj\u0119cia, kt\u00f3re mia\u0142y na\u00a0celu poszerzenie ich wiedzy o\u00a0innych krajach i\u00a0narodach. Bogaty program obejmowa\u0142 lekcje j\u0119zyk\u00f3w, nauk\u0119 ta\u0144c\u00f3w i\u00a0piosenek, poznanie alfabetu gruzi\u0144skiego i\u00a0korea\u0144skiego, recytacj\u0119 wierszy, zabawy j\u0119zykowe i\u00a0ruchowe.<\/span><\/p>\n<p><span style=\"font-size: 12pt; font-family: verdana, geneva, sans-serif; color: #000000;\">Warsztaty przygotowali studenci z\u00a0Ukrainy, Bia\u0142orusi, Rosji, W\u0142och, Gruzji oraz\u00a0Korei Po\u0142udniowej. Dla wielu z\u00a0nich by\u0142a to\u00a0pierwsza wizyta w\u00a0polskiej szkole podstawowej. Spotkanie\u00a0koordynowa\u0142y dr\u00a0Ma\u0142gorzata Smereczniak oraz\u00a0mgr Karolina Grabo\u0144 z\u00a0SJiKP U\u015a.<\/span><\/p>\n<p><span style=\"font-size: 12pt; font-family: verdana, geneva, sans-serif; color: #000000;\">Szko\u0142a Podstawowa nr\u00a020\u00a0im.\u00a0Marii Konopnickiej w\u00a0Rudzie \u015al\u0105skiej w\u00a0roku 2017\u00a0podpisa\u0142a umow\u0119 o\u00a0wsp\u00f3\u0142pracy ze\u00a0Szko\u0142\u0105 J\u0119zyka i\u00a0Kultury Polskiej oraz\u00a0Katedr\u0105 Mi\u0119dzynarodowych Studi\u00f3w Polskich U\u015a. Dzia\u0142ania te zataczaj\u0105 coraz szersze kr\u0119gi, zar\u00f3wno uczniowie, jak i\u00a0studenci ch\u0119tnie bior\u0105 udzia\u0142 we\u00a0wsp\u00f3lnych przedsi\u0119wzi\u0119ciach, poznaj\u0105c swe kultury i\u00a0ucz\u0105c si\u0119 od\u00a0siebie nawzajem.<\/span><\/p>\n<p>&nbsp;<\/p>\n<p><span style=\"font-size: 12pt; font-family: verdana, geneva, sans-serif; color: #000000;\"><strong>Korea Po\u0142udniowa<\/strong><\/span><\/p>\n<p><span style=\"font-size: 12pt; font-family: verdana, geneva, sans-serif; color: #000000;\">Uczniowie liceum opisuj\u0105 kolejn\u0105 ods\u0142on\u0119 bloku j\u0119zyk\u00f3w \u015bwiata:<\/span><\/p>\n<p><span style=\"font-size: 12pt; font-family: verdana, geneva, sans-serif; color: #000000;\">W\u00a0nowym semestrze klasa 1B lingwistyczna kontynuuje zaj\u0119cia w\u00a0ramach bloku J\u0119zyki \u015bwiata. W\u00a0dniu\u00a028\u00a0lutego spotkali\u015bmy si\u0119 z\u00a0go\u015bciem z\u00a0Korei Po\u0142udniowej. Pan Chang Il You \u2013 doktorant\u00a0 Uniwersytetu \u015alaskiego przybli\u017cy\u0142 nam kultur\u0119 swojego kraju, powiedzia\u0142 o\u00a0zawi\u0142o\u015bciach dotycz\u0105cych zasad poprawnego zachowania i\u00a0okazywania szacunku innym (nawet naszym starszym o\u00a0rok kolegom!), obja\u015bni\u0142 dlaczego tak\u00a0wa\u017cne jest dla m\u0142odych Korea\u0144czyk\u00f3w zdobycie wykszta\u0142cenia oraz\u00a0u\u015bwiadomi\u0142 nam wiele podobie\u0144stw pomi\u0119dzy naszymi narodami (tak, tak\u00a0\u2013 nie\u00a0do\u00a0uwierzenia!). Poznali\u015bmy kilka symboli j\u0119zyka korea\u0144skiego i\u00a0zasady ich tworzenia.<\/span><\/p>\n<p>&nbsp;<\/p>\n<p><span style=\"font-size: 12pt; font-family: verdana, geneva, sans-serif; color: #000000;\"><strong>Reporter i<\/strong><strong>\u00a0inne kultury \u2013 wyk\u0142<\/strong><strong>ad w<\/strong><strong>\u00a0I\u00a0LO<\/strong><\/span><\/p>\n<p><span style=\"font-size: 12pt; font-family: verdana, geneva, sans-serif; color: #000000;\">15\u00a0stycznia 2018\u00a0roku dr\u00a0Katarzyna Frukacz z\u00a0Katedry Mi\u0119dzynarodowych Studi\u00f3w Polskich wyg\u0142osi\u0142a w\u00a0I\u00a0Liceum Og\u00f3lnokszta\u0142c\u0105cym im.\u00a0Waleriana \u0141ukasi\u0144skiego w\u00a0D\u0105browie G\u00f3rniczej wyk\u0142ad pt.\u00a0\u201eReporter i\u00a0inne kultury \u2013 o\u00a0relacjach mi\u0119dzykulturowych we\u00a0wsp\u00f3\u0142czesnym reporta\u017cu literackim\u201d. Dr\u00a0Frukacz zapozna\u0142a uczni\u00f3w z\u00a0podstawowymi poj\u0119ciami z\u00a0zakresu komunikacji mi\u0119dzykulturowej, a\u00a0tak\u017ce teorii i\u00a0historii reporta\u017cu literackiego w\u00a0Polsce. Przewodnim tematem wyk\u0142adu by\u0142 reporterski dorobek Ryszarda Kapu\u015bci\u0144skiego, nazywanego \u201eojcem\u201d polskiego reporta\u017cu oraz\u00a0\u201et\u0142umaczem kultur\u201d. Na\u00a0przyk\u0142adzie jego ksi\u0105\u017cek oraz\u00a0innych przyk\u0142adowych reporta\u017cy literackich zosta\u0142 poruszony problem spo\u0142ecznej misji, jak\u0105 pe\u0142ni\u0105 wsp\u00f3\u0142cze\u015bni reporterzy w\u00a0dobie nasilaj\u0105cych si\u0119 konflikt\u00f3w narodowych i\u00a0etnicznych.<\/span><\/p>\n<p><span style=\"font-size: 12pt; font-family: verdana, geneva, sans-serif; color: #000000;\">Udzia\u0142 w\u00a0prelekcji wzi\u0119li uczniowie klasy pierwszej o\u00a0profilu lingwistyczno-medialnym oraz\u00a0maturzy\u015bci z\u00a0klasy prawno-spo\u0142ecznej. Wyk\u0142ad odby\u0142 si\u0119 w\u00a0ramach umowy o\u00a0wsp\u00f3\u0142pracy naukowo-dydaktycznej mi\u0119dzy I\u00a0LO a\u00a0KMSP.<\/span><\/p>\n<p>&nbsp;<\/p>\n<p><span style=\"font-size: 12pt; font-family: verdana, geneva, sans-serif; color: #000000;\"><strong>J\u0119zyki \u015bwiata \u2013 Rosja<\/strong><\/span><\/p>\n<p><span style=\"font-size: 12pt; font-family: verdana, geneva, sans-serif; color: #000000;\">20\u00a0grudnia w\u00a0bloku j\u0119zyk\u00f3w \u015bwiata w\u00a0klasie lingwistycznej VI LO w\u00a0Sosnowcu odby\u0142o si\u0119 spotkanie z\u00a0Rosj\u0105 i\u00a0pani\u0105 Mari\u0105 Belogonov\u0105 z\u00a0Nowosybirska \u2013 doktorantk\u0105 z\u00a0Katedry Mi\u0119dzynarodowych Studi\u00f3w Polskich Uniwersytetu \u015al\u0105skiego w\u00a0Katowicach. Uczniowie rozmawiali o\u00a0kulturze i\u00a0zwyczajach obu kraj\u00f3w dotycz\u0105cych obchodzenia \u015bwi\u0105t, doszukuj\u0105c si\u0119 r\u00f3\u017cnic i\u00a0podobie\u0144stw. Starali si\u0119 zrozumie\u0107 \u201arosyjsk\u0105 dusz\u0119 i\u00a0jej pragnienia\u2019. I\u00a0pytali o\u00a0mo\u017cliwo\u015b\u0107 zwiedzenia tego przepi\u0119knego kraju rozci\u0105gaj\u0105cego si\u0119 a\u017c w\u00a011\u00a0strefach czasowych.<\/span><\/p>\n<p>&nbsp;<\/p>\n<p><span style=\"font-size: 12pt; font-family: verdana, geneva, sans-serif; color: #000000;\"><strong>J\u0119zyki \u015bwiata \u2013 <\/strong><strong>Kirgistan<\/strong><\/span><\/p>\n<p><span style=\"font-size: 12pt; font-family: verdana, geneva, sans-serif; color: #000000;\">6\u00a0grudnia odby\u0142o si\u0119 spotkanie uczni\u00f3w klasy 1\u00a0b lingwistycznej z\u00a0kolejnym krajem i\u00a0jego j\u0119zykiem. Uczniowie tak\u00a0opisuj\u0105 lekcj\u0119:<\/span><\/p>\n<p><span style=\"font-size: 12pt; font-family: verdana, geneva, sans-serif; color: #000000;\">Pani Akylai Abylkadyr z\u00a0Kirgistanu opowiedzia\u0142a nam o\u00a0swoim, jak\u017ce egzotycznym dla nas kraju, zamieszka\u0142ym przez\u00a06\u00a0milion\u00f3w ludzi a\u017c 80\u00a0narodowo\u015bci. Poznali\u015bmy styl \u017cycia mieszka\u0144c\u00f3w, ich kuchni\u0119 oraz\u00a0niezwyk\u0142e zwyczaje zwi\u0105zane ze\u00a0spo\u017cywaniem posi\u0142k\u00f3w. Byli\u015bmy w\u00a0ich \u201aw\u0119drownym\u2019 domu \u2013 jurcie, obejrzeli\u015bmy narodowy taniec oraz\u00a0pos\u0142uchali\u015bmy ciekawostek o\u00a0j\u0119zyku kirgiskim. Na\u00a0dzisiaj dzi\u0119kujemy \u2013 RACHMAT!<\/span><\/p>\n<p>&nbsp;<\/p>\n<p><span style=\"font-size: 12pt; font-family: verdana, geneva, sans-serif; color: #000000;\"><strong>Gruzja w\u00a0Sosnowcu<\/strong><\/span><\/p>\n<p><span style=\"font-size: 12pt; font-family: verdana, geneva, sans-serif; color: #000000;\">29\u00a0listopada odby\u0142a si\u0119 kolejna ods\u0142ona w\u00a0cyklu J\u0119zyki \u015bwiata \u2013 Gruzja i\u00a0j\u0119zyk gruzi\u0144ski. Uczniowie szko\u0142y w\u00a0Sosnowcu tak\u00a0opisuj\u0105 to\u00a0wydarzenie:<\/span><\/p>\n<p><span style=\"font-size: 12pt; font-family: verdana, geneva, sans-serif; color: #000000;\">Nasz go\u015b\u0107 z\u00a0Tbilisi- doktorantka Uniwersytetu \u015al\u0105skiego \u2013 Grantsa Kobakhidze przedstawi\u0142a geografi\u0119 i\u00a0kulinaria swojego kraju, zach\u0119caj\u0105c do\u00a0odwiedzenia go. Wprowadzi\u0142a nas r\u00f3wnie\u017c w\u00a0tajniki j\u0119zyka gruzi\u0144skiego \u2013 najstarszego j\u0119zyka \u015bwiata. Poznali\u015bmy fonetyk\u0119, pr\u00f3buj\u0105c wymawia\u0107 obco dla nas brzmi\u0105ce g\u0142oski, nauczyli\u015bmy si\u0119 kilku idiom\u00f3w oraz\u00a0us\u0142yszeli\u015bmy wiele ciekawostek dotycz\u0105cych j\u0119zyka gruzi\u0144skiego. Znamy najkr\u00f3tsze i\u00a0najd\u0142u\u017csze zdanie, wiemy te\u017c, istnieje ponad 100\u00a0s\u0142\u00f3w na\u00a0okre\u015blenie deszczu.Nasz go\u015b\u0107 zapisa\u0142 ponadto nasze imiona, stosuj\u0105c znaki alfabetu nowoczesnej odmiany j\u0119zyka gruzi\u0144skiego. Po\u00a0tym spotkaniu czujemy potrzeb\u0119 odwiedzenia tego pi\u0119knego kraju i\u00a0poznania jego mieszka\u0144c\u00f3w.<\/span><\/p>\n<p>&nbsp;<\/p>\n<p><span style=\"font-size: 12pt; font-family: verdana, geneva, sans-serif; color: #000000;\"><strong>J\u0119zyki \u015bwiata \u2013 Chiny<\/strong><\/span><\/p>\n<p><span style=\"font-size: 12pt; font-family: verdana, geneva, sans-serif; color: #000000;\">22\u00a0listopada odby\u0142o si\u0119 kolejne spotkanie dla klasy lingwistycznej w\u00a0VI Liceum Og\u00f3lnokszta\u0142c\u0105cym w\u00a0Sosnowcu. Tym razem warsztaty, przeprowadzone przez\u00a0doktorantk\u0119 KMSP Zhao Weiting, dotyczy\u0142y Chin. M\u0142odzie\u017c dowiedzia\u0142a si\u0119 o\u00a0pochodzeniu pisma chi\u0144skiego i\u00a0jego ewolucji w\u00a0kierunku upraszczania. Uczniowie sami wpadli na\u00a0logik\u0119 w\u00a0tworzeniu chi\u0144skich piktogram\u00f3w, poznali podstawowe zwroty stosowane jako pozdrowienia oraz\u00a0znaki chi\u0144skiego zodiaku. Zadawali r\u00f3wnie\u017c pytania dot. element\u00f3w kultury chi\u0144skiej, a\u00a0przede wszystkim \u017cycia codziennego.<\/span><\/p>\n<p>&nbsp;<\/p>\n<p><span style=\"font-size: 12pt; font-family: verdana, geneva, sans-serif; color: #000000;\"><strong>Kolejne spotkanie w\u00a0ramach bloku dla lingwist<\/strong><strong>\u00f3<\/strong><strong>w J\u0119zyki \u015bwiata<\/strong><\/span><\/p>\n<p><span style=\"font-size: 12pt; font-family: verdana, geneva, sans-serif; color: #000000;\">25\u00a0pa\u017adziernika celem klasy lingwistycznej w\u00a0VI Liceum Og\u00f3lnokszta\u0142c\u0105cym w\u00a0Sosnowcu by\u0142y W\u0141OCHY. Uczniowie poznawali kultur\u0119 i\u00a0zwyczaje tego pi\u0119knego kraju, jak r\u00f3wnie\u017c jego kulinaria, sprawdzali swoj\u0105 wiedz\u0119 w\u00a0quizach, \u0107wiczyli j\u0119zyk oraz\u00a0inny bardzo wymowny spos\u00f3b porozumiewania si\u0119 W\u0142och\u00f3w \u2013 gesty. Uczyli si\u0119 czasownik\u00f3w w\u00a0ruchu poprzez taniec. A\u00a0nad\u00a0wszystkim czuwa\u0142 go\u015b\u0107 z\u00a0Bari \u2013\u00a0Rosalba Satalino, doktorantka Wydzia\u0142u Filologicznego Uniwersytetu \u015al\u0105skiego wsp\u00f3\u0142pracuj\u0105ca z\u00a0Katedr\u0105.<\/span><\/p>\n<p>&nbsp;<\/p>\n<p><span style=\"font-size: 12pt; font-family: verdana, geneva, sans-serif; color: #000000;\"><strong>Otwarcie klasy lingwistycznej w\u00a0VI Liceum Og<\/strong><strong>\u00f3<\/strong><strong>lnokszta\u0142c\u0105cym im.\u00a0J. Korczaka w\u00a0Sosnowcu<\/strong><\/span><\/p>\n<p><span style=\"font-size: 12pt; font-family: verdana, geneva, sans-serif; color: #000000;\">Od\u00a0pa\u017adziernika 2017\u00a0Katedra Mi\u0119dzynarodowych Studi\u00f3w Polskich \u2013 jej pracownicy, doktoranci i\u00a0studenci prowadzi\u0107 b\u0119d\u0105 zaj\u0119cia w\u00a0ramach nowo powsta\u0142ej klasy lingwistycznej w\u00a0jednym ze\u00a0\u015bl\u0105skich lice\u00f3w. Klasa otwarta zosta\u0142a w\u00a0VI Liceum Og\u00f3lnokszta\u0142c\u0105cym im.\u00a0J. Korczaka w\u00a0Sosnowcu \u2013 szkole, z\u00a0kt\u00f3r\u0105 KMSP w\u00a0ubieg\u0142ym roku podpisa\u0142a umow\u0119 patronack\u0105. Zaj\u0119cia b\u0119d\u0105 obejmowa\u0142y zagadnienia kulturowe, a\u00a0tak\u017ce j\u0119zykowe. Uczniowie klasy b\u0119d\u0105 mieli okazj\u0119 nauczy\u0107 si\u0119 kilku s\u0142\u00f3w i\u00a0zda\u0144 w\u00a0r\u00f3\u017cnych j\u0119zykach m.in.\u00a0po\u00a0chi\u0144sku, w\u0142osku, korea\u0144sku czy\u00a0rosyjsku.<\/span><\/p>\n<p><span style=\"font-size: 12pt; font-family: verdana, geneva, sans-serif; color: #000000;\">12\u00a0pa\u017adziernika 2017\u00a0r. odby\u0142a si\u0119 pierwsza lekcja z\u00a0modu\u0142u \u201eJ\u0119zyki \u015bwiata\u201d. Ukrain\u0119 \u2013 kultur\u0119 i\u00a0j\u0119zyk zaprezentowa\u0142a Natalia Moiseienko, doktorantka Wydzia\u0142u Filologicznego wsp\u00f3\u0142pracuj\u0105ca z\u00a0Katedr\u0105!<\/span><\/p>\n<\/div>\r\n                    <\/div>\r\n                <\/div>[\/vc_column][vc_column width=&#8221;1\/3&#8243;][\/vc_column][\/vc_row]<\/p>","protected":false},"excerpt":{"rendered":"<p>[vc_row el_class=&#8221;container&#8221;][vc_column width=&#8221;2\/3&#8243;][\/vc_column][vc_column width=&#8221;1\/3&#8243;][\/vc_column][\/vc_row] [&#8230;]<\/p>\n<p><a class=\"btn btn-secondary understrap-read-more-link\" href=\"https:\/\/us.edu.pl\/wydzial\/wh\/kierunki-studiow\/msp\/wspolpraca-z-otoczeniem\/wspolpraca-ze-szkolami\/\">Read More&#8230;<\/a><\/p>\n","protected":false},"author":1,"featured_media":0,"parent":9007,"menu_order":0,"comment_status":"closed","ping_status":"closed","template":"","meta":{"_expiration-date-status":"","_expiration-date":0,"_expiration-date-type":"","_expiration-date-categories":[],"_expiration-date-options":[]},"acf":[],"_links":{"self":[{"href":"https:\/\/us.edu.pl\/wydzial\/wh\/wp-json\/wp\/v2\/pages\/9317"}],"collection":[{"href":"https:\/\/us.edu.pl\/wydzial\/wh\/wp-json\/wp\/v2\/pages"}],"about":[{"href":"https:\/\/us.edu.pl\/wydzial\/wh\/wp-json\/wp\/v2\/types\/page"}],"author":[{"embeddable":true,"href":"https:\/\/us.edu.pl\/wydzial\/wh\/wp-json\/wp\/v2\/users\/1"}],"replies":[{"embeddable":true,"href":"https:\/\/us.edu.pl\/wydzial\/wh\/wp-json\/wp\/v2\/comments?post=9317"}],"version-history":[{"count":7,"href":"https:\/\/us.edu.pl\/wydzial\/wh\/wp-json\/wp\/v2\/pages\/9317\/revisions"}],"predecessor-version":[{"id":173922,"href":"https:\/\/us.edu.pl\/wydzial\/wh\/wp-json\/wp\/v2\/pages\/9317\/revisions\/173922"}],"up":[{"embeddable":true,"href":"https:\/\/us.edu.pl\/wydzial\/wh\/wp-json\/wp\/v2\/pages\/9007"}],"wp:attachment":[{"href":"https:\/\/us.edu.pl\/wydzial\/wh\/wp-json\/wp\/v2\/media?parent=9317"}],"curies":[{"name":"wp","href":"https:\/\/api.w.org\/{rel}","templated":true}]}}