{"id":9320,"date":"2021-01-21T16:32:49","date_gmt":"2021-01-21T15:32:49","guid":{"rendered":"https:\/\/us.edu.pl\/wydzial\/wh\/?page_id=9320"},"modified":"2024-08-09T12:34:14","modified_gmt":"2024-08-09T10:34:14","slug":"wspolpraca-z-zagranica","status":"publish","type":"page","link":"https:\/\/us.edu.pl\/wydzial\/wh\/kierunki-studiow\/msp\/wspolpraca-z-otoczeniem\/wspolpraca-z-zagranica\/","title":{"rendered":"Wsp\u00f3\u0142praca z zagranic\u0105"},"content":{"rendered":"<p>[vc_row el_class=&#8221;container&#8221;][vc_column width=&#8221;2\/3&#8243;]\r\n                <div class=\"text-modules\">\r\n                    <div class=\"container\">\r\n                        \r\n                        <div class=\"text-modules__content\"><\/p>\n<ul>\n<li><strong><strong>X Mi\u0119dzynarodowa Konferencja Magistrant\u00f3w<br \/>\n<\/strong><\/strong>18 maja 2022 roku odby\u0142a si\u0119 X Mi\u0119dzynarodowa Konferencja Magistrant\u00f3w. Jubileuszowa edycja konferencji by\u0142a organizowana przez jednostki Uniwersytetu \u015al\u0105skiego w Katowicach \u2013 Szko\u0142\u0119 J\u0119zyka i Kultury Polskiej, Wydzia\u0142 Humanistyczny, Centrum J\u0119zyka i Kultury Chi\u0144skiej, Polsk\u0105 P\u00f3\u0142k\u0119 Filmow\u0105 oraz Ko\u0142o Naukowe Student\u00f3w Obcokrajowc\u00f3w \u201eWie\u017ca Babel\u201d. To niezwyk\u0142e wydarzenie odby\u0142o si\u0119 w trybie hybrydowym \u2013 obrady stacjonarne mia\u0142y miejsce na Wydziale Humanistycznym U\u015a w Katowicach, natomiast sekcje online \u2013 na platformie ZOOM.<br \/>\nObrady tegorocznej konferencji odby\u0142y si\u0119 pod has\u0142em \u201eIdentyfikacja \u2013 kultura, cywilizacja, j\u0119zyk\u201d. Program wydarzenia by\u0142 niezwykle bogaty \u2013 wyst\u0105pienia zosta\u0142y podzielone na obrady plenarne oraz 12 sekcji, wys\u0142uchali\u015bmy ponad 50 prelegent\u00f3w reprezentuj\u0105cych zar\u00f3wno polskie, jak i zagraniczne uczelnie. Katowicka konferencja by\u0142a znakomit\u0105 okazj\u0105, aby wzi\u0105\u0107 udzia\u0142 w interesuj\u0105cej dyskusji w mi\u0119dzynarodowym gronie. W konferencji opr\u00f3cz seminarzyst\u00f3w z ca\u0142ego \u015bwiata wzi\u0119li te\u017c udzia\u0142 ich promotorzy oraz seminarzy\u015bci mi\u0119dzynarodowych studi\u00f3w polskich wraz ze swoimi promotorami .<br \/>\nKonferencja zosta\u0142a w tym roku zrealizowana w ramach projektu \u201ePolska na j\u0119zykach\u201d finansowanego ze \u015brodk\u00f3w NAWA z programu Promocja J\u0119zyka Polskiego.<br \/>\nJu\u017c dzi\u015b zapraszamy na 11. ods\u0142on\u0119 Mi\u0119dzynarodowej Konferencji Magistrant\u00f3w w roku 2023. Zapraszamy do Katowic!<\/li>\n<\/ul>\n<p>&nbsp;<\/p>\n<ul>\n<li>W dniach 19-23 marca 2018 na zaproszenie Katedry Mi\u0119dzynarodowych Studi\u00f3w Polskich go\u015bciem Wydzia\u0142u Filologicznego by\u0142a dr Li Yinan, kierownik Katedry J\u0119zyka Polskiego Peki\u0144skiego Uniwersytetu J\u0119zyk\u00f3w Obcych. Przyjecha\u0142a na Uniwersytet \u015al\u0105ski w ramach programu Erasmus+ KA107. Dr Li Yinan prowadzi\u0142a zaj\u0119cia dla student\u00f3w mi\u0119dzynarodowych studi\u00f3w polskich.<\/li>\n<\/ul>\n<p>&nbsp;<\/p>\n<ul>\n<li>W\u00a0dniach 12-16\u00a0marca 2018\u00a0roku w\u00a0Szkole J\u0119zyka i\u00a0Kultury Polskiej U\u015a oraz\u00a0w\u00a0Katedrze Mi\u0119dzynarodowych Studi\u00f3w Polskich go\u015bci\u0142a\u00a0 prof.\u00a0A\u0142\u0142a Kravchuk, kierownik Katedry Polonistyki Narodowego Uniwersytetu Lwowskiego im.\u00a0I. Franki. Wyk\u0142adowczyni poprowadzi\u0142a zaj\u0119cia j\u0119zykoznawcze dla student\u00f3w mi\u0119dzynarodowych studi\u00f3w polskich oraz\u00a0glottodydaktyczne dla student\u00f3w filologii polskiej (specjalno\u015b\u0107: Nauczanie polonistyczne w\u015br\u00f3d cudzoziemc\u00f3w), spotka\u0142a si\u0119 tak\u017ce z\u00a0kandydatami na\u00a0lektor\u00f3w uczestnicz\u0105cymi w\u00a0Podyplomowych Studiach Kwalifikacyjnych Nauczania Kultury Polskiej i\u00a0J\u0119zyka Polskiego jako Obcego, dla kt\u00f3rych\u00a0poprowadzi\u0142a seminarium z\u00a0zakresu problem\u00f3w student\u00f3w ukrai\u0144skoj\u0119zycznych w\u00a0uczeniu si\u0119 jpjo.<\/li>\n<\/ul>\n<p>&nbsp;<\/p>\n<ul>\n<li>W\u00a0marcu 2018\u00a0roku w\u00a0Katedrze Mi\u0119dzynarodowych Studi\u00f3w Polskich U\u015a go\u015bci prof.\u00a0Andrea De Carlo z\u00a0Universit\u00e0 degli studi di Napoli L\u2019Orientale. 19\u00a0marca 2018\u00a0roku o\u00a0godzinie 11:30\u00a0w\u00a0Sali Rady Wydzia\u0142u Filologicznego U\u015a prof.\u00a0Andrea De Carlo poprowadzi\u0142 wyk\u0142ad otwarty pt.\u00a0\u201eArachne i\u00a0jej c\u00f3rki. Strategia paj\u0119czycy w\u00a0literaturze\u201d. Prof.\u00a0Andrea De Carlo zosta\u0142 zaproszony jako visiting profesor, by\u00a0poprowadzi\u0107 cykl zaj\u0119\u0107 seminaryjnych, wyk\u0142ad\u00f3w i\u00a0konwersatori\u00f3w z\u00a0zakresu kultury \u015br\u00f3dziemnomorskiej: literatury, sztuki, relacji polsko-w\u0142oskich. Zaj\u0119cia przeznaczone s\u0105 dla student\u00f3w mi\u0119dzynarodowych studi\u00f3w polskich (2\u00a0i\u00a03\u00a0rok studi\u00f3w I\u00a0stopnia), kt\u00f3rzy\u00a0w\u00a0ramach swoich specjalizacji wybrali program \u015br\u00f3dziemnomorski.<\/li>\n<\/ul>\n<p>&nbsp;<\/p>\n<ul>\n<li>Pa\u017adziernik 2017. Mgr\u00a0Agata Rudzi\u0144ska w\u00a0A\u0142maty. W\u00a0dniach 5-15\u00a0pa\u017adziernika 2017\u00a0w\u00a0A\u0142macie w\u00a0Kazachstanie odby\u0142y si\u0119 wyjazdowe warsztaty polonistyczne organizowane przez\u00a0Stowarzyszenie Sympatyk\u00f3w Szko\u0142y J\u0119zyka i\u00a0Kultury Polskiej U\u015a w\u00a0ramach zadania \u201ePraktyka czyni dydaktyka \u2013 wyjazdowe warsztaty polonistyczne\u201d. Zaj\u0119cia lektoratowe, seminaria i\u00a0spotkania po\u015bwi\u0119cone polskiej kulturze, a\u00a0tak\u017ce lekcje pokazowe prowadzi\u0142y mgr\u00a0Agata Rudzi\u0144ska \u2013 wsp\u00f3\u0142pracuj\u0105ca z\u00a0Katedr\u0105 Mi\u0119dzynarodowych Studi\u00f3w Polskich i\u00a0mgr\u00a0Anna Gawry\u015b ze\u00a0Szko\u0142y J\u0119zyka i\u00a0Kultury Polskiej U\u015a. Projekt jest wsp\u00f3\u0142finansowany przez\u00a0Senat RP.<\/li>\n<\/ul>\n<p>&nbsp;<\/p>\n<ul>\n<li>Wrzesie\u0144 2017. Dr\u00a0Agnieszka Tambor w\u00a0Pekinie.\u00a0Od\u00a011\u00a0do\u00a013\u00a0wrze\u015bnia 2017\u00a0roku dr\u00a0Agnieszka Tambor bra\u0142a udzia\u0142 w\u00a0warsztatach dla nauczycieli i\u00a0lektor\u00f3w organizowanych przez\u00a0Peki\u0144ski Uniwersytet J\u0119zyk\u00f3w Obcych (BFSU). Podczas warsztat\u00f3w odby\u0142a zaj\u0119cia pokazowe ze\u00a0studentami Katedry J\u0119zyka Polskiego BFSU. Zaj\u0119cia obserwowali nie\u00a0tylko\u00a0wyk\u0142adowcy i\u00a0lektorzy z\u00a0peki\u0144skiej polonistyki, ale\u00a0tak\u017ce go\u015bcie z\u00a0polonistyki w\u00a0Kantonie. Poza tym podczas warsztat\u00f3w dr\u00a0Agnieszka Tambor wyg\u0142osi\u0142a wyk\u0142ad w\u00a0j\u0119zyku angielskim otwarty dla wszystkich student\u00f3w BFSU. Na\u00a0wyk\u0142adzie Kr\u00f3tka historia polskiej animacji zjawi\u0142o si\u0119 ponad 100\u00a0os\u00f3b. Studenci nie\u00a0ucz\u0105cy si\u0119 do\u00a0tej\u00a0pory j\u0119zyka polskiego po\u00a0wyk\u0142adzie wyra\u017cali swoje ogromne zainteresowanie polsk\u0105 kinematografi\u0105, a\u00a0entuzjastyczne przyj\u0119cie zar\u00f3wno tre\u015bci wyk\u0142adu, jak i\u00a0puszczanych podczas niego film\u00f3w pozwala mie\u0107 nadziej\u0119 na\u00a0ich dalsze zainteresowanie Polsk\u0105 i\u00a0jej kultur\u0105.<\/li>\n<\/ul>\n<p>&nbsp;<\/p>\n<ul>\n<li>Lipiec 2017. Studentki Msp na\u00a0letniej szkole w\u00a0Mand\u017curii.\u00a0W dn.\u00a012-26\u00a0lipca 2017\u00a0r. studentki Mi\u0119dzynarodowych studi\u00f3w polskich Khrystyna Oleksyuk i\u00a0Oliwia G\u0119bu\u015b przebywa\u0142y na\u00a0letniej szkole w\u00a0Uniwersytecie P\u00f3\u0142nocnowschodnim w\u00a0Shenyang (prowincja Liaoning) w\u00a0Chinach w\u00a0ramach umowy podpisanej przez\u00a0Uniwersytet \u015al\u0105ski i\u00a0Northeastern University.<\/li>\n<\/ul>\n<p>&nbsp;<\/p>\n<ul>\n<li>Kwiecie\u0144 2017. Wizyta student\u00f3w MSP w\u00a0Ambasadzie Chin w\u00a0Warszawie.\u00a021\u00a0kwietnia studenci kierunku Mi\u0119dzynarodowe studia polskie odwiedzili Ambasad\u0119 Chi\u0144skiej Republiki Ludowej. W\u00a0wyje\u017adzie wzi\u0119li udzia\u0142 studenci z\u00a0sekcji Kultury Dalekiego Wschodu oraz\u00a0specjalno\u015bci: dyplomacja. Student\u00f3w przywita\u0142 Ambasador ChRL pan Xu Jian, p\u00f3\u017aniej odby\u0142a si\u0119 sesja Q&amp;A z\u00a0m\u0142odymi chi\u0144skimi dyplomatami. Na\u00a0koniec wizyty studenci MSP mieli mo\u017cliwo\u015b\u0107 prywatnej rozmowy zar\u00f3wno z\u00a0pracownikami Ambasady, jak i\u00a0z\u00a0samym Ambasadorem.<\/li>\n<\/ul>\n<p>&nbsp;<\/p>\n<ul>\n<li>Listopad 2016. Prof.\u00a0Zhao Gang w\u00a0Katedrze MSP. W\u00a0I\u00a0semestrze roku akademickiego 2016\/2017\u00a0Katedra MSP go\u015bci\u0142a, jako profesora wizytuj\u0105cego, prof.\u00a0Zhao Ganga z\u00a0Peki\u0144skiego Uniwersytetu J\u0119zyk\u00f3w Obcych. Prof.\u00a0Zhao Gang spotka\u0142 si\u0119 z\u00a0pracownikami KMSP oraz\u00a0przeprowadzi\u0142 wyk\u0142ady dla student\u00f3w II i\u00a0III roku Msp (licencjat) z\u00a0sekcji Kultury Dalekiego Wschodu.<\/li>\n<\/ul>\n<p>\n<\/div>\r\n                    <\/div>\r\n                <\/div>[\/vc_column][vc_column width=&#8221;1\/3&#8243;][\/vc_column][\/vc_row][vc_column][\/vc_column][vc_column_text]<\/p>\n<p>I am text block. Click edit button to change this text. Lorem ipsum dolor sit amet, consectetur adipiscing elit. Ut elit tellus, luctus nec ullamcorper mattis, pulvinar dapibus leo.<\/p>\n<p>[\/vc_column_text]<\/p>","protected":false},"excerpt":{"rendered":"<p>[vc_row el_class=&#8221;container&#8221;][vc_column width=&#8221;2\/3&#8243;][\/vc_column][vc_column width=&#8221;1\/3&#8243;][\/vc_column][\/vc_row][vc_column][\/vc_column][vc_column_text] I am text block. Click edit button to change this text. Lorem ipsum dolor sit amet, consectetur adipiscing elit. Ut elit tellus, luctus nec ullamcorper mattis, pulvinar dapibus leo. [\/vc_column_text] [&#8230;]<\/p>\n<p><a class=\"btn btn-secondary understrap-read-more-link\" href=\"https:\/\/us.edu.pl\/wydzial\/wh\/kierunki-studiow\/msp\/wspolpraca-z-otoczeniem\/wspolpraca-z-zagranica\/\">Read More&#8230;<\/a><\/p>\n","protected":false},"author":1,"featured_media":0,"parent":9007,"menu_order":0,"comment_status":"closed","ping_status":"closed","template":"","meta":{"_expiration-date-status":"","_expiration-date":0,"_expiration-date-type":"","_expiration-date-categories":[],"_expiration-date-options":[]},"acf":[],"_links":{"self":[{"href":"https:\/\/us.edu.pl\/wydzial\/wh\/wp-json\/wp\/v2\/pages\/9320"}],"collection":[{"href":"https:\/\/us.edu.pl\/wydzial\/wh\/wp-json\/wp\/v2\/pages"}],"about":[{"href":"https:\/\/us.edu.pl\/wydzial\/wh\/wp-json\/wp\/v2\/types\/page"}],"author":[{"embeddable":true,"href":"https:\/\/us.edu.pl\/wydzial\/wh\/wp-json\/wp\/v2\/users\/1"}],"replies":[{"embeddable":true,"href":"https:\/\/us.edu.pl\/wydzial\/wh\/wp-json\/wp\/v2\/comments?post=9320"}],"version-history":[{"count":8,"href":"https:\/\/us.edu.pl\/wydzial\/wh\/wp-json\/wp\/v2\/pages\/9320\/revisions"}],"predecessor-version":[{"id":173926,"href":"https:\/\/us.edu.pl\/wydzial\/wh\/wp-json\/wp\/v2\/pages\/9320\/revisions\/173926"}],"up":[{"embeddable":true,"href":"https:\/\/us.edu.pl\/wydzial\/wh\/wp-json\/wp\/v2\/pages\/9007"}],"wp:attachment":[{"href":"https:\/\/us.edu.pl\/wydzial\/wh\/wp-json\/wp\/v2\/media?parent=9320"}],"curies":[{"name":"wp","href":"https:\/\/api.w.org\/{rel}","templated":true}]}}