{"id":9934,"date":"2021-02-05T11:04:21","date_gmt":"2021-02-05T10:04:21","guid":{"rendered":"https:\/\/us.edu.pl\/wydzial\/wh\/?page_id=9934"},"modified":"2021-02-05T11:04:21","modified_gmt":"2021-02-05T10:04:21","slug":"prof-dr-hab-andrzej-j-noras-rozprawa-geschichte-des-neukantianismus","status":"publish","type":"page","link":"https:\/\/us.edu.pl\/wydzial\/wh\/najwazniejsze-osiagniecia-badawcze\/prof-dr-hab-andrzej-j-noras-rozprawa-geschichte-des-neukantianismus\/","title":{"rendered":"prof. dr hab. Andrzej J. Noras &#8211; rozprawa \u201cGeschichte des Neukantianismus\u201d"},"content":{"rendered":"<p>[vc_row el_class=&#8221;container&#8221;][vc_column width=&#8221;2\/3&#8243;][vc_tta_tabs][vc_tta_section title=&#8221;POLISH&#8221; tab_id=&#8221;1612514765073-cfc2f9ae-5da2&#8243;]\r\n                <div class=\"text-modules\">\r\n                    <div class=\"container\">\r\n                        <h3 class=\"page-title text__title\">Katowickie odkrycie nowej filozofii<\/h3>\r\n                        <div class=\"text-modules__content\"><p>Wydana w 2020 roku rozprawa <strong>prof. dra hab. Andrzeja J. Norasa<\/strong> <em>Geschichte des Neukantianismus<a href=\"#_ftn1\" name=\"_ftnref1\"><strong>[1]<\/strong><\/a> <\/em>stanowi podsumowanie prawie trzydziestu lat bada\u0144 nad neokantyzmem prowadzonych w <strong><a href=\"https:\/\/us.edu.pl\/instytut\/ifil\/\">Instytucie Filozofii<\/a> Uniwersytetu \u015al\u0105skiego w Katowicach<\/strong>. Jej\u00a0wyj\u0105tkowo\u015b\u0107 polega na ca\u0142o\u015bciowym przedstawieniu genezy ruchu neokantowskiego, jak r\u00f3wnie\u017c jego poszczeg\u00f3lnych kierunk\u00f3w oraz szk\u00f3\u0142. Podczas gdy inne istniej\u0105ce na \u015bwiecie i w Polsce\u00a0prace\u00a0po\u015bwi\u0119cone tej problematyce stawia\u0142y sobie za cel jedynie\u00a0wybi\u00f3rcze i fragmentaryczne opracowanie zagadnienia neokantyzmu. Rozprawa prof. dr hab. Andrzeja Norasa pod wzgl\u0119dem szczeg\u00f3\u0142owo\u015bci, dok\u0142adno\u015bci, \u017cmudno\u015bci i wytrwa\u0142o\u015bci ma charakter benedykty\u0144ski, a przedstawione w niej ustalenia wyrastaj\u0105 daleko poza obowi\u0105zuj\u0105ce w literaturze przedmiotu ustalenia. Tym samym otwiera ona now\u0105 perspektyw\u0119 bada\u0144 nad neokantyzmem. W efekcie otrzymali\u015bmy klasyczne dzie\u0142o z zakresu historii filozofii, kt\u00f3re nie tylko daje nam wiedz\u0119 o neokantyzmie, lecz przede wszystkim stanowi gotowy wz\u00f3r uprawiania filozofii. W ten spos\u00f3b praca prof. dr hab. Andrzeja J. Norasa doskonale wpisuje si\u0119 w polsk\u0105 tradycj\u0119 pisania historii filozofii. Jej umi\u0119dzynarodowienie przez t\u0142umaczenie na j\u0119zyk niemiecki i\u00a0wydanie za granic\u0105 pozwoli na dotarcie nie tylko do polskich, a nawet nie tylko do niemieckich, lecz przede wszystkim do \u015bwiatowych badaczy neokantyzmu, gdy\u017c literatura bada\u0144 nad tym zagadnieniem jest niemieckoj\u0119zyczna.<\/p>\n<p>Jeste\u015bmy jednym ze \u015bwiatowych centr\u00f3w bada\u0144 nad neokantyzmem, kt\u00f3re po wielu latach zapomnienia prze\u017cywaj\u0105 obecnie renesans w Europie i \u015bwiecie. Niemcy, czyli ojczyzna neokantyzmu, mia\u0142y przez d\u0142ugi czas ogromny problem z\u00a0uznaniem tego nurtu, gdy\u017c wi\u0119kszo\u015b\u0107 filozof\u00f3w neokantowskich mia\u0142a pochodzenie \u017cydowskie. W okresie nazistowskim badania nad neokantyzmem z\u00a0oczywistych powod\u00f3w nie mog\u0142y by\u0107 prowadzone, a po wojnie \u2013 ju\u017c z mniej oczywistych motyw\u00f3w \u2013 Niemcy chcieli tak mocno zapomnie\u0107 o swym upadku, \u017ce\u00a0wyparli r\u00f3wnie\u017c warto\u015bciowe aspekty swojej historii. Dlatego nowe badania nad neokantyzmem rozpocz\u0119\u0142y si\u0119 dopiero w latach dziewi\u0119\u0107dziesi\u0105tych \u2013\u00a0i\u00a0tak\u00a0w\u0142a\u015bciwie poza Niemcami \u2013 we W\u0142oszech, Holandii, Szwajcarii, a tak\u017ce w\u00a0Polsce. Instytut Filozofii w Katowicach dobrze wykorzysta\u0142 ten moment, \u017ceby wpisa\u0107 si\u0119 w aktualny nurt bada\u0144. Najwa\u017cniejszym odkryciem tych bada\u0144 jest, \u017ce\u00a0neokantyzm stanowi ca\u0142kiem oryginaln\u0105 oraz nowatorsk\u0105 posta\u0107 filozofii krytycznej i w \u017cadnym razie nie jest tylko odnowieniem my\u015bli Immanuela Kanta.<\/p>\n<p><a href=\"#_ftnref1\" name=\"_ftn1\">[1]<\/a> A.J. Noras, <em>Geschichte des Neukantianismus<\/em>, t\u0142um. Tomasz Kubalica, Polish Contemporary Philosophy and Philosophical Humanities 19, Bern, Peter Lang 2020, https:\/\/doi.org\/10.3726\/b17145.<\/p>\n<\/div>\r\n                    <\/div>\r\n                <\/div>[\/vc_tta_section][vc_tta_section title=&#8221;ENGLISH&#8221; tab_id=&#8221;1612514765101-0db80c2c-37cc&#8221;]\r\n                <div class=\"text-modules\">\r\n                    <div class=\"container\">\r\n                        <h3 class=\"page-title text__title\">A New Philosophy Discovered in Katowice<\/h3>\r\n                        <div class=\"text-modules__content\"><p>Published in 2020, Professor <strong>Andrzej J. Noras<\/strong>\u2019s book <em>Geschichte des Neukantianismus<\/em><a href=\"#_ftn1\" name=\"_ftnref1\"><em><strong>[1]<\/strong><\/em><\/a> sums up almost thirty years of research into neo-Kantianism done in the <strong>Institute of Philosophy at the University of Silesia in Katowice<\/strong>. What is special about this book is that it offers a complete overview of the origins of neo-Kantian movement, as well as of particular directions and schools related to it. Meanwhile, other available works concerned with this issue have focused on neo-Kantianism rather selectively and in a piecemeal fashion. Professor Andrzej Noras\u2019s study, on the strength of its detailed and tenacious treatment of the issue,\u00a0 may be described as exactingly thorough, while its conclusions rise far above the claims already made in the literature on neo-Kantianism. Thereby this book opens new avenues for research into neo-Kantianism: it is a classical philosophical work, replete with new knowledge on the subject, but, crucially, it is a new, ready-made model for doing philosophy in XXI century. By having it translated into German and published by Peter Lang, we hope to reach international audiences, including researchers interested in neo-Kantianism. Most of the literature on this issue has been published in German.<\/p>\n<p>&nbsp;<\/p>\n<p>The Institute of Philosophy in the University of Silesia is one of the world-known centres concerned with neo-Kantianism. Those centres, having suffered years of neglect, are enjoying a renaissance in Europe and elsewhere. Germany, the womb of neo-Kantianism, persistently refused to acknowledge that movement, as most of the neo-Kantian philosophers were of Jewish origin. During the Nazi period research into neo-Kantianism could not, for obvious reasons, be conducted, and following WWII, for less obvious reasons, Germany repressed much of its own tragic history, including some glorious aspects of its past. That is, perhaps, why research concerned with neo-Kantianism emerged in the 1990s, and mostly outside Germany: in Italy, the Netherlands, Switzerland and Poland. The<br \/>\nInstitute of Philosophy in the University of Silesia in Katowice has substantially contributed to the current research. Its crucial conclusion is that neo-Kantianism constitutes an original and ground-breaking mode of critical philosophy and it is much more than just a reconstruction of Immanuel Kant\u2019s thinking.<\/p>\n<p><a href=\"#_ftnref1\" name=\"_ftn1\">[1]<\/a> A.J. Noras, <em>Geschichte des Neukantianismus<\/em>, t\u0142um. Tomasz Kubalica, Polish Contemporary Philosophy and Philosophical Humanities 19, Bern, Peter Lang 2020, https:\/\/doi.org\/10.3726\/b17145.<\/p>\n<\/div>\r\n                    <\/div>\r\n                <\/div>[\/vc_tta_section][\/vc_tta_tabs][\/vc_column][vc_column width=&#8221;1\/3&#8243;]\r\n                <div class=\"text-modules\">\r\n                    <div class=\"container\">\r\n                        \r\n                        <div class=\"text-modules__content\"><\/p>\n<p>&nbsp;<\/p>\n<p>&nbsp;<\/p>\n<p><img class=\"alignnone wp-image-9942 size-full\" src=\"https:\/\/us.edu.pl\/wydzial\/wh\/wp-content\/uploads\/sites\/15\/OSI\u0104GNI\u0118CIA\/Geschichte-des-Neukantianismus_ok\u0142adka.jpg\" alt=\"ok\u0142adka rozprawy prof. Andrzeja J. Norasa pt. &quot;Geschichte des Neukantianismus&quot; Polish Contemporary Philosophy and Philosophical Humanities, Edited by Jan Hartman Volume 19\" width=\"609\" height=\"861\" srcset=\"https:\/\/us.edu.pl\/wydzial\/wh\/wp-content\/uploads\/sites\/15\/OSI\u0104GNI\u0118CIA\/Geschichte-des-Neukantianismus_ok\u0142adka.jpg 609w, https:\/\/us.edu.pl\/wydzial\/wh\/wp-content\/uploads\/sites\/15\/OSI\u0104GNI\u0118CIA\/Geschichte-des-Neukantianismus_ok\u0142adka-212x300.jpg 212w, https:\/\/us.edu.pl\/wydzial\/wh\/wp-content\/uploads\/sites\/15\/OSI\u0104GNI\u0118CIA\/Geschichte-des-Neukantianismus_ok\u0142adka-407x575.jpg 407w\" sizes=\"(max-width: 609px) 100vw, 609px\" \/><\/p>\n<\/div>\r\n                    <\/div>\r\n                <\/div>[\/vc_column][\/vc_row]<\/p>","protected":false},"excerpt":{"rendered":"<p>[vc_row el_class=&#8221;container&#8221;][vc_column width=&#8221;2\/3&#8243;][vc_tta_tabs][vc_tta_section title=&#8221;POLISH&#8221; tab_id=&#8221;1612514765073-cfc2f9ae-5da2&#8243;][\/vc_tta_section][vc_tta_section title=&#8221;ENGLISH&#8221; tab_id=&#8221;1612514765101-0db80c2c-37cc&#8221;][\/vc_tta_section][\/vc_tta_tabs][\/vc_column][vc_column width=&#8221;1\/3&#8243;][\/vc_column][\/vc_row] [&#8230;]<\/p>\n<p><a class=\"btn btn-secondary understrap-read-more-link\" href=\"https:\/\/us.edu.pl\/wydzial\/wh\/najwazniejsze-osiagniecia-badawcze\/prof-dr-hab-andrzej-j-noras-rozprawa-geschichte-des-neukantianismus\/\">Read More&#8230;<\/a><\/p>\n","protected":false},"author":1,"featured_media":0,"parent":9930,"menu_order":0,"comment_status":"closed","ping_status":"closed","template":"","meta":{"_expiration-date-status":"saved","_expiration-date":0,"_expiration-date-type":"","_expiration-date-categories":[],"_expiration-date-options":[]},"acf":[],"_links":{"self":[{"href":"https:\/\/us.edu.pl\/wydzial\/wh\/wp-json\/wp\/v2\/pages\/9934"}],"collection":[{"href":"https:\/\/us.edu.pl\/wydzial\/wh\/wp-json\/wp\/v2\/pages"}],"about":[{"href":"https:\/\/us.edu.pl\/wydzial\/wh\/wp-json\/wp\/v2\/types\/page"}],"author":[{"embeddable":true,"href":"https:\/\/us.edu.pl\/wydzial\/wh\/wp-json\/wp\/v2\/users\/1"}],"replies":[{"embeddable":true,"href":"https:\/\/us.edu.pl\/wydzial\/wh\/wp-json\/wp\/v2\/comments?post=9934"}],"version-history":[{"count":12,"href":"https:\/\/us.edu.pl\/wydzial\/wh\/wp-json\/wp\/v2\/pages\/9934\/revisions"}],"predecessor-version":[{"id":9947,"href":"https:\/\/us.edu.pl\/wydzial\/wh\/wp-json\/wp\/v2\/pages\/9934\/revisions\/9947"}],"up":[{"embeddable":true,"href":"https:\/\/us.edu.pl\/wydzial\/wh\/wp-json\/wp\/v2\/pages\/9930"}],"wp:attachment":[{"href":"https:\/\/us.edu.pl\/wydzial\/wh\/wp-json\/wp\/v2\/media?parent=9934"}],"curies":[{"name":"wp","href":"https:\/\/api.w.org\/{rel}","templated":true}]}}