{"id":2848,"date":"2020-05-11T09:04:36","date_gmt":"2020-05-11T07:04:36","guid":{"rendered":"https:\/\/us.edu.pl\/wydzial\/wnp\/?page_id=2848"},"modified":"2020-05-14T11:37:37","modified_gmt":"2020-05-14T09:37:37","slug":"wspolpraca-miedzynarodowa","status":"publish","type":"page","link":"https:\/\/us.edu.pl\/wydzial\/wnp\/en\/wspolpraca\/wspolpraca-miedzynarodowa\/","title":{"rendered":"(Polski) wsp\u00f3\u0142praca mi\u0119dzynarodowa"},"content":{"rendered":"","protected":false},"excerpt":{"rendered":"<p> [&#8230;]<\/p>\n<p><a class=\"btn btn-secondary understrap-read-more-link\" href=\"https:\/\/us.edu.pl\/wydzial\/wnp\/en\/wspolpraca\/wspolpraca-miedzynarodowa\/\">Read More&#8230;<\/a><\/p>\n","protected":false},"author":115,"featured_media":0,"parent":3063,"menu_order":0,"comment_status":"closed","ping_status":"closed","template":"","meta":{"_expiration-date-status":"saved","_expiration-date":0,"_expiration-date-type":"","_expiration-date-categories":[],"_expiration-date-options":[]},"acf":[],"_links":{"self":[{"href":"https:\/\/us.edu.pl\/wydzial\/wnp\/en\/wp-json\/wp\/v2\/pages\/2848"}],"collection":[{"href":"https:\/\/us.edu.pl\/wydzial\/wnp\/en\/wp-json\/wp\/v2\/pages"}],"about":[{"href":"https:\/\/us.edu.pl\/wydzial\/wnp\/en\/wp-json\/wp\/v2\/types\/page"}],"author":[{"embeddable":true,"href":"https:\/\/us.edu.pl\/wydzial\/wnp\/en\/wp-json\/wp\/v2\/users\/115"}],"replies":[{"embeddable":true,"href":"https:\/\/us.edu.pl\/wydzial\/wnp\/en\/wp-json\/wp\/v2\/comments?post=2848"}],"version-history":[{"count":0,"href":"https:\/\/us.edu.pl\/wydzial\/wnp\/en\/wp-json\/wp\/v2\/pages\/2848\/revisions"}],"up":[{"embeddable":true,"href":"https:\/\/us.edu.pl\/wydzial\/wnp\/en\/wp-json\/wp\/v2\/pages\/3063"}],"wp:attachment":[{"href":"https:\/\/us.edu.pl\/wydzial\/wnp\/en\/wp-json\/wp\/v2\/media?parent=2848"}],"curies":[{"name":"wp","href":"https:\/\/api.w.org\/{rel}","templated":true}]}}