{"id":473,"date":"2019-10-31T09:36:30","date_gmt":"2019-10-31T08:36:30","guid":{"rendered":"https:\/\/us.edu.pl\/wydzial\/wnp\/?page_id=473"},"modified":"2019-10-31T10:38:57","modified_gmt":"2019-10-31T09:38:57","slug":"mapa-strony","status":"publish","type":"page","link":"https:\/\/us.edu.pl\/wydzial\/wnp\/en\/mapa-strony\/","title":{"rendered":"Sitemap"},"content":{"rendered":"<p>[vc_row][vc_column]\r\n                <div class=\"text-modules\">\r\n                    <div class=\"container\">\r\n                        \r\n                        <div class=\"text-modules__content\"><div class=\"wsp-container\"><h2 class=\"wsp-pages-title\">Pages<\/h2>\n<ul class=\"wsp-pages-list\">\n<li class=\"page_item page-item-165135\"><a href=\"https:\/\/us.edu.pl\/wydzial\/wnp\/en\/projekt-architektoniczny\/\">(Polski) Projekt architektoniczny<\/a><\/li>\n<li class=\"page_item page-item-3360\"><a href=\"https:\/\/us.edu.pl\/wydzial\/wnp\/en\/wirtualne-dni-otwarte\/\">(Polski) Wirtualne dni otwarte<\/a><\/li>\n<li class=\"page_item page-item-163364\"><a href=\"https:\/\/us.edu.pl\/wydzial\/wnp\/en\/cbb-w-strategii-rozwoju-wojewodztwa-slaskiego\/\">(Polski) CBB w Strategii Rozwoju Wojew\u00f3dztwa \u015al\u0105skiego<\/a><\/li>\n<li class=\"page_item page-item-2853\"><a href=\"https:\/\/us.edu.pl\/wydzial\/wnp\/en\/kontakt-2\/\">(Polski) kontakt<\/a><\/li>\n<li class=\"page_item page-item-163375\"><a href=\"https:\/\/us.edu.pl\/wydzial\/wnp\/en\/koncepcja-centrum-biotechnologii-i-bioroznorodnosci\/\">(Polski) Koncepcja Centrum Biotechnologii i Bior\u00f3\u017cnorodno\u015bci<\/a><\/li>\n<li class=\"page_item page-item-158012\"><a href=\"https:\/\/us.edu.pl\/wydzial\/wnp\/en\/english-aquamatics-interdisciplinary-management-of-water-environments\/\">Aquamatics &#8211; Interdisciplinary Management of Water Environments<\/a><\/li>\n<li class=\"page_item page-item-158016\"><a href=\"https:\/\/us.edu.pl\/wydzial\/wnp\/en\/english-biology\/\">Biology<\/a><\/li>\n<li class=\"page_item page-item-158019\"><a href=\"https:\/\/us.edu.pl\/wydzial\/wnp\/en\/english-biotechnology\/\">Biotechnology<\/a><\/li>\n<li class=\"page_item page-item-158021\"><a href=\"https:\/\/us.edu.pl\/wydzial\/wnp\/en\/english-environmental-hazard-engineering\/\">Environmental Hazard Engineering<\/a><\/li>\n<li class=\"page_item page-item-158023\"><a href=\"https:\/\/us.edu.pl\/wydzial\/wnp\/en\/english-environmental-protection\/\">Environmental Protection<\/a><\/li>\n<li class=\"page_item page-item-158025\"><a href=\"https:\/\/us.edu.pl\/wydzial\/wnp\/en\/english-geography\/\">Geography<\/a><\/li>\n<li class=\"page_item page-item-158027\"><a href=\"https:\/\/us.edu.pl\/wydzial\/wnp\/en\/english-geology\/\">Geology<\/a><\/li>\n<li class=\"page_item page-item-158029\"><a href=\"https:\/\/us.edu.pl\/wydzial\/wnp\/en\/english-applied-geology\/\">Applied Geology<\/a><\/li>\n<li class=\"page_item page-item-158031\"><a href=\"https:\/\/us.edu.pl\/wydzial\/wnp\/en\/english-tourism\/\">Tourism<\/a><\/li>\n<li class=\"page_item page-item-1618\"><a href=\"https:\/\/us.edu.pl\/wydzial\/wnp\/en\/tutorzy-w-instytucie-nauk-o-ziemi\/\">(Polski) tutorzy w Instytucie Nauk o Ziemi<\/a><\/li>\n<li class=\"page_item page-item-3671\"><a href=\"https:\/\/us.edu.pl\/wydzial\/wnp\/en\/wydzialowy-wirtualny-dzien-adaptacyjny-us\/\">(Polski) Wydzia\u0142owy Wirtualny Dzie\u0144 Adaptacyjny U\u015a<\/a><\/li>\n<li class=\"page_item page-item-102\"><a href=\"https:\/\/us.edu.pl\/wydzial\/wnp\/en\/\">Index page<\/a><\/li>\n<li class=\"page_item page-item-163434\"><a href=\"https:\/\/us.edu.pl\/wydzial\/wnp\/en\/ksztalcenie-w-przyszlym-centrum-biotechnologii-i-bioroznorodnosci\/\">(Polski) Kszta\u0142cenie w przysz\u0142ym Centrum Biotechnologii i Bior\u00f3\u017cnorodno\u015bci<\/a><\/li>\n<li class=\"page_item page-item-163204\"><a href=\"https:\/\/us.edu.pl\/wydzial\/wnp\/en\/centrum-biotechnologii-i-bioroznorodnosci\/\">(Polski) Centrum Biotechnologii i Bior\u00f3\u017cnorodno\u015bci<\/a><\/li>\n<li class=\"page_item page-item-3732 page_item_has_children\"><a href=\"https:\/\/us.edu.pl\/wydzial\/wnp\/en\/student\/\">(Polski) student<\/a>\n<ul class='children'>\n\t<li class=\"page_item page-item-158309\"><a href=\"https:\/\/us.edu.pl\/wydzial\/wnp\/en\/student\/system-weryfikacji-efektow-uczenia-sie\/\">(Polski) system weryfikacji efekt\u00f3w uczenia si\u0119<\/a><\/li>\n\t<li class=\"page_item page-item-3714 page_item_has_children\"><a href=\"https:\/\/us.edu.pl\/wydzial\/wnp\/en\/student\/kierunki-biologiczne\/\">(Polski) kierunki biologiczne<\/a>\n\t<ul class='children'>\n\t\t<li class=\"page_item page-item-3704\"><a href=\"https:\/\/us.edu.pl\/wydzial\/wnp\/en\/student\/kierunki-biologiczne\/wymogi-prac-dyplomowych\/\">(Polski) wymogi prac dyplomowych<\/a><\/li>\n\t\t<li class=\"page_item page-item-4336\"><a href=\"https:\/\/us.edu.pl\/wydzial\/wnp\/en\/student\/kierunki-biologiczne\/4336-2\/\">(Polski) rada dydaktyczna<\/a><\/li>\n\t\t<li class=\"page_item page-item-3738\"><a href=\"https:\/\/us.edu.pl\/wydzial\/wnp\/en\/student\/kierunki-biologiczne\/plany-zajec\/\">(Polski) plany zaj\u0119\u0107<\/a><\/li>\n\t\t<li class=\"page_item page-item-3750\"><a href=\"https:\/\/us.edu.pl\/wydzial\/wnp\/en\/student\/kierunki-biologiczne\/opiekunowie\/\">(Polski) opiekunowie<\/a><\/li>\n\t\t<li class=\"page_item page-item-3753\"><a href=\"https:\/\/us.edu.pl\/wydzial\/wnp\/en\/student\/kierunki-biologiczne\/konsultacje\/\">(Polski) konsultacje<\/a><\/li>\n\t\t<li class=\"page_item page-item-3759\"><a href=\"https:\/\/us.edu.pl\/wydzial\/wnp\/en\/student\/kierunki-biologiczne\/cwiczenia-terenowe\/\">(Polski) \u0107wiczenia terenowe<\/a><\/li>\n\t\t<li class=\"page_item page-item-3765\"><a href=\"https:\/\/us.edu.pl\/wydzial\/wnp\/en\/student\/kierunki-biologiczne\/praktyki-zawodowe\/\">(Polski) praktyki zawodowe<\/a><\/li>\n\t<\/ul>\n<\/li>\n\t<li class=\"page_item page-item-3718 page_item_has_children\"><a href=\"https:\/\/us.edu.pl\/wydzial\/wnp\/en\/student\/kierunki-geologiczne\/\">(Polski) kierunki geologiczne<\/a>\n\t<ul class='children'>\n\t\t<li class=\"page_item page-item-3741\"><a href=\"https:\/\/us.edu.pl\/wydzial\/wnp\/en\/student\/kierunki-geologiczne\/plany-zajec\/\">(Polski) plany zaj\u0119\u0107<\/a><\/li>\n\t\t<li class=\"page_item page-item-3748\"><a href=\"https:\/\/us.edu.pl\/wydzial\/wnp\/en\/student\/kierunki-geologiczne\/opiekunowie\/\">(Polski) opiekunowie<\/a><\/li>\n\t\t<li class=\"page_item page-item-3755\"><a href=\"https:\/\/us.edu.pl\/wydzial\/wnp\/en\/student\/kierunki-geologiczne\/konsultacje\/\">(Polski) konsultacje<\/a><\/li>\n\t\t<li class=\"page_item page-item-5694\"><a href=\"https:\/\/us.edu.pl\/wydzial\/wnp\/en\/student\/kierunki-geologiczne\/rada-dydaktyczna\/\">(Polski) rada dydaktyczna<\/a><\/li>\n\t\t<li class=\"page_item page-item-3761\"><a href=\"https:\/\/us.edu.pl\/wydzial\/wnp\/en\/student\/kierunki-geologiczne\/cwiczenia-terenowe\/\">(Polski) \u0107wiczenia terenowe<\/a><\/li>\n\t\t<li class=\"page_item page-item-3768\"><a href=\"https:\/\/us.edu.pl\/wydzial\/wnp\/en\/student\/kierunki-geologiczne\/praktyki-zawodowe\/\">(Polski) praktyki zawodowe<\/a><\/li>\n\t\t<li class=\"page_item page-item-3776\"><a href=\"https:\/\/us.edu.pl\/wydzial\/wnp\/en\/student\/kierunki-geologiczne\/tematyka-prac-dyplomowych\/\">(Polski) tematyka prac dyplomowych<\/a><\/li>\n\t<\/ul>\n<\/li>\n\t<li class=\"page_item page-item-4010 page_item_has_children\"><a href=\"https:\/\/us.edu.pl\/wydzial\/wnp\/en\/student\/kierunki-geograficzne\/\">(Polski) kierunki geograficzne<\/a>\n\t<ul class='children'>\n\t\t<li class=\"page_item page-item-158994\"><a href=\"https:\/\/us.edu.pl\/wydzial\/wnp\/en\/student\/kierunki-geograficzne\/cwiczenia-terenowe-specjalizacyjne\/\">(Polski) \u0106wiczenia terenowe specjalizacyjne<\/a><\/li>\n\t\t<li class=\"page_item page-item-5676\"><a href=\"https:\/\/us.edu.pl\/wydzial\/wnp\/en\/student\/kierunki-geograficzne\/rada-dydaktyczna\/\">(Polski) rada dydaktyczna<\/a><\/li>\n\t\t<li class=\"page_item page-item-164988\"><a href=\"https:\/\/us.edu.pl\/wydzial\/wnp\/en\/student\/kierunki-geograficzne\/praktyki-zawodowe-nauczycielskie\/\">(Polski) praktyki zawodowe &#8211; nauczycielskie<\/a><\/li>\n\t\t<li class=\"page_item page-item-165266\"><a href=\"https:\/\/us.edu.pl\/wydzial\/wnp\/en\/student\/kierunki-geograficzne\/procedura-dyplomowania\/\">(Polski) procedura dyplomowania<\/a><\/li>\n\t\t<li class=\"page_item page-item-3743\"><a href=\"https:\/\/us.edu.pl\/wydzial\/wnp\/en\/student\/kierunki-geograficzne\/plany-zajec\/\">(Polski) plany zaj\u0119\u0107<\/a><\/li>\n\t\t<li class=\"page_item page-item-3746\"><a href=\"https:\/\/us.edu.pl\/wydzial\/wnp\/en\/student\/kierunki-geograficzne\/opiekunowie\/\">(Polski) opiekunowie<\/a><\/li>\n\t\t<li class=\"page_item page-item-3757\"><a href=\"https:\/\/us.edu.pl\/wydzial\/wnp\/en\/student\/kierunki-geograficzne\/konsultacje\/\">(Polski) konsultacje<\/a><\/li>\n\t\t<li class=\"page_item page-item-3763\"><a href=\"https:\/\/us.edu.pl\/wydzial\/wnp\/en\/student\/kierunki-geograficzne\/cwiczenia-terenowe\/\">(Polski) \u0107wiczenia terenowe<\/a><\/li>\n\t\t<li class=\"page_item page-item-2726\"><a href=\"https:\/\/us.edu.pl\/wydzial\/wnp\/en\/student\/kierunki-geograficzne\/prace-magisterskie\/\">(Polski) tematyka prac dyplomowych<\/a><\/li>\n\t\t<li class=\"page_item page-item-3770\"><a href=\"https:\/\/us.edu.pl\/wydzial\/wnp\/en\/student\/kierunki-geograficzne\/praktyki-zawodowe\/\">(Polski) praktyki zawodowe<\/a><\/li>\n\t<\/ul>\n<\/li>\n\t<li class=\"page_item page-item-4165\"><a href=\"https:\/\/us.edu.pl\/wydzial\/wnp\/en\/student\/aquamatyka\/\">(Polski) Aquamatyka<\/a><\/li>\n\t<li class=\"page_item page-item-951\"><a href=\"https:\/\/us.edu.pl\/wydzial\/wnp\/en\/student\/dziekanat\/\">(Polski) dziekanat<\/a><\/li>\n\t<li class=\"page_item page-item-1011\"><a href=\"https:\/\/us.edu.pl\/wydzial\/wnp\/en\/student\/koordynatorzy\/\">(Polski) koordynatorzy<\/a><\/li>\n\t<li class=\"page_item page-item-3698\"><a href=\"https:\/\/us.edu.pl\/wydzial\/wnp\/en\/student\/prace-dyplomowe\/\">(Polski) prace dyplomowe<\/a><\/li>\n\t<li class=\"page_item page-item-3736\"><a href=\"https:\/\/us.edu.pl\/wydzial\/wnp\/en\/student\/kola-naukowe\/\">(Polski) ko\u0142a naukowe<\/a><\/li>\n\t<li class=\"page_item page-item-977\"><a href=\"https:\/\/us.edu.pl\/wydzial\/wnp\/en\/student\/pliki-do-pobrania\/\">(Polski) pliki do pobrania<\/a><\/li>\n<\/ul>\n<\/li>\n<li class=\"page_item page-item-408 page_item_has_children\"><a href=\"https:\/\/us.edu.pl\/wydzial\/wnp\/en\/studia\/\">Studies<\/a>\n<ul class='children'>\n\t<li class=\"page_item page-item-1554\"><a href=\"https:\/\/us.edu.pl\/wydzial\/wnp\/en\/studia\/system-zapewniania-jakosci-ksztalcenia\/\">(Polski) system zapewniania jako\u015bci kszta\u0142cenia<\/a><\/li>\n\t<li class=\"page_item page-item-158252\"><a href=\"https:\/\/us.edu.pl\/wydzial\/wnp\/en\/studia\/rekrutacja\/\">(Polski) rekrutacja<\/a><\/li>\n\t<li class=\"page_item page-item-2430 page_item_has_children\"><a href=\"https:\/\/us.edu.pl\/wydzial\/wnp\/en\/studia\/kierunki-studiow\/\">(Polski) kierunki studi\u00f3w<\/a>\n\t<ul class='children'>\n\t\t<li class=\"page_item page-item-157715\"><a href=\"https:\/\/us.edu.pl\/wydzial\/wnp\/en\/studia\/kierunki-studiow\/biologia-2\/\">(Polski) Biologia<\/a><\/li>\n\t\t<li class=\"page_item page-item-157724\"><a href=\"https:\/\/us.edu.pl\/wydzial\/wnp\/en\/studia\/kierunki-studiow\/biotechnologia-2\/\">(Polski) Biotechnologia<\/a><\/li>\n\t\t<li class=\"page_item page-item-157728\"><a href=\"https:\/\/us.edu.pl\/wydzial\/wnp\/en\/studia\/kierunki-studiow\/ochrona-srodowiska-2\/\">Ochrona \u015brodowiska<\/a><\/li>\n\t\t<li class=\"page_item page-item-157769\"><a href=\"https:\/\/us.edu.pl\/wydzial\/wnp\/en\/studia\/kierunki-studiow\/aquamatyka-2\/\">(Polski) Aquamatyka<\/a><\/li>\n\t\t<li class=\"page_item page-item-163952\"><a href=\"https:\/\/us.edu.pl\/wydzial\/wnp\/en\/studia\/kierunki-studiow\/turystyka-zrownowazona\/\">(Polski) Turystyka zr\u00f3wnowa\u017cona<\/a><\/li>\n\t\t<li class=\"page_item page-item-163738\"><a href=\"https:\/\/us.edu.pl\/wydzial\/wnp\/en\/studia\/kierunki-studiow\/gospodarka-wodna-aquamatyka\/\">(Polski) Gospodarka wodna \u2013 Aquamatyka<\/a><\/li>\n\t\t<li class=\"page_item page-item-163774\"><a href=\"https:\/\/us.edu.pl\/wydzial\/wnp\/en\/studia\/kierunki-studiow\/aquamatics-interdisciplinary-water-environment-management-msc\/\">(Polski) Aquamatics \u2013 Interdisciplinary Water Environment Management (MSc)<\/a><\/li>\n\t\t<li class=\"page_item page-item-157635\"><a href=\"https:\/\/us.edu.pl\/wydzial\/wnp\/en\/studia\/kierunki-studiow\/geografia\/\">(Polski) Geografia<\/a><\/li>\n\t\t<li class=\"page_item page-item-157661\"><a href=\"https:\/\/us.edu.pl\/wydzial\/wnp\/en\/studia\/kierunki-studiow\/inzynieria-zagrozen-srodowiskowych-studia-stacjonarne-i-stopnia\/\">(Polski) In\u017cynieria zagro\u017ce\u0144 \u015brodowiskowych<\/a><\/li>\n\t\t<li class=\"page_item page-item-157664\"><a href=\"https:\/\/us.edu.pl\/wydzial\/wnp\/en\/studia\/kierunki-studiow\/turystyka-2\/\">Tourism<\/a><\/li>\n\t\t<li class=\"page_item page-item-157668\"><a href=\"https:\/\/us.edu.pl\/wydzial\/wnp\/en\/studia\/kierunki-studiow\/geologia\/\">(Polski) Geologia<\/a><\/li>\n\t\t<li class=\"page_item page-item-157671\"><a href=\"https:\/\/us.edu.pl\/wydzial\/wnp\/en\/studia\/kierunki-studiow\/geologia-stosowana-2\/\">(Polski) Geologia stosowana<\/a><\/li>\n\t<\/ul>\n<\/li>\n\t<li class=\"page_item page-item-157160\"><a href=\"https:\/\/us.edu.pl\/wydzial\/wnp\/en\/studia\/strategia-szkolenia-na-odleglosc\/\">(Polski) strategia kszta\u0142cenia na odleg\u0142o\u015b\u0107<\/a><\/li>\n<\/ul>\n<\/li>\n<li class=\"page_item page-item-3481\"><a href=\"https:\/\/us.edu.pl\/wydzial\/wnp\/en\/skladnica-map\/\">(Polski) Sk\u0142adnica map<\/a><\/li>\n<li class=\"page_item page-item-413 page_item_has_children\"><a href=\"https:\/\/us.edu.pl\/wydzial\/wnp\/en\/nauka\/\">(Polski) Nauka<\/a>\n<ul class='children'>\n\t<li class=\"page_item page-item-797\"><a href=\"https:\/\/us.edu.pl\/wydzial\/wnp\/en\/nauka\/kierunki-badawcze\/\">primary research areas<\/a><\/li>\n\t<li class=\"page_item page-item-1835\"><a href=\"https:\/\/us.edu.pl\/wydzial\/wnp\/en\/nauka\/habilitacje\/\">(Polski) post\u0119powania habilitacyjne<\/a><\/li>\n\t<li class=\"page_item page-item-5942\"><a href=\"https:\/\/us.edu.pl\/wydzial\/wnp\/en\/nauka\/projekty\/\">(Polski) projekty<\/a><\/li>\n\t<li class=\"page_item page-item-6275 page_item_has_children\"><a href=\"https:\/\/us.edu.pl\/wydzial\/wnp\/en\/nauka\/wymiana-akademicka\/\">(Polski) wymiana akademicka<\/a>\n\t<ul class='children'>\n\t\t<li class=\"page_item page-item-6291\"><a href=\"https:\/\/us.edu.pl\/wydzial\/wnp\/en\/nauka\/wymiana-akademicka\/ceepus-2\/\">(Polski) ceepus<\/a><\/li>\n\t\t<li class=\"page_item page-item-6293\"><a href=\"https:\/\/us.edu.pl\/wydzial\/wnp\/en\/nauka\/wymiana-akademicka\/erasmus\/\">(Polski) erasmus+<\/a><\/li>\n\t\t<li class=\"page_item page-item-6295\"><a href=\"https:\/\/us.edu.pl\/wydzial\/wnp\/en\/nauka\/wymiana-akademicka\/unesco\/\">(Polski) unesco<\/a><\/li>\n\t\t<li class=\"page_item page-item-6297\"><a href=\"https:\/\/us.edu.pl\/wydzial\/wnp\/en\/nauka\/wymiana-akademicka\/nawa-2\/\">(Polski) nawa<\/a><\/li>\n\t<\/ul>\n<\/li>\n\t<li class=\"page_item page-item-1687\"><a href=\"https:\/\/us.edu.pl\/wydzial\/wnp\/en\/nauka\/konkursy\/\">(Polski) konkursy<\/a><\/li>\n\t<li class=\"page_item page-item-4512\"><a href=\"https:\/\/us.edu.pl\/wydzial\/wnp\/en\/nauka\/centra-badawcze\/\">(Polski) centra badawcze<\/a><\/li>\n\t<li class=\"page_item page-item-1784\"><a href=\"https:\/\/us.edu.pl\/wydzial\/wnp\/en\/nauka\/przewody-doktorskie\/\">(Polski) przewody doktorskie<\/a><\/li>\n\t<li class=\"page_item page-item-445\"><a href=\"https:\/\/us.edu.pl\/wydzial\/wnp\/en\/nauka\/wydawnictwa\/\">(Polski) wydawnictwa<\/a><\/li>\n<\/ul>\n<\/li>\n<li class=\"page_item page-item-191\"><a href=\"https:\/\/us.edu.pl\/wydzial\/wnp\/en\/kierunki-studiow\/\">(Polski) Kierunki studi\u00f3w 1<\/a><\/li>\n<li class=\"page_item page-item-460 page_item_has_children\"><a href=\"https:\/\/us.edu.pl\/wydzial\/wnp\/en\/wydzial\/\">faculty<\/a>\n<ul class='children'>\n\t<li class=\"page_item page-item-176\"><a href=\"https:\/\/us.edu.pl\/wydzial\/wnp\/en\/wydzial\/o-wydziale\/\">the faculty<\/a><\/li>\n\t<li class=\"page_item page-item-181\"><a href=\"https:\/\/us.edu.pl\/wydzial\/wnp\/en\/wydzial\/atuty-wydzialu\/\">Strengths of the faculty<\/a><\/li>\n\t<li class=\"page_item page-item-178\"><a href=\"https:\/\/us.edu.pl\/wydzial\/wnp\/en\/wydzial\/wladze\/\">authorities dean<\/a><\/li>\n\t<li class=\"page_item page-item-921\"><a href=\"https:\/\/us.edu.pl\/wydzial\/wnp\/en\/wydzial\/instytuty\/\">(Polski) instytuty<\/a><\/li>\n\t<li class=\"page_item page-item-931\"><a href=\"https:\/\/us.edu.pl\/wydzial\/wnp\/en\/wydzial\/dyrektorzy-kierunkow\/\">(Polski) dyrektorzy kierunk\u00f3w<\/a><\/li>\n\t<li class=\"page_item page-item-4119\"><a href=\"https:\/\/us.edu.pl\/wydzial\/wnp\/en\/wydzial\/pelnomocnicy-dziekana\/\">(Polski) pe\u0142nomocnicy Dziekana<\/a><\/li>\n\t<li class=\"page_item page-item-936\"><a href=\"https:\/\/us.edu.pl\/wydzial\/wnp\/en\/wydzial\/administracja\/\">(Polski) administracja<\/a><\/li>\n<\/ul>\n<\/li>\n<li class=\"page_item page-item-471\"><a href=\"https:\/\/us.edu.pl\/wydzial\/wnp\/en\/kontakt\/\">Contact<\/a><\/li>\n<li class=\"page_item page-item-473\"><a href=\"https:\/\/us.edu.pl\/wydzial\/wnp\/en\/mapa-strony\/\">Sitemap<\/a><\/li>\n<li class=\"page_item page-item-225\"><a href=\"https:\/\/us.edu.pl\/wydzial\/wnp\/en\/wszystko\/\">(Polski) wszystko<\/a><\/li>\n<li class=\"page_item page-item-158187\"><a href=\"https:\/\/us.edu.pl\/wydzial\/wnp\/en\/english-biotechnology-studies-in-english\/\">Biotechnology &#8211; Studies in English<\/a><\/li>\n<li class=\"page_item page-item-3063 page_item_has_children\"><a href=\"https:\/\/us.edu.pl\/wydzial\/wnp\/en\/wspolpraca\/\">(Polski) promocja<\/a>\n<ul class='children'>\n\t<li class=\"page_item page-item-2846\"><a href=\"https:\/\/us.edu.pl\/wydzial\/wnp\/en\/wspolpraca\/wspolpraca-krajowa\/\">(Polski) wsp\u00f3\u0142praca krajowa<\/a><\/li>\n\t<li class=\"page_item page-item-2848\"><a href=\"https:\/\/us.edu.pl\/wydzial\/wnp\/en\/wspolpraca\/wspolpraca-miedzynarodowa\/\">(Polski) wsp\u00f3\u0142praca mi\u0119dzynarodowa<\/a><\/li>\n\t<li class=\"page_item page-item-2934\"><a href=\"https:\/\/us.edu.pl\/wydzial\/wnp\/en\/wspolpraca\/materialy-do-pobrania-wydzial\/\">(Polski) Materia\u0142y do pobrania &#8211; Wydzia\u0142<\/a><\/li>\n\t<li class=\"page_item page-item-2945\"><a href=\"https:\/\/us.edu.pl\/wydzial\/wnp\/en\/wspolpraca\/materialy-do-pobrania-instytuty\/\">(Polski) Materia\u0142y do pobrania &#8211; Instytuty<\/a><\/li>\n\t<li class=\"page_item page-item-6340\"><a href=\"https:\/\/us.edu.pl\/wydzial\/wnp\/en\/wspolpraca\/kontakt\/\">(Polski) kontakt<\/a><\/li>\n\t<li class=\"page_item page-item-6091\"><a href=\"https:\/\/us.edu.pl\/wydzial\/wnp\/en\/wspolpraca\/projekt-akcja-popularyzacja\/\">(Polski) projekt Akcja Popularyzacja<\/a><\/li>\n\t<li class=\"page_item page-item-6094\"><a href=\"https:\/\/us.edu.pl\/wydzial\/wnp\/en\/wspolpraca\/identyfikacja-wizualna-wnp\/\">(Polski) identyfikacja wizualna WNP<\/a><\/li>\n\t<li class=\"page_item page-item-156887\"><a href=\"https:\/\/us.edu.pl\/wydzial\/wnp\/en\/wspolpraca\/noc-biologow\/\">(Polski) Noc biolog\u00f3w<\/a><\/li>\n<\/ul>\n<\/li>\n<\/ul>\n<\/div>\n<\/div>\r\n                    <\/div>\r\n                <\/div>[\/vc_column][\/vc_row]<\/p>\n","protected":false},"excerpt":{"rendered":"<p>[vc_row][vc_column][\/vc_column][\/vc_row] [&#8230;]<\/p>\n<p><a class=\"btn btn-secondary understrap-read-more-link\" href=\"https:\/\/us.edu.pl\/wydzial\/wnp\/en\/mapa-strony\/\">Read More&#8230;<\/a><\/p>\n","protected":false},"author":29,"featured_media":0,"parent":0,"menu_order":0,"comment_status":"closed","ping_status":"closed","template":"page-templates\/sitemap-template.php","meta":{"_expiration-date-status":"saved","_expiration-date":0,"_expiration-date-type":"","_expiration-date-categories":[],"_expiration-date-options":[]},"acf":[],"_links":{"self":[{"href":"https:\/\/us.edu.pl\/wydzial\/wnp\/en\/wp-json\/wp\/v2\/pages\/473"}],"collection":[{"href":"https:\/\/us.edu.pl\/wydzial\/wnp\/en\/wp-json\/wp\/v2\/pages"}],"about":[{"href":"https:\/\/us.edu.pl\/wydzial\/wnp\/en\/wp-json\/wp\/v2\/types\/page"}],"author":[{"embeddable":true,"href":"https:\/\/us.edu.pl\/wydzial\/wnp\/en\/wp-json\/wp\/v2\/users\/29"}],"replies":[{"embeddable":true,"href":"https:\/\/us.edu.pl\/wydzial\/wnp\/en\/wp-json\/wp\/v2\/comments?post=473"}],"version-history":[{"count":0,"href":"https:\/\/us.edu.pl\/wydzial\/wnp\/en\/wp-json\/wp\/v2\/pages\/473\/revisions"}],"wp:attachment":[{"href":"https:\/\/us.edu.pl\/wydzial\/wnp\/en\/wp-json\/wp\/v2\/media?parent=473"}],"curies":[{"name":"wp","href":"https:\/\/api.w.org\/{rel}","templated":true}]}}