{"id":1554,"date":"2020-01-22T10:10:46","date_gmt":"2020-01-22T09:10:46","guid":{"rendered":"https:\/\/us.edu.pl\/wydzial\/wnp\/?page_id=1554"},"modified":"2026-01-27T12:02:54","modified_gmt":"2026-01-27T11:02:54","slug":"system-zapewniania-jakosci-ksztalcenia","status":"publish","type":"page","link":"https:\/\/us.edu.pl\/wydzial\/wnp\/studia\/system-zapewniania-jakosci-ksztalcenia\/","title":{"rendered":"system zapewniania jako\u015bci kszta\u0142cenia"},"content":{"rendered":"<p>[vc_row][vc_column]\r\n                <div class=\"text-modules\">\r\n                    <div class=\"container\">\r\n                        <h3 class=\"page-title text__title\">System zapewniania jako\u015bci kszta\u0142cenia<\/h3>\r\n                        <div class=\"text-modules__content\"><p>W trosce o sta\u0142e podnoszenie jako\u015bci kszta\u0142cenia Uniwersytet \u015al\u0105ski wprowadzi\u0142 System Zapewniania Jako\u015bci Kszta\u0142cenia. System jest zbiorem wytycznych, zasad i procedur obejmuj\u0105cych wszystkie aspekty procesu kszta\u0142cenia.<br \/>\n<strong>dr hab. Danuta Smo\u0142ka-Danielowska, Prof. U\u015a<\/strong>\u00a0\u2013 pe\u0142nomocnik ds. jako\u015bci kszta\u0142cenia i akredytacji<\/p>\n<p>kontakt: <a href=\"mailto:danuta.smolka-danielowska@us.edu.pl\">danuta.smolka-danielowska@us.edu.pl<\/a><\/p>\n<p>Polityk\u0119 jako\u015bci kszta\u0142cenia na Uniwersytecie \u015al\u0105skim w Katowicach okre\u015bla zarz\u0105dzenie\u00a0<a href=\"https:\/\/aktyprawne.us.edu.pl\/423-lista\/d\/221\/5\/?reporef=%2F%3Fsearch-global%3D145%252f2019)\">JM Rektora nr 145\/2019<\/a>. Kluczowym zadaniem wdra\u017canego w Uczelni SZJK jest zagwarantowanie takiej jako\u015bci oferty dydaktycznej oraz warunk\u00f3w studiowania, aby studenci mogli rozwija\u0107 sw\u00f3j potencja\u0142 i zdobywa\u0107 wykszta\u0142cenie na najwy\u017cszym poziomie. SZJK obejmuje w szczeg\u00f3lno\u015bci:<\/p>\n<ol>\n<li>Wyznaczanie standard\u00f3w jako\u015bci i tworzenie jednolitych zasad zapewniania jako\u015bci kszta\u0142cenia w Uczelni.<\/li>\n<li>Rozszerzanie i uatrakcyjnianie oferty edukacyjnej Uczelni poprzez dba\u0142o\u015b\u0107 o wysok\u0105 jako\u015b\u0107 i doskonalenie program\u00f3w studi\u00f3w prowadzonych kierunk\u00f3w studi\u00f3w na wszystkich poziomach i profilach kszta\u0142cenia.<\/li>\n<li>Dba\u0142o\u015b\u0107 o wysok\u0105 jako\u015b\u0107 procesu kszta\u0142cenia we wszystkich jednostkach Uczelni.<\/li>\n<li>Zapobieganie zjawiskom patologicznym w procesie dydaktycznym oraz wspieranie zwalczania tych zjawisk.<\/li>\n<li>Doskonalenie jako\u015bci kszta\u0142cenia poprzez dzia\u0142ania upowszechniaj\u0105ce dobre praktyki, szkolenia wewn\u0119trzne oraz efektywn\u0105 wsp\u00f3\u0142prac\u0119 przedstawicieli spo\u0142eczno\u015bci akademickiej.<\/li>\n<li>Monitorowanie poziomu satysfakcji student\u00f3w z procesu kszta\u0142cenia oraz poziomu satysfakcji absolwent\u00f3w ze studi\u00f3w.<\/li>\n<li>Monitorowanie wsp\u00f3\u0142pracy z interesariuszami zewn\u0119trznymi i wewn\u0119trznymi oraz wykorzystywanie tych relacji na rzecz podnoszenia jako\u015bci kszta\u0142cenia.<\/li>\n<li>Nadz\u00f3r nad tworzeniem i funkcjonowaniem informatycznych narz\u0119dzi wspieraj\u0105cych proces kszta\u0142cenia.<\/li>\n<li>Zapewnianie wysokiej jako\u015bci kadry dydaktycznej.<\/li>\n<li>Monitorowanie zasob\u00f3w wsparcia dydaktycznego i materialnego studentom i doktorantom<\/li>\n<\/ol>\n<p><span style=\"font-size: 14pt;\"><b>W trosce o sta\u0142e podnoszenie jako\u015bci kszta\u0142cenia Wydzia\u0142 Nauk Przyrodniczych realizuje przyj\u0119ty na uczelni System Zapewniania Jako\u015bci Kszta\u0142cenia, kt\u00f3ry jest zbiorem wytycznych, zasad i procedur obejmuj\u0105cych wszystkie aspekty procesu kszta\u0142cenia.<\/b><\/span><\/p>\n<p><span style=\"font-size: 14pt;\"><strong><a href=\"https:\/\/us.edu.pl\/wydzial\/wnp\/wp-content\/uploads\/sites\/16\/Nieprzypisane\/szjk.pdf#page=1.25\" class=\"mtli_attachment mtli_pdf\" data-mtli=\"mtli_filesize759,00kB\" class=\"mtli_attachment mtli_pdf\" data-mtli=\"mtli_filesize759,00kB\">System zapewniania jako\u015bci kszta\u0142cenia na WNP U\u015a<\/a><\/strong><\/span><\/p>\n<style type=\"text\/css\">a[data-mtli~=\"mtli_filesize759,00kB\"]:after {content:\" (759,00 kB)\"}<\/style><\/div>\r\n                    <\/div>\r\n                <\/div>[\/vc_column][\/vc_row]<\/p>\n<style type=\"text\/css\">a[data-mtli~=\"mtli_filesize759,00kB\"]:after {content:\" (759,00 kB)\"}<\/style>","protected":false},"excerpt":{"rendered":"<p>[vc_row][vc_column][\/vc_column][\/vc_row] [&#8230;]<\/p>\n<p><a class=\"btn btn-secondary understrap-read-more-link\" href=\"https:\/\/us.edu.pl\/wydzial\/wnp\/studia\/system-zapewniania-jakosci-ksztalcenia\/\">Read More&#8230;<\/a><\/p>\n","protected":false},"author":115,"featured_media":0,"parent":408,"menu_order":0,"comment_status":"closed","ping_status":"closed","template":"page-templates\/inner-page.php","meta":{"_expiration-date-status":"","_expiration-date":0,"_expiration-date-type":"","_expiration-date-categories":[],"_expiration-date-options":[]},"acf":[],"_links":{"self":[{"href":"https:\/\/us.edu.pl\/wydzial\/wnp\/wp-json\/wp\/v2\/pages\/1554"}],"collection":[{"href":"https:\/\/us.edu.pl\/wydzial\/wnp\/wp-json\/wp\/v2\/pages"}],"about":[{"href":"https:\/\/us.edu.pl\/wydzial\/wnp\/wp-json\/wp\/v2\/types\/page"}],"author":[{"embeddable":true,"href":"https:\/\/us.edu.pl\/wydzial\/wnp\/wp-json\/wp\/v2\/users\/115"}],"replies":[{"embeddable":true,"href":"https:\/\/us.edu.pl\/wydzial\/wnp\/wp-json\/wp\/v2\/comments?post=1554"}],"version-history":[{"count":0,"href":"https:\/\/us.edu.pl\/wydzial\/wnp\/wp-json\/wp\/v2\/pages\/1554\/revisions"}],"up":[{"embeddable":true,"href":"https:\/\/us.edu.pl\/wydzial\/wnp\/wp-json\/wp\/v2\/pages\/408"}],"wp:attachment":[{"href":"https:\/\/us.edu.pl\/wydzial\/wnp\/wp-json\/wp\/v2\/media?parent=1554"}],"curies":[{"name":"wp","href":"https:\/\/api.w.org\/{rel}","templated":true}]}}