{"id":157635,"date":"2023-04-27T12:24:17","date_gmt":"2023-04-27T10:24:17","guid":{"rendered":"https:\/\/us.edu.pl\/wydzial\/wnp\/?page_id=157635"},"modified":"2025-06-18T10:07:23","modified_gmt":"2025-06-18T08:07:23","slug":"geografia","status":"publish","type":"page","link":"https:\/\/us.edu.pl\/wydzial\/wnp\/studia\/kierunki-studiow\/geografia\/","title":{"rendered":"Geografia"},"content":{"rendered":"<p>[vc_row][vc_column]\r\n                <div class=\"text-modules\">\r\n                    <div class=\"container\">\r\n                        <h3 class=\"page-title text__title\">Geografia - studia stacjonarne I i II stopnia<\/h3>\r\n                        <div class=\"text-modules__content\"><p><strong>j\u0119zyk wyk\u0142adowy: polski<\/strong><\/p>\n<\/div>\r\n                    <\/div>\r\n                <\/div>[\/vc_column][\/vc_row][vc_row][vc_column]\r\n                <div class=\"text-modules reverse\">\r\n                    <div class=\"container\">\r\n                         \r\n                        <div class=\"row m-0\">\r\n                            <div class=\"text-modules__content\">\r\n                                Studenci na kierunku Geografia ucz\u0105 si\u0119 rozumienia i interpretowania prawid\u0142owo\u015bci funkcjonowania \u015brodowiska geograficznego oraz zjawisk spo\u0142eczno-ekonomicznych i kulturowych w przestrzeni i czasie. Odkrywaj\u0105 wsp\u00f3\u0142zale\u017cno\u015bci mi\u0119dzy elementami \u015brodowiska przyrodniczego a dzia\u0142alno\u015bci\u0105 cz\u0142owieka oraz analizuj\u0105 zachodz\u0105ce zjawiska i procesy od skali lokalnej do globalnej. Ucz\u0105 si\u0119 korzysta\u0107 z baz danych, poznaj\u0105 nowoczesne metody kartograficznego obrazowania zjawisk przyrodniczych i spo\u0142eczno-gospodarczych za pomoc\u0105 Geograficznych System\u00f3w Informacyjnych (GIS). Nabywaj\u0105 umiej\u0119tno\u015bci kompleksowej oceny \u015brodowiska \u017cycia cz\u0142owieka.<\/p>\n<p>Ze wzgl\u0119du na to, \u017ce \u015al\u0105sk jest obszarem wysoko zurbanizowanym i uprzemys\u0142owionym, istotne miejsce zajmuj\u0105 studia nad regionem. Studenci kierunku geografia poznaj\u0105 i rozumiej\u0105 specyfik\u0119 relacji cz\u0142owiek-\u015brodowisko na obszarach poddanych silnej antropopresji i s\u0105 przygotowani do rozwi\u0105zywania trudnych problem\u00f3w \u015brodowiskowych na obszarach g\u00f3rniczych, przemys\u0142owych oraz silnie zurbanizowanych.<\/p>\n<p>Program studi\u00f3w obejmuje przedmioty kierunkowe geograficzne, przedmioty spo\u0142eczne i humanistyczne oraz bogat\u0105 ofert\u0119 przedmiot\u00f3w fakultatywnych (do wyboru). Integraln\u0105 cz\u0119\u015bci\u0105 studi\u00f3w s\u0105 \u0107wiczenia laboratoryjne oraz zaj\u0119cia terenowe, odbywaj\u0105ce si\u0119 w miesi\u0105cach wakacyjnych w Polsce i za granic\u0105. Na studiach licencjackich mo\u017cna uzyska\u0107 uprawnienia do wykonywania zawodu nauczyciela w ramach tzw. specjalno\u015bci nauczycielskiej.<\/p>\n<p>Absolwenci kierunku geografa posiadaj\u0105 umiej\u0119tno\u015bci w zakresie prognozowania, programowania, projektowania oraz planowania zmian w \u015brodowisku przyrodniczym i spo\u0142eczno-ekonomicznym. \r\n                                <div class=\"mt-3\"><\/div>\r\n                            <\/div>\r\n                            \r\n                            <div class=\"text-modules__img\"><img src=\"https:\/\/us.edu.pl\/wydzial\/wnp\/wp-content\/uploads\/sites\/16\/grafiki\/geografia.jpg\" alt=\"img\"><\/div>\r\n                        <\/div>\r\n                    <\/div>\r\n                <\/div>[\/vc_column][\/vc_row][vc_row css=&#8221;.vc_custom_1717504190592{margin-bottom: 20px !important;padding-top: 20px !important;padding-left: 10px !important;background-color: #dbdbdb !important;}&#8221;][vc_column]\r\n                <div class=\"text-modules reverse\">\r\n                    <div class=\"container\">\r\n                         \r\n                        <div class=\"row m-0\">\r\n                            <div class=\"text-modules__content\">\r\n                                 \r\n                                <div class=\"mt-3\"><a href=\"https:\/\/us.edu.pl\/wydzial\/wnp\/wp-content\/uploads\/sites\/16\/Bez-kategorii\/Geografia.pdf\" class=\"mtli_attachment mtli_pdf\" data-mtli=\"mtli_filesize5,73MB\" class=\"link-button mr-3 \">Geografia - prezentacja kierunku<\/a><\/div>\r\n                            <\/div>\r\n                            \r\n                            <div class=\"text-modules__img\"><img src=\"https:\/\/us.edu.pl\/wydzial\/wnp\/wp-content\/uploads\/sites\/16\/Bez-kategorii\/geografia_prezentacja-300x169.jpg\" alt=\"img\"><\/div>\r\n                        <\/div>\r\n                    <\/div>\r\n                <\/div>[\/vc_column][\/vc_row][vc_row][vc_column][\/vc_column][\/vc_row][vc_row css=&#8221;.vc_custom_1717504063112{margin-top: 20px !important;}&#8221;][vc_column]\r\n                <div class='sidebar_moduls sidebar_links color-blue' style='background-color: #EBEBEB'>\r\n                    <h3>Zapisz si\u0119 na studia<\/h3>\r\n                    <ul class='angle-list'>\r\n                    <li><a href=\"https:\/\/irk.us.edu.pl\/pl\/offer\/SW-2025-Z\/programme\/W2-S1GF19\/?from=field:GF\">studia I stopnia - rozpocz\u0119cie rekrutacji od dnia 2 czerwca 2025r. od godz. 12:00<\/a><\/li><li><a href=\"https:\/\/irk.us.edu.pl\/pl\/offer\/SW-2025-Z\/programme\/W2-S2GF19\/?from=field:GF\">studia II stopnia - rozpocz\u0119cie rekrutacji od dnia 2 czerwca 2025r. od godz. 12:00<\/a><\/li>\r\n                <\/ul>\r\n            <\/div>[\/vc_column][\/vc_row]<\/p>\n<style type=\"text\/css\">a[data-mtli~=\"mtli_filesize5,73MB\"]:after {content:\" (5,73 MB)\"}<\/style>","protected":false},"excerpt":{"rendered":"<p>[vc_row][vc_column][\/vc_column][\/vc_row][vc_row][vc_column][\/vc_column][\/vc_row][vc_row css=&#8221;.vc_custom_1717504190592{margin-bottom: 20px !important;padding-top: 20px !important;padding-left: 10px !important;background-color: #dbdbdb !important;}&#8221;][vc_column][\/vc_column][\/vc_row][vc_row][vc_column][\/vc_column][\/vc_row][vc_row css=&#8221;.vc_custom_1717504063112{margin-top: 20px !important;}&#8221;][vc_column][\/vc_column][\/vc_row] [&#8230;]<\/p>\n<p><a class=\"btn btn-secondary understrap-read-more-link\" href=\"https:\/\/us.edu.pl\/wydzial\/wnp\/studia\/kierunki-studiow\/geografia\/\">Read More&#8230;<\/a><\/p>\n","protected":false},"author":115,"featured_media":0,"parent":2430,"menu_order":0,"comment_status":"closed","ping_status":"closed","template":"page-templates\/inner-page-with-bookmarks.php","meta":{"_expiration-date-status":"","_expiration-date":0,"_expiration-date-type":"","_expiration-date-categories":[],"_expiration-date-options":[]},"acf":[],"_links":{"self":[{"href":"https:\/\/us.edu.pl\/wydzial\/wnp\/wp-json\/wp\/v2\/pages\/157635"}],"collection":[{"href":"https:\/\/us.edu.pl\/wydzial\/wnp\/wp-json\/wp\/v2\/pages"}],"about":[{"href":"https:\/\/us.edu.pl\/wydzial\/wnp\/wp-json\/wp\/v2\/types\/page"}],"author":[{"embeddable":true,"href":"https:\/\/us.edu.pl\/wydzial\/wnp\/wp-json\/wp\/v2\/users\/115"}],"replies":[{"embeddable":true,"href":"https:\/\/us.edu.pl\/wydzial\/wnp\/wp-json\/wp\/v2\/comments?post=157635"}],"version-history":[{"count":0,"href":"https:\/\/us.edu.pl\/wydzial\/wnp\/wp-json\/wp\/v2\/pages\/157635\/revisions"}],"up":[{"embeddable":true,"href":"https:\/\/us.edu.pl\/wydzial\/wnp\/wp-json\/wp\/v2\/pages\/2430"}],"wp:attachment":[{"href":"https:\/\/us.edu.pl\/wydzial\/wnp\/wp-json\/wp\/v2\/media?parent=157635"}],"curies":[{"name":"wp","href":"https:\/\/api.w.org\/{rel}","templated":true}]}}