{"id":157664,"date":"2023-04-27T13:22:03","date_gmt":"2023-04-27T11:22:03","guid":{"rendered":"https:\/\/us.edu.pl\/wydzial\/wnp\/?page_id=157664"},"modified":"2026-02-05T08:27:03","modified_gmt":"2026-02-05T07:27:03","slug":"turystyka-2","status":"publish","type":"page","link":"https:\/\/us.edu.pl\/wydzial\/wnp\/studia\/kierunki-studiow\/turystyka-2\/","title":{"rendered":"Turystyka"},"content":{"rendered":"<p>[vc_row][vc_column]\r\n                <div class=\"text-modules\">\r\n                    <div class=\"container\">\r\n                        <h3 class=\"page-title text__title\">Turystyka - studia stacjonarne II stopnia<\/h3>\r\n                        <div class=\"text-modules__content\"><p>j\u0119zyk wyk\u0142adowy: polski<\/p>\n<\/div>\r\n                    <\/div>\r\n                <\/div>[\/vc_column][\/vc_row][vc_row][vc_column]\r\n                <div class=\"text-modules reverse\">\r\n                    <div class=\"container\">\r\n                         \r\n                        <div class=\"row m-0\">\r\n                            <div class=\"text-modules__content\">\r\n                                Turystyk\u0119 studiuj\u0105 pasjonaci podr\u00f3\u017cowania, otwarci na przygody, poznawanie kraju i \u015bwiata, przyszli specjali\u015bci w zakresie indywidualnych i grupowych organizacji wyjazd\u00f3w, zarz\u0105dzania ruchem turystycznym.<\/p>\n<p>Program studi\u00f3w na kierunku turystyka gwarantuje poznanie teoretycznych podstaw turyzmu, nowoczesnego warsztatu bada\u0144 ruchu turystycznego, kierunk\u00f3w i trend\u00f3w wsp\u00f3\u0142czesnego zr\u00f3\u017cnicowania rynku turystycznego (r\u00f3\u017cne rodzaje i formy turystyki, w tym ekstremalne) w kontek\u015bcie przyrodniczych i kulturowych uwarunkowa\u0144 (potencja\u0142 \u015brodowiskowy, globalizacja, rozw\u00f3j zr\u00f3wnowa\u017cony, transformacje krajobraz\u00f3w). Obejmuje tak\u017ce zagadnienia z zakresu umiej\u0119tno\u015bci i strategii obs\u0142ugi klienta (ICT), zasad marketingu, rynku pracy, socjologicznych i ekonomicznych podstawy turystyki oraz aspekt\u00f3w prawnych. Ponadto student ma mo\u017cliwo\u015b\u0107 doskonalenia warsztatu technicznego i praktycznego w zakresie: opracowywania tematycznych inwentaryzacji i waloryzacji turystycznych, kartowania i obrazowania (wizualizacji) atrakcji i walor\u00f3w turystycznych, tworzenia map (z u\u017cyciem technik GIS). Program kszta\u0142cenia uzupe\u0142niaj\u0105 kursy, kt\u00f3rych celem jest poznanie potencja\u0142u turystycznego region\u00f3w \u015bwiata, stopnia i jako\u015bci zagospodarowania turystycznego.<\/p>\n<p>Studia maj\u0105 wymiar praktyczny, obfituj\u0105 w praktyki zawodowe w firmach turystycznych oraz wyjazdy terenowe, sprawdzaj\u0105ce umiej\u0119tno\u015b\u0107 pilota\u017cu wycieczek i przygotowywania ofert turystycznych. Na kierunku prowadzi si\u0119 wsp\u00f3\u0142prac\u0119 z licznymi podmiotami gospodarczymi oraz instytucjami administracji regionalnej.<\/p>\n<p>Oferowane \u0107wiczenia terenowe oraz praktyki zawodowe s\u0105 wa\u017cn\u0105 form\u0105 wsp\u00f3\u0142pracy z gospodark\u0105 i stanowi\u0105 poziom po\u015bredni w przygotowaniu absolwent\u00f3w do wej\u015bcia na rynek pracy. Kszta\u0142cenie odbywa si\u0119 w systemie dwuletnich studi\u00f3w II stopnia. \r\n                                <div class=\"mt-3\"><\/div>\r\n                            <\/div>\r\n                            \r\n                            <div class=\"text-modules__img\"><img src=\"https:\/\/us.edu.pl\/wydzial\/wnp\/wp-content\/uploads\/sites\/16\/grafiki\/turystyka.jpg\" alt=\"img\"><\/div>\r\n                        <\/div>\r\n                    <\/div>\r\n                <\/div>[\/vc_column][\/vc_row][vc_row css=&#8221;.vc_custom_1717573204447{padding-top: 20px !important;padding-left: 20px !important;background-color: #d6d6d6 !important;}&#8221;][vc_column]\r\n                <div class=\"text-modules reverse\">\r\n                    <div class=\"container\">\r\n                         \r\n                        <div class=\"row m-0\">\r\n                            <div class=\"text-modules__content\">\r\n                                 \r\n                                <div class=\"mt-3\"><a href=\"https:\/\/us.edu.pl\/wydzial\/wnp\/wp-content\/uploads\/sites\/16\/Bez-kategorii\/Turystyka.pdf\" class=\"mtli_attachment mtli_pdf\" data-mtli=\"mtli_filesize5,70MB\" class=\"link-button mr-3 \">Turystyka - prezentacja kierunku<\/a><\/div>\r\n                            <\/div>\r\n                            \r\n                            <div class=\"text-modules__img\"><img src=\"https:\/\/us.edu.pl\/wydzial\/wnp\/wp-content\/uploads\/sites\/16\/Bez-kategorii\/turystyka_prezentacja-300x166.jpg\" alt=\"img\"><\/div>\r\n                        <\/div>\r\n                    <\/div>\r\n                <\/div>[\/vc_column][\/vc_row][vc_row][vc_column][\/vc_column][\/vc_row][vc_row][vc_column]\r\n                <div class='sidebar_moduls sidebar_links color-blue' style='background-color: #EBEBEB'>\r\n                    <h3>Zapisz si\u0119 na studia<\/h3>\r\n                    <ul class='angle-list'>\r\n                    <li><a href=\"https:\/\/irk.us.edu.pl\/pl\/offer\/SW-2025-Z\/programme\/W2-S2TR19\/?from=field:TR\">studia II stopnia<\/a><\/li>\r\n                <\/ul>\r\n            <\/div>[\/vc_column][\/vc_row]<\/p>\n<style type=\"text\/css\">a[data-mtli~=\"mtli_filesize5,70MB\"]:after {content:\" (5,70 MB)\"}<\/style>","protected":false},"excerpt":{"rendered":"<p>[vc_row][vc_column][\/vc_column][\/vc_row][vc_row][vc_column][\/vc_column][\/vc_row][vc_row css=&#8221;.vc_custom_1717573204447{padding-top: 20px !important;padding-left: 20px !important;background-color: #d6d6d6 !important;}&#8221;][vc_column][\/vc_column][\/vc_row][vc_row][vc_column][\/vc_column][\/vc_row][vc_row][vc_column][\/vc_column][\/vc_row] [&#8230;]<\/p>\n<p><a class=\"btn btn-secondary understrap-read-more-link\" href=\"https:\/\/us.edu.pl\/wydzial\/wnp\/studia\/kierunki-studiow\/turystyka-2\/\">Read More&#8230;<\/a><\/p>\n","protected":false},"author":115,"featured_media":0,"parent":2430,"menu_order":0,"comment_status":"closed","ping_status":"closed","template":"page-templates\/inner-page-with-bookmarks.php","meta":{"_expiration-date-status":"","_expiration-date":0,"_expiration-date-type":"","_expiration-date-categories":[],"_expiration-date-options":[]},"acf":[],"_links":{"self":[{"href":"https:\/\/us.edu.pl\/wydzial\/wnp\/wp-json\/wp\/v2\/pages\/157664"}],"collection":[{"href":"https:\/\/us.edu.pl\/wydzial\/wnp\/wp-json\/wp\/v2\/pages"}],"about":[{"href":"https:\/\/us.edu.pl\/wydzial\/wnp\/wp-json\/wp\/v2\/types\/page"}],"author":[{"embeddable":true,"href":"https:\/\/us.edu.pl\/wydzial\/wnp\/wp-json\/wp\/v2\/users\/115"}],"replies":[{"embeddable":true,"href":"https:\/\/us.edu.pl\/wydzial\/wnp\/wp-json\/wp\/v2\/comments?post=157664"}],"version-history":[{"count":0,"href":"https:\/\/us.edu.pl\/wydzial\/wnp\/wp-json\/wp\/v2\/pages\/157664\/revisions"}],"up":[{"embeddable":true,"href":"https:\/\/us.edu.pl\/wydzial\/wnp\/wp-json\/wp\/v2\/pages\/2430"}],"wp:attachment":[{"href":"https:\/\/us.edu.pl\/wydzial\/wnp\/wp-json\/wp\/v2\/media?parent=157664"}],"curies":[{"name":"wp","href":"https:\/\/api.w.org\/{rel}","templated":true}]}}