{"id":157668,"date":"2023-04-27T16:45:27","date_gmt":"2023-04-27T14:45:27","guid":{"rendered":"https:\/\/us.edu.pl\/wydzial\/wnp\/?page_id=157668"},"modified":"2025-06-18T10:10:19","modified_gmt":"2025-06-18T08:10:19","slug":"geologia","status":"publish","type":"page","link":"https:\/\/us.edu.pl\/wydzial\/wnp\/studia\/kierunki-studiow\/geologia\/","title":{"rendered":"Geologia"},"content":{"rendered":"<p>[vc_row][vc_column]\r\n                <div class=\"text-modules\">\r\n                    <div class=\"container\">\r\n                        <h3 class=\"page-title text__title\">Geologia - studia stacjonarne I i II stopnia<\/h3>\r\n                        <div class=\"text-modules__content\"><p><strong>j\u0119zyk wyk\u0142adowy: polski<\/strong><\/p>\n<\/div>\r\n                    <\/div>\r\n                <\/div>[\/vc_column][\/vc_row][vc_row][vc_column]\r\n                <div class=\"text-modules reverse\">\r\n                    <div class=\"container\">\r\n                         \r\n                        <div class=\"row m-0\">\r\n                            <div class=\"text-modules__content\">\r\n                                Studia na kierunku geologia w Uniwersytecie \u015al\u0105skim w Katowicach s\u0105 to dwustopniowe studia przyrodnicze pozwalaj\u0105ce pozna\u0107 Ziemi\u0119 jako planet\u0119 i ucz\u0105ce wykorzystywania po\u017cytk\u00f3w jakie ona nam daje. Od kandydata wymaga si\u0119 ciekawo\u015bci \u015bwiata, podstawowej wiedzy z geografii, matematyki, fizyki i chemii oraz umiej\u0119tno\u015bci porozumiewania si\u0119 w j\u0119zyku obcym i pracy z komputerem. Dodatkowymi atutami s\u0105 dobry stan zdrowia, brak przeciwwskaza\u0144 do pracy w terenie i umiej\u0119tno\u015b\u0107 wsp\u00f3\u0142pracy w grupie. W programie przewidziane s\u0105 przedmioty umo\u017cliwiaj\u0105ce, po odbyciu praktyki zawodowej, uzyskanie uprawnie\u0144 geologicznych. Student mo\u017ce uczestniczy\u0107 w wymianach mi\u0119dzynarodowych, konferencjach studenckich i praktykach.<\/p>\n<p>Celem studi\u00f3w jest zapoznanie student\u00f3w z procesami geologicznymi zachodz\u0105cymi na Ziemi, czynnikami kszta\u0142tuj\u0105cymi litosfer\u0119, metodami tworzenia map geologicznych i innych modeli 3D. Ka\u017cdy absolwent zdob\u0119dzie niezb\u0119dn\u0105 wiedz\u0119 i umiej\u0119tno\u015bci do poszukiwania i rozpoznawania ska\u0142 i minera\u0142\u00f3w, konstruowania map, zarz\u0105dzania zasobami \u015brodowiska abiotycznego oraz o odnawialnych \u017ar\u00f3d\u0142ach energii. Proponowane formy kszta\u0142cenia obejmuj\u0105 przede wszystkim laboratoria, \u0107wiczenia oraz zaj\u0119cia terenowe, a ponadto wyk\u0142ady, seminaria i pracownie. Oko\u0142o 20% zaj\u0119\u0107 odbywa si\u0119 w terenie, w najciekawszych przyrodniczo regionach Polski. Student opr\u00f3cz zdobywania wiedzy geologicznej, nabywa r\u00f3wnie\u017c umiej\u0119tno\u015bci niezb\u0119dnych do\u00a0 korzystania z narz\u0119dzi informatycznych wspieraj\u0105cych prac\u0119 geologa. W programie przewidziane s\u0105 nieobowi\u0105zkowe praktyki zawodowe, polecane tym studentom, kt\u00f3rzy chc\u0105 jak najszybciej zacz\u0105\u0107 prac\u0119 i usamodzielni\u0107 si\u0119. Program studi\u00f3w jest zgodny z za\u0142o\u017ceniami Polskiej Ramy Kwalifikacji. Kierunek geologia prowadzony na Wydziale Nauk Przyrodniczych U\u015a uzyska\u0142 w roku 2022 pozytywn\u0105 ocen\u0119 Polskiej Komisji Akredytacyjnej.<\/p>\n<p>Na wyposa\u017ceniu Wydzia\u0142u jest mi\u0119dzy innymi laboratorium kontroli atmosfery \u201eULKA\u201d umieszczone w balonie, mobilne laboratorium wody i grunt\u00f3w, mikroskopy skaningowe, spektrometry, dyfraktometr rentgenowski, sprz\u0119t geodezyjny i inne <a href=\"https:\/\/us.edu.pl\/instytut\/inoz\/badania\/laboratoria-i-aparatura\/\">https:\/\/us.edu.pl\/instytut\/inoz\/badania\/laboratoria-i-aparatura\/<\/a>. Studenci mog\u0105 uczestniczy\u0107 r\u00f3wnie\u017c w spotkaniach pr\u0119\u017cnie dzia\u0142aj\u0105cych K\u00f3\u0142 Naukowych.<\/p>\n<p>W toku studi\u00f3w magisterskich, zako\u0144czonych egzaminem dyplomowym, student rozszerza wiedz\u0119 oraz doskonali umiej\u0119tno\u015bci geologa w wyspecjalizowanych modu\u0142ach dyplomowych, obligatoryjnych i fakultatywnych. Praca magisterska ma charakter badawczy i jest \u015bci\u015ble powi\u0105zana z kierunkiem bada\u0144 wybranego przez studenta promotora. Uko\u0144czenie studi\u00f3w II stopnia umo\u017cliwia rozwijanie swoich pasji naukowych na studiach doktoranckich lub podj\u0119cie pracy w poszukiwanym zawodzie. \r\n                                <div class=\"mt-3\"><\/div>\r\n                            <\/div>\r\n                            \r\n                            <div class=\"text-modules__img\"><img src=\"https:\/\/us.edu.pl\/wydzial\/wnp\/wp-content\/uploads\/sites\/16\/grafiki\/Geologia.jpg\" alt=\"img\"><\/div>\r\n                        <\/div>\r\n                    <\/div>\r\n                <\/div>[\/vc_column][\/vc_row][vc_row][vc_column]\r\n                <div class='sidebar_moduls sidebar_links color-blue' style='background-color: #EBEBEB'>\r\n                    <h3>Zapisz si\u0119 na studia<\/h3>\r\n                    <ul class='angle-list'>\r\n                    <li><a href=\"https:\/\/irk.us.edu.pl\/pl\/offer\/SW-2025-Z\/programme\/W2-S1GE19\/?from=field:GE\">studia I stopnia - rozpocz\u0119cie rekrutacji od dnia 2 czerwca 2025r. od godz. 12:00<\/a><\/li><li><a href=\"https:\/\/irk.us.edu.pl\/pl\/offer\/SW-2025-Z\/programme\/W2-S2GE19\/?from=field:GE\">studia II stopnia - rozpocz\u0119cie rekrutacji od dnia 2 czerwca 2025r. od godz. 12:00<\/a><\/li>\r\n                <\/ul>\r\n            <\/div>[\/vc_column][\/vc_row]<\/p>","protected":false},"excerpt":{"rendered":"<p>[vc_row][vc_column][\/vc_column][\/vc_row][vc_row][vc_column][\/vc_column][\/vc_row][vc_row][vc_column][\/vc_column][\/vc_row] [&#8230;]<\/p>\n<p><a class=\"btn btn-secondary understrap-read-more-link\" href=\"https:\/\/us.edu.pl\/wydzial\/wnp\/studia\/kierunki-studiow\/geologia\/\">Read More&#8230;<\/a><\/p>\n","protected":false},"author":115,"featured_media":0,"parent":2430,"menu_order":0,"comment_status":"closed","ping_status":"closed","template":"page-templates\/inner-page-with-bookmarks.php","meta":{"_expiration-date-status":"","_expiration-date":0,"_expiration-date-type":"","_expiration-date-categories":[],"_expiration-date-options":[]},"acf":[],"_links":{"self":[{"href":"https:\/\/us.edu.pl\/wydzial\/wnp\/wp-json\/wp\/v2\/pages\/157668"}],"collection":[{"href":"https:\/\/us.edu.pl\/wydzial\/wnp\/wp-json\/wp\/v2\/pages"}],"about":[{"href":"https:\/\/us.edu.pl\/wydzial\/wnp\/wp-json\/wp\/v2\/types\/page"}],"author":[{"embeddable":true,"href":"https:\/\/us.edu.pl\/wydzial\/wnp\/wp-json\/wp\/v2\/users\/115"}],"replies":[{"embeddable":true,"href":"https:\/\/us.edu.pl\/wydzial\/wnp\/wp-json\/wp\/v2\/comments?post=157668"}],"version-history":[{"count":0,"href":"https:\/\/us.edu.pl\/wydzial\/wnp\/wp-json\/wp\/v2\/pages\/157668\/revisions"}],"up":[{"embeddable":true,"href":"https:\/\/us.edu.pl\/wydzial\/wnp\/wp-json\/wp\/v2\/pages\/2430"}],"wp:attachment":[{"href":"https:\/\/us.edu.pl\/wydzial\/wnp\/wp-json\/wp\/v2\/media?parent=157668"}],"curies":[{"name":"wp","href":"https:\/\/api.w.org\/{rel}","templated":true}]}}