{"id":157671,"date":"2023-04-27T13:34:12","date_gmt":"2023-04-27T11:34:12","guid":{"rendered":"https:\/\/us.edu.pl\/wydzial\/wnp\/?page_id=157671"},"modified":"2025-06-18T10:17:19","modified_gmt":"2025-06-18T08:17:19","slug":"geologia-stosowana-2","status":"publish","type":"page","link":"https:\/\/us.edu.pl\/wydzial\/wnp\/studia\/kierunki-studiow\/geologia-stosowana-2\/","title":{"rendered":"Geologia stosowana"},"content":{"rendered":"<p>[vc_row][vc_column]\r\n                <div class=\"text-modules\">\r\n                    <div class=\"container\">\r\n                        <h3 class=\"page-title text__title\">Geologia stosowana - studia stacjonarne I i II stopnia<\/h3>\r\n                        <div class=\"text-modules__content\"><p><strong>j\u0119zyk wyk\u0142adowy: polski<\/strong><\/p>\n<\/div>\r\n                    <\/div>\r\n                <\/div>[\/vc_column][\/vc_row][vc_row][vc_column]\r\n                <div class=\"text-modules reverse\">\r\n                    <div class=\"container\">\r\n                         \r\n                        <div class=\"row m-0\">\r\n                            <div class=\"text-modules__content\">\r\n                                Studia na kierunku geologia stosowana w Uniwersytecie \u015al\u0105skim w Katowicach s\u0105 to dwustopniowe studia in\u017cynierskie zajmuj\u0105ce si\u0119 zastosowaniem wiedzy z zakresu nauk o Ziemi i \u015brodowisku w praktyce. Od kandydata na studia wymaga si\u0119 ciekawo\u015bci \u015bwiata, ch\u0119ci zdobywania nowych umiej\u0119tno\u015bci i otwarto\u015bci na wyzwania technologiczne jakie pojawiaj\u0105 si\u0119 przy wykorzystywaniu zasob\u00f3w \u015brodowiska. Wa\u017cna jest znajomo\u015b\u0107 geografii, matematyki, fizyki i chemii, pracy z komputerem oraz porozumiewania si\u0119 w j\u0119zyku angielskim. Dodatkowymi atutami s\u0105 samodzielno\u015b\u0107, dobry stan zdrowia, brak przeciwskaza\u0144 do pracy w terenie i umiej\u0119tno\u015b\u0107 wsp\u00f3\u0142pracy w grupie. W programie przewidziane s\u0105 przedmioty umo\u017cliwiaj\u0105ce, po odbyciu praktyki zawodowej, uzyskanie uprawnie\u0144 geologicznych i g\u00f3rniczych. Student mo\u017ce uczestniczy\u0107 w wymianach mi\u0119dzynarodowych, konferencjach studenckich i praktykach.<\/p>\n<p>Rynek pracy potrzebuje obecnie fachowc\u00f3w in\u017cynier\u00f3w w dziedzinie geologii stosowanej. Celem studi\u00f3w jest wi\u0119c zdobycie kompetencji in\u017cynierskich.<\/p>\n<p>Student geologii stosowanej zapoznaje si\u0119 z procesami geologicznymi zachodz\u0105cymi na Ziemi, czynnikami kszta\u0142tuj\u0105cymi litosfer\u0119, mo\u017cliwo\u015bciami racjonalnego wykorzystywania dost\u0119pnych surowc\u00f3w i poszukiwania nowych zasob\u00f3w, w tym r\u00f3wnie\u017c zasob\u00f3w wodnych. Absolwent b\u0119dzie posiada\u0142\u00a0 niezb\u0119dn\u0105 wiedz\u0119 i umiej\u0119tno\u015bci pozwalaj\u0105ce na:<\/p>\n<ul>\n<li>poszukiwanie nowych materia\u0142\u00f3w przydatnych cz\u0142owiekowi (geomateria\u0142y),<\/li>\n<li>poszukiwanie i udost\u0119pnianie zasob\u00f3w czystej wody, pozwalaj\u0105cej na pokrycie rosn\u0105cego zapotrzebowania,<\/li>\n<li>wsp\u00f3\u0142dzia\u0142anie z planistami, architektami i budowniczymi przy wznoszeniu budowli i zapobieganiu zagro\u017ceniom geologicznym,<\/li>\n<li>pozyskiwanie nowych danych, zarz\u0105dzania bazami danych i przetwarzaniu tych informacji w modele, mapy, grafiki i teksty przydatne wsp\u00f3\u0142czesnemu cz\u0142owiekowi,<\/li>\n<li>wykorzystanie metod geofizycznych w geologii,<\/li>\n<li>wykorzystywanie odnawialnych \u017ar\u00f3de\u0142 energii.<\/li>\n<\/ul>\n<p>Proponowane formy kszta\u0142cenia obejmuj\u0105 przede wszystkim laboratoria, \u0107wiczenia oraz zaj\u0119cia terenowe, a ponadto wyk\u0142ady, seminaria i pracownie. Oko\u0142o 20% zaj\u0119\u0107 odbywa si\u0119 w terenie, w najciekawszych przyrodniczo regionach Polski. Student opr\u00f3cz zdobywania wiedzy geologicznej, nabywa r\u00f3wnie\u017c umiej\u0119tno\u015bci niezb\u0119dnych do\u00a0 korzystania z narz\u0119dzi informatycznych wspieraj\u0105cych prac\u0119 geologa. W programie przewidziane s\u0105 nieobowi\u0105zkowe praktyki zawodowe, polecane tym studentom, kt\u00f3rzy chc\u0105 jak najszybciej zacz\u0105\u0107 prac\u0119 i usamodzielni\u0107 si\u0119. Studia I stopnia ko\u0144czy praca dyplomowa i nadanie tytu\u0142u zawodowego: in\u017cynier geologii stosowanej. Program studi\u00f3w jest zgodny z za\u0142o\u017ceniami Polskiej Ramy Kwalifikacji. Kierunek geologia prowadzony na Wydziale Nauk Przyrodniczych U\u015a uzyska\u0142 w roku 2022 pozytywn\u0105 ocen\u0119 Polskiej Komisji Akredytacyjnej.<\/p>\n<p>Na wyposa\u017ceniu Wydzia\u0142u jest mi\u0119dzy innymi laboratorium kontroli atmosfery \u201eULKA\u201d umieszczone w balonie, mobilne laboratorium wody i grunt\u00f3w, sprz\u0119t geodezyjny, aparatura do p\u0142ytkich bada\u0144 sejsmicznych i geoelektrycznych, spektrometry do wyznaczania aktywno\u015bci promieniowania beta i gamma, mikroskopy polaryzacyjne i skaningowe, dyfraktometr rentgenowski, i inne https:\/\/us.edu.pl\/instytut\/inoz\/badania\/laboratoria-i-aparatura\/. Studenci mog\u0105 uczestniczy\u0107 r\u00f3wnie\u017c w spotkaniach pr\u0119\u017cnie dzia\u0142aj\u0105cych K\u00f3\u0142 Naukowych.<\/p>\n<p>Absolwent studi\u00f3w I stopnia mo\u017ce kontynuowa\u0107 nauk\u0119 na trzysemestralnych studiach magisterskich lub podj\u0105\u0107 prac\u0119 w przemy\u015ble wydobywczym, odnawialnych \u017ar\u00f3de\u0142 energii, energetyce, s\u0142u\u017cbach pa\u0144stwowych, firmach geologicznych, laboratoriach i administracji. Studia II stopnia koncentruj\u0105 si\u0119 wok\u00f3\u0142 tematyki pracy magisterskiej, a jej wieloaspektowo\u015b\u0107 pozwala na rozwijanie indywidualnych zainteresowa\u0144 studenta. Absolwenci tego kierunku cz\u0119sto podejmuj\u0105 prac\u0119 ju\u017c w trakcie studi\u00f3w, co pozwala im na uzyskanie niezb\u0119dnego do\u015bwiadczenia zawodowego \r\n                                <div class=\"mt-3\"><\/div>\r\n                            <\/div>\r\n                            \r\n                            <div class=\"text-modules__img\"><img src=\"https:\/\/us.edu.pl\/wydzial\/wnp\/wp-content\/uploads\/sites\/16\/grafiki\/geologia-stosowana.jpg\" alt=\"img\"><\/div>\r\n                        <\/div>\r\n                    <\/div>\r\n                <\/div>[\/vc_column][\/vc_row][vc_row][vc_column]\r\n                <div class='sidebar_moduls sidebar_links color-blue' style='background-color: #EBEBEB'>\r\n                    <h3>Zapisz si\u0119 na studia<\/h3>\r\n                    <ul class='angle-list'>\r\n                    <li><a href=\"https:\/\/irk.us.edu.pl\/pl\/offer\/SW-2025-Z\/programme\/W2-S1GS19\/?from=field:GS\">studia I stopnia - rozpocz\u0119cie rekrutacji od dnia 2 czerwca 2025r. od godz. 12:00<\/a><\/li><li><a href=\"#\">studia II stopnia - rekrutacja od semestru letniego<\/a><\/li>\r\n                <\/ul>\r\n            <\/div>[\/vc_column][\/vc_row]<\/p>","protected":false},"excerpt":{"rendered":"<p>[vc_row][vc_column][\/vc_column][\/vc_row][vc_row][vc_column][\/vc_column][\/vc_row][vc_row][vc_column][\/vc_column][\/vc_row] [&#8230;]<\/p>\n<p><a class=\"btn btn-secondary understrap-read-more-link\" href=\"https:\/\/us.edu.pl\/wydzial\/wnp\/studia\/kierunki-studiow\/geologia-stosowana-2\/\">Read More&#8230;<\/a><\/p>\n","protected":false},"author":115,"featured_media":0,"parent":2430,"menu_order":0,"comment_status":"closed","ping_status":"closed","template":"page-templates\/inner-page-with-bookmarks.php","meta":{"_expiration-date-status":"","_expiration-date":0,"_expiration-date-type":"","_expiration-date-categories":[],"_expiration-date-options":[]},"acf":[],"_links":{"self":[{"href":"https:\/\/us.edu.pl\/wydzial\/wnp\/wp-json\/wp\/v2\/pages\/157671"}],"collection":[{"href":"https:\/\/us.edu.pl\/wydzial\/wnp\/wp-json\/wp\/v2\/pages"}],"about":[{"href":"https:\/\/us.edu.pl\/wydzial\/wnp\/wp-json\/wp\/v2\/types\/page"}],"author":[{"embeddable":true,"href":"https:\/\/us.edu.pl\/wydzial\/wnp\/wp-json\/wp\/v2\/users\/115"}],"replies":[{"embeddable":true,"href":"https:\/\/us.edu.pl\/wydzial\/wnp\/wp-json\/wp\/v2\/comments?post=157671"}],"version-history":[{"count":0,"href":"https:\/\/us.edu.pl\/wydzial\/wnp\/wp-json\/wp\/v2\/pages\/157671\/revisions"}],"up":[{"embeddable":true,"href":"https:\/\/us.edu.pl\/wydzial\/wnp\/wp-json\/wp\/v2\/pages\/2430"}],"wp:attachment":[{"href":"https:\/\/us.edu.pl\/wydzial\/wnp\/wp-json\/wp\/v2\/media?parent=157671"}],"curies":[{"name":"wp","href":"https:\/\/api.w.org\/{rel}","templated":true}]}}