{"id":157715,"date":"2023-04-27T14:57:26","date_gmt":"2023-04-27T12:57:26","guid":{"rendered":"https:\/\/us.edu.pl\/wydzial\/wnp\/?page_id=157715"},"modified":"2025-06-18T09:36:36","modified_gmt":"2025-06-18T07:36:36","slug":"biologia-2","status":"publish","type":"page","link":"https:\/\/us.edu.pl\/wydzial\/wnp\/studia\/kierunki-studiow\/biologia-2\/","title":{"rendered":"Biologia"},"content":{"rendered":"<p>[vc_row][vc_column]\r\n                <div class=\"text-modules\">\r\n                    <div class=\"container\">\r\n                        <h3 class=\"page-title text__title\">Biologia - studia stacjonarne I i II stopnia<\/h3>\r\n                        <div class=\"text-modules__content\"><p><strong>j\u0119zyk wyk\u0142adowy: polski<\/strong><\/p>\n<\/div>\r\n                    <\/div>\r\n                <\/div>[\/vc_column][\/vc_row][vc_row][vc_column width=&#8221;2\/3&#8243;]\r\n                <div class=\"text-modules\">\r\n                    <div class=\"container\">\r\n                        \r\n                        <div class=\"text-modules__content\"><p>Celem studi\u00f3w I stopnia (licencjackich) na kierunku biologia jest przygotowanie absolwent\u00f3w do pos\u0142ugiwania si\u0119 szerok\u0105 wiedz\u0105 biologiczn\u0105, a tak\u017ce samodzielnego pog\u0142\u0119biania tej wiedzy, jej publicznego prezentowania oraz stosowania w dzia\u0142alno\u015bci zawodowej. Student zdobywa wiedz\u0119 i umiej\u0119tno\u015bci z zakresu poszczeg\u00f3lnych dyscyplin biologii, a w szczeg\u00f3lno\u015bci: budowy, funkcji i rozwoju organizm\u00f3w; r\u00f3\u017cnorodno\u015bci i ewolucji organizm\u00f3w; biologii molekularnej i podstaw biotechnologii, biologii \u015brodowiskowej w aspekcie idei zr\u00f3wnowa\u017conego rozwoju oraz etyki ochrony przyrody. Opr\u00f3cz modu\u0142\u00f3w stanowi\u0105cych podstaw\u0119 kszta\u0142cenia oferowane s\u0105 tak\u017ce liczne zaj\u0119cia fakultatywne. Absolwent jest przygotowany do wykonywania podstawowej analityki i prac badawczych z u\u017cyciem materia\u0142u biologicznego, obs\u0142ugi aparatury badawczej i urz\u0105dze\u0144 technologicznych, jak r\u00f3wnie\u017c do samodzielnego rozwijania w\u0142asnych umiej\u0119tno\u015bci zawodowych. Wa\u017cnym elementem studi\u00f3w jest nabycie umiej\u0119tno\u015bci korzystania z baz danych, \u015brodk\u00f3w audiowizualnych, program\u00f3w komputerowych i innych narz\u0119dzi, b\u0119d\u0105cych podstaw\u0105 pracy wsp\u00f3\u0142czesnego biologa.<\/p>\n<p>Proponowane formy kszta\u0142cenia obejmuj\u0105 wyk\u0142ady, seminaria, pracownie licencjackie, laboratoria, \u0107wiczenia audytoryjne, a tak\u017ce zaj\u0119cia terenowe. Program studi\u00f3w jest zgodny z za\u0142o\u017ceniami Krajowych Ram Kwalifikacji. Szczeg\u00f3lnie uzdolnionym umo\u017cliwia si\u0119 studia wed\u0142ug indywidualnego toku kszta\u0142cenia, pod kierunkiem opiekuna wyznaczonego przez dziekana. Studenci mog\u0105 r\u00f3wnie\u017c pog\u0142\u0119bia\u0107 swoj\u0105 wiedz\u0119 poprzez uczestnictwo w pracach k\u00f3\u0142 naukowych.<\/p>\n<\/div>\r\n                    <\/div>\r\n                <\/div>[\/vc_column][vc_column width=&#8221;1\/3&#8243; css=&#8221;.vc_custom_1742985096291{margin-left: 50px !important;background-color: #99dbcf !important;}&#8221;][vc_single_image image=&#8221;158131&#8243; img_size=&#8221;full&#8221;]\r\n                <div class=\"text-modules\">\r\n                    <div class=\"container\">\r\n                        \r\n                        <div class=\"text-modules__content\"><\/p>\n<p style=\"text-align: center;\"><span style=\"font-size: 18pt;\"><a href=\"https:\/\/us.edu.pl\/wydzial\/wnp\/wp-content\/uploads\/sites\/16\/Bez-kategorii\/BIOLOGIA.pdf\" class=\"mtli_attachment mtli_pdf\" data-mtli=\"mtli_filesize2,40MB\" class=\"mtli_attachment mtli_pdf\" data-mtli=\"mtli_filesize2,40MB\"><strong>PREZENTACJA KIERUNKU<\/strong><\/a><\/span><br \/>\n<img class=\"alignnone size-medium wp-image-162655\" src=\"https:\/\/us.edu.pl\/wydzial\/wnp\/wp-content\/uploads\/sites\/16\/Bez-kategorii\/Biologia_prezentacja-300x182.jpg\" alt=\"\" width=\"300\" height=\"182\" srcset=\"https:\/\/us.edu.pl\/wydzial\/wnp\/wp-content\/uploads\/sites\/16\/Bez-kategorii\/Biologia_prezentacja-300x182.jpg 300w, https:\/\/us.edu.pl\/wydzial\/wnp\/wp-content\/uploads\/sites\/16\/Bez-kategorii\/Biologia_prezentacja-1024x620.jpg 1024w, https:\/\/us.edu.pl\/wydzial\/wnp\/wp-content\/uploads\/sites\/16\/Bez-kategorii\/Biologia_prezentacja-768x465.jpg 768w, https:\/\/us.edu.pl\/wydzial\/wnp\/wp-content\/uploads\/sites\/16\/Bez-kategorii\/Biologia_prezentacja-575x348.jpg 575w, https:\/\/us.edu.pl\/wydzial\/wnp\/wp-content\/uploads\/sites\/16\/Bez-kategorii\/Biologia_prezentacja.jpg 1202w\" sizes=\"(max-width: 300px) 100vw, 300px\" \/><\/p>\n<p>\n<style type=\"text\/css\">a[data-mtli~=\"mtli_filesize2,40MB\"]:after {content:\" (2,40 MB)\"}<\/style><\/div>\r\n                    <\/div>\r\n                <\/div>[\/vc_column][\/vc_row][vc_row][vc_column]\r\n                <div class=\"text-modules\">\r\n                    <div class=\"container\">\r\n                        \r\n                        <div class=\"text-modules__content\"><p>W czasie studi\u00f3w przewidziana jest praktyka zawodowa w wybranych indywidualnie zak\u0142adach pracy. Studenci na studiach pierwszego stopnia pod koniec 4 semestru wybieraj\u0105 promotora, pod opiek\u0105 kt\u00f3rego, samodzielnie pisz\u0105 prac\u0119 licencjack\u0105 oraz jeden z sze\u015bciu proponowanych blok\u00f3w licencjackich, realizowany w dw\u00f3ch semestrach, tj. 5 i 6. S\u0105 to: (1) Biotechnologia ro\u015blin i mikroorganizm\u00f3w, (2) Ekologia, monitoring i rekultywacja, (3) Biologia ro\u015blin i ochrona bior\u00f3\u017cnorodno\u015bci, (4) Biologia zwierz\u0105t i cz\u0142owieka, (5) Nanobiologia, (6) Struktura i funkcje kom\u00f3rek i tkanek ro\u015blinnych i zwierz\u0119cych. Ka\u017cdy z blok\u00f3w obejmuje zaj\u0119cia realizowane w formie wyk\u0142ad\u00f3w, konwersatori\u00f3w i laboratori\u00f3w, prowadzonych przez pracownik\u00f3w zespo\u0142\u00f3w badawczych, kt\u00f3rych profil naukowo-dydaktyczny zwi\u0105zany jest z obszarem tre\u015bci oferowanych w danym bloku. Licencjat jest pierwszym etapem uzyskiwania kwalifikacji do pracy w laboratoriach badawczych, kontrolnych i diagnostycznych, instytucjach opieki zdrowotnej, w przemy\u015ble, administracji oraz instytucjach ochrony przyrody. Studia I stopnia przygotowuj\u0105 tak\u017ce absolwent\u00f3w do podj\u0119cia studi\u00f3w II stopnia na kierunku biologia i kierunkach pokrewnych.<\/p>\n<p>W toku studi\u00f3w II stopnia (magisterskich), zako\u0144czonych obron\u0105 pracy magisterskiej, student uczy si\u0119 pod kierunkiem promotora samodzielnego identyfikowania i rozwi\u0105zywania problem\u00f3w biologicznych w ramach wybranej specjalno\u015bci: Biologia eksperymentalna; Biologia og\u00f3lna &#8211; specjalno\u015b\u0107 nauczycielska; Biologia \u017cywno\u015bci i \u017cywienia; Bior\u00f3\u017cnorodno\u015b\u0107 i waloryzacja przyrody, Nanobiologia.<\/p>\n<p>Praca dyplomowa ma charakter badawczy i jest \u015bci\u015ble powi\u0105zana z kierunkiem bada\u0144 wybranego przez studenta promotora. Praca dyplomowa realizowana jest w ramach pracowni dyplomowej, prowadzonej w nowoczesnych, wyposa\u017conych w specjalistyczn\u0105 aparatur\u0119 naukowo-badawcz\u0105 laboratoriach oraz w terenie. Seminarium dyplomowe dostarcza niezb\u0119dnego, dla w\u0142a\u015bciwej realizacji projektu magisterskiego, wsparcia teoretycznego.<\/p>\n<p>Ponadto ka\u017cdy student zdobywa wiedz\u0119 z zakresu dyscyplin zwi\u0105zanych z dan\u0105 specjalno\u015bci\u0105. Wa\u017cnym, obowi\u0105zkowym elementem studi\u00f3w jest tak\u017ce zapoznanie studenta z nowoczesnymi technologiami informacyjnymi oraz metodami statystycznymi w naukach przyrodniczych. Student uczy si\u0119 korzystania z baz danych, \u015brodk\u00f3w audiowizualnych, zaawansowanych program\u00f3w komputerowych i innych narz\u0119dzi, umo\u017cliwiaj\u0105cych podj\u0119cie pracy, kt\u00f3ra wymaga uniwersalnej wiedzy i umiej\u0119tno\u015bci publicznego prezentowania zagadnie\u0144 przyrodniczych oraz rozwi\u0105zywania praktycznych problem\u00f3w zwi\u0105zanych z zastosowaniem biologii w gospodarce i zarz\u0105dzaniu. Opr\u00f3cz przedmiot\u00f3w obligatoryjnych, stanowi\u0105cych baz\u0119 kszta\u0142cenia, oferowane s\u0105 liczne przedmioty fakultatywne. Przedstawion\u0105 ofert\u0119 uzupe\u0142nia bogaty wyb\u00f3r przedmiot\u00f3w spoza kierunku. Program studi\u00f3w, zgodny z za\u0142o\u017ceniami Krajowych ram kwalifikacji, realizowany jest w systemie punktowym ECTS, co umo\u017cliwia studentom uczestnictwo w wymianie mi\u0119dzynarodowej i studiowanie na zagranicznej uczelni, a w konsekwencji otwarcie na europejski rynek pracy. Szczeg\u00f3lnie uzdolnionym umo\u017cliwia si\u0119 studia wed\u0142ug indywidualnego toku kszta\u0142cenia, pod kierunkiem opiekuna wyznaczonego przez dziekana. Studia II stopnia przygotowuj\u0105 tak\u017ce absolwent\u00f3w do podj\u0119cia studi\u00f3w III stopnia w obszarze pokrewnych dyscyplin nauk przyrodniczych.<\/p>\n<p>Kierunek posiada pozytywn\u0105 ocen\u0119 Polskiej Komisji Akredytacyjnej.<\/p>\n<\/div>\r\n                    <\/div>\r\n                <\/div>[\/vc_column][\/vc_row][vc_row][vc_column]\r\n                <div class='sidebar_moduls sidebar_links color-blue' style='background-color: #EBEBEB'>\r\n                    <h3>Zapisz si\u0119 na studia<\/h3>\r\n                    <ul class='angle-list'>\r\n                    <li><a href=\"https:\/\/irk.us.edu.pl\/pl\/offer\/SW-2025-Z\/programme\/W2-S1BI19\/?from=field:BI\">studia I stopnia - rozpocz\u0119cie rekrutacji od dnia 2 czerwca 2025r.<\/a><\/li><li><a href=\"https:\/\/irk.us.edu.pl\/pl\/offer\/SW-2025-Z\/programme\/W2-S2BI19\/?from=field:BI\">studia II stopnia - rozpocz\u0119cie rekrutacji od dnia 2 czerwca 2025r.<\/a><\/li><li><a href=\"https:\/\/us.edu.pl\/kandydat\/rekrutacja-na-rok-akademicki\/\">Terminy rekrutacji na rok akademicki 2025\/2026<\/a><\/li>\r\n                <\/ul>\r\n            <\/div>[\/vc_column][\/vc_row]<\/p>\n<style type=\"text\/css\">a[data-mtli~=\"mtli_filesize2,40MB\"]:after {content:\" (2,40 MB)\"}<\/style>","protected":false},"excerpt":{"rendered":"<p>[vc_row][vc_column][\/vc_column][\/vc_row][vc_row][vc_column width=&#8221;2\/3&#8243;][\/vc_column][vc_column width=&#8221;1\/3&#8243; css=&#8221;.vc_custom_1742985096291{margin-left: 50px !important;background-color: #99dbcf !important;}&#8221;][vc_single_image image=&#8221;158131&#8243; img_size=&#8221;full&#8221;][\/vc_column][\/vc_row][vc_row][vc_column][\/vc_column][\/vc_row][vc_row][vc_column][\/vc_column][\/vc_row] [&#8230;]<\/p>\n<p><a class=\"btn btn-secondary understrap-read-more-link\" href=\"https:\/\/us.edu.pl\/wydzial\/wnp\/studia\/kierunki-studiow\/biologia-2\/\">Read More&#8230;<\/a><\/p>\n","protected":false},"author":115,"featured_media":0,"parent":2430,"menu_order":0,"comment_status":"closed","ping_status":"closed","template":"page-templates\/inner-page-with-bookmarks.php","meta":{"_expiration-date-status":"","_expiration-date":0,"_expiration-date-type":"","_expiration-date-categories":[],"_expiration-date-options":[]},"acf":[],"_links":{"self":[{"href":"https:\/\/us.edu.pl\/wydzial\/wnp\/wp-json\/wp\/v2\/pages\/157715"}],"collection":[{"href":"https:\/\/us.edu.pl\/wydzial\/wnp\/wp-json\/wp\/v2\/pages"}],"about":[{"href":"https:\/\/us.edu.pl\/wydzial\/wnp\/wp-json\/wp\/v2\/types\/page"}],"author":[{"embeddable":true,"href":"https:\/\/us.edu.pl\/wydzial\/wnp\/wp-json\/wp\/v2\/users\/115"}],"replies":[{"embeddable":true,"href":"https:\/\/us.edu.pl\/wydzial\/wnp\/wp-json\/wp\/v2\/comments?post=157715"}],"version-history":[{"count":0,"href":"https:\/\/us.edu.pl\/wydzial\/wnp\/wp-json\/wp\/v2\/pages\/157715\/revisions"}],"up":[{"embeddable":true,"href":"https:\/\/us.edu.pl\/wydzial\/wnp\/wp-json\/wp\/v2\/pages\/2430"}],"wp:attachment":[{"href":"https:\/\/us.edu.pl\/wydzial\/wnp\/wp-json\/wp\/v2\/media?parent=157715"}],"curies":[{"name":"wp","href":"https:\/\/api.w.org\/{rel}","templated":true}]}}