{"id":157724,"date":"2023-04-27T15:43:35","date_gmt":"2023-04-27T13:43:35","guid":{"rendered":"https:\/\/us.edu.pl\/wydzial\/wnp\/?page_id=157724"},"modified":"2025-06-18T09:40:53","modified_gmt":"2025-06-18T07:40:53","slug":"biotechnologia-2","status":"publish","type":"page","link":"https:\/\/us.edu.pl\/wydzial\/wnp\/studia\/kierunki-studiow\/biotechnologia-2\/","title":{"rendered":"Biotechnologia"},"content":{"rendered":"<p>[vc_row][vc_column]\r\n                <div class=\"text-modules\">\r\n                    <div class=\"container\">\r\n                        <h3 class=\"page-title text__title\">Biotechnologia studia stacjonarne I i II stopnia<\/h3>\r\n                        <div class=\"text-modules__content\"><p><strong>j\u0119zyk wyk\u0142adowy: polski\u00a0<\/strong><\/p>\n<\/div>\r\n                    <\/div>\r\n                <\/div>[\/vc_column][\/vc_row][vc_row][vc_column width=&#8221;2\/3&#8243;]\r\n                <div class=\"text-modules\">\r\n                    <div class=\"container\">\r\n                        \r\n                        <div class=\"text-modules__content\"><p>Celem studi\u00f3w I stopnia (licencjackich) jest poznanie zagadnie\u0144 z zakresu bior\u00f3\u017cnorodno\u015bci \u015bwiata \u017cywego, mikrobiologii, biologii kom\u00f3rki, anatomii ro\u015blin, histologii, embriologii i biologii rozwoju, a tak\u017ce nauk z pogranicza wielu dyscyplin, w tym: biofizyki, biochemii, biologii molekularnej, genetyki i in\u017cynierii genetycznej, cytogenetyki ro\u015blin, hodowli tkankowych, fizjologii ro\u015blin i zwierz\u0105t, podstaw in\u017cynierii bioprocesowej, analityki chemicznej czy metod biotechnologicznych stosowanych w ochronie \u015brodowiska wraz z zasadami dobrych praktyk laboratoryjnych w biotechnologii i podstawami przedsi\u0119biorczo\u015bci, pomocnymi przy planowaniu i realizacji w\u0142asnej \u015bcie\u017cki kariery. Zdobyta wiedza i umiej\u0119tno\u015bci odwo\u0142uj\u0105 si\u0119 do wiadomo\u015bci uzyskiwanych w trakcie kurs\u00f3w matematyki oraz chemii og\u00f3lnej i organicznej. Wiele przedmiot\u00f3w zawiera elementy projektowe, pozwalaj\u0105ce nie tylko na prezentowanie przez student\u00f3w w\u0142asnych kreatywnych rozwi\u0105za\u0144 i postaw, ale i na rozw\u00f3j umiej\u0119tno\u015bci wsp\u00f3\u0142pracy w grupie. Wa\u017cnym elementem studi\u00f3w jest korzystanie z baz danych, \u015brodk\u00f3w audiowizualnych, program\u00f3w komputerowych i innych narz\u0119dzi, b\u0119d\u0105cych postaw\u0105 warsztatu pracy wsp\u00f3\u0142czesnego biotechnologa oraz dalszego samokszta\u0142cenia i komunikacji spo\u0142ecznej. Opr\u00f3cz przedmiot\u00f3w, stanowi\u0105cych podstaw\u0119 kszta\u0142cenia, oferowane s\u0105 liczne przedmioty do wyboru, umo\u017cliwiaj\u0105ce indywidualizacj\u0119 studi\u00f3w zgodnie z zainteresowaniami studenta, w tym mo\u017cliwo\u015b\u0107 pracy indywidualnej pod kierunkiem tutora. Pod koniec 4 semestru studenci wybieraj\u0105 promotora, pod opiek\u0105 kt\u00f3rego, samodzielnie pisz\u0105 prac\u0119 licencjack\u0105. Wa\u017cnym elementem wspomagaj\u0105cym przygotowanie pracy dyplomowej s\u0105 pracownie oraz seminaria licencjackie, w trakcie kt\u00f3rych student uczy si\u0119 interpretowa\u0107 i dyskutowa\u0107 fachow\u0105 literatur\u0119, a tak\u017ce pos\u0142ugiwa\u0107 si\u0119 ni\u0105 w trakcie nabywania umiej\u0119tno\u015bci pisania tekst\u00f3w o charakterze naukowym.<\/p>\n<\/div>\r\n                    <\/div>\r\n                <\/div>[\/vc_column][vc_column width=&#8221;1\/3&#8243; css=&#8221;.vc_custom_1742985746567{margin-left: 50px !important;background-color: #99dbcf !important;}&#8221;][vc_single_image image=&#8221;158134&#8243; img_size=&#8221;full&#8221;]\r\n                <div class=\"text-modules\">\r\n                    <div class=\"container\">\r\n                        \r\n                        <div class=\"text-modules__content\"><\/p>\n<p style=\"text-align: center;\"><span style=\"font-size: 18pt;\"><a href=\"https:\/\/us.edu.pl\/wydzial\/wnp\/wp-content\/uploads\/sites\/16\/Bez-kategorii\/BIOTECHNOLOGIA.pdf\" class=\"mtli_attachment mtli_pdf\" data-mtli=\"mtli_filesize1,72MB\" class=\"mtli_attachment mtli_pdf\" data-mtli=\"mtli_filesize1,72MB\"><strong>PREZENTACJA KIERUNKU<\/strong><\/a><\/span><br \/>\n<img class=\"alignnone size-medium wp-image-162660 aligncenter\" src=\"https:\/\/us.edu.pl\/wydzial\/wnp\/wp-content\/uploads\/sites\/16\/Bez-kategorii\/Biotechnologia_prezentacja-300x184.jpg\" alt=\"\" width=\"300\" height=\"184\" srcset=\"https:\/\/us.edu.pl\/wydzial\/wnp\/wp-content\/uploads\/sites\/16\/Bez-kategorii\/Biotechnologia_prezentacja-300x184.jpg 300w, https:\/\/us.edu.pl\/wydzial\/wnp\/wp-content\/uploads\/sites\/16\/Bez-kategorii\/Biotechnologia_prezentacja-1024x629.jpg 1024w, https:\/\/us.edu.pl\/wydzial\/wnp\/wp-content\/uploads\/sites\/16\/Bez-kategorii\/Biotechnologia_prezentacja-768x472.jpg 768w, https:\/\/us.edu.pl\/wydzial\/wnp\/wp-content\/uploads\/sites\/16\/Bez-kategorii\/Biotechnologia_prezentacja-575x353.jpg 575w, https:\/\/us.edu.pl\/wydzial\/wnp\/wp-content\/uploads\/sites\/16\/Bez-kategorii\/Biotechnologia_prezentacja.jpg 1197w\" sizes=\"(max-width: 300px) 100vw, 300px\" \/><\/p>\n<p>\n<style type=\"text\/css\">a[data-mtli~=\"mtli_filesize1,72MB\"]:after {content:\" (1,72 MB)\"}<\/style><\/div>\r\n                    <\/div>\r\n                <\/div>[\/vc_column][\/vc_row][vc_row][vc_column]\r\n                <div class=\"text-modules\">\r\n                    <div class=\"container\">\r\n                        \r\n                        <div class=\"text-modules__content\"><p>Realizacja programu w systemie punktowym ECTS zapewnia mo\u017cliwo\u015b\u0107 udzia\u0142u student\u00f3w w wymianie mi\u0119dzynarodowej, studiach za granic\u0105, a tak\u017ce pozwala na poszukiwanie pracy na rynkach zagranicznych. Szczeg\u00f3lnie uzdolnionym studentom umo\u017cliwia si\u0119 studia wed\u0142ug indywidualnego toku kszta\u0142cenia, pod kierunkiem opiekuna wyznaczonego przez dziekana. Studenci mog\u0105 r\u00f3wnie\u017c pog\u0142\u0119bia\u0107 swoj\u0105 wiedz\u0119 poprzez prace w ko\u0142ach naukowych. W trakcie studi\u00f3w przewidziane jest r\u00f3wnie\u017c odbycie obowi\u0105zkowych praktyk zawodowych w zak\u0142adach pracy. Licencjat jest pierwszym etapem uzyskiwania kwalifikacji do pracy w laboratoriach i zak\u0142adach zwi\u0105zanych z przemys\u0142em spo\u017cywczym i farmaceutycznym, z lecznictwem i ochron\u0105 zdrowia, hodowl\u0105 i ochron\u0105 ro\u015blin, ochron\u0105 \u015brodowiska, ochron\u0105 przyrody oraz pokrewnymi dzia\u0142ami gospodarki i nauki. Studia I stopnia przygotowuj\u0105 tak\u017ce absolwent\u00f3w do podj\u0119cia studi\u00f3w II stopnia na kierunku biotechnologia i kierunkach pokrewnych.<\/p>\n<p>Celem studi\u00f3w II stopnia (magisterskich) jest kszta\u0142cenie zorientowane na nabywanie zaawansowanej i pog\u0142\u0119bionej wiedzy oraz rozw\u00f3j umiej\u0119tno\u015bci i kompetencji zwi\u0105zanych z wykorzystaniem proces\u00f3w biologicznych, chemicznych, fizycznych i technologicznych w s\u0142u\u017cbie przyrodzie i cz\u0142owiekowi. Kierunek oferuje studentom poznanie zaawansowanych technik z zakresu bioinformatyki oraz biotechnologii ro\u015blin i mikroorganizm\u00f3w. Student wybieraj\u0105c promotora pracy magisterskiej staje si\u0119 aktywnym uczestnikiem jego prac badawczych. W ramach projektu badawczego, stanowi\u0105cego podstaw\u0119 pracy dyplomowej, student uczy si\u0119, pod kierunkiem promotora, samodzielnego stawiania i rozwi\u0105zywania problem\u00f3w naukowych oraz wsp\u00f3\u0142tworzenia nauki. Praca dyplomowa ma charakter badawczy i jest \u015bci\u015ble powi\u0105zana z kierunkiem bada\u0144 wybranego przez studenta promotora. Praca dyplomowa realizowana jest w ramach pracowni dyplomowej, prowadzonej w nowoczesnych, wyposa\u017conych w specjalistyczn\u0105 aparatur\u0119 naukowo-badawcz\u0105 laboratoriach Seminarium dyplomowe dostarcza niezb\u0119dnego dla w\u0142a\u015bciwej realizacji projektu magisterskiego wsparcia teoretycznego. Wa\u017cnym, obowi\u0105zkowym, elementem studi\u00f3w jest tak\u017ce zapoznanie studenta z problemami etycznymi zwi\u0105zanymi z rozwojem biotechnologii oraz nowoczesnymi technologiami informacyjnymi oraz metodami statystycznymi w naukach przyrodniczych. Umiej\u0119tno\u015bci i kompetencje kszta\u0142towane w ramach przedmiot\u00f3w projektowych pozwalaj\u0105 nie tylko na prezentowanie przez student\u00f3w w\u0142asnych kreatywnych rozwi\u0105za\u0144 i postaw, ale i doskonalenie umiej\u0119tno\u015bci wsp\u00f3\u0142pracy w grupie. Opr\u00f3cz przedmiot\u00f3w, stanowi\u0105cych podstaw\u0119 kszta\u0142cenia, oferowane s\u0105 liczne przedmioty do wyboru, umo\u017cliwiaj\u0105ce indywidualizacj\u0119 studi\u00f3w zgodnie z zainteresowaniami studenta, w tym prac\u0119 indywidualn\u0105 pod kierunkiem tutora. Oferta programu kszta\u0142cenia na kierunku Biotechnologia jest dynamicznie modyfikowana i aktualizowana zgodnie z oczekiwaniami lokalnego i globalnego rynku pracy. Dzi\u0119ki realizacji programu w systemie punktowym ECTS, mo\u017cliwe jest uczestnictwo student\u00f3w w wymianie mi\u0119dzynarodowej, studiach za granic\u0105, a tak\u017ce poszukiwanie pracy na rynkach zagranicznych. Szczeg\u00f3lnie uzdolnionym studentom umo\u017cliwia si\u0119 studia wed\u0142ug indywidualnego toku kszta\u0142cenia, pod kierunkiem opiekuna wyznaczonego przez dziekana. Studenci mog\u0105 r\u00f3wnie\u017c pog\u0142\u0119bia\u0107 swoj\u0105 wiedz\u0119 poprzez prace w ko\u0142ach naukowych. Absolwenci studi\u00f3w II stopnia kierunku Biotechnologia s\u0105 przygotowani zar\u00f3wno do podj\u0119cia pracy w firmach biotechnologicznych, jak i do prowadzenia w\u0142asnej dzia\u0142alno\u015bci gospodarczej. Posiadaj\u0105 wiedz\u0119, umiej\u0119tno\u015bci i kompetencje w zakresie opracowywania i optymalizacji proces\u00f3w biotechnologicznych, projektowania i prowadzenia proces\u00f3w ukierunkowanych na otrzymanie produkt\u00f3w o po\u017c\u0105danych cechach, zasad organizacji i ekonomiki produkcji, bezpiecze\u0144stwa pracy, wykorzystania posiadanej wiedzy przy opracowywaniu specjalistycznych dokumentacji i ekspertyz biotechnologicznych, prowadzenia kontroli, jako\u015bci i bezpiecze\u0144stwa proces\u00f3w biotechnologicznych, obs\u0142ugi zaawansowanej i nowoczesnej aparatury badawczej lub urz\u0105dze\u0144 technologicznych oraz prowadzenia prac badawczych w zakresie biotechnologii.<\/p>\n<p>Kierunek posiada pozytywn\u0105 ocen\u0119 Polskiej Komisji Akredytacyjnej.<\/p>\n<\/div>\r\n                    <\/div>\r\n                <\/div>[\/vc_column][\/vc_row][vc_row][vc_column]\r\n                <div class='sidebar_moduls sidebar_links color-blue' style='background-color: #EBEBEB'>\r\n                    <h3>Zapisz si\u0119 na studia<\/h3>\r\n                    <ul class='angle-list'>\r\n                    <li><a href=\"https:\/\/irk.us.edu.pl\/pl\/offer\/SW-2025-Z\/programme\/W2-S1BT19\/?from=field:BT\">studia I stopnia - rozpocz\u0119cie rekrutacji od dnia 2 czerwca 2025r. <\/a><\/li><li><a href=\"https:\/\/irk.us.edu.pl\/pl\/offer\/SW-2025-Z\/programme\/W2-S2BT19\/?from=field:BT\">studia II stopnia - rozpocz\u0119cie rekrutacji od dnia 2 czerwca 2025r. <\/a><\/li><li><a href=\"https:\/\/irk.us.edu.pl\/pl\/offer\/SW-2025-Z\/programme\/W2-S2BTA19\/?from=field:BT\">studia II stopnia W j\u0119zyku angielskim- rozpocz\u0119cie rekrutacji od dnia 2 czerwca 2025r. <\/a><\/li><li><a href=\"https:\/\/us.edu.pl\/kandydat\/rekrutacja-na-rok-akademicki\/\">Terminy rekrutacji na rok akademicki 2025\/2026<\/a><\/li>\r\n                <\/ul>\r\n            <\/div>[\/vc_column][\/vc_row]<\/p>\n<style type=\"text\/css\">a[data-mtli~=\"mtli_filesize1,72MB\"]:after {content:\" (1,72 MB)\"}<\/style>","protected":false},"excerpt":{"rendered":"<p>[vc_row][vc_column][\/vc_column][\/vc_row][vc_row][vc_column width=&#8221;2\/3&#8243;][\/vc_column][vc_column width=&#8221;1\/3&#8243; css=&#8221;.vc_custom_1742985746567{margin-left: 50px !important;background-color: #99dbcf !important;}&#8221;][vc_single_image image=&#8221;158134&#8243; img_size=&#8221;full&#8221;][\/vc_column][\/vc_row][vc_row][vc_column][\/vc_column][\/vc_row][vc_row][vc_column][\/vc_column][\/vc_row] [&#8230;]<\/p>\n<p><a class=\"btn btn-secondary understrap-read-more-link\" href=\"https:\/\/us.edu.pl\/wydzial\/wnp\/studia\/kierunki-studiow\/biotechnologia-2\/\">Read More&#8230;<\/a><\/p>\n","protected":false},"author":115,"featured_media":0,"parent":2430,"menu_order":0,"comment_status":"closed","ping_status":"closed","template":"page-templates\/inner-page-with-bookmarks.php","meta":{"_expiration-date-status":"","_expiration-date":0,"_expiration-date-type":"","_expiration-date-categories":[],"_expiration-date-options":[]},"acf":[],"_links":{"self":[{"href":"https:\/\/us.edu.pl\/wydzial\/wnp\/wp-json\/wp\/v2\/pages\/157724"}],"collection":[{"href":"https:\/\/us.edu.pl\/wydzial\/wnp\/wp-json\/wp\/v2\/pages"}],"about":[{"href":"https:\/\/us.edu.pl\/wydzial\/wnp\/wp-json\/wp\/v2\/types\/page"}],"author":[{"embeddable":true,"href":"https:\/\/us.edu.pl\/wydzial\/wnp\/wp-json\/wp\/v2\/users\/115"}],"replies":[{"embeddable":true,"href":"https:\/\/us.edu.pl\/wydzial\/wnp\/wp-json\/wp\/v2\/comments?post=157724"}],"version-history":[{"count":0,"href":"https:\/\/us.edu.pl\/wydzial\/wnp\/wp-json\/wp\/v2\/pages\/157724\/revisions"}],"up":[{"embeddable":true,"href":"https:\/\/us.edu.pl\/wydzial\/wnp\/wp-json\/wp\/v2\/pages\/2430"}],"wp:attachment":[{"href":"https:\/\/us.edu.pl\/wydzial\/wnp\/wp-json\/wp\/v2\/media?parent=157724"}],"curies":[{"name":"wp","href":"https:\/\/api.w.org\/{rel}","templated":true}]}}