{"id":157769,"date":"2023-05-10T09:54:16","date_gmt":"2023-05-10T07:54:16","guid":{"rendered":"https:\/\/us.edu.pl\/wydzial\/wnp\/?page_id=157769"},"modified":"2025-06-18T09:59:45","modified_gmt":"2025-06-18T07:59:45","slug":"aquamatyka-2","status":"publish","type":"page","link":"https:\/\/us.edu.pl\/wydzial\/wnp\/studia\/kierunki-studiow\/aquamatyka-2\/","title":{"rendered":"Aquamatyka"},"content":{"rendered":"<p>[vc_row][vc_column]\r\n                <div class=\"text-modules\">\r\n                    <div class=\"container\">\r\n                        <h3 class=\"page-title text__title\">AQUAMATYKA \u2013 interdyscyplinarne gospodarowanie \u015brodowiskami wodnymi, studia stacjonarne II stopnia<\/h3>\r\n                        <div class=\"text-modules__content\"><p><strong>j\u0119zyk wyk\u0142adowy: polski<\/strong><\/p>\n<\/div>\r\n                    <\/div>\r\n                <\/div>[\/vc_column][\/vc_row][vc_row][vc_column]\r\n                <div class=\"text-modules reverse\">\r\n                    <div class=\"container\">\r\n                         \r\n                        <div class=\"row m-0\">\r\n                            <div class=\"text-modules__content\">\r\n                                Celem studi\u00f3w jest wykszta\u0142cenie kompetentnych menad\u017cer\u00f3w gospodarki wodnej, pe\u0142ni\u0105cych w miejscach swojej pracy rol\u0119 cz\u0142onka\/lidera grupy zadaniowej, charakteryzuj\u0105cych si\u0119 samodzielnym my\u015bleniem i dzia\u0142aniem, uznaj\u0105cym prymat wiedzy nad emocjami.<\/p>\n<p>Edukacja na kierunku b\u0119dzie oparta na zasadach wypracowanych przez Wilhelma von Humboldta:<\/p>\n<ol>\n<li>wieloaspektowo\u015bci \u2013 poszczeg\u00f3lne ga\u0142\u0119zie nauki uzupe\u0142niaj\u0105 si\u0119 i sk\u0142adaj\u0105 na wiedz\u0119 og\u00f3ln\u0105, a wi\u0119c s\u0105 jednakowo wa\u017cne,<\/li>\n<li>nauki przez do\u015bwiadczenie \u2013 kszta\u0142ceniu student\u00f3w poprzez bezpo\u015brednie zaanga\u017cowanie w dzia\u0142ania praktyczne i badania naukowe,<\/li>\n<li>jedno\u015bci profesor\u00f3w i student\u00f3w \u2013 tworzenie wsp\u00f3lnych zespo\u0142\u00f3w badawczych studenci-kadra naukowa, gdzie \u201eprofesor\u201d nie ma, monopolu na prawd\u0119, a student, w procesie jej odkrywania, jest pe\u0142noprawnym partnerem.<\/li>\n<\/ol>\n<p>Absolwent kierunku nie tylko b\u0119dzie rozumia\u0142 problemy zagro\u017cenia wynikaj\u0105cymi ze zmian klimatu i zwi\u0105zanymi z tym zmianami hydrologicznymi i hydrobiologicznymi, ale b\u0119dzie przygotowany do poszukiwania rozwi\u0105za\u0144 poprzez ustalenie przyczyn zmian \u015brodowiskowych i racjonaln\u0105 ocen\u0119\/predykcj\u0119 skutk\u00f3w ekologicznych\/ekotoksykologicznych tych zmian. B\u0119dzie potrafi\u0142 zaproponowa\u0107 skuteczne rozwi\u0105zania, usuwaj\u0105ce\/ograniczaj\u0105ce skutki takich dzia\u0142a\u0144 poprzez: inwentaryzacj\u0119 w\u00f3d powierzchniowych i podziemnych oraz \u015brodowisk z wodami zwi\u0105zanymi; wprowadzenie skutecznych metod monitoringu tych obszar\u00f3w, zaproponowanie i weryfikacj\u0119 skuteczno\u015bci proponowanych dzia\u0142a\u0144 naprawczych poprzez wykorzystanie metod statystycznych i metod modelowania matematycznego, projektowanie dzia\u0142a\u0144 zwi\u0105zanych z ochron\u0105 i rekultywacj\u0105 \u015brodowisk wodnych, wprowadzenie nowoczesnych, zweryfikowanych rozwi\u0105za\u0144 zwi\u0105zanych z ochron\u0105 zasob\u00f3w w\u00f3d poprzez projektowanie obszar\u00f3w ma\u0142ej\/du\u017cej retencji, tworzeniem miejskich obszar\u00f3w zielono-niebieskiej infrastruktury i racjonalnym gospodarowaniem zasobami w\u00f3d, szczeg\u00f3lnie w dobie zmian klimatu. \r\n                                <div class=\"mt-3\"><\/div>\r\n                            <\/div>\r\n                            \r\n                            <div class=\"text-modules__img\"><img src=\"https:\/\/us.edu.pl\/wydzial\/wnp\/wp-content\/uploads\/sites\/16\/grafiki\/aquamatyka.jpg\" alt=\"img\"><\/div>\r\n                        <\/div>\r\n                    <\/div>\r\n                <\/div>[\/vc_column][\/vc_row][vc_row][vc_column]\r\n                <div class='sidebar_moduls sidebar_links color-blue' style='background-color: #EBEBEB'>\r\n                    <h3>Zapisz si\u0119 na studia<\/h3>\r\n                    <ul class='angle-list'>\r\n                    <li><a href=\"https:\/\/irk.us.edu.pl\/pl\/offer\/SW-2025-Z\/programme\/W2-S2AQ20\/?from=field:AQ\">studia II stopnia - rozpocz\u0119cie rekrutacji od dnia 2 czerwca 2025r. od godz. 12:00<\/a><\/li>\r\n                <\/ul>\r\n            <\/div>[\/vc_column][\/vc_row]<\/p>","protected":false},"excerpt":{"rendered":"<p>[vc_row][vc_column][\/vc_column][\/vc_row][vc_row][vc_column][\/vc_column][\/vc_row][vc_row][vc_column][\/vc_column][\/vc_row] [&#8230;]<\/p>\n<p><a class=\"btn btn-secondary understrap-read-more-link\" href=\"https:\/\/us.edu.pl\/wydzial\/wnp\/studia\/kierunki-studiow\/aquamatyka-2\/\">Read More&#8230;<\/a><\/p>\n","protected":false},"author":115,"featured_media":0,"parent":2430,"menu_order":0,"comment_status":"closed","ping_status":"closed","template":"page-templates\/inner-page-with-bookmarks.php","meta":{"_expiration-date-status":"","_expiration-date":0,"_expiration-date-type":"","_expiration-date-categories":[],"_expiration-date-options":[]},"acf":[],"_links":{"self":[{"href":"https:\/\/us.edu.pl\/wydzial\/wnp\/wp-json\/wp\/v2\/pages\/157769"}],"collection":[{"href":"https:\/\/us.edu.pl\/wydzial\/wnp\/wp-json\/wp\/v2\/pages"}],"about":[{"href":"https:\/\/us.edu.pl\/wydzial\/wnp\/wp-json\/wp\/v2\/types\/page"}],"author":[{"embeddable":true,"href":"https:\/\/us.edu.pl\/wydzial\/wnp\/wp-json\/wp\/v2\/users\/115"}],"replies":[{"embeddable":true,"href":"https:\/\/us.edu.pl\/wydzial\/wnp\/wp-json\/wp\/v2\/comments?post=157769"}],"version-history":[{"count":0,"href":"https:\/\/us.edu.pl\/wydzial\/wnp\/wp-json\/wp\/v2\/pages\/157769\/revisions"}],"up":[{"embeddable":true,"href":"https:\/\/us.edu.pl\/wydzial\/wnp\/wp-json\/wp\/v2\/pages\/2430"}],"wp:attachment":[{"href":"https:\/\/us.edu.pl\/wydzial\/wnp\/wp-json\/wp\/v2\/media?parent=157769"}],"curies":[{"name":"wp","href":"https:\/\/api.w.org\/{rel}","templated":true}]}}