{"id":158252,"date":"2023-06-28T13:57:04","date_gmt":"2023-06-28T11:57:04","guid":{"rendered":"https:\/\/us.edu.pl\/wydzial\/wnp\/?page_id=158252"},"modified":"2026-01-19T13:14:39","modified_gmt":"2026-01-19T12:14:39","slug":"rekrutacja","status":"publish","type":"page","link":"https:\/\/us.edu.pl\/wydzial\/wnp\/studia\/rekrutacja\/","title":{"rendered":"rekrutacja"},"content":{"rendered":"<p>[vc_row][vc_column]\r\n                <div class=\"text-modules\">\r\n                    <div class=\"container\">\r\n                        \r\n                        <div class=\"text-modules__content\"><p><strong>Trwa rekrutacja na studia w roku akademickim 2026\/2027.<\/strong><\/p>\n<p>W ofercie Wydzia\u0142u Nauk Przyrodniczych Uniwersytetu \u015al\u0105skiego w Katowicach znajduje si\u0119 9 kierunk\u00f3w:<\/p>\n<ul>\n<li>Aquamatyka \u2013 interdyscyplinarne gospodarowanie \u015brodowiskami wodnymi (studia in\u017cynierskie, I i II stopnia)<\/li>\n<li>Biologia (studia I i II stopnia)<\/li>\n<li>Biotechnologia (studia I i II stopnia, r\u00f3wnie\u017c w j. angielskim)<\/li>\n<li>Geografia (studia I i II stopnia, r\u00f3wnie\u017c w j. angielskim)<\/li>\n<li>Geologia (studia I i II stopnia)<\/li>\n<li>Geologia stosowana (studia in\u017cynierskie, I i II stopnia)<\/li>\n<li>In\u017cynieria zagro\u017ce\u0144 \u015brodowiskowych (studia in\u017cynierskie, I stopnia)<\/li>\n<li>Ochrona \u015brodowiska (studia I i II stopnia)<\/li>\n<li>Turystyka (studia II stopnia)<\/li>\n<li>Turystyka zr\u00f3wnowa\u017cona (I stopnia)<\/li>\n<\/ul>\n<p>Szczeg\u00f3\u0142owe informacje na stronie <a href=\"https:\/\/us.edu.pl\/kandydat\/\">https:\/\/us.edu.pl\/kandydat\/<\/a><\/p>\n<\/div>\r\n                    <\/div>\r\n                <\/div>[\/vc_column][\/vc_row]<\/p>","protected":false},"excerpt":{"rendered":"<p>[vc_row][vc_column][\/vc_column][\/vc_row] [&#8230;]<\/p>\n<p><a class=\"btn btn-secondary understrap-read-more-link\" href=\"https:\/\/us.edu.pl\/wydzial\/wnp\/studia\/rekrutacja\/\">Read More&#8230;<\/a><\/p>\n","protected":false},"author":115,"featured_media":0,"parent":408,"menu_order":0,"comment_status":"closed","ping_status":"closed","template":"","meta":{"_expiration-date-status":"","_expiration-date":0,"_expiration-date-type":"","_expiration-date-categories":[],"_expiration-date-options":[]},"acf":[],"_links":{"self":[{"href":"https:\/\/us.edu.pl\/wydzial\/wnp\/wp-json\/wp\/v2\/pages\/158252"}],"collection":[{"href":"https:\/\/us.edu.pl\/wydzial\/wnp\/wp-json\/wp\/v2\/pages"}],"about":[{"href":"https:\/\/us.edu.pl\/wydzial\/wnp\/wp-json\/wp\/v2\/types\/page"}],"author":[{"embeddable":true,"href":"https:\/\/us.edu.pl\/wydzial\/wnp\/wp-json\/wp\/v2\/users\/115"}],"replies":[{"embeddable":true,"href":"https:\/\/us.edu.pl\/wydzial\/wnp\/wp-json\/wp\/v2\/comments?post=158252"}],"version-history":[{"count":0,"href":"https:\/\/us.edu.pl\/wydzial\/wnp\/wp-json\/wp\/v2\/pages\/158252\/revisions"}],"up":[{"embeddable":true,"href":"https:\/\/us.edu.pl\/wydzial\/wnp\/wp-json\/wp\/v2\/pages\/408"}],"wp:attachment":[{"href":"https:\/\/us.edu.pl\/wydzial\/wnp\/wp-json\/wp\/v2\/media?parent=158252"}],"curies":[{"name":"wp","href":"https:\/\/api.w.org\/{rel}","templated":true}]}}